{"id":15438,"date":"2023-08-24T20:09:26","date_gmt":"2023-08-25T00:09:26","guid":{"rendered":"https:\/\/simeontrust.org\/general-page-template-3\/"},"modified":"2023-08-24T20:09:26","modified_gmt":"2023-08-25T00:09:26","slug":"general-page-template-3","status":"publish","type":"page","link":"https:\/\/simeontrust.org\/es\/general-page-template-3\/","title":{"rendered":"Pol\u00edticas de Registro"},"content":{"rendered":"<p>Desde la Fundaci\u00f3n de la organizaci\u00f3n, nuestra intenci\u00f3n ha sido mantener los costos de registro, tanto para los Talleres en Exposici\u00f3n B\u00edblica, como para los Cursos Online, lo m\u00e1s bajos y accesquibles posible para el pastor com\u00fan. Creemos, comparado con organizaciones similares y conferencias para l\u00edderes de ministerios, que hemos sido exitosos en hacerlo. Por favor cont\u00e1ctanos si el costo implica un obst\u00e1culo en tu posibilidad de participar en los Talleres en Exposici\u00f3n B\u00edblica o en los Cursos Online. No es nuestra intenci\u00f3n excluir a nadie por no poder pagar el registro o el costo del curso. Aunque no podemos prometer que vamos a poder revisar esta pol\u00edtica de forma individual para cada caso, o que podremos hacer excepciones, quisieramos tener la oportunidad de intentarlo.<\/p>\n<p><strong>TALLERES EN EXPOSICI\u00d3N B\u00cdBLICA<br \/>\n<\/strong>Los Talleres en Exposici\u00f3n B\u00edblica tienen los siguientes costos (de lo cual $25USD no son reembolsables)<\/p>\n<p><strong>CURSOS ONLINE<br \/>\n<\/strong>Los costos de registro para los Cursos Online est\u00e1n en la siguiente lista. Adicionalmente los costos extra como las diferentes formas de \u201ccr\u00e9dito para seminario\u201d son completamente no reembolsables, puesto que en cada caso esos costos son transferidos a otra organizaci\u00f3n (como el seminario). Ninguna excepci\u00f3n es posible.<\/p>\n<p><strong>POL\u00cdTICA DE CANCELACI\u00d3N<br \/>\n<\/strong>Los costos de registro para Talleres y Cursos Online y sus respectivos dep\u00f3sitos no reembolsables ser\u00e1n publicados en el website de Charles Simeon Trust. En el caso que se cancele un Taller o un Curso Online durante o antes del comienzo del Taller o el Curso, se har\u00e1 un reembolso completo de todos los costos a las personas que estaban participando. En el caso de cancelaci\u00f3n antes del comienzo de un Taller, un Curso u otro evento de entrenamiento, un reembolso completo ser\u00e1 hecho a todos los participantes. Solo participantes registrados y pagos (pago parcial o total) ser\u00e1n elegibles para reembolso. Los reembolsos tomar\u00e1n aproximadamente dos semanas desde la fecha de cancelaci\u00f3n.\u00a0 Registrarse y participar en un Taller, un Curso o cualquier otro evento de entrenamiento constituye un reconocimiento de estas pol\u00edticas como tambi\u00e9n la aceptaci\u00f3n de las responsabilidades al asistir a un Taller, un Curso u otro evento de entrenamiento. La participaci\u00f3n en un Taller, un Curso o un evento de entrenamiento tambi\u00e9n exime de toda responsabilidad a Charles Simeon Trust mientras que los Talleres, Cursos y eventos de entrenamiento no ocurran en la sede de The Charles Simeon Trust.<\/p>\n<p>POL\u00cdTICAS DE RETIRO<br \/>\nEn el caso que un participante solicite retirarse de un Taller, un Curos o un evento de entrenamiento (como cancelar su propio registro) antes de que el Curso o el evento comience, se har\u00e1 un reembolso del costo (menos el dep\u00f3stio no reembolsable). Una vez el Taller, el Curso o el evento de entrenamiento haya comenzado, no podremos ofrecer ning\u00fan reembolso. Normalmente los reembolsos se depositados en la tarjeta de cr\u00e9dito que fue usada para pagar el registro o se regresar\u00e1n por medio de un cheque.<\/p>\n<p><strong>ERRORES Y OMISIONES<br \/>\n<\/strong>Hacemos lo mejor posible para proveer a nuestros participantes la informaci\u00f3n m\u00e1s precisa. En el caso de que haya un error, trataremos de contactar a los participantes para advertirles del error. Sin embargo, nos reservamos el derecho de corregir o cancelar una orden en cualquier momento, y\/o editar la orden para reflejar la correcci\u00f3n, y\/o corregir el error en nuestro sitio web.<\/p>\n<p>PUBLICACI\u00d3N DE FOTOS\/VIDEOS\/AUDIOS<br \/>\nComo nuestra plataforma de entrenamiento incluye la distribuci\u00f3n de grabaciones digitales (incluyendo audios, videos y fotos), la participaci\u00f3n en un Taller, Curso u otro evento de entrenamiento constituye el permiso para Charles Simeon Trust de usar, reproducir y\/o publicar fotos y\/o videos en que est\u00e9n los participantes incluyendo su imagen, sus retratos y\/o su voz sin pago alguno. La participaci\u00f3n implica que el participante entiende que el material grabado puede ser usado en varias publicaciones, en la publicaci\u00f3n de asuntos p\u00fablicos, materiales o cualquier otro asunto. Este material puede aparecer en el sitio web de Charles Simeon Trust. Esta autorizaci\u00f3n es continua. Si la privacidad de un participante es requerida, por favor cont\u00e1ctanos y haremos lo mejor posible para acomodarnos a la solicitud espec\u00edfica.<\/p>\n<p>Por favor <a href=\"\">cont\u00e1ctanos<\/a> con cualquier pregunta o inquietud.<\/p>\n","protected":false},"excerpt":{"rendered":"<p>Desde la Fundaci\u00f3n de la organizaci\u00f3n, nuestra intenci\u00f3n ha sido mantener los costos de registro, tanto para los Talleres en Exposici\u00f3n B\u00edblica, como para los Cursos Online, lo m\u00e1s bajos y accesquibles posible para el pastor com\u00fan. Creemos, comparado con organizaciones similares y conferencias para l\u00edderes de ministerios, que hemos sido exitosos en hacerlo. Por&#8230;<\/p>\n","protected":false},"author":42254,"featured_media":15830,"parent":0,"menu_order":0,"comment_status":"closed","ping_status":"closed","template":"","meta":{"_acf_changed":false,"footnotes":""},"class_list":["post-15438","page","type-page","status-publish","has-post-thumbnail","hentry"],"acf":[],"yoast_head":"<!-- This site is optimized with the Yoast SEO plugin v27.3 - https:\/\/yoast.com\/product\/yoast-seo-wordpress\/ -->\n<title>Pol\u00edticas de Registro - Charles Simeon Trust<\/title>\n<meta name=\"robots\" content=\"index, follow, max-snippet:-1, max-image-preview:large, max-video-preview:-1\" \/>\n<link rel=\"canonical\" href=\"https:\/\/simeontrust.org\/es\/general-page-template-3\/\" \/>\n<meta property=\"og:locale\" content=\"es_ES\" \/>\n<meta property=\"og:type\" content=\"article\" \/>\n<meta property=\"og:title\" content=\"Pol\u00edticas de Registro - Charles Simeon Trust\" \/>\n<meta property=\"og:description\" content=\"Desde la Fundaci\u00f3n de la organizaci\u00f3n, nuestra intenci\u00f3n ha sido mantener los costos de registro, tanto para los Talleres en Exposici\u00f3n B\u00edblica, como para los Cursos Online, lo m\u00e1s bajos y accesquibles posible para el pastor com\u00fan. Creemos, comparado con organizaciones similares y conferencias para l\u00edderes de ministerios, que hemos sido exitosos en hacerlo. Por...\" \/>\n<meta property=\"og:url\" content=\"https:\/\/simeontrust.org\/es\/general-page-template-3\/\" \/>\n<meta property=\"og:site_name\" content=\"Charles Simeon Trust\" \/>\n<meta property=\"og:image\" content=\"https:\/\/simeontrust.org\/wp-content\/uploads\/2018\/06\/banners-about-registration.jpg\" \/>\n\t<meta property=\"og:image:width\" content=\"1920\" \/>\n\t<meta property=\"og:image:height\" content=\"1080\" \/>\n\t<meta property=\"og:image:type\" content=\"image\/jpeg\" \/>\n<meta name=\"twitter:card\" content=\"summary_large_image\" \/>\n<meta name=\"twitter:label1\" content=\"Tiempo de lectura\" \/>\n\t<meta name=\"twitter:data1\" content=\"4 minutos\" \/>\n<script type=\"application\/ld+json\" class=\"yoast-schema-graph\">{\"@context\":\"https:\\\/\\\/schema.org\",\"@graph\":[{\"@type\":\"WebPage\",\"@id\":\"https:\\\/\\\/simeontrust.org\\\/es\\\/general-page-template-3\\\/\",\"url\":\"https:\\\/\\\/simeontrust.org\\\/es\\\/general-page-template-3\\\/\",\"name\":\"Pol\u00edticas de Registro - Charles Simeon Trust\",\"isPartOf\":{\"@id\":\"https:\\\/\\\/simeontrust.org\\\/#website\"},\"primaryImageOfPage\":{\"@id\":\"https:\\\/\\\/simeontrust.org\\\/es\\\/general-page-template-3\\\/#primaryimage\"},\"image\":{\"@id\":\"https:\\\/\\\/simeontrust.org\\\/es\\\/general-page-template-3\\\/#primaryimage\"},\"thumbnailUrl\":\"https:\\\/\\\/simeontrust.org\\\/wp-content\\\/uploads\\\/2023\\\/09\\\/Round-3-e1694014297665.jpg\",\"datePublished\":\"2023-08-25T00:09:26+00:00\",\"breadcrumb\":{\"@id\":\"https:\\\/\\\/simeontrust.org\\\/es\\\/general-page-template-3\\\/#breadcrumb\"},\"inLanguage\":\"es\",\"potentialAction\":[{\"@type\":\"ReadAction\",\"target\":[\"https:\\\/\\\/simeontrust.org\\\/es\\\/general-page-template-3\\\/\"]}]},{\"@type\":\"ImageObject\",\"inLanguage\":\"es\",\"@id\":\"https:\\\/\\\/simeontrust.org\\\/es\\\/general-page-template-3\\\/#primaryimage\",\"url\":\"https:\\\/\\\/simeontrust.org\\\/wp-content\\\/uploads\\\/2023\\\/09\\\/Round-3-e1694014297665.jpg\",\"contentUrl\":\"https:\\\/\\\/simeontrust.org\\\/wp-content\\\/uploads\\\/2023\\\/09\\\/Round-3-e1694014297665.jpg\",\"width\":2000,\"height\":2105},{\"@type\":\"BreadcrumbList\",\"@id\":\"https:\\\/\\\/simeontrust.org\\\/es\\\/general-page-template-3\\\/#breadcrumb\",\"itemListElement\":[{\"@type\":\"ListItem\",\"position\":1,\"name\":\"Home\",\"item\":\"https:\\\/\\\/simeontrust.org\\\/es\\\/\"},{\"@type\":\"ListItem\",\"position\":2,\"name\":\"Pol\u00edticas de Registro\"}]},{\"@type\":\"WebSite\",\"@id\":\"https:\\\/\\\/simeontrust.org\\\/#website\",\"url\":\"https:\\\/\\\/simeontrust.org\\\/\",\"name\":\"Simeon Trust\",\"description\":\"Training the next generation of Bible expositors.\",\"potentialAction\":[{\"@type\":\"SearchAction\",\"target\":{\"@type\":\"EntryPoint\",\"urlTemplate\":\"https:\\\/\\\/simeontrust.org\\\/?s={search_term_string}\"},\"query-input\":{\"@type\":\"PropertyValueSpecification\",\"valueRequired\":true,\"valueName\":\"search_term_string\"}}],\"inLanguage\":\"es\"}]}<\/script>\n<!-- \/ Yoast SEO plugin. -->","yoast_head_json":{"title":"Pol\u00edticas de Registro - Charles Simeon Trust","robots":{"index":"index","follow":"follow","max-snippet":"max-snippet:-1","max-image-preview":"max-image-preview:large","max-video-preview":"max-video-preview:-1"},"canonical":"https:\/\/simeontrust.org\/es\/general-page-template-3\/","og_locale":"es_ES","og_type":"article","og_title":"Pol\u00edticas de Registro - Charles Simeon Trust","og_description":"Desde la Fundaci\u00f3n de la organizaci\u00f3n, nuestra intenci\u00f3n ha sido mantener los costos de registro, tanto para los Talleres en Exposici\u00f3n B\u00edblica, como para los Cursos Online, lo m\u00e1s bajos y accesquibles posible para el pastor com\u00fan. Creemos, comparado con organizaciones similares y conferencias para l\u00edderes de ministerios, que hemos sido exitosos en hacerlo. Por...","og_url":"https:\/\/simeontrust.org\/es\/general-page-template-3\/","og_site_name":"Charles Simeon Trust","og_image":[{"width":1920,"height":1080,"url":"https:\/\/simeontrust.org\/wp-content\/uploads\/2018\/06\/banners-about-registration.jpg","type":"image\/jpeg"}],"twitter_card":"summary_large_image","twitter_misc":{"Tiempo de lectura":"4 minutos"},"schema":{"@context":"https:\/\/schema.org","@graph":[{"@type":"WebPage","@id":"https:\/\/simeontrust.org\/es\/general-page-template-3\/","url":"https:\/\/simeontrust.org\/es\/general-page-template-3\/","name":"Pol\u00edticas de Registro - Charles Simeon Trust","isPartOf":{"@id":"https:\/\/simeontrust.org\/#website"},"primaryImageOfPage":{"@id":"https:\/\/simeontrust.org\/es\/general-page-template-3\/#primaryimage"},"image":{"@id":"https:\/\/simeontrust.org\/es\/general-page-template-3\/#primaryimage"},"thumbnailUrl":"https:\/\/simeontrust.org\/wp-content\/uploads\/2023\/09\/Round-3-e1694014297665.jpg","datePublished":"2023-08-25T00:09:26+00:00","breadcrumb":{"@id":"https:\/\/simeontrust.org\/es\/general-page-template-3\/#breadcrumb"},"inLanguage":"es","potentialAction":[{"@type":"ReadAction","target":["https:\/\/simeontrust.org\/es\/general-page-template-3\/"]}]},{"@type":"ImageObject","inLanguage":"es","@id":"https:\/\/simeontrust.org\/es\/general-page-template-3\/#primaryimage","url":"https:\/\/simeontrust.org\/wp-content\/uploads\/2023\/09\/Round-3-e1694014297665.jpg","contentUrl":"https:\/\/simeontrust.org\/wp-content\/uploads\/2023\/09\/Round-3-e1694014297665.jpg","width":2000,"height":2105},{"@type":"BreadcrumbList","@id":"https:\/\/simeontrust.org\/es\/general-page-template-3\/#breadcrumb","itemListElement":[{"@type":"ListItem","position":1,"name":"Home","item":"https:\/\/simeontrust.org\/es\/"},{"@type":"ListItem","position":2,"name":"Pol\u00edticas de Registro"}]},{"@type":"WebSite","@id":"https:\/\/simeontrust.org\/#website","url":"https:\/\/simeontrust.org\/","name":"Simeon Trust","description":"Training the next generation of Bible expositors.","potentialAction":[{"@type":"SearchAction","target":{"@type":"EntryPoint","urlTemplate":"https:\/\/simeontrust.org\/?s={search_term_string}"},"query-input":{"@type":"PropertyValueSpecification","valueRequired":true,"valueName":"search_term_string"}}],"inLanguage":"es"}]}},"_links":{"self":[{"href":"https:\/\/simeontrust.org\/es\/wp-json\/wp\/v2\/pages\/15438","targetHints":{"allow":["GET"]}}],"collection":[{"href":"https:\/\/simeontrust.org\/es\/wp-json\/wp\/v2\/pages"}],"about":[{"href":"https:\/\/simeontrust.org\/es\/wp-json\/wp\/v2\/types\/page"}],"author":[{"embeddable":true,"href":"https:\/\/simeontrust.org\/es\/wp-json\/wp\/v2\/users\/42254"}],"replies":[{"embeddable":true,"href":"https:\/\/simeontrust.org\/es\/wp-json\/wp\/v2\/comments?post=15438"}],"version-history":[{"count":0,"href":"https:\/\/simeontrust.org\/es\/wp-json\/wp\/v2\/pages\/15438\/revisions"}],"wp:featuredmedia":[{"embeddable":true,"href":"https:\/\/simeontrust.org\/es\/wp-json\/wp\/v2\/media\/15830"}],"wp:attachment":[{"href":"https:\/\/simeontrust.org\/es\/wp-json\/wp\/v2\/media?parent=15438"}],"curies":[{"name":"wp","href":"https:\/\/api.w.org\/{rel}","templated":true}]}}