{"id":21174,"date":"2025-07-07T11:17:29","date_gmt":"2025-07-07T15:17:29","guid":{"rendered":"https:\/\/simeontrust.org\/?page_id=21174"},"modified":"2025-12-15T10:55:13","modified_gmt":"2025-12-15T15:55:13","slug":"seccion-4-las-descargas","status":"publish","type":"page","link":"https:\/\/simeontrust.org\/es\/host\/seccion-4-las-descargas\/","title":{"rendered":"Secci\u00f3n 4: Las Descargas"},"content":{"rendered":"<p>Para las otras secciones de este manual, consulte:<\/p>\n<ul>\n<li><a href=\"https:\/\/simeontrust.org\/es\/manual-para-el-anfitrion\/seccion-1-el-concepto\/\">Secci\u00f3n 1: El concepto<\/a><\/li>\n<li><a href=\"https:\/\/simeontrust.org\/es\/manual-para-el-anfitrion\/seccion-2-la-metodologia\/\">Secci\u00f3n 2: La metodolog\u00eda<\/a><\/li>\n<li><a href=\"https:\/\/simeontrust.org\/es\/manual-para-el-anfitrion\/seccion-3-la-logistica\/\">Secci\u00f3n 3: La log\u00edstica<\/a><\/li>\n<\/ul>\n<p>Encontrar\u00e1s en esta p\u00e1gina una colecci\u00f3n de documentos que puedan ayudarte a ser anfitri\u00f3n en un taller. Por favor, av\u00edsanos si tienes alguna pregunta a medida que utilices los documentos.<\/p>\n<table style=\"height: 1071px;\" width=\"579\" cellpadding=\"3\" align=\"left\">\n<tbody>\n<tr>\n<td colspan=\"4\"><strong>PREPARACI\u00d3N DEL TALLER<br \/>\n<\/strong><\/td>\n<\/tr>\n<tr>\n<td>Lista para iglesia anfitriona<\/td>\n<td><a href=\"https:\/\/drive.google.com\/file\/d\/1bAJLkFlny3fcRIt8nBbeftVSL9HMYjA1\/view?usp=drive_link\">hombres<\/a><\/td>\n<td><span style=\"color: #ffffff;\">&#8212;<\/span><\/td>\n<td><a href=\"https:\/\/cst-media.s3.amazonaws.com\/workshops\/Spanish\/cst-teb-lista-de-Chequeo-de-Preparacion-para-la-Iglesia-Anfitriona-mujeres.pdf\">mujeres<\/a><\/td>\n<\/tr>\n<tr>\n<td>Estrategias de promoci\u00f3n<\/td>\n<td><a href=\"https:\/\/drive.google.com\/file\/d\/1XIXEGpHGcjo9RkLytxoDEAK8j1rCn8Qz\/view?usp=drive_link\">hombres<\/a><\/td>\n<td><\/td>\n<td><a href=\"https:\/\/cst-media.s3.amazonaws.com\/workshops\/Spanish\/cst-teb-estrategias-de-promoci\u00f3n-mujeres.pdf\" target=\"_blank\" rel=\"noopener\">mujeres<\/a><\/td>\n<\/tr>\n<tr>\n<td>Carta de invitaci\u00f3n<\/td>\n<td><a href=\"https:\/\/docs.google.com\/document\/d\/1HPZyMG-h2YYz0-nLCa-KBDxND3NZYfH2\/edit?usp=drive_link&amp;ouid=118158157267819724656&amp;rtpof=true&amp;sd=true\">hombres<\/a><\/td>\n<td><\/td>\n<td><a href=\"https:\/\/cst-media.s3.amazonaws.com\/workshops\/Spanish\/cst-teb-ejemplo-de-carta-de-invitacion-mujeres.docx\">mujeres<\/a><\/td>\n<\/tr>\n<tr>\n<td>Resumen de tecnolog\u00eda<\/td>\n<td><a href=\"https:\/\/simeontrust.org\/wp-content\/uploads\/2023\/01\/CST-Repaso-sobre-equipo-tecnologico.docx\" target=\"_blank\" rel=\"noopener noreferrer\">docx<\/a><\/td>\n<td><\/td>\n<td>&#8212;<\/td>\n<\/tr>\n<tr>\n<td>M\u00fasica<\/td>\n<td>&#8212;<\/td>\n<td><\/td>\n<td>&#8212;<\/td>\n<\/tr>\n<tr>\n<td>PowerPoint de los cursos online<\/td>\n<td><a href=\"https:\/\/simeontrust.org\/wp-content\/uploads\/2023\/01\/Cursos-Online.pptx\" target=\"_blank\" rel=\"noopener noreferrer\">pptx<\/a><\/td>\n<td><\/td>\n<td>&#8212;<\/td>\n<\/tr>\n<tr>\n<td colspan=\"4\"><strong><strong><br \/>\n<\/strong><\/strong><strong>ASIGNACI\u00d3N DE TEXTOS DE GRUPOS PEQUE\u00d1OS<\/strong><\/td>\n<\/tr>\n<tr>\n<td>Gu\u00eda de asignaci\u00f3n de grupos peque\u00f1os<\/td>\n<td><a href=\"https:\/\/drive.google.com\/file\/d\/15nSb2iOzmRsnybKVdM1wlhzG9-5Ekp58\/view?usp=drive_link\">hombres<\/a><\/td>\n<td><\/td>\n<td><a href=\"https:\/\/cst-media.s3.amazonaws.com\/workshops\/Spanish\/cst-teb-gu\u00eda-para-asignaciones-de-grupos-peque\u00f1os-mujeres.pdf\">mujeres<\/a><\/td>\n<\/tr>\n<tr>\n<td>Muestra de carta para los participantes<\/td>\n<td><a href=\"https:\/\/docs.google.com\/document\/d\/1HbrVGQGXjFAt72qfSPNM4Xk2PY6mHgeU\/edit?usp=drive_link&amp;ouid=118158157267819724656&amp;rtpof=true&amp;sd=true\">hombres<\/a><\/td>\n<td><\/td>\n<td><a href=\"https:\/\/cst-media.s3.amazonaws.com\/workshops\/Spanish\/cst-teb-ejemplar-carta-participantes-mujeres.docx\">mujeres<\/a><\/td>\n<\/tr>\n<tr>\n<td>Muestra de carta para los l\u00edderes y aprendices<\/td>\n<td><a href=\"https:\/\/docs.google.com\/document\/d\/1VqiJrdKlrdaAzZIyypLbpsByx3CVY3Zc\/edit?usp=drive_link&amp;ouid=118158157267819724656&amp;rtpof=true&amp;sd=true\">hombres<\/a><\/td>\n<td><\/td>\n<td><a href=\"https:\/\/cst-media.s3.amazonaws.com\/workshops\/Spanish\/cst-teb-ejemplar-carta-lider-mujeres.docx\">mujeres<\/a><\/td>\n<\/tr>\n<tr>\n<td>Gu\u00eda de preparaci\u00f3n de grupos peque\u00f1os<\/td>\n<td><a href=\"https:\/\/drive.google.com\/file\/d\/1E-Yz_0aOz98R6VjC-15R4gYnbRZxU82q\/view?usp=drive_link\">pdf<\/a><\/td>\n<td><\/td>\n<td>&#8212;<\/td>\n<\/tr>\n<tr>\n<td>Hoja de preparaci\u00f3n<\/td>\n<td><a href=\"https:\/\/docs.google.com\/document\/d\/1ZYS4snvo_AXau562Ki82l3vxCGj_MtZn\/edit?usp=drive_link&amp;ouid=118158157267819724656&amp;rtpof=true&amp;sd=true\">hombres<\/a><\/td>\n<td><\/td>\n<td><a href=\"https:\/\/cst-media.s3.amazonaws.com\/workshops\/Spanish\/cst-teb-hoja-preparacion-mujeres.docx\">mujeres<\/a><\/td>\n<\/tr>\n<tr>\n<td colspan=\"4\"><strong><strong><br \/>\n<\/strong><\/strong><strong>DOCUMENTOS PARA EL CUADERNO DE PARTICIPANTES<\/strong><\/td>\n<\/tr>\n<tr>\n<td>Cursos online<\/td>\n<td>&#8212;<\/td>\n<td><\/td>\n<td><a href=\"https:\/\/cst-media.s3.amazonaws.com\/talleres\/Cursos-Online_Online-Courses.docx\" target=\"_blank\" rel=\"noopener noreferrer\">pdf<\/a><\/td>\n<\/tr>\n<tr>\n<td>Preguntas sobre cursos online<\/td>\n<td>&#8212;<\/td>\n<td><\/td>\n<td>&#8212;<\/td>\n<\/tr>\n<tr>\n<td>Curso de predicaci\u00f3n de Chicago<\/td>\n<td>&#8212;<\/td>\n<td><\/td>\n<td><a href=\"http:\/\/cst-media.s3.amazonaws.com\/workshops\/wbe-chicago-course-promo.pdf\" target=\"_blank\" rel=\"noopener noreferrer\">pdf<\/a><\/td>\n<\/tr>\n<tr>\n<td>9Marcas<\/td>\n<td>&#8212;<\/td>\n<td><\/td>\n<td><a href=\"https:\/\/simeontrust.org\/wp-content\/uploads\/2023\/01\/9Marks_Toolbox_2018_Spanish_print.pdf\" target=\"_blank\" rel=\"noopener noreferrer\">pdf<\/a><\/td>\n<\/tr>\n<tr>\n<td>Formulario de retroalimentaci\u00f3n<\/td>\n<td>&#8212;<\/td>\n<td><\/td>\n<td>&#8212;<\/td>\n<\/tr>\n<tr>\n<td colspan=\"4\"><strong><br \/>\nLOGOS<\/strong><strong><br \/>\n<\/strong><\/td>\n<\/tr>\n<tr>\n<td>CST Logo (negro)<\/td>\n<td><a href=\"https:\/\/cst-media.s3.amazonaws.com\/workshops\/cst-logo-black.jpg\" target=\"_blank\" rel=\"noopener noreferrer\">jpg<\/a><\/td>\n<td><\/td>\n<td><a href=\"https:\/\/cst-media.s3.amazonaws.com\/workshops\/cst-logo-black.ai\" target=\"_blank\" rel=\"noopener noreferrer\">ai<\/a><\/td>\n<\/tr>\n<tr>\n<td>CST\u00a0 Logo (blanco)<\/td>\n<td>&#8212;<\/td>\n<td><\/td>\n<td><a href=\"https:\/\/cst-media.s3.amazonaws.com\/workshops\/cst-logo-white.ai\" target=\"_blank\" rel=\"noopener noreferrer\">ai<\/a><\/td>\n<\/tr>\n<tr>\n<td colspan=\"4\"><strong><br \/>\n<\/strong><strong>EJEMPLOS<\/strong><\/td>\n<\/tr>\n<tr>\n<td>Etiquetas<\/td>\n<td><a href=\"https:\/\/cst-media.s3.amazonaws.com\/workshops\/wbe-nametags.indd\" target=\"_blank\" rel=\"alternate noopener noreferrer\">indd<\/a><\/td>\n<td><\/td>\n<td><a href=\"https:\/\/cst-media.s3.amazonaws.com\/workshops\/wbe-nametags.pdf\" target=\"_blank\" rel=\"noopener noreferrer\">pdf<\/a><\/td>\n<\/tr>\n<tr>\n<td>R\u00f3tulo de aula<\/td>\n<td><a href=\"https:\/\/cst-media.s3.amazonaws.com\/workshops\/wbe-roomsign.docx\" target=\"_blank\" rel=\"alternate noopener noreferrer\">docx<\/a><\/td>\n<td><\/td>\n<td><a href=\"https:\/\/cst-media.s3.amazonaws.com\/workshops\/wbe-roomsign.pdf\" target=\"_blank\" rel=\"alternate noopener noreferrer\">pdf<\/a><\/td>\n<\/tr>\n<tr>\n<td>Tarjeta Orden Grupo Peque\u00f1o<\/td>\n<td>&#8212;<\/td>\n<td><\/td>\n<td><a href=\"https:\/\/simeontrust.org\/wp-content\/uploads\/2023\/01\/Workshop-SG-Cards-Spanish.pdf\">pdf<\/a><\/td>\n<\/tr>\n<tr>\n<td>PowerPoint para el display (Day 1)<\/td>\n<td><a href=\"https:\/\/simeontrust.org\/wp-content\/uploads\/2023\/01\/PPT-1.pptx\" target=\"_blank\" rel=\"alternate noopener noreferrer\">pptx<\/a><\/td>\n<td><\/td>\n<td>&#8212;<\/td>\n<\/tr>\n<tr>\n<td>PowerPoint para el display (Day 2)<\/td>\n<td><a href=\"https:\/\/simeontrust.org\/wp-content\/uploads\/2023\/01\/PPT-2.pptx\" target=\"_blank\" rel=\"alternate noopener noreferrer\">pptx<\/a><\/td>\n<td><\/td>\n<td>&#8212;<\/td>\n<\/tr>\n<tr>\n<td>PowerPoint para el display (Day 3)<\/td>\n<td><a href=\"https:\/\/simeontrust.org\/wp-content\/uploads\/2023\/01\/PPT-3.pptx\" target=\"_blank\" rel=\"alternate noopener noreferrer\">pptx<\/a><\/td>\n<td><\/td>\n<td>&#8212;<\/td>\n<\/tr>\n<\/tbody>\n<\/table>\n","protected":false},"excerpt":{"rendered":"<p>Para las otras secciones de este manual, consulte: Secci\u00f3n 1: El concepto Secci\u00f3n 2: La metodolog\u00eda Secci\u00f3n 3: La log\u00edstica Encontrar\u00e1s en esta p\u00e1gina una colecci\u00f3n de documentos que puedan ayudarte a ser anfitri\u00f3n en un taller. Por favor, av\u00edsanos si tienes alguna pregunta a medida que utilices los documentos. PREPARACI\u00d3N DEL TALLER Lista para&#8230;<\/p>\n","protected":false},"author":21028,"featured_media":0,"parent":3283,"menu_order":4,"comment_status":"closed","ping_status":"closed","template":"","meta":{"_acf_changed":false,"footnotes":""},"class_list":["post-21174","page","type-page","status-publish","hentry"],"acf":[],"yoast_head":"<!-- This site is optimized with the Yoast SEO plugin v27.3 - https:\/\/yoast.com\/product\/yoast-seo-wordpress\/ -->\n<title>Secci\u00f3n 4: Las Descargas - Charles Simeon Trust<\/title>\n<meta name=\"robots\" content=\"index, follow, max-snippet:-1, max-image-preview:large, max-video-preview:-1\" \/>\n<link rel=\"canonical\" href=\"https:\/\/simeontrust.org\/es\/host\/seccion-4-las-descargas\/\" \/>\n<meta property=\"og:locale\" content=\"es_ES\" \/>\n<meta property=\"og:type\" content=\"article\" \/>\n<meta property=\"og:title\" content=\"Secci\u00f3n 4: Las Descargas - Charles Simeon Trust\" \/>\n<meta property=\"og:description\" content=\"Para las otras secciones de este manual, consulte: Secci\u00f3n 1: El concepto Secci\u00f3n 2: La metodolog\u00eda Secci\u00f3n 3: La log\u00edstica Encontrar\u00e1s en esta p\u00e1gina una colecci\u00f3n de documentos que puedan ayudarte a ser anfitri\u00f3n en un taller. Por favor, av\u00edsanos si tienes alguna pregunta a medida que utilices los documentos. PREPARACI\u00d3N DEL TALLER Lista para...\" \/>\n<meta property=\"og:url\" content=\"https:\/\/simeontrust.org\/es\/host\/seccion-4-las-descargas\/\" \/>\n<meta property=\"og:site_name\" content=\"Charles Simeon Trust\" \/>\n<meta property=\"article:modified_time\" content=\"2025-12-15T15:55:13+00:00\" \/>\n<meta name=\"twitter:card\" content=\"summary_large_image\" \/>\n<meta name=\"twitter:label1\" content=\"Tiempo de lectura\" \/>\n\t<meta name=\"twitter:data1\" content=\"2 minutos\" \/>\n<script type=\"application\/ld+json\" class=\"yoast-schema-graph\">{\"@context\":\"https:\\\/\\\/schema.org\",\"@graph\":[{\"@type\":\"WebPage\",\"@id\":\"https:\\\/\\\/simeontrust.org\\\/es\\\/host\\\/seccion-4-las-descargas\\\/\",\"url\":\"https:\\\/\\\/simeontrust.org\\\/es\\\/host\\\/seccion-4-las-descargas\\\/\",\"name\":\"Secci\u00f3n 4: Las Descargas - Charles Simeon Trust\",\"isPartOf\":{\"@id\":\"https:\\\/\\\/simeontrust.org\\\/#website\"},\"datePublished\":\"2025-07-07T15:17:29+00:00\",\"dateModified\":\"2025-12-15T15:55:13+00:00\",\"breadcrumb\":{\"@id\":\"https:\\\/\\\/simeontrust.org\\\/es\\\/host\\\/seccion-4-las-descargas\\\/#breadcrumb\"},\"inLanguage\":\"es\",\"potentialAction\":[{\"@type\":\"ReadAction\",\"target\":[\"https:\\\/\\\/simeontrust.org\\\/es\\\/host\\\/seccion-4-las-descargas\\\/\"]}]},{\"@type\":\"BreadcrumbList\",\"@id\":\"https:\\\/\\\/simeontrust.org\\\/es\\\/host\\\/seccion-4-las-descargas\\\/#breadcrumb\",\"itemListElement\":[{\"@type\":\"ListItem\",\"position\":1,\"name\":\"Home\",\"item\":\"https:\\\/\\\/simeontrust.org\\\/es\\\/\"},{\"@type\":\"ListItem\",\"position\":2,\"name\":\"Manual Para el Anfitri\u00f3n\",\"item\":\"https:\\\/\\\/simeontrust.org\\\/es\\\/host\\\/\"},{\"@type\":\"ListItem\",\"position\":3,\"name\":\"Secci\u00f3n 4: Las Descargas\"}]},{\"@type\":\"WebSite\",\"@id\":\"https:\\\/\\\/simeontrust.org\\\/#website\",\"url\":\"https:\\\/\\\/simeontrust.org\\\/\",\"name\":\"Simeon Trust\",\"description\":\"Training the next generation of Bible expositors.\",\"potentialAction\":[{\"@type\":\"SearchAction\",\"target\":{\"@type\":\"EntryPoint\",\"urlTemplate\":\"https:\\\/\\\/simeontrust.org\\\/?s={search_term_string}\"},\"query-input\":{\"@type\":\"PropertyValueSpecification\",\"valueRequired\":true,\"valueName\":\"search_term_string\"}}],\"inLanguage\":\"es\"}]}<\/script>\n<!-- \/ Yoast SEO plugin. -->","yoast_head_json":{"title":"Secci\u00f3n 4: Las Descargas - Charles Simeon Trust","robots":{"index":"index","follow":"follow","max-snippet":"max-snippet:-1","max-image-preview":"max-image-preview:large","max-video-preview":"max-video-preview:-1"},"canonical":"https:\/\/simeontrust.org\/es\/host\/seccion-4-las-descargas\/","og_locale":"es_ES","og_type":"article","og_title":"Secci\u00f3n 4: Las Descargas - Charles Simeon Trust","og_description":"Para las otras secciones de este manual, consulte: Secci\u00f3n 1: El concepto Secci\u00f3n 2: La metodolog\u00eda Secci\u00f3n 3: La log\u00edstica Encontrar\u00e1s en esta p\u00e1gina una colecci\u00f3n de documentos que puedan ayudarte a ser anfitri\u00f3n en un taller. Por favor, av\u00edsanos si tienes alguna pregunta a medida que utilices los documentos. PREPARACI\u00d3N DEL TALLER Lista para...","og_url":"https:\/\/simeontrust.org\/es\/host\/seccion-4-las-descargas\/","og_site_name":"Charles Simeon Trust","article_modified_time":"2025-12-15T15:55:13+00:00","twitter_card":"summary_large_image","twitter_misc":{"Tiempo de lectura":"2 minutos"},"schema":{"@context":"https:\/\/schema.org","@graph":[{"@type":"WebPage","@id":"https:\/\/simeontrust.org\/es\/host\/seccion-4-las-descargas\/","url":"https:\/\/simeontrust.org\/es\/host\/seccion-4-las-descargas\/","name":"Secci\u00f3n 4: Las Descargas - Charles Simeon Trust","isPartOf":{"@id":"https:\/\/simeontrust.org\/#website"},"datePublished":"2025-07-07T15:17:29+00:00","dateModified":"2025-12-15T15:55:13+00:00","breadcrumb":{"@id":"https:\/\/simeontrust.org\/es\/host\/seccion-4-las-descargas\/#breadcrumb"},"inLanguage":"es","potentialAction":[{"@type":"ReadAction","target":["https:\/\/simeontrust.org\/es\/host\/seccion-4-las-descargas\/"]}]},{"@type":"BreadcrumbList","@id":"https:\/\/simeontrust.org\/es\/host\/seccion-4-las-descargas\/#breadcrumb","itemListElement":[{"@type":"ListItem","position":1,"name":"Home","item":"https:\/\/simeontrust.org\/es\/"},{"@type":"ListItem","position":2,"name":"Manual Para el Anfitri\u00f3n","item":"https:\/\/simeontrust.org\/es\/host\/"},{"@type":"ListItem","position":3,"name":"Secci\u00f3n 4: Las Descargas"}]},{"@type":"WebSite","@id":"https:\/\/simeontrust.org\/#website","url":"https:\/\/simeontrust.org\/","name":"Simeon Trust","description":"Training the next generation of Bible expositors.","potentialAction":[{"@type":"SearchAction","target":{"@type":"EntryPoint","urlTemplate":"https:\/\/simeontrust.org\/?s={search_term_string}"},"query-input":{"@type":"PropertyValueSpecification","valueRequired":true,"valueName":"search_term_string"}}],"inLanguage":"es"}]}},"_links":{"self":[{"href":"https:\/\/simeontrust.org\/es\/wp-json\/wp\/v2\/pages\/21174","targetHints":{"allow":["GET"]}}],"collection":[{"href":"https:\/\/simeontrust.org\/es\/wp-json\/wp\/v2\/pages"}],"about":[{"href":"https:\/\/simeontrust.org\/es\/wp-json\/wp\/v2\/types\/page"}],"author":[{"embeddable":true,"href":"https:\/\/simeontrust.org\/es\/wp-json\/wp\/v2\/users\/21028"}],"replies":[{"embeddable":true,"href":"https:\/\/simeontrust.org\/es\/wp-json\/wp\/v2\/comments?post=21174"}],"version-history":[{"count":0,"href":"https:\/\/simeontrust.org\/es\/wp-json\/wp\/v2\/pages\/21174\/revisions"}],"up":[{"embeddable":true,"href":"https:\/\/simeontrust.org\/es\/wp-json\/wp\/v2\/pages\/3283"}],"wp:attachment":[{"href":"https:\/\/simeontrust.org\/es\/wp-json\/wp\/v2\/media?parent=21174"}],"curies":[{"name":"wp","href":"https:\/\/api.w.org\/{rel}","templated":true}]}}