{"id":3247,"date":"2018-08-13T12:13:47","date_gmt":"2018-08-13T16:13:47","guid":{"rendered":"http:\/\/simeontrust.wpengine.com\/about\/una-corta-historia\/"},"modified":"2025-09-16T17:10:32","modified_gmt":"2025-09-16T21:10:32","slug":"una-corta-historia","status":"publish","type":"page","link":"https:\/\/simeontrust.org\/es\/about-2\/una-corta-historia\/","title":{"rendered":"Breve Historia del Charles Simeon Trust"},"content":{"rendered":"<p><span style=\"font-weight: 400;\">En 1991, el pastor R. Kent Hughes y la iglesia College Church en Wheaton iniciaron un Taller anual sobre Exposici\u00f3n B\u00edblica. Este taller se inspir\u00f3 y tom\u00f3 como modelo aquellos que Dick Lucas y el Proclamation Trust hab\u00edan estado realizando en Londres desde la d\u00e9cada de 1980. A finales de la d\u00e9cada de 1990, el Taller de Wheaton hab\u00eda crecido tanto que necesit\u00f3 expandirse.<\/span><\/p>\n<p><span style=\"font-weight: 400;\">Paralelamente, en 1998, la iglesia Holy Trinity Church en Chicago fue plantada por Dave Helm y Jon Dennis a partir de la College Church. Poco despu\u00e9s, la Holy Trinity Church lanz\u00f3 el Chicago Plan, un programa de formaci\u00f3n ministerial con tres elementos distintivos: ense\u00f1anza te\u00f3rica en aulas, experiencia pr\u00e1ctica en el ministerio en una iglesia real y la mentor\u00eda de un pastor.<\/span><\/p>\n<p><span style=\"font-weight: 400;\">Para gestionar estos dos ministerios en crecimiento, David Helm, R. Kent Hughes, Jon Dennis y dos empresarios fundaron una nueva organizaci\u00f3n. Recibi\u00f3 su nombre en honor a Charles Simeon, un evang\u00e9lico y formador de predicadores en Cambridge, Inglaterra, quien ministr\u00f3 durante 54 desafiantes a\u00f1os (1783-1836). Puede leer m\u00e1s sobre Charles Simeon en esta breve rese\u00f1a biogr\u00e1fica [pdf, 167kb]. El 23 de enero de 2001, naci\u00f3 el Charles Simeon Trust.<\/span><\/p>\n<p><span style=\"font-weight: 400;\">El Charles Simeon Trust existe para promover una mejor predicaci\u00f3n en todas partes, a fin de que haya un mayor acceso al evangelio para todos. Logramos esto ofreciendo capacitaci\u00f3n pr\u00e1ctica en la predicaci\u00f3n y ense\u00f1anza de la Palabra de Dios. Para alcanzar este \u00fanico enfoque, hemos desarrollado cuatro iniciativas. Cada una tiene como objetivo aumentar la confianza y la capacidad de los pastores y maestros de la Biblia para manejar correctamente la Palabra de Dios. Queremos que cada persona est\u00e9 convencida de que la Palabra de Dios es poderosa y est\u00e9 deseosa de ense\u00f1arla a su pueblo.<\/span><\/p>\n<p><b>TALLERES<\/b><\/p>\n<p><span style=\"font-weight: 400;\">Los Talleres de Exposici\u00f3n B\u00edblica son eventos de capacitaci\u00f3n presenciales de 2 a 3 d\u00edas, interactivos y basados en el desarrollo de habilidades. Desde la fundaci\u00f3n del Charles Simeon Trust, los Talleres han seguido creciendo. Durante la primera d\u00e9cada del CST, se desarrollaron Talleres para pastores en activo. En 2011, CST inici\u00f3 Talleres espec\u00edficos para mujeres en el ministerio. Estos resultaron ser inmensamente populares y se han expandido desde entonces. En 2013, por indicaci\u00f3n de la Junta Directiva, el CST comenz\u00f3 a incrementar considerablemente el n\u00famero de Talleres para pastores fuera de los EE. UU. y Canad\u00e1, que actualmente constituyen m\u00e1s de la mitad de todos los Talleres que el CST organiza. Parte de la estrategia tambi\u00e9n incluy\u00f3 la apertura de una oficina canadiense en 2015, la cual ahora cuenta con su propia Junta Directiva en Canad\u00e1, para expandir nuestros Talleres canadienses con instructores canadienses.<\/span><\/p>\n<p><b>CURSOS EN L\u00cdNEA<\/b><\/p>\n<p><span style=\"font-weight: 400;\">Tras dos a\u00f1os de investigaci\u00f3n y pruebas, el CST lanz\u00f3 nuestros Cursos en L\u00ednea en 2009. De un solo curso, este ministerio ha crecido hasta ofrecer varios cursos en siete idiomas (ingl\u00e9s, \u00e1rabe, chino, franc\u00e9s, italiano, portugu\u00e9s y espa\u00f1ol). Los Cursos en L\u00ednea pueden realizarse de forma individual o en grupo. Muchos pastores los utilizan para capacitar a l\u00edderes laicos en sus iglesias o para reunir a pastores y maestros de la Biblia de numerosas iglesias para seguir practicando.<\/span><\/p>\n<p><b>RECURSOS<\/b><\/p>\n<p><span style=\"font-weight: 400;\">Constantemente, el CST se ha comprometido a producir recursos para apoyar nuestro trabajo y el de los pastores y maestros de la Biblia. Desde libros como el inmensamente popular <\/span><i><span style=\"font-weight: 400;\">La Predicaci\u00f3n Expositiva: C\u00f3mo Proclamamos la Palabra de Dios Hoy<\/span><\/i><span style=\"font-weight: 400;\"> de Dave Helm (publicado por Crossway), hasta numerosos recursos gratuitos de audio y video en nuestro sitio web, pasando por nuestro nuevo podcast llamado Preachers\u2019 Talk en colaboraci\u00f3n con 9Marks, nuestro objetivo es ayudar a cualquiera que ense\u00f1e la Biblia.<\/span><\/p>\n<p><b>CURSO DE PREDICACI\u00d3N DE CHICAGO<\/b><\/p>\n<p><span style=\"font-weight: 400;\">En 2019, un sue\u00f1o largamente anhelado se hizo realidad con el lanzamiento del Curso de Predicaci\u00f3n de Chicago. Este curso de capacitaci\u00f3n intensivo y residencial busca ofrecer la mejor capacitaci\u00f3n pr\u00e1ctica posible en el manejo correcto de la Biblia a la pr\u00f3xima generaci\u00f3n de predicadores. Se imparte durante todo el a\u00f1o en Chicago y atrae tanto a estudiantes estadounidenses como a formadores del extranjero.<\/span><\/p>\n","protected":false},"excerpt":{"rendered":"<p>En 1991, el pastor R. Kent Hughes y la iglesia College Church en Wheaton iniciaron un Taller anual sobre Exposici\u00f3n B\u00edblica. Este taller se inspir\u00f3 y tom\u00f3 como modelo aquellos que Dick Lucas y el Proclamation Trust hab\u00edan estado realizando en Londres desde la d\u00e9cada de 1980. A finales de la d\u00e9cada de 1990, el&#8230;<\/p>\n","protected":false},"author":17,"featured_media":21305,"parent":369,"menu_order":0,"comment_status":"closed","ping_status":"closed","template":"","meta":{"_acf_changed":false,"footnotes":""},"class_list":["post-3247","page","type-page","status-publish","has-post-thumbnail","hentry"],"acf":[],"yoast_head":"<!-- This site is optimized with the Yoast SEO plugin v27.5 - https:\/\/yoast.com\/product\/yoast-seo-wordpress\/ -->\n<title>Breve Historia del Charles Simeon Trust - Charles Simeon Trust<\/title>\n<meta name=\"robots\" content=\"index, follow, max-snippet:-1, max-image-preview:large, max-video-preview:-1\" \/>\n<link rel=\"canonical\" href=\"https:\/\/simeontrust.org\/es\/about-2\/una-corta-historia\/\" \/>\n<meta property=\"og:locale\" content=\"es_ES\" \/>\n<meta property=\"og:type\" content=\"article\" \/>\n<meta property=\"og:title\" content=\"Breve Historia del Charles Simeon Trust - Charles Simeon Trust\" \/>\n<meta property=\"og:description\" content=\"En 1991, el pastor R. Kent Hughes y la iglesia College Church en Wheaton iniciaron un Taller anual sobre Exposici\u00f3n B\u00edblica. Este taller se inspir\u00f3 y tom\u00f3 como modelo aquellos que Dick Lucas y el Proclamation Trust hab\u00edan estado realizando en Londres desde la d\u00e9cada de 1980. A finales de la d\u00e9cada de 1990, el...\" \/>\n<meta property=\"og:url\" content=\"https:\/\/simeontrust.org\/es\/about-2\/una-corta-historia\/\" \/>\n<meta property=\"og:site_name\" content=\"Charles Simeon Trust\" \/>\n<meta property=\"article:modified_time\" content=\"2025-09-16T21:10:32+00:00\" \/>\n<meta property=\"og:image\" content=\"https:\/\/simeontrust.org\/wp-content\/uploads\/2025\/05\/DSC2246-32-scaled.jpg\" \/>\n\t<meta property=\"og:image:width\" content=\"2560\" \/>\n\t<meta property=\"og:image:height\" content=\"1706\" \/>\n\t<meta property=\"og:image:type\" content=\"image\/jpeg\" \/>\n<meta name=\"twitter:card\" content=\"summary_large_image\" \/>\n<meta name=\"twitter:label1\" content=\"Tiempo de lectura\" \/>\n\t<meta name=\"twitter:data1\" content=\"4 minutos\" \/>\n<script type=\"application\/ld+json\" class=\"yoast-schema-graph\">{\"@context\":\"https:\\\/\\\/schema.org\",\"@graph\":[{\"@type\":\"WebPage\",\"@id\":\"https:\\\/\\\/simeontrust.org\\\/es\\\/about-2\\\/una-corta-historia\\\/\",\"url\":\"https:\\\/\\\/simeontrust.org\\\/es\\\/about-2\\\/una-corta-historia\\\/\",\"name\":\"Breve Historia del Charles Simeon Trust - Charles Simeon Trust\",\"isPartOf\":{\"@id\":\"https:\\\/\\\/simeontrust.org\\\/#website\"},\"primaryImageOfPage\":{\"@id\":\"https:\\\/\\\/simeontrust.org\\\/es\\\/about-2\\\/una-corta-historia\\\/#primaryimage\"},\"image\":{\"@id\":\"https:\\\/\\\/simeontrust.org\\\/es\\\/about-2\\\/una-corta-historia\\\/#primaryimage\"},\"thumbnailUrl\":\"https:\\\/\\\/simeontrust.org\\\/wp-content\\\/uploads\\\/2025\\\/05\\\/DSC2246-32-scaled.jpg\",\"datePublished\":\"2018-08-13T16:13:47+00:00\",\"dateModified\":\"2025-09-16T21:10:32+00:00\",\"breadcrumb\":{\"@id\":\"https:\\\/\\\/simeontrust.org\\\/es\\\/about-2\\\/una-corta-historia\\\/#breadcrumb\"},\"inLanguage\":\"es\",\"potentialAction\":[{\"@type\":\"ReadAction\",\"target\":[\"https:\\\/\\\/simeontrust.org\\\/es\\\/about-2\\\/una-corta-historia\\\/\"]}]},{\"@type\":\"ImageObject\",\"inLanguage\":\"es\",\"@id\":\"https:\\\/\\\/simeontrust.org\\\/es\\\/about-2\\\/una-corta-historia\\\/#primaryimage\",\"url\":\"https:\\\/\\\/simeontrust.org\\\/wp-content\\\/uploads\\\/2025\\\/05\\\/DSC2246-32-scaled.jpg\",\"contentUrl\":\"https:\\\/\\\/simeontrust.org\\\/wp-content\\\/uploads\\\/2025\\\/05\\\/DSC2246-32-scaled.jpg\",\"width\":2560,\"height\":1706},{\"@type\":\"BreadcrumbList\",\"@id\":\"https:\\\/\\\/simeontrust.org\\\/es\\\/about-2\\\/una-corta-historia\\\/#breadcrumb\",\"itemListElement\":[{\"@type\":\"ListItem\",\"position\":1,\"name\":\"Home\",\"item\":\"https:\\\/\\\/simeontrust.org\\\/es\\\/\"},{\"@type\":\"ListItem\",\"position\":2,\"name\":\"Acerca de Nosotros\",\"item\":\"https:\\\/\\\/simeontrust.org\\\/es\\\/about-2\\\/\"},{\"@type\":\"ListItem\",\"position\":3,\"name\":\"Breve Historia del Charles Simeon Trust\"}]},{\"@type\":\"WebSite\",\"@id\":\"https:\\\/\\\/simeontrust.org\\\/#website\",\"url\":\"https:\\\/\\\/simeontrust.org\\\/\",\"name\":\"Simeon Trust\",\"description\":\"Training the next generation of Bible expositors.\",\"potentialAction\":[{\"@type\":\"SearchAction\",\"target\":{\"@type\":\"EntryPoint\",\"urlTemplate\":\"https:\\\/\\\/simeontrust.org\\\/?s={search_term_string}\"},\"query-input\":{\"@type\":\"PropertyValueSpecification\",\"valueRequired\":true,\"valueName\":\"search_term_string\"}}],\"inLanguage\":\"es\"}]}<\/script>\n<!-- \/ Yoast SEO plugin. -->","yoast_head_json":{"title":"Breve Historia del Charles Simeon Trust - Charles Simeon Trust","robots":{"index":"index","follow":"follow","max-snippet":"max-snippet:-1","max-image-preview":"max-image-preview:large","max-video-preview":"max-video-preview:-1"},"canonical":"https:\/\/simeontrust.org\/es\/about-2\/una-corta-historia\/","og_locale":"es_ES","og_type":"article","og_title":"Breve Historia del Charles Simeon Trust - Charles Simeon Trust","og_description":"En 1991, el pastor R. Kent Hughes y la iglesia College Church en Wheaton iniciaron un Taller anual sobre Exposici\u00f3n B\u00edblica. Este taller se inspir\u00f3 y tom\u00f3 como modelo aquellos que Dick Lucas y el Proclamation Trust hab\u00edan estado realizando en Londres desde la d\u00e9cada de 1980. A finales de la d\u00e9cada de 1990, el...","og_url":"https:\/\/simeontrust.org\/es\/about-2\/una-corta-historia\/","og_site_name":"Charles Simeon Trust","article_modified_time":"2025-09-16T21:10:32+00:00","og_image":[{"width":2560,"height":1706,"url":"https:\/\/simeontrust.org\/wp-content\/uploads\/2025\/05\/DSC2246-32-scaled.jpg","type":"image\/jpeg"}],"twitter_card":"summary_large_image","twitter_misc":{"Tiempo de lectura":"4 minutos"},"schema":{"@context":"https:\/\/schema.org","@graph":[{"@type":"WebPage","@id":"https:\/\/simeontrust.org\/es\/about-2\/una-corta-historia\/","url":"https:\/\/simeontrust.org\/es\/about-2\/una-corta-historia\/","name":"Breve Historia del Charles Simeon Trust - Charles Simeon Trust","isPartOf":{"@id":"https:\/\/simeontrust.org\/#website"},"primaryImageOfPage":{"@id":"https:\/\/simeontrust.org\/es\/about-2\/una-corta-historia\/#primaryimage"},"image":{"@id":"https:\/\/simeontrust.org\/es\/about-2\/una-corta-historia\/#primaryimage"},"thumbnailUrl":"https:\/\/simeontrust.org\/wp-content\/uploads\/2025\/05\/DSC2246-32-scaled.jpg","datePublished":"2018-08-13T16:13:47+00:00","dateModified":"2025-09-16T21:10:32+00:00","breadcrumb":{"@id":"https:\/\/simeontrust.org\/es\/about-2\/una-corta-historia\/#breadcrumb"},"inLanguage":"es","potentialAction":[{"@type":"ReadAction","target":["https:\/\/simeontrust.org\/es\/about-2\/una-corta-historia\/"]}]},{"@type":"ImageObject","inLanguage":"es","@id":"https:\/\/simeontrust.org\/es\/about-2\/una-corta-historia\/#primaryimage","url":"https:\/\/simeontrust.org\/wp-content\/uploads\/2025\/05\/DSC2246-32-scaled.jpg","contentUrl":"https:\/\/simeontrust.org\/wp-content\/uploads\/2025\/05\/DSC2246-32-scaled.jpg","width":2560,"height":1706},{"@type":"BreadcrumbList","@id":"https:\/\/simeontrust.org\/es\/about-2\/una-corta-historia\/#breadcrumb","itemListElement":[{"@type":"ListItem","position":1,"name":"Home","item":"https:\/\/simeontrust.org\/es\/"},{"@type":"ListItem","position":2,"name":"Acerca de Nosotros","item":"https:\/\/simeontrust.org\/es\/about-2\/"},{"@type":"ListItem","position":3,"name":"Breve Historia del Charles Simeon Trust"}]},{"@type":"WebSite","@id":"https:\/\/simeontrust.org\/#website","url":"https:\/\/simeontrust.org\/","name":"Simeon Trust","description":"Training the next generation of Bible expositors.","potentialAction":[{"@type":"SearchAction","target":{"@type":"EntryPoint","urlTemplate":"https:\/\/simeontrust.org\/?s={search_term_string}"},"query-input":{"@type":"PropertyValueSpecification","valueRequired":true,"valueName":"search_term_string"}}],"inLanguage":"es"}]}},"_links":{"self":[{"href":"https:\/\/simeontrust.org\/es\/wp-json\/wp\/v2\/pages\/3247","targetHints":{"allow":["GET"]}}],"collection":[{"href":"https:\/\/simeontrust.org\/es\/wp-json\/wp\/v2\/pages"}],"about":[{"href":"https:\/\/simeontrust.org\/es\/wp-json\/wp\/v2\/types\/page"}],"author":[{"embeddable":true,"href":"https:\/\/simeontrust.org\/es\/wp-json\/wp\/v2\/users\/17"}],"replies":[{"embeddable":true,"href":"https:\/\/simeontrust.org\/es\/wp-json\/wp\/v2\/comments?post=3247"}],"version-history":[{"count":0,"href":"https:\/\/simeontrust.org\/es\/wp-json\/wp\/v2\/pages\/3247\/revisions"}],"up":[{"embeddable":true,"href":"https:\/\/simeontrust.org\/es\/wp-json\/wp\/v2\/pages\/369"}],"wp:featuredmedia":[{"embeddable":true,"href":"https:\/\/simeontrust.org\/es\/wp-json\/wp\/v2\/media\/21305"}],"wp:attachment":[{"href":"https:\/\/simeontrust.org\/es\/wp-json\/wp\/v2\/media?parent=3247"}],"curies":[{"name":"wp","href":"https:\/\/api.w.org\/{rel}","templated":true}]}}