{"id":3250,"date":"2018-08-13T12:42:11","date_gmt":"2018-08-13T16:42:11","guid":{"rendered":"http:\/\/simeontrust.wpengine.com\/?page_id=3250"},"modified":"2018-08-14T10:52:28","modified_gmt":"2018-08-14T14:52:28","slug":"curso-de-chicago-en-predicacion","status":"publish","type":"page","link":"https:\/\/simeontrust.org\/es\/curso-de-chicago-en-predicacion\/","title":{"rendered":"Curso de Chicago en Predicaci\u00f3n"},"content":{"rendered":"<p><strong>Aclaraci\u00f3n Importante:\u00a0<\/strong>El curso esta temporalmente solo disponible en ingl\u00e9s.<\/p>\n<p>Creemos que la Palabra de Dios es el medio por el cual Dios obra en el mundo \u2013 a trav\u00e9s de la fiel proclamaci\u00f3n de Su Palabra por medio de, para y a trav\u00e9s de Su pueblo. <em>Eso significa que es muy importante c\u00f3mo Su pueblo es entrenado para predicar Su Palabra.<\/em> Debe ser un entrenamiento pr\u00e1ctico y enfocado en la habilidad de predicar, no simplemente en la transmisi\u00f3n del conocimiento. Debe obrar en el alma del predicador, no solo en su mente. Y debe ser para la gloria del nombre de Dios.<\/p>\n<p><strong>El Curso de Chicago en Predicaci\u00f3n (CCP) busca proveer el mejor entrenamiento pr\u00e1ctico posible en manejar la Biblia para la siguiente generaci\u00f3n de predicadores. <\/strong><\/p>\n<p>El CCP es para aquellos que est\u00e1n en el ministerio y buscan profundizar en sus habilidades y convicciones en la predicaci\u00f3n expositiva, as\u00ed como para los que est\u00e1n considerando si el ministerio es para ellos. El Curso es residencial por un a\u00f1o (a tiempo completo) o por dos o tres a\u00f1os (a tiempo parcial) en Chicago. Sigue el a\u00f1o acad\u00e9mico local (Septiembre a Junio) y vamos a tener nuestra primera generaci\u00f3n de estudiantes comenzando en 2019.<\/p>\n<p><strong>EL QU\u00c9: PENSUM Y CALENDARIO<br \/>\n<\/strong>El CCP se distingue por su compromiso con un entrenamiento riguroso enfocado en la habilidad de la exposici\u00f3n b\u00edblica, combinado con pr\u00e1ctica bajo la mentor\u00eda dentro de la iglesia local. Eso significa, en la mayor\u00eda de casos, que el participante permanece activamente involucrado en una congregaci\u00f3n donde su aprendizaje en el sal\u00f3n de clase puede ser inmediatamente puesto en pr\u00e1ctica. Para saber m\u00e1s sobre nuestro pensum, los diferentes formatos para tomar el curso y otros detalles, puedes ver estos documentos:<\/p>\n<ul>\n<li><a href=\"http:\/\/www.simeontrust.org\/\">Course Curriculum Overview<\/a> [pdf, &#8212;kb]<\/li>\n<li><a href=\"http:\/\/www.simeontrust.org\/\">Academic Calendar<\/a> (September 9, 2019 to June 12, 2020) [pdf, &#8212;kb]<\/li>\n<li><a href=\"http:\/\/www.simeontrust.org\/\">Promotional Brochure<\/a> [pdf, &#8212;kb]<\/li>\n<\/ul>\n<p><strong>D\u00d3NDE: CHICAGO<br \/>\n<\/strong>El CCP est\u00e1 estrategicamente ubicado en el vecindario Hyde Park en Chicago. Aqu\u00ed puedes obtener m\u00e1s informaci\u00f3n de d\u00f3nde estamos y\u00a0<a href=\"https:\/\/simeontrust.org\/es\/curso-de-chicago-en-predicacion\/ubicacion-y-opciones-de-transito\/\">c\u00f3mo<\/a> llegar. Hyde Park es el hogar de muchos seminarios y escuelas de teolog\u00eda, as\u00ed como la Universidad de Chicago, el alma mater de Indiana Jones.<\/p>\n<p><strong>QUI\u00c9N: INSTRUCTORES<br \/>\n<\/strong>Un curso de predicaci\u00f3n debe ser ense\u00f1ado por predicadores experimentados y expertos. El CCP es dirigido por el Pastor Jeremy Meeks. La facultad incluye al Pastor David R. Helm, el Pastor Dr. Robert. S. Kinney, el Pastor Romell Williams, Jr., y\u2026<\/p>\n<p>Aqu\u00ed puedes saber m\u00e1s de nuestros <a href=\"https:\/\/simeontrust.org\/es\/curso-de-chicago-en-predicacion\/cuerpo-docente\/\">maestros<\/a>.<\/p>\n<p><strong>SIGUIENTE PASO: PROCESO DE APLICACI\u00d3N<br \/>\n<\/strong>Hay tres simples pasos para ir a trav\u00e9s de nuestro proceso de aplicaci\u00f3n.<\/p>\n<ol>\n<li>El primer paso es llenar la <a href=\"https:\/\/simeontrust.org\/es\/curso-de-chicago-en-predicacion\/aplicacion\/\">Aplicaci\u00f3n<\/a><\/li>\n<li>Luego, adjunta tres referencias: <a href=\"http:\/\/www.simeontrust.org\/\">Formato<\/a> de Referencias.<\/li>\n<li>Finalmente, agenda una entrevista <a>contact\u00e1ndonos<\/a>.<\/li>\n<\/ol>\n<p><strong>ASIGNACI\u00d3N DE IGLESIA<br \/>\n<\/strong>Una vez est\u00e9s inscrito como estudiante, vamos a necesitar asignarte una iglesia. Si vienes de una iglesia local comprometida con tu entrenamiento, vamos a trabajar con el (los) pastror(es) de esa iglesia para dise\u00f1ar un programa de mentoreo y expectativas de exposici\u00f3n al ministerio. Si vienes fuera de Chicago, trabajaremos con una de nuestras <a href=\"http:\/\/www.simeontrust.org\/\">Iglesia<\/a>s Aliadas. Si representas una iglesia interesada en servir como una de nuestras iglesia aliadas, puedes ver la <a href=\"http:\/\/www.simeontrust.org\/\">Gu\u00eda<\/a> de Asignaci\u00f3n de Iglesias.<\/p>\n","protected":false},"excerpt":{"rendered":"<p>Aclaraci\u00f3n Importante:\u00a0El curso esta temporalmente solo disponible en ingl\u00e9s. Creemos que la Palabra de Dios es el medio por el cual Dios obra en el mundo \u2013 a trav\u00e9s de la fiel proclamaci\u00f3n de Su Palabra por medio de, para y a trav\u00e9s de Su pueblo. Eso significa que es muy importante c\u00f3mo Su pueblo&#8230;<\/p>\n","protected":false},"author":28,"featured_media":0,"parent":0,"menu_order":0,"comment_status":"closed","ping_status":"closed","template":"templates\/tpl-chicago.php","meta":{"_acf_changed":false,"footnotes":""},"class_list":["post-3250","page","type-page","status-publish","hentry"],"acf":[],"yoast_head":"<!-- This site is optimized with the Yoast SEO plugin v27.3 - https:\/\/yoast.com\/product\/yoast-seo-wordpress\/ -->\n<title>Curso de Chicago en Predicaci\u00f3n - Charles Simeon Trust<\/title>\n<meta name=\"robots\" content=\"index, follow, max-snippet:-1, max-image-preview:large, max-video-preview:-1\" \/>\n<link rel=\"canonical\" href=\"https:\/\/simeontrust.org\/es\/curso-de-chicago-en-predicacion\/\" \/>\n<meta property=\"og:locale\" content=\"es_ES\" \/>\n<meta property=\"og:type\" content=\"article\" \/>\n<meta property=\"og:title\" content=\"Curso de Chicago en Predicaci\u00f3n - Charles Simeon Trust\" \/>\n<meta property=\"og:description\" content=\"Aclaraci\u00f3n Importante:\u00a0El curso esta temporalmente solo disponible en ingl\u00e9s. Creemos que la Palabra de Dios es el medio por el cual Dios obra en el mundo \u2013 a trav\u00e9s de la fiel proclamaci\u00f3n de Su Palabra por medio de, para y a trav\u00e9s de Su pueblo. Eso significa que es muy importante c\u00f3mo Su pueblo...\" \/>\n<meta property=\"og:url\" content=\"https:\/\/simeontrust.org\/es\/curso-de-chicago-en-predicacion\/\" \/>\n<meta property=\"og:site_name\" content=\"Charles Simeon Trust\" \/>\n<meta property=\"article:modified_time\" content=\"2018-08-14T14:52:28+00:00\" \/>\n<meta name=\"twitter:card\" content=\"summary_large_image\" \/>\n<meta name=\"twitter:label1\" content=\"Tiempo de lectura\" \/>\n\t<meta name=\"twitter:data1\" content=\"3 minutos\" \/>\n<script type=\"application\/ld+json\" class=\"yoast-schema-graph\">{\"@context\":\"https:\\\/\\\/schema.org\",\"@graph\":[{\"@type\":\"WebPage\",\"@id\":\"https:\\\/\\\/simeontrust.org\\\/es\\\/curso-de-chicago-en-predicacion\\\/\",\"url\":\"https:\\\/\\\/simeontrust.org\\\/es\\\/curso-de-chicago-en-predicacion\\\/\",\"name\":\"Curso de Chicago en Predicaci\u00f3n - Charles Simeon Trust\",\"isPartOf\":{\"@id\":\"https:\\\/\\\/simeontrust.org\\\/#website\"},\"datePublished\":\"2018-08-13T16:42:11+00:00\",\"dateModified\":\"2018-08-14T14:52:28+00:00\",\"breadcrumb\":{\"@id\":\"https:\\\/\\\/simeontrust.org\\\/es\\\/curso-de-chicago-en-predicacion\\\/#breadcrumb\"},\"inLanguage\":\"es\",\"potentialAction\":[{\"@type\":\"ReadAction\",\"target\":[\"https:\\\/\\\/simeontrust.org\\\/es\\\/curso-de-chicago-en-predicacion\\\/\"]}]},{\"@type\":\"BreadcrumbList\",\"@id\":\"https:\\\/\\\/simeontrust.org\\\/es\\\/curso-de-chicago-en-predicacion\\\/#breadcrumb\",\"itemListElement\":[{\"@type\":\"ListItem\",\"position\":1,\"name\":\"Home\",\"item\":\"https:\\\/\\\/simeontrust.org\\\/es\\\/\"},{\"@type\":\"ListItem\",\"position\":2,\"name\":\"Curso de Chicago en Predicaci\u00f3n\"}]},{\"@type\":\"WebSite\",\"@id\":\"https:\\\/\\\/simeontrust.org\\\/#website\",\"url\":\"https:\\\/\\\/simeontrust.org\\\/\",\"name\":\"Simeon Trust\",\"description\":\"Training the next generation of Bible expositors.\",\"potentialAction\":[{\"@type\":\"SearchAction\",\"target\":{\"@type\":\"EntryPoint\",\"urlTemplate\":\"https:\\\/\\\/simeontrust.org\\\/?s={search_term_string}\"},\"query-input\":{\"@type\":\"PropertyValueSpecification\",\"valueRequired\":true,\"valueName\":\"search_term_string\"}}],\"inLanguage\":\"es\"}]}<\/script>\n<!-- \/ Yoast SEO plugin. -->","yoast_head_json":{"title":"Curso de Chicago en Predicaci\u00f3n - Charles Simeon Trust","robots":{"index":"index","follow":"follow","max-snippet":"max-snippet:-1","max-image-preview":"max-image-preview:large","max-video-preview":"max-video-preview:-1"},"canonical":"https:\/\/simeontrust.org\/es\/curso-de-chicago-en-predicacion\/","og_locale":"es_ES","og_type":"article","og_title":"Curso de Chicago en Predicaci\u00f3n - Charles Simeon Trust","og_description":"Aclaraci\u00f3n Importante:\u00a0El curso esta temporalmente solo disponible en ingl\u00e9s. Creemos que la Palabra de Dios es el medio por el cual Dios obra en el mundo \u2013 a trav\u00e9s de la fiel proclamaci\u00f3n de Su Palabra por medio de, para y a trav\u00e9s de Su pueblo. Eso significa que es muy importante c\u00f3mo Su pueblo...","og_url":"https:\/\/simeontrust.org\/es\/curso-de-chicago-en-predicacion\/","og_site_name":"Charles Simeon Trust","article_modified_time":"2018-08-14T14:52:28+00:00","twitter_card":"summary_large_image","twitter_misc":{"Tiempo de lectura":"3 minutos"},"schema":{"@context":"https:\/\/schema.org","@graph":[{"@type":"WebPage","@id":"https:\/\/simeontrust.org\/es\/curso-de-chicago-en-predicacion\/","url":"https:\/\/simeontrust.org\/es\/curso-de-chicago-en-predicacion\/","name":"Curso de Chicago en Predicaci\u00f3n - Charles Simeon Trust","isPartOf":{"@id":"https:\/\/simeontrust.org\/#website"},"datePublished":"2018-08-13T16:42:11+00:00","dateModified":"2018-08-14T14:52:28+00:00","breadcrumb":{"@id":"https:\/\/simeontrust.org\/es\/curso-de-chicago-en-predicacion\/#breadcrumb"},"inLanguage":"es","potentialAction":[{"@type":"ReadAction","target":["https:\/\/simeontrust.org\/es\/curso-de-chicago-en-predicacion\/"]}]},{"@type":"BreadcrumbList","@id":"https:\/\/simeontrust.org\/es\/curso-de-chicago-en-predicacion\/#breadcrumb","itemListElement":[{"@type":"ListItem","position":1,"name":"Home","item":"https:\/\/simeontrust.org\/es\/"},{"@type":"ListItem","position":2,"name":"Curso de Chicago en Predicaci\u00f3n"}]},{"@type":"WebSite","@id":"https:\/\/simeontrust.org\/#website","url":"https:\/\/simeontrust.org\/","name":"Simeon Trust","description":"Training the next generation of Bible expositors.","potentialAction":[{"@type":"SearchAction","target":{"@type":"EntryPoint","urlTemplate":"https:\/\/simeontrust.org\/?s={search_term_string}"},"query-input":{"@type":"PropertyValueSpecification","valueRequired":true,"valueName":"search_term_string"}}],"inLanguage":"es"}]}},"_links":{"self":[{"href":"https:\/\/simeontrust.org\/es\/wp-json\/wp\/v2\/pages\/3250","targetHints":{"allow":["GET"]}}],"collection":[{"href":"https:\/\/simeontrust.org\/es\/wp-json\/wp\/v2\/pages"}],"about":[{"href":"https:\/\/simeontrust.org\/es\/wp-json\/wp\/v2\/types\/page"}],"author":[{"embeddable":true,"href":"https:\/\/simeontrust.org\/es\/wp-json\/wp\/v2\/users\/28"}],"replies":[{"embeddable":true,"href":"https:\/\/simeontrust.org\/es\/wp-json\/wp\/v2\/comments?post=3250"}],"version-history":[{"count":0,"href":"https:\/\/simeontrust.org\/es\/wp-json\/wp\/v2\/pages\/3250\/revisions"}],"wp:attachment":[{"href":"https:\/\/simeontrust.org\/es\/wp-json\/wp\/v2\/media?parent=3250"}],"curies":[{"name":"wp","href":"https:\/\/api.w.org\/{rel}","templated":true}]}}