{"id":3252,"date":"2018-08-13T13:18:46","date_gmt":"2018-08-13T17:18:46","guid":{"rendered":"http:\/\/simeontrust.wpengine.com\/curso-de-chicago-en-predicacion__trashed\/ubicacion-y-opciones-de-transito\/"},"modified":"2018-08-13T13:18:46","modified_gmt":"2018-08-13T17:18:46","slug":"ubicacion-y-opciones-de-transito","status":"publish","type":"page","link":"https:\/\/simeontrust.org\/es\/curso-de-chicago-en-predicacion\/ubicacion-y-opciones-de-transito\/","title":{"rendered":"Ubicaci\u00f3n y Opciones de Tr\u00e1nsito"},"content":{"rendered":"<p><a href=\"https:\/\/www.google.com\/maps\/place\/1438+E+57th+St,+Los+Angeles,+CA+90011,+USA\/@33.9909109,-118.2511278,17z\/data=!3m1!4b1!4m5!3m4!1s0x80c2c8f93d25817b:0xce1ae738067b9acd!8m2!3d33.9909109!4d-118.2489391\" target=\"_blank\" rel=\"noopener\"><img loading=\"lazy\" decoding=\"async\" class=\"size-medium wp-image-1578 alignleft\" src=\"https:\/\/simeontrust.org\/wp-content\/uploads\/2018\/05\/Screen-Shot-2018-05-24-at-10.52.04-AM-275x300.png\" alt=\"\" width=\"275\" height=\"300\" srcset=\"https:\/\/simeontrust.org\/wp-content\/uploads\/2018\/05\/Screen-Shot-2018-05-24-at-10.52.04-AM-275x300.png 275w, https:\/\/simeontrust.org\/wp-content\/uploads\/2018\/05\/Screen-Shot-2018-05-24-at-10.52.04-AM-768x838.png 768w, https:\/\/simeontrust.org\/wp-content\/uploads\/2018\/05\/Screen-Shot-2018-05-24-at-10.52.04-AM.png 882w\" sizes=\"auto, (max-width: 275px) 100vw, 275px\" \/><\/a><span class=\"Ninguno\"><span style=\"font-size: 11.0pt;\">El Curso de Chicago en Predicaci\u00f3n se reune en <\/span><\/span><span class=\"Hyperlink3\"><a href=\"https:\/\/www.google.com\/maps\/place\/1438+E+57th+St,+Los+Angeles,+CA+90011,+USA\/@33.9909109,-118.2511278,17z\/data=!3m1!4b1!4m5!3m4!1s0x80c2c8f93d25817b:0xce1ae738067b9acd!8m2!3d33.9909109!4d-118.2489391\"><span style=\"color: blue;\">1438 E 57th Street <\/span><\/a><\/span><span class=\"Ninguno\"><span style=\"font-size: 11.0pt;\">en Chicago (arriba del Restaurante Salonica). El parqueo en la calle cercana con contadores est\u00e1 permitido (aunque a veces es dif\u00edcil de encontrar). Tambi\u00e9n hay multiples opciones de llegar en transporte p\u00fablico. <\/span><\/span><\/p>\n<p><strong><a href=\"https:\/\/www.transitchicago.com\/\">CTA (Autoridad de Tr\u00e1nsito de Chicago)<\/a><br \/>\n<\/strong>La parada de bus m\u00e1s cercana es 57th y Stony Island. Los Buses 2, 6, 15 y 28 paran en esta estaci\u00f3n. Tambi\u00e9n el bus 55 para como a dos cuadras de distancia en la estaci\u00f3n Blackstone y 55th.<\/p>\n<p><a href=\"https:\/\/metrarail.com\/\" target=\"_blank\" rel=\"noopener\"><strong>METRA<\/strong><\/a><a href=\"https:\/\/www.google.com\/maps\/place\/1438+E+57th+St,+Los+Angeles,+CA+90011,+USA\/@33.9909109,-118.2511278,17z\/data=!3m1!4b1!4m5!3m4!1s0x80c2c8f93d25817b:0xce1ae738067b9acd!8m2!3d33.9909109!4d-118.2489391\" target=\"_blank\" rel=\"noopener\"><img loading=\"lazy\" decoding=\"async\" class=\"size-medium wp-image-1579 alignright\" src=\"https:\/\/simeontrust.org\/wp-content\/uploads\/2018\/05\/Screen-Shot-2018-05-24-at-10.53.28-AM-300x210.png\" alt=\"\" width=\"300\" height=\"210\" srcset=\"https:\/\/simeontrust.org\/wp-content\/uploads\/2018\/05\/Screen-Shot-2018-05-24-at-10.53.28-AM-300x210.png 300w, https:\/\/simeontrust.org\/wp-content\/uploads\/2018\/05\/Screen-Shot-2018-05-24-at-10.53.28-AM-768x537.png 768w, https:\/\/simeontrust.org\/wp-content\/uploads\/2018\/05\/Screen-Shot-2018-05-24-at-10.53.28-AM-1024x716.png 1024w, https:\/\/simeontrust.org\/wp-content\/uploads\/2018\/05\/Screen-Shot-2018-05-24-at-10.53.28-AM.png 1454w\" sizes=\"auto, (max-width: 300px) 100vw, 300px\" \/><\/a><br \/>\nEl transporte p\u00fablico <a href=\"https:\/\/metrarail.com\/maps-schedules\/train-lines\/ME\">Metra Electric Line<\/a> tiene una estaci\u00f3n en la 55th-56th-57th, la cual est\u00e1 tambi\u00e9n a solo algunos pasos.<\/p>\n","protected":false},"excerpt":{"rendered":"<p>El Curso de Chicago en Predicaci\u00f3n se reune en 1438 E 57th Street en Chicago (arriba del Restaurante Salonica). El parqueo en la calle cercana con contadores est\u00e1 permitido (aunque a veces es dif\u00edcil de encontrar). Tambi\u00e9n hay multiples opciones de llegar en transporte p\u00fablico. CTA (Autoridad de Tr\u00e1nsito de Chicago) La parada de bus&#8230;<\/p>\n","protected":false},"author":28,"featured_media":0,"parent":3250,"menu_order":0,"comment_status":"closed","ping_status":"closed","template":"","meta":{"_acf_changed":false,"footnotes":""},"class_list":["post-3252","page","type-page","status-publish","hentry"],"acf":[],"yoast_head":"<!-- This site is optimized with the Yoast SEO plugin v27.3 - https:\/\/yoast.com\/product\/yoast-seo-wordpress\/ -->\n<title>Ubicaci\u00f3n y Opciones de Tr\u00e1nsito - Charles Simeon Trust<\/title>\n<meta name=\"robots\" content=\"index, follow, max-snippet:-1, max-image-preview:large, max-video-preview:-1\" \/>\n<link rel=\"canonical\" href=\"https:\/\/simeontrust.org\/es\/curso-de-chicago-en-predicacion\/ubicacion-y-opciones-de-transito\/\" \/>\n<meta property=\"og:locale\" content=\"es_ES\" \/>\n<meta property=\"og:type\" content=\"article\" \/>\n<meta property=\"og:title\" content=\"Ubicaci\u00f3n y Opciones de Tr\u00e1nsito - Charles Simeon Trust\" \/>\n<meta property=\"og:description\" content=\"El Curso de Chicago en Predicaci\u00f3n se reune en 1438 E 57th Street en Chicago (arriba del Restaurante Salonica). El parqueo en la calle cercana con contadores est\u00e1 permitido (aunque a veces es dif\u00edcil de encontrar). Tambi\u00e9n hay multiples opciones de llegar en transporte p\u00fablico. CTA (Autoridad de Tr\u00e1nsito de Chicago) La parada de bus...\" \/>\n<meta property=\"og:url\" content=\"https:\/\/simeontrust.org\/es\/curso-de-chicago-en-predicacion\/ubicacion-y-opciones-de-transito\/\" \/>\n<meta property=\"og:site_name\" content=\"Charles Simeon Trust\" \/>\n<meta property=\"og:image\" content=\"https:\/\/simeontrust.org\/wp-content\/uploads\/2018\/05\/Screen-Shot-2018-05-24-at-10.52.04-AM-275x300.png\" \/>\n<meta name=\"twitter:card\" content=\"summary_large_image\" \/>\n<meta name=\"twitter:label1\" content=\"Tiempo de lectura\" \/>\n\t<meta name=\"twitter:data1\" content=\"1 minuto\" \/>\n<script type=\"application\/ld+json\" class=\"yoast-schema-graph\">{\"@context\":\"https:\\\/\\\/schema.org\",\"@graph\":[{\"@type\":\"WebPage\",\"@id\":\"https:\\\/\\\/simeontrust.org\\\/es\\\/curso-de-chicago-en-predicacion\\\/ubicacion-y-opciones-de-transito\\\/\",\"url\":\"https:\\\/\\\/simeontrust.org\\\/es\\\/curso-de-chicago-en-predicacion\\\/ubicacion-y-opciones-de-transito\\\/\",\"name\":\"Ubicaci\u00f3n y Opciones de Tr\u00e1nsito - Charles Simeon Trust\",\"isPartOf\":{\"@id\":\"https:\\\/\\\/simeontrust.org\\\/#website\"},\"primaryImageOfPage\":{\"@id\":\"https:\\\/\\\/simeontrust.org\\\/es\\\/curso-de-chicago-en-predicacion\\\/ubicacion-y-opciones-de-transito\\\/#primaryimage\"},\"image\":{\"@id\":\"https:\\\/\\\/simeontrust.org\\\/es\\\/curso-de-chicago-en-predicacion\\\/ubicacion-y-opciones-de-transito\\\/#primaryimage\"},\"thumbnailUrl\":\"https:\\\/\\\/simeontrust.org\\\/wp-content\\\/uploads\\\/2018\\\/05\\\/Screen-Shot-2018-05-24-at-10.52.04-AM-275x300.png\",\"datePublished\":\"2018-08-13T17:18:46+00:00\",\"breadcrumb\":{\"@id\":\"https:\\\/\\\/simeontrust.org\\\/es\\\/curso-de-chicago-en-predicacion\\\/ubicacion-y-opciones-de-transito\\\/#breadcrumb\"},\"inLanguage\":\"es\",\"potentialAction\":[{\"@type\":\"ReadAction\",\"target\":[\"https:\\\/\\\/simeontrust.org\\\/es\\\/curso-de-chicago-en-predicacion\\\/ubicacion-y-opciones-de-transito\\\/\"]}]},{\"@type\":\"ImageObject\",\"inLanguage\":\"es\",\"@id\":\"https:\\\/\\\/simeontrust.org\\\/es\\\/curso-de-chicago-en-predicacion\\\/ubicacion-y-opciones-de-transito\\\/#primaryimage\",\"url\":\"https:\\\/\\\/simeontrust.org\\\/wp-content\\\/uploads\\\/2018\\\/05\\\/Screen-Shot-2018-05-24-at-10.52.04-AM-275x300.png\",\"contentUrl\":\"https:\\\/\\\/simeontrust.org\\\/wp-content\\\/uploads\\\/2018\\\/05\\\/Screen-Shot-2018-05-24-at-10.52.04-AM-275x300.png\"},{\"@type\":\"BreadcrumbList\",\"@id\":\"https:\\\/\\\/simeontrust.org\\\/es\\\/curso-de-chicago-en-predicacion\\\/ubicacion-y-opciones-de-transito\\\/#breadcrumb\",\"itemListElement\":[{\"@type\":\"ListItem\",\"position\":1,\"name\":\"Home\",\"item\":\"https:\\\/\\\/simeontrust.org\\\/es\\\/\"},{\"@type\":\"ListItem\",\"position\":2,\"name\":\"Curso de Chicago en Predicaci\u00f3n\",\"item\":\"https:\\\/\\\/simeontrust.org\\\/es\\\/curso-de-chicago-en-predicacion\\\/\"},{\"@type\":\"ListItem\",\"position\":3,\"name\":\"Ubicaci\u00f3n y Opciones de Tr\u00e1nsito\"}]},{\"@type\":\"WebSite\",\"@id\":\"https:\\\/\\\/simeontrust.org\\\/#website\",\"url\":\"https:\\\/\\\/simeontrust.org\\\/\",\"name\":\"Simeon Trust\",\"description\":\"Training the next generation of Bible expositors.\",\"potentialAction\":[{\"@type\":\"SearchAction\",\"target\":{\"@type\":\"EntryPoint\",\"urlTemplate\":\"https:\\\/\\\/simeontrust.org\\\/?s={search_term_string}\"},\"query-input\":{\"@type\":\"PropertyValueSpecification\",\"valueRequired\":true,\"valueName\":\"search_term_string\"}}],\"inLanguage\":\"es\"}]}<\/script>\n<!-- \/ Yoast SEO plugin. -->","yoast_head_json":{"title":"Ubicaci\u00f3n y Opciones de Tr\u00e1nsito - Charles Simeon Trust","robots":{"index":"index","follow":"follow","max-snippet":"max-snippet:-1","max-image-preview":"max-image-preview:large","max-video-preview":"max-video-preview:-1"},"canonical":"https:\/\/simeontrust.org\/es\/curso-de-chicago-en-predicacion\/ubicacion-y-opciones-de-transito\/","og_locale":"es_ES","og_type":"article","og_title":"Ubicaci\u00f3n y Opciones de Tr\u00e1nsito - Charles Simeon Trust","og_description":"El Curso de Chicago en Predicaci\u00f3n se reune en 1438 E 57th Street en Chicago (arriba del Restaurante Salonica). El parqueo en la calle cercana con contadores est\u00e1 permitido (aunque a veces es dif\u00edcil de encontrar). Tambi\u00e9n hay multiples opciones de llegar en transporte p\u00fablico. CTA (Autoridad de Tr\u00e1nsito de Chicago) La parada de bus...","og_url":"https:\/\/simeontrust.org\/es\/curso-de-chicago-en-predicacion\/ubicacion-y-opciones-de-transito\/","og_site_name":"Charles Simeon Trust","og_image":[{"url":"https:\/\/simeontrust.org\/wp-content\/uploads\/2018\/05\/Screen-Shot-2018-05-24-at-10.52.04-AM-275x300.png","type":"","width":"","height":""}],"twitter_card":"summary_large_image","twitter_misc":{"Tiempo de lectura":"1 minuto"},"schema":{"@context":"https:\/\/schema.org","@graph":[{"@type":"WebPage","@id":"https:\/\/simeontrust.org\/es\/curso-de-chicago-en-predicacion\/ubicacion-y-opciones-de-transito\/","url":"https:\/\/simeontrust.org\/es\/curso-de-chicago-en-predicacion\/ubicacion-y-opciones-de-transito\/","name":"Ubicaci\u00f3n y Opciones de Tr\u00e1nsito - Charles Simeon Trust","isPartOf":{"@id":"https:\/\/simeontrust.org\/#website"},"primaryImageOfPage":{"@id":"https:\/\/simeontrust.org\/es\/curso-de-chicago-en-predicacion\/ubicacion-y-opciones-de-transito\/#primaryimage"},"image":{"@id":"https:\/\/simeontrust.org\/es\/curso-de-chicago-en-predicacion\/ubicacion-y-opciones-de-transito\/#primaryimage"},"thumbnailUrl":"https:\/\/simeontrust.org\/wp-content\/uploads\/2018\/05\/Screen-Shot-2018-05-24-at-10.52.04-AM-275x300.png","datePublished":"2018-08-13T17:18:46+00:00","breadcrumb":{"@id":"https:\/\/simeontrust.org\/es\/curso-de-chicago-en-predicacion\/ubicacion-y-opciones-de-transito\/#breadcrumb"},"inLanguage":"es","potentialAction":[{"@type":"ReadAction","target":["https:\/\/simeontrust.org\/es\/curso-de-chicago-en-predicacion\/ubicacion-y-opciones-de-transito\/"]}]},{"@type":"ImageObject","inLanguage":"es","@id":"https:\/\/simeontrust.org\/es\/curso-de-chicago-en-predicacion\/ubicacion-y-opciones-de-transito\/#primaryimage","url":"https:\/\/simeontrust.org\/wp-content\/uploads\/2018\/05\/Screen-Shot-2018-05-24-at-10.52.04-AM-275x300.png","contentUrl":"https:\/\/simeontrust.org\/wp-content\/uploads\/2018\/05\/Screen-Shot-2018-05-24-at-10.52.04-AM-275x300.png"},{"@type":"BreadcrumbList","@id":"https:\/\/simeontrust.org\/es\/curso-de-chicago-en-predicacion\/ubicacion-y-opciones-de-transito\/#breadcrumb","itemListElement":[{"@type":"ListItem","position":1,"name":"Home","item":"https:\/\/simeontrust.org\/es\/"},{"@type":"ListItem","position":2,"name":"Curso de Chicago en Predicaci\u00f3n","item":"https:\/\/simeontrust.org\/es\/curso-de-chicago-en-predicacion\/"},{"@type":"ListItem","position":3,"name":"Ubicaci\u00f3n y Opciones de Tr\u00e1nsito"}]},{"@type":"WebSite","@id":"https:\/\/simeontrust.org\/#website","url":"https:\/\/simeontrust.org\/","name":"Simeon Trust","description":"Training the next generation of Bible expositors.","potentialAction":[{"@type":"SearchAction","target":{"@type":"EntryPoint","urlTemplate":"https:\/\/simeontrust.org\/?s={search_term_string}"},"query-input":{"@type":"PropertyValueSpecification","valueRequired":true,"valueName":"search_term_string"}}],"inLanguage":"es"}]}},"_links":{"self":[{"href":"https:\/\/simeontrust.org\/es\/wp-json\/wp\/v2\/pages\/3252","targetHints":{"allow":["GET"]}}],"collection":[{"href":"https:\/\/simeontrust.org\/es\/wp-json\/wp\/v2\/pages"}],"about":[{"href":"https:\/\/simeontrust.org\/es\/wp-json\/wp\/v2\/types\/page"}],"author":[{"embeddable":true,"href":"https:\/\/simeontrust.org\/es\/wp-json\/wp\/v2\/users\/28"}],"replies":[{"embeddable":true,"href":"https:\/\/simeontrust.org\/es\/wp-json\/wp\/v2\/comments?post=3252"}],"version-history":[{"count":0,"href":"https:\/\/simeontrust.org\/es\/wp-json\/wp\/v2\/pages\/3252\/revisions"}],"up":[{"embeddable":true,"href":"https:\/\/simeontrust.org\/es\/wp-json\/wp\/v2\/pages\/3250"}],"wp:attachment":[{"href":"https:\/\/simeontrust.org\/es\/wp-json\/wp\/v2\/media?parent=3252"}],"curies":[{"name":"wp","href":"https:\/\/api.w.org\/{rel}","templated":true}]}}