{"id":3266,"date":"2018-08-13T15:23:19","date_gmt":"2018-08-13T19:23:19","guid":{"rendered":"http:\/\/simeontrust.wpengine.com\/?page_id=3266"},"modified":"2025-11-27T11:13:09","modified_gmt":"2025-11-27T16:13:09","slug":"contactanos","status":"publish","type":"page","link":"https:\/\/simeontrust.org\/es\/contactanos\/","title":{"rendered":"Cont\u00e1ctenos"},"content":{"rendered":"<p>Nos esmeramos para proveer una respuesta r\u00e1pida y personal. Si tienes alguna pregunta o inquietud sobre alg\u00fan aspecto de nuestro trabajo, por favor no dude en contactarnos. Tenemos muchas ganas de ayudarle de la mejor manera posible.<\/p>\n<div class=\"wizzy-columns grid md:grid-cols-2 gap-x-8 gap-y-[15px] md:gap-[15px]\" data-columns=\"\">\n<div>\n<p style=\"text-align: center;\"><strong>Charles Simeon Trust<\/strong><br \/>\nP.O. Box 15212<br \/>\nChicago, IL 60615<br \/>\nUSA<a href=\"mailto:info@simeontrust.org\"><br \/>\ninfo@simeontrust.org<\/a><br \/>\n(773) 752-9876<\/p>\n<\/div>\n<div>\n<p style=\"text-align: center;\"><strong>Charles Simeon Trust CANADA<\/strong><br \/>\n600 The East Mall<br \/>\nPO Box 11564<br \/>\nToronto, ON M9B 6L1<br \/>\n<a href=\"mailto:info@simeontrust.org\">info@simeontrust.org<\/a><br \/>\n(773) 752-9876<\/p>\n<\/div>\n<\/div>\n<p>Tambi\u00e9n puede actualizar su informaci\u00f3n de contacto o preferencias de comunicaci\u00f3n en <a href=\"https:\/\/simeontrustca.app.neoncrm.com\/np\/clients\/simeontrustca\/account.jsp\">Canad\u00e1<\/a>, <a href=\"https:\/\/simeontrustus.app.neoncrm.com\/np\/clients\/simeontrustus\/account.jsp\">EE. UU. y cualquier otro pa\u00eds<\/a>.<\/p>\n","protected":false},"excerpt":{"rendered":"<p>Nos esmeramos para proveer una respuesta r\u00e1pida y personal. Si tienes alguna pregunta o inquietud sobre alg\u00fan aspecto de nuestro trabajo, por favor no dude en contactarnos. Tenemos muchas ganas de ayudarle de la mejor manera posible. Charles Simeon Trust P.O. Box 15212 Chicago, IL 60615 USA info@simeontrust.org (773) 752-9876 Charles Simeon Trust CANADA 600&#8230;<\/p>\n","protected":false},"author":28,"featured_media":0,"parent":0,"menu_order":0,"comment_status":"closed","ping_status":"closed","template":"","meta":{"_acf_changed":false,"footnotes":""},"class_list":["post-3266","page","type-page","status-publish","hentry"],"acf":[],"yoast_head":"<!-- This site is optimized with the Yoast SEO plugin v27.5 - https:\/\/yoast.com\/product\/yoast-seo-wordpress\/ -->\n<title>Cont\u00e1ctenos - Charles Simeon Trust<\/title>\n<meta name=\"robots\" content=\"index, follow, max-snippet:-1, max-image-preview:large, max-video-preview:-1\" \/>\n<link rel=\"canonical\" href=\"https:\/\/simeontrust.org\/es\/contactanos\/\" \/>\n<meta property=\"og:locale\" content=\"es_ES\" \/>\n<meta property=\"og:type\" content=\"article\" \/>\n<meta property=\"og:title\" content=\"Cont\u00e1ctenos - Charles Simeon Trust\" \/>\n<meta property=\"og:description\" content=\"Nos esmeramos para proveer una respuesta r\u00e1pida y personal. Si tienes alguna pregunta o inquietud sobre alg\u00fan aspecto de nuestro trabajo, por favor no dude en contactarnos. Tenemos muchas ganas de ayudarle de la mejor manera posible. Charles Simeon Trust P.O. Box 15212 Chicago, IL 60615 USA info@simeontrust.org (773) 752-9876 Charles Simeon Trust CANADA 600...\" \/>\n<meta property=\"og:url\" content=\"https:\/\/simeontrust.org\/es\/contactanos\/\" \/>\n<meta property=\"og:site_name\" content=\"Charles Simeon Trust\" \/>\n<meta property=\"article:modified_time\" content=\"2025-11-27T16:13:09+00:00\" \/>\n<meta name=\"twitter:card\" content=\"summary_large_image\" \/>\n<meta name=\"twitter:label1\" content=\"Tiempo de lectura\" \/>\n\t<meta name=\"twitter:data1\" content=\"1 minuto\" \/>\n<script type=\"application\/ld+json\" class=\"yoast-schema-graph\">{\"@context\":\"https:\\\/\\\/schema.org\",\"@graph\":[{\"@type\":\"WebPage\",\"@id\":\"https:\\\/\\\/simeontrust.org\\\/es\\\/contactanos\\\/\",\"url\":\"https:\\\/\\\/simeontrust.org\\\/es\\\/contactanos\\\/\",\"name\":\"Cont\u00e1ctenos - Charles Simeon Trust\",\"isPartOf\":{\"@id\":\"https:\\\/\\\/simeontrust.org\\\/#website\"},\"datePublished\":\"2018-08-13T19:23:19+00:00\",\"dateModified\":\"2025-11-27T16:13:09+00:00\",\"breadcrumb\":{\"@id\":\"https:\\\/\\\/simeontrust.org\\\/es\\\/contactanos\\\/#breadcrumb\"},\"inLanguage\":\"es\",\"potentialAction\":[{\"@type\":\"ReadAction\",\"target\":[\"https:\\\/\\\/simeontrust.org\\\/es\\\/contactanos\\\/\"]}]},{\"@type\":\"BreadcrumbList\",\"@id\":\"https:\\\/\\\/simeontrust.org\\\/es\\\/contactanos\\\/#breadcrumb\",\"itemListElement\":[{\"@type\":\"ListItem\",\"position\":1,\"name\":\"Home\",\"item\":\"https:\\\/\\\/simeontrust.org\\\/es\\\/\"},{\"@type\":\"ListItem\",\"position\":2,\"name\":\"Cont\u00e1ctenos\"}]},{\"@type\":\"WebSite\",\"@id\":\"https:\\\/\\\/simeontrust.org\\\/#website\",\"url\":\"https:\\\/\\\/simeontrust.org\\\/\",\"name\":\"Simeon Trust\",\"description\":\"Training the next generation of Bible expositors.\",\"potentialAction\":[{\"@type\":\"SearchAction\",\"target\":{\"@type\":\"EntryPoint\",\"urlTemplate\":\"https:\\\/\\\/simeontrust.org\\\/?s={search_term_string}\"},\"query-input\":{\"@type\":\"PropertyValueSpecification\",\"valueRequired\":true,\"valueName\":\"search_term_string\"}}],\"inLanguage\":\"es\"}]}<\/script>\n<!-- \/ Yoast SEO plugin. -->","yoast_head_json":{"title":"Cont\u00e1ctenos - Charles Simeon Trust","robots":{"index":"index","follow":"follow","max-snippet":"max-snippet:-1","max-image-preview":"max-image-preview:large","max-video-preview":"max-video-preview:-1"},"canonical":"https:\/\/simeontrust.org\/es\/contactanos\/","og_locale":"es_ES","og_type":"article","og_title":"Cont\u00e1ctenos - Charles Simeon Trust","og_description":"Nos esmeramos para proveer una respuesta r\u00e1pida y personal. Si tienes alguna pregunta o inquietud sobre alg\u00fan aspecto de nuestro trabajo, por favor no dude en contactarnos. Tenemos muchas ganas de ayudarle de la mejor manera posible. Charles Simeon Trust P.O. Box 15212 Chicago, IL 60615 USA info@simeontrust.org (773) 752-9876 Charles Simeon Trust CANADA 600...","og_url":"https:\/\/simeontrust.org\/es\/contactanos\/","og_site_name":"Charles Simeon Trust","article_modified_time":"2025-11-27T16:13:09+00:00","twitter_card":"summary_large_image","twitter_misc":{"Tiempo de lectura":"1 minuto"},"schema":{"@context":"https:\/\/schema.org","@graph":[{"@type":"WebPage","@id":"https:\/\/simeontrust.org\/es\/contactanos\/","url":"https:\/\/simeontrust.org\/es\/contactanos\/","name":"Cont\u00e1ctenos - Charles Simeon Trust","isPartOf":{"@id":"https:\/\/simeontrust.org\/#website"},"datePublished":"2018-08-13T19:23:19+00:00","dateModified":"2025-11-27T16:13:09+00:00","breadcrumb":{"@id":"https:\/\/simeontrust.org\/es\/contactanos\/#breadcrumb"},"inLanguage":"es","potentialAction":[{"@type":"ReadAction","target":["https:\/\/simeontrust.org\/es\/contactanos\/"]}]},{"@type":"BreadcrumbList","@id":"https:\/\/simeontrust.org\/es\/contactanos\/#breadcrumb","itemListElement":[{"@type":"ListItem","position":1,"name":"Home","item":"https:\/\/simeontrust.org\/es\/"},{"@type":"ListItem","position":2,"name":"Cont\u00e1ctenos"}]},{"@type":"WebSite","@id":"https:\/\/simeontrust.org\/#website","url":"https:\/\/simeontrust.org\/","name":"Simeon Trust","description":"Training the next generation of Bible expositors.","potentialAction":[{"@type":"SearchAction","target":{"@type":"EntryPoint","urlTemplate":"https:\/\/simeontrust.org\/?s={search_term_string}"},"query-input":{"@type":"PropertyValueSpecification","valueRequired":true,"valueName":"search_term_string"}}],"inLanguage":"es"}]}},"_links":{"self":[{"href":"https:\/\/simeontrust.org\/es\/wp-json\/wp\/v2\/pages\/3266","targetHints":{"allow":["GET"]}}],"collection":[{"href":"https:\/\/simeontrust.org\/es\/wp-json\/wp\/v2\/pages"}],"about":[{"href":"https:\/\/simeontrust.org\/es\/wp-json\/wp\/v2\/types\/page"}],"author":[{"embeddable":true,"href":"https:\/\/simeontrust.org\/es\/wp-json\/wp\/v2\/users\/28"}],"replies":[{"embeddable":true,"href":"https:\/\/simeontrust.org\/es\/wp-json\/wp\/v2\/comments?post=3266"}],"version-history":[{"count":0,"href":"https:\/\/simeontrust.org\/es\/wp-json\/wp\/v2\/pages\/3266\/revisions"}],"wp:attachment":[{"href":"https:\/\/simeontrust.org\/es\/wp-json\/wp\/v2\/media?parent=3266"}],"curies":[{"name":"wp","href":"https:\/\/api.w.org\/{rel}","templated":true}]}}