{"id":3287,"date":"2018-08-14T09:16:52","date_gmt":"2018-08-14T13:16:52","guid":{"rendered":"http:\/\/simeontrust.wpengine.com\/?page_id=3287"},"modified":"2025-12-15T21:56:57","modified_gmt":"2025-12-16T02:56:57","slug":"seccion-2-la-metodologia","status":"publish","type":"page","link":"https:\/\/simeontrust.org\/es\/host\/seccion-2-la-metodologia\/","title":{"rendered":"Secci\u00f3n 2: La Metodolog\u00eda"},"content":{"rendered":"<p>Para las otras secciones de este manual, consulte:<\/p>\n<ul>\n<li><a href=\"https:\/\/simeontrust.org\/es\/?page_id=3286\">Secci\u00f3n 1: El concepto<\/a><\/li>\n<li><a href=\"https:\/\/simeontrust.org\/es\/?page_id=3290\">Secci\u00f3n 3: La log\u00edstica<\/a><\/li>\n<li><a href=\"https:\/\/simeontrust.org\/es\/?page_id=21174\">Secci\u00f3n 4: Las descargas<\/a><\/li>\n<\/ul>\n<p><strong>2.1 CONVICCIONES SOBRE NUESTRA DIRECCI\u00d3N<br \/>\n<\/strong>Los pastores predican en una cultura que est\u00e1 basada en la imagen, posmodernismo, pragm\u00e1tica y orientada en el \u00e9xito. Sin ni siquiera comentar sobre si esto es o no es alcanzable, una creencia en la Verdad\u2014inerrante, suficiente, potente y exclusiva\u2014es contra cultural. Consecuentemente, los pastores tienen una falta de confianza en la Palabra de Dios y deben ser convencidos que la predicaci\u00f3n expositiva es 1) lo que Dios pide de ellos, y 2) que trae el crecimiento y madurez radical del evangelio que promete la Palabra de Dios.<\/p>\n<p>Los talleres plantean un reto \u00fanico para los instructores y participantes. La misma naturaleza de estos talleres asume que la predicaci\u00f3n expositiva puede ser ense\u00f1ada y aprendida. Asumimos que \u00e9lel m\u00e9todo de explicaci\u00f3n de predicaci\u00f3n es una serie de ideas subyacentes y constantes (y correctamente as\u00ed, dada la fundaci\u00f3n b\u00edblica). En la intemporalidad de la Biblia, estas series deben ser transferibles. Podemos implementar esta pr\u00e1ctica a mayor o menor extensi\u00f3n, y podemos entreg\u00e1rsela a la siguiente generaci\u00f3n. En cierto modo, esta capacidad de transferencia es contra intuitivo con la tradici\u00f3n de los grandes predicadores expositivos. \u00bfPodemos implementar el estilo de Spurgeon o los m\u00e9todos de Lloyd Jones? \u00bfPodemos seguir la tradici\u00f3n del gran Charles Simeon adecuadamente? \u00bfPodemos acercarnos a la grandeza de Dick Lucas o John Stott? La sabidur\u00eda com\u00fan sugiere que no es posible replicar este carisma tan singular en el p\u00falpito o ese entendimiento extraordinario en el estudio. Al mismo tiempo, rechazamos la idea que su compresi\u00f3n sobre la exposici\u00f3n es necesariamente singular. En otras palabras, no defendemos la imitaci\u00f3n de un personaje, pero creemos firmemente que hay cierto elemento en la manera que manejan las Escrituras, un aspecto de sus mentes expositoras, que se puede aprender y pasar de una generaci\u00f3n a la siguiente.<\/p>\n<p><strong>2.2 METAS DEL TALLER<br \/>\n<\/strong>La misi\u00f3n de los talleres es triple. Primero, para que la predicaci\u00f3n expositiva capture al predicador y posteriormente edifique y evangelice a su congregaci\u00f3n, \u00e9l debe, con confianza, aplicar la tarea a s\u00ed mismo. Debemos <em>convencer<\/em> a los pastores que el coraz\u00f3n del ministerio pastoral es la proclamaci\u00f3n de la Palabra. En segundo lugar, a medida que es convencido, \u00e9l debe crecer en su confianza en practicar la predicaci\u00f3n expositiva. Debemos <em>animarle<\/em> en su propio ministerio, que debe durar toda la vida, mostr\u00e1ndole con la Palabra. Finalmente, a medida que es animado, al predicador le deben ser dadas\u00a0 herramientas para aplicar principios espec\u00edficos de tal manera que entienda y sea equipado\u00a0 para la verdadera predicaci\u00f3n expositiva. Debemos <em>ense\u00f1arle<\/em>\u00a0 c\u00f3mo manejar correctamente la Palabra de Dios.<\/p>\n<p>Debemos ofrecerles algo que los predicadores valorar\u00e1n\u2014la promesa de hacerse maestros del libro o pasaje, un n\u00famero de bosquejos de sermones, una serie de principios que le ayudar\u00e1n a manejar la Palabra de Dios correctamente. Nuestro proceso puede ser explicado en tres actividades.<\/p>\n<p><em>1. Convencer al predicador de que la predicaci\u00f3n expositiva debe ser llevada a cabo.<br \/>\n<\/em>Utilizando las Escrituras, ense\u00f1amos a los hombres que la perspectiva de Dios sobre la predicaci\u00f3n tiene en el centro la proclamaci\u00f3n de la palabra. El ministerio del nuevo pacto es proclamar a Jesucristo como Se\u00f1or. Esto requiere mucho trabajo y no garantiza crecimiento num\u00e9rico, ni popularidad. La obra de Dios en las vidas de Su pueblo ocurre por medio de la Palabra y Su Esp\u00edritu. Esto lleva a cabo ambas cosas, la justificaci\u00f3n y la santificaci\u00f3n. Pr\u00e1cticamente:<\/p>\n<ul>\n<li>Debemos desenmascarar las tentaciones a las que los pastores se enfrentan.<\/li>\n<li>Podemos demostrar un entendimiento particular del ministerio de la Palabra: a) de dos maneras: ampliamente y por medio de muchos contextos y diferentes estilos personales (no una f\u00f3rmula), y b) un entendimiento muy estrecho (exposici\u00f3n, no predicaci\u00f3n teol\u00f3gica).<\/li>\n<li>Debemos demostrar que el Esp\u00edritu obra por medio de la Palabra, Dios revela a Cristo por medio de la Palabra, y que la gente crece en fe por medio de la Palabra.<\/li>\n<\/ul>\n<p><em>2. <\/em><em>Animar a los predicadores que se puede llevar a cabo.<br \/>\n<\/em>La palabra animar puede tener muchos significados. En nuestro ambiente, animar al predicador tiene el sentido de darle confianza en el trabajo de la exposici\u00f3n que, en realidad, es distinto al \u00e1nimo en el sentido de darle una comunidad relacional por medio del estudio de la Palabra. Sin embargo, debemos ser dados a animar de ambas maneras ya que est\u00e1n \u00edntimamente unidas. La confianza, cuando llega el momento de ejecutar, esta fundamentalmente apuntalada en la condici\u00f3n del coraz\u00f3n del predicador. En otras palabras, un predicador puede ser t\u00e9cnicamente eficiente y comprometido de todo coraz\u00f3n a la exposici\u00f3n, pero puede batallar con el pecado y con el orgullo o desesperaci\u00f3n del aislamiento. En esos momentos de fallos morales o aislamiento personal, proceder\u00e1 con confianza vana e injustificada en s\u00ed mismo o su confianza ser\u00e1 sacudida. Ninguna de las dos cosas es tolerable.<\/p>\n<p>El \u00e1nimo en la realidad de la predicaci\u00f3n:<\/p>\n<ul>\n<li>Reconociendo que la reorientaci\u00f3n requiere un precio.<\/li>\n<li>Honrando a aquellos que est\u00e1n comprometidos con el ministerio de la Palabra.<\/li>\n<li>Reconociendo que la predicaci\u00f3n es aprendida m\u00e1s con el ejemplo que con la ense\u00f1anza.<\/li>\n<li>Incrementando la confianza en que estas palabras son las Palabras de Dios.<\/li>\n<li>Modelando la exposici\u00f3n.<\/li>\n<li>Retroalimentando honestamente y no meramente adquiriendo confianza sobre uno mismo.<\/li>\n<li>Preparando al predicador para salir de all\u00ed y predicar el libro a su propia congregaci\u00f3n.<\/li>\n<\/ul>\n<p>El \u00e1nimo al alma del propio predicador:<\/p>\n<ul>\n<li>Anima la rendici\u00f3n de cuentas.<\/li>\n<li>Facilita compa\u00f1erismo genuino, una comunidad activa y suficiente tiempo para la oraci\u00f3n.<\/li>\n<\/ul>\n<p><em>3. Demostrar al predicador como se hace.<br \/>\n<\/em>Ense\u00f1ar a los participantes como se hace la exposici\u00f3n puede ser considerado como tres tipos de preparaci\u00f3n:<\/p>\n<ul>\n<li>La preparaci\u00f3n del predicador incluye infundir convicciones sobre: a) el establecimiento del texto como soberano, b) el predicar la palabra de Dios en oraci\u00f3n, c) el predicar la Palabra de Dios con amor, y d) aplicar el texto a uno mismo primero.<\/li>\n<li>La preparaci\u00f3n en el texto requiere: a) encontrar la intenci\u00f3n del autor, b) usar los controles (exeg\u00e9ticos y teol\u00f3gicos), c) hacer el trabajo duro de observaci\u00f3n, d) utilizar ejercicios, e) encontrar conexiones b\u00edblicas, y f) desenmascarar planteamientos err\u00f3neos.<\/li>\n<li>La preparaci\u00f3n del serm\u00f3n requiere a) encontrar el tema\/argumento\/bosquejo, b) hacer que el \u00e9nfasis del texto sea el punto del serm\u00f3n, c) claridad.<\/li>\n<\/ul>\n<p><strong>2.3 SESIONES DE INSTRUCCI\u00d3N<br \/>\n<\/strong>La unidad fundamental de instrucci\u00f3n en los talleres se llama <em>la sesi\u00f3n de instrucci\u00f3n<\/em>. Las <em>exposiciones<\/em> demuestran e ilustran los principios transmitidos en las sesiones de instrucci\u00f3n. Las <em>sesiones de grupos peque\u00f1os<\/em> refuerzan las instrucciones y proveen una ocasi\u00f3n para practicar. Entonces, mientras que los talleres solo funcionan cuando las cuatro partes se llevan a cabo, las sesiones de instrucci\u00f3n ofrecen una oportunidad clara y expl\u00edcita de transferir los principios de exposici\u00f3n. El entender nuestra metodolog\u00eda para estas sesiones de instrucci\u00f3n y los grupos peque\u00f1os es esencial:<\/p>\n<p><em>El valor del m\u00e9todo socr\u00e1tico<br \/>\n<\/em>En el di\u00e1logo de Plat\u00f3n, el m\u00e9todo socr\u00e1tico, (o debate o replanteamiento de preguntas), es un m\u00e9todo dial\u00e9ctico de averiguaciones aplicado a la examinaci\u00f3n de conceptos morales claves. Es usado por maestros para fomentar el aprendizaje activo lo m\u00e1ximo posible. En otras palabras, no deber\u00edamos responder inmediatamente las preguntas que hacemos, o perderemos una oportunidad para ayudar a los participantes a descubrir las respuestas por su propia cuenta. Queremos que los participantes se dediquen al pensamiento cr\u00edtico independiente que nos lleva a un entendimiento m\u00e1s profundo de los principios. Podemos hacer esto de las siguientes maneras:<\/p>\n<ul>\n<li>Utilizando preguntas que causen que los participantes aprendan los principios por su propia cuenta. Al hacer esto, ellos desarrollar\u00e1n un adue\u00f1amiento emocional del principio.<\/li>\n<li>Utilizando preguntas, los participantes tendr\u00e1n tiempo para alcanzarte en su entendimiento del principio.<\/li>\n<li>Distribuyendo las preguntas entre los participantes.<\/li>\n<\/ul>\n<p>Una debilidad del m\u00e9todo socr\u00e1tico es que puede hacer del instructor un gur\u00fa, en vez de apuntar a los participantes directamente al texto. Ten mucho cuidado con esto.<\/p>\n","protected":false},"excerpt":{"rendered":"<p>Para las otras secciones de este manual, consulte: Secci\u00f3n 1: El concepto Secci\u00f3n 3: La log\u00edstica Secci\u00f3n 4: Las descargas 2.1 CONVICCIONES SOBRE NUESTRA DIRECCI\u00d3N Los pastores predican en una cultura que est\u00e1 basada en la imagen, posmodernismo, pragm\u00e1tica y orientada en el \u00e9xito. Sin ni siquiera comentar sobre si esto es o no es&#8230;<\/p>\n","protected":false},"author":28,"featured_media":0,"parent":3283,"menu_order":2,"comment_status":"closed","ping_status":"closed","template":"","meta":{"_acf_changed":false,"footnotes":""},"class_list":["post-3287","page","type-page","status-publish","hentry"],"acf":[],"yoast_head":"<!-- This site is optimized with the Yoast SEO plugin v27.3 - https:\/\/yoast.com\/product\/yoast-seo-wordpress\/ -->\n<title>Secci\u00f3n 2: La Metodolog\u00eda - Charles Simeon Trust<\/title>\n<meta name=\"robots\" content=\"index, follow, max-snippet:-1, max-image-preview:large, max-video-preview:-1\" \/>\n<link rel=\"canonical\" href=\"https:\/\/simeontrust.org\/es\/host\/seccion-2-la-metodologia\/\" \/>\n<meta property=\"og:locale\" content=\"es_ES\" \/>\n<meta property=\"og:type\" content=\"article\" \/>\n<meta property=\"og:title\" content=\"Secci\u00f3n 2: La Metodolog\u00eda - Charles Simeon Trust\" \/>\n<meta property=\"og:description\" content=\"Para las otras secciones de este manual, consulte: Secci\u00f3n 1: El concepto Secci\u00f3n 3: La log\u00edstica Secci\u00f3n 4: Las descargas 2.1 CONVICCIONES SOBRE NUESTRA DIRECCI\u00d3N Los pastores predican en una cultura que est\u00e1 basada en la imagen, posmodernismo, pragm\u00e1tica y orientada en el \u00e9xito. Sin ni siquiera comentar sobre si esto es o no es...\" \/>\n<meta property=\"og:url\" content=\"https:\/\/simeontrust.org\/es\/host\/seccion-2-la-metodologia\/\" \/>\n<meta property=\"og:site_name\" content=\"Charles Simeon Trust\" \/>\n<meta property=\"article:modified_time\" content=\"2025-12-16T02:56:57+00:00\" \/>\n<meta name=\"twitter:card\" content=\"summary_large_image\" \/>\n<meta name=\"twitter:label1\" content=\"Tiempo de lectura\" \/>\n\t<meta name=\"twitter:data1\" content=\"6 minutos\" \/>\n<script type=\"application\/ld+json\" class=\"yoast-schema-graph\">{\"@context\":\"https:\\\/\\\/schema.org\",\"@graph\":[{\"@type\":\"WebPage\",\"@id\":\"https:\\\/\\\/simeontrust.org\\\/es\\\/host\\\/seccion-2-la-metodologia\\\/\",\"url\":\"https:\\\/\\\/simeontrust.org\\\/es\\\/host\\\/seccion-2-la-metodologia\\\/\",\"name\":\"Secci\u00f3n 2: La Metodolog\u00eda - Charles Simeon Trust\",\"isPartOf\":{\"@id\":\"https:\\\/\\\/simeontrust.org\\\/#website\"},\"datePublished\":\"2018-08-14T13:16:52+00:00\",\"dateModified\":\"2025-12-16T02:56:57+00:00\",\"breadcrumb\":{\"@id\":\"https:\\\/\\\/simeontrust.org\\\/es\\\/host\\\/seccion-2-la-metodologia\\\/#breadcrumb\"},\"inLanguage\":\"es\",\"potentialAction\":[{\"@type\":\"ReadAction\",\"target\":[\"https:\\\/\\\/simeontrust.org\\\/es\\\/host\\\/seccion-2-la-metodologia\\\/\"]}]},{\"@type\":\"BreadcrumbList\",\"@id\":\"https:\\\/\\\/simeontrust.org\\\/es\\\/host\\\/seccion-2-la-metodologia\\\/#breadcrumb\",\"itemListElement\":[{\"@type\":\"ListItem\",\"position\":1,\"name\":\"Home\",\"item\":\"https:\\\/\\\/simeontrust.org\\\/es\\\/\"},{\"@type\":\"ListItem\",\"position\":2,\"name\":\"Manual Para el Anfitri\u00f3n\",\"item\":\"https:\\\/\\\/simeontrust.org\\\/es\\\/host\\\/\"},{\"@type\":\"ListItem\",\"position\":3,\"name\":\"Secci\u00f3n 2: La Metodolog\u00eda\"}]},{\"@type\":\"WebSite\",\"@id\":\"https:\\\/\\\/simeontrust.org\\\/#website\",\"url\":\"https:\\\/\\\/simeontrust.org\\\/\",\"name\":\"Simeon Trust\",\"description\":\"Training the next generation of Bible expositors.\",\"potentialAction\":[{\"@type\":\"SearchAction\",\"target\":{\"@type\":\"EntryPoint\",\"urlTemplate\":\"https:\\\/\\\/simeontrust.org\\\/?s={search_term_string}\"},\"query-input\":{\"@type\":\"PropertyValueSpecification\",\"valueRequired\":true,\"valueName\":\"search_term_string\"}}],\"inLanguage\":\"es\"}]}<\/script>\n<!-- \/ Yoast SEO plugin. -->","yoast_head_json":{"title":"Secci\u00f3n 2: La Metodolog\u00eda - Charles Simeon Trust","robots":{"index":"index","follow":"follow","max-snippet":"max-snippet:-1","max-image-preview":"max-image-preview:large","max-video-preview":"max-video-preview:-1"},"canonical":"https:\/\/simeontrust.org\/es\/host\/seccion-2-la-metodologia\/","og_locale":"es_ES","og_type":"article","og_title":"Secci\u00f3n 2: La Metodolog\u00eda - Charles Simeon Trust","og_description":"Para las otras secciones de este manual, consulte: Secci\u00f3n 1: El concepto Secci\u00f3n 3: La log\u00edstica Secci\u00f3n 4: Las descargas 2.1 CONVICCIONES SOBRE NUESTRA DIRECCI\u00d3N Los pastores predican en una cultura que est\u00e1 basada en la imagen, posmodernismo, pragm\u00e1tica y orientada en el \u00e9xito. Sin ni siquiera comentar sobre si esto es o no es...","og_url":"https:\/\/simeontrust.org\/es\/host\/seccion-2-la-metodologia\/","og_site_name":"Charles Simeon Trust","article_modified_time":"2025-12-16T02:56:57+00:00","twitter_card":"summary_large_image","twitter_misc":{"Tiempo de lectura":"6 minutos"},"schema":{"@context":"https:\/\/schema.org","@graph":[{"@type":"WebPage","@id":"https:\/\/simeontrust.org\/es\/host\/seccion-2-la-metodologia\/","url":"https:\/\/simeontrust.org\/es\/host\/seccion-2-la-metodologia\/","name":"Secci\u00f3n 2: La Metodolog\u00eda - Charles Simeon Trust","isPartOf":{"@id":"https:\/\/simeontrust.org\/#website"},"datePublished":"2018-08-14T13:16:52+00:00","dateModified":"2025-12-16T02:56:57+00:00","breadcrumb":{"@id":"https:\/\/simeontrust.org\/es\/host\/seccion-2-la-metodologia\/#breadcrumb"},"inLanguage":"es","potentialAction":[{"@type":"ReadAction","target":["https:\/\/simeontrust.org\/es\/host\/seccion-2-la-metodologia\/"]}]},{"@type":"BreadcrumbList","@id":"https:\/\/simeontrust.org\/es\/host\/seccion-2-la-metodologia\/#breadcrumb","itemListElement":[{"@type":"ListItem","position":1,"name":"Home","item":"https:\/\/simeontrust.org\/es\/"},{"@type":"ListItem","position":2,"name":"Manual Para el Anfitri\u00f3n","item":"https:\/\/simeontrust.org\/es\/host\/"},{"@type":"ListItem","position":3,"name":"Secci\u00f3n 2: La Metodolog\u00eda"}]},{"@type":"WebSite","@id":"https:\/\/simeontrust.org\/#website","url":"https:\/\/simeontrust.org\/","name":"Simeon Trust","description":"Training the next generation of Bible expositors.","potentialAction":[{"@type":"SearchAction","target":{"@type":"EntryPoint","urlTemplate":"https:\/\/simeontrust.org\/?s={search_term_string}"},"query-input":{"@type":"PropertyValueSpecification","valueRequired":true,"valueName":"search_term_string"}}],"inLanguage":"es"}]}},"_links":{"self":[{"href":"https:\/\/simeontrust.org\/es\/wp-json\/wp\/v2\/pages\/3287","targetHints":{"allow":["GET"]}}],"collection":[{"href":"https:\/\/simeontrust.org\/es\/wp-json\/wp\/v2\/pages"}],"about":[{"href":"https:\/\/simeontrust.org\/es\/wp-json\/wp\/v2\/types\/page"}],"author":[{"embeddable":true,"href":"https:\/\/simeontrust.org\/es\/wp-json\/wp\/v2\/users\/28"}],"replies":[{"embeddable":true,"href":"https:\/\/simeontrust.org\/es\/wp-json\/wp\/v2\/comments?post=3287"}],"version-history":[{"count":0,"href":"https:\/\/simeontrust.org\/es\/wp-json\/wp\/v2\/pages\/3287\/revisions"}],"up":[{"embeddable":true,"href":"https:\/\/simeontrust.org\/es\/wp-json\/wp\/v2\/pages\/3283"}],"wp:attachment":[{"href":"https:\/\/simeontrust.org\/es\/wp-json\/wp\/v2\/media?parent=3287"}],"curies":[{"name":"wp","href":"https:\/\/api.w.org\/{rel}","templated":true}]}}