{"id":15439,"date":"2023-08-24T20:09:27","date_gmt":"2023-08-25T00:09:27","guid":{"rendered":"https:\/\/simeontrust.org\/politiques-dinscription\/"},"modified":"2023-08-24T20:09:27","modified_gmt":"2023-08-25T00:09:27","slug":"politiques-dinscription","status":"publish","type":"page","link":"https:\/\/simeontrust.org\/fr\/politiques-dinscription\/","title":{"rendered":"Politiques d&rsquo;Inscription"},"content":{"rendered":"<p><span style=\"font-family: Liberation Serif, serif;\"><span style=\"font-size: medium;\">Depuis la cr\u00e9ation de notre fondation, nous avons souhait\u00e9 garder les frais d\u2019inscription pour les Ateliers \u00ab\u00a0Exposer le texte biblique\u00a0\u00bb autant que pour les Cours Online aussi bas et abordables que possible pour les pasteurs. Et il nous semble, compar\u00e9 aux organisations similaires, et aux conf\u00e9rences pour leaders chr\u00e9tiens, que nous y sommes arriv\u00e9s. N\u2019h\u00e9sitez pas \u00e0 nous contacter si les tarifs pratiqu\u00e9s repr\u00e9sentent un frein \u00e0 votre participation aux Ateliers ou aux Cours Online. Nous ne souhaitons exclure personne sur la base seule d\u2019une difficult\u00e9 \u00e0 payer les frais d\u2019inscription ou de scolarit\u00e9. <span style=\"color: #000000;\">Nous ne pouvons pas assurer d\u2019acc\u00e9der \u00e0 chaque demande de mani\u00e8re syst\u00e9matique, et de faire exception \u00e0 notre politique, mais nous souhaitons pouvoir avoir l\u2019occasion de l\u2019envisager en cas de besoin.<\/span><\/span><\/span><\/p>\n<p><span style=\"font-family: Liberation Serif, serif;\"><span style=\"font-size: medium;\"><span style=\"color: #000000;\"><b>ATELIERS \u00ab\u00a0EXPOSER LE TEXTE BIBLIQUE\u00a0\u00bb<\/b><\/span><span style=\"color: #000000;\"> Les Ateliers <\/span><span style=\"color: #000000;\">suivent les tarifs indiqu\u00e9s (dont 25 dollars non remboursables). Toute annulation due \u00e0 la pand\u00e9mie constitue une exception<\/span> <span style=\"color: #000000;\">et sera enti\u00e8rement rembours\u00e9e. De plus, aucune participation partielle n\u2019est possible. Les participants doivent \u00eatre \u00e2g\u00e9s de 18 ans ou plus. <\/span><\/span><\/span><\/p>\n<p><span style=\"font-family: Liberation Serif, serif;\"><span style=\"font-size: medium;\"><span style=\"color: #000000;\"><strong>COURS ONLINE<\/strong> Les frais d\u2019inscription pour les Cours Online suivent les tarifs indiqu\u00e9s. Les frais suppl\u00e9mentaires engag\u00e9s (comme les cr\u00e9dits pour \u00e9tudiants en th\u00e9ologie \u2013 applicable uniquement pour les \u00e9tudiants aux \u00c9tats-Unis) ne sont pas remboursables. <\/span><\/span><\/span><\/p>\n<p><span style=\"font-family: Liberation Serif, serif;\"><span style=\"font-size: medium;\"><span style=\"color: #000000;\"><strong>POLITIQUE DE R\u00c9SILIATION<\/strong> Les frais d\u2019inscription aux Ateliers et aux Cours ainsi que les frais de dossier non remboursables sont consultables sur le site Internet Charles Simeon Trust. Si Charles Simeon Trust se voit contraint d\u2019annuler des d\u2019Ateliers ou des Cours, \u00e0 leur d\u00e9marrage ou en cours de route, les participants se verront rembourser l\u2019int\u00e9gralit\u00e9 de leurs frais d\u2019inscription. Si l\u2019annulation a lieu avant le d\u00e9marrage d\u2019un Atelier, d\u2019un Cours ou tout autre \u00e9v\u00e8nement de formation, les participants se verront rembourser l\u2019int\u00e9gralit\u00e9 de leurs frais d\u2019inscription. Seuls les participants d\u00e9j\u00e0 inscrits et qui ont pay\u00e9 (int\u00e9gralement ou en partie) leur formation seront rembours\u00e9s. <\/span><span style=\"color: #000000;\">Vous devez compter deux semaines de d\u00e9lai \u00e0 partir de la date o\u00f9 l\u2019annulation est confirm\u00e9e pour un remboursement. <\/span><\/span><\/span> <span style=\"font-family: Liberation Serif, serif;\"><span style=\"font-size: medium;\"><span style=\"color: #000000;\">Votre inscription et votre participation \u00e0 un Atelier, un Cours, ou autre \u00e9v\u00e8nement de formation, signifient que vous acceptez nos politiques, et que vous assumez votre responsabilit\u00e9 en tant que participant \u00e0 un Atelier, Cours ou \u00e9v\u00e8nement de formation. <\/span><\/span><\/span> <span style=\"font-family: Liberation Serif, serif;\"><span style=\"font-size: medium;\"><span style=\"color: #000000;\">V<\/span><span style=\"color: #000000;\">otre participation \u00e0 un Atelier, un Cours ou autre \u00e9v\u00e8nement de formation constitue une renonciation de toute responsabilit\u00e9 de Charles Simeon Trust dans la mesure o\u00f9 l\u2019Atelier, le Cours ou l\u2019\u00e9v\u00e9nement de formation n\u2019a pas lieu dans les locaux de Charles Simeon Trust. Important : toute annulation de votre inscription \u00e0 un Atelier \u00e0 cause de la pand\u00e9mie sera rembours\u00e9e int\u00e9gralement (y compris les acomptes, qui ne sont normalement pas remboursables). <\/span><\/span><\/span><\/p>\n<p><span style=\"font-family: Liberation Serif, serif;\"><span style=\"font-size: medium;\"><span style=\"color: #000000;\"><b>R\u00c9TRACTATION<\/b><\/span><span style=\"color: #000000;\"> Un participant qui se r\u00e9tracte de sa participation \u00e0 un Atelier, un Cours ou un \u00e9v\u00e8nement de formation (c\u2019est-\u00e0-dire que le participant annule sa propre inscription) avant que cet \u00e9v\u00e8nement ou ce cours n\u2019ait d\u00e9marr\u00e9, un remboursement de ses frais d\u2019inscription (en d\u00e9duisant l\u2019acompte vers\u00e9) sera obtenu. Une fois que l\u2019Atelier, le Cours ou l\u2019\u00e9v\u00e8nement de formation a commenc\u00e9, aucun remboursement ne sera effectu\u00e9. Les remboursements sont normalement op\u00e9r\u00e9s sur la carte de paiement utilis\u00e9 lors de l\u2019inscription, ou bien par retour de ch\u00e8que.<\/span><\/span><\/span><\/p>\n<p><strong><span style=\"font-family: Liberation Serif, serif;\"><span style=\"font-size: medium;\"><span style=\"color: #000000;\">ERREURS ET OUBLIS <\/span><\/span><\/span><\/strong><span style=\"font-family: Liberation Serif, serif;\"><span style=\"font-size: medium;\"><span style=\"color: #000000;\">Nous faisons de notre mieux pour fournir \u00e0 nos participants les informations les plus correctes possibles. En cas d\u2019erreur, nous tenterons de contacter les participants pour les en informer. Toutefois, nous nous r\u00e9servons le droit de corriger ou annuler \u00e0 tout moment et\/ou \u00e0 apporter des modifications et\/ou corriger l\u2019erreur sur notre site Internet.<\/span><\/span><\/span><\/p>\n<p><span style=\"font-family: Liberation Serif, serif;\"><span style=\"font-size: medium;\"><b>PUBLICATIONS<\/b><\/span><\/span><b> <\/b><strong><span style=\"font-family: Liberation Serif, serif;\"><span style=\"font-size: medium;\"><b>PHOTO\/<\/b><\/span><\/span><\/strong><strong><span style=\"font-family: Liberation Serif, serif;\"><span style=\"font-size: medium;\"><b>VID\u00c9O<\/b><\/span><\/span><\/strong><strong><span style=\"font-family: Liberation Serif, serif;\"><span style=\"font-size: medium;\"><b>\/AUDIO<\/b><\/span><\/span><\/strong><span style=\"font-family: Liberation Serif, serif;\"><span style=\"font-size: medium;\"> P<\/span><\/span><span style=\"font-family: Liberation Serif, serif;\"><span style=\"font-size: medium;\">uisqu\u2019une partie de notre plateforme de formation inclus la distribution d\u2019enseignements digitaux (audio, vid\u00e9o, photo) la participation \u00e0 un Atelier, un Cours ou tout autre \u00e9v\u00e8nement de formation donne le <\/span><\/span><span style=\"font-family: Liberation Serif, serif;\"><span style=\"font-size: medium;\">droit \u00e0 Charles Simeon Trust d&rsquo;utiliser, de reproduire, et\/ou de publier des photos et\/ou vid\u00e9os qui peuvent <\/span><\/span><span style=\"font-family: Liberation Serif, serif;\"><span style=\"font-size: medium;\">concerner les participants, y compris leur image et\/ou voix sans compensation. En participant, la personne comprend que tout mat\u00e9riel enregistr\u00e9 peut \u00eatre utilis\u00e9 dans diverses publications, communiqu\u00e9s publics, mat\u00e9riel de <\/span><\/span><span style=\"font-family: Liberation Serif, serif;\"><span style=\"font-size: medium;\">recrutement, ou <\/span><\/span><span style=\"font-family: Liberation Serif, serif;\"><span style=\"font-size: medium;\">toute <\/span><\/span><span style=\"font-family: Liberation Serif, serif;\"><span style=\"font-size: medium;\">autre initiative<\/span><\/span><span style=\"font-family: Liberation Serif, serif;\"><span style=\"font-size: medium;\"> similaire.<\/span><\/span><span style=\"font-family: Liberation Serif, serif;\"><span style=\"font-size: medium;\"> Ce mat\u00e9riel peut aussi \u00eatre publi\u00e9 sur le site Internet <\/span><\/span><span style=\"font-family: Liberation Serif, serif;\"><span style=\"font-size: medium;\">de Charles Simeon Trust. Cette autorisation est continue. Tout participant qui aurait des inqui\u00e9tudes \u00e0 ce sujet peut nous contacter, et nous ferons de notre mieux pour r\u00e9pondre \u00e0 des demandes sp\u00e9cifiques. Veuillez nous <\/span><\/span><a href=\"https:\/\/simeontrust.org\/fr\/contact-2\/\"><span style=\"font-family: Liberation Serif, serif;\"><span style=\"font-size: medium;\">contac<\/span><\/span><span style=\"font-family: Liberation Serif, serif;\"><span style=\"font-size: medium;\">ter<\/span><\/span><\/a> <span style=\"font-family: Liberation Serif, serif;\"><span style=\"font-size: medium;\">en cas de questions ou de probl\u00e8mes \u00e0 ce sujet. <\/span><\/span><\/p>\n","protected":false},"excerpt":{"rendered":"<p>Depuis la cr\u00e9ation de notre fondation, nous avons souhait\u00e9 garder les frais d\u2019inscription pour les Ateliers \u00ab\u00a0Exposer le texte biblique\u00a0\u00bb autant que pour les Cours Online aussi bas et abordables que possible pour les pasteurs. Et il nous semble, compar\u00e9 aux organisations similaires, et aux conf\u00e9rences pour leaders chr\u00e9tiens, que nous y sommes arriv\u00e9s. N\u2019h\u00e9sitez&#8230;<\/p>\n","protected":false},"author":42254,"featured_media":15826,"parent":0,"menu_order":0,"comment_status":"closed","ping_status":"closed","template":"","meta":{"_acf_changed":false,"footnotes":""},"class_list":["post-15439","page","type-page","status-publish","has-post-thumbnail","hentry"],"acf":[],"yoast_head":"<!-- This site is optimized with the Yoast SEO plugin v27.3 - https:\/\/yoast.com\/product\/yoast-seo-wordpress\/ -->\n<title>Politiques d&#039;Inscription - Charles Simeon Trust<\/title>\n<meta name=\"robots\" content=\"index, follow, max-snippet:-1, max-image-preview:large, max-video-preview:-1\" \/>\n<link rel=\"canonical\" href=\"https:\/\/simeontrust.org\/fr\/politiques-dinscription\/\" \/>\n<meta property=\"og:locale\" content=\"fr_FR\" \/>\n<meta property=\"og:type\" content=\"article\" \/>\n<meta property=\"og:title\" content=\"Politiques d&#039;Inscription - Charles Simeon Trust\" \/>\n<meta property=\"og:description\" content=\"Depuis la cr\u00e9ation de notre fondation, nous avons souhait\u00e9 garder les frais d\u2019inscription pour les Ateliers \u00ab\u00a0Exposer le texte biblique\u00a0\u00bb autant que pour les Cours Online aussi bas et abordables que possible pour les pasteurs. Et il nous semble, compar\u00e9 aux organisations similaires, et aux conf\u00e9rences pour leaders chr\u00e9tiens, que nous y sommes arriv\u00e9s. N\u2019h\u00e9sitez...\" \/>\n<meta property=\"og:url\" content=\"https:\/\/simeontrust.org\/fr\/politiques-dinscription\/\" \/>\n<meta property=\"og:site_name\" content=\"Charles Simeon Trust\" \/>\n<meta property=\"og:image\" content=\"https:\/\/simeontrust.org\/wp-content\/uploads\/2018\/06\/banners-about-registration.jpg\" \/>\n\t<meta property=\"og:image:width\" content=\"1920\" \/>\n\t<meta property=\"og:image:height\" content=\"1080\" \/>\n\t<meta property=\"og:image:type\" content=\"image\/jpeg\" \/>\n<meta name=\"twitter:card\" content=\"summary_large_image\" \/>\n<meta name=\"twitter:label1\" content=\"Dur\u00e9e de lecture estim\u00e9e\" \/>\n\t<meta name=\"twitter:data1\" content=\"4 minutes\" \/>\n<script type=\"application\/ld+json\" class=\"yoast-schema-graph\">{\"@context\":\"https:\\\/\\\/schema.org\",\"@graph\":[{\"@type\":\"WebPage\",\"@id\":\"https:\\\/\\\/simeontrust.org\\\/fr\\\/politiques-dinscription\\\/\",\"url\":\"https:\\\/\\\/simeontrust.org\\\/fr\\\/politiques-dinscription\\\/\",\"name\":\"Politiques d'Inscription - Charles Simeon Trust\",\"isPartOf\":{\"@id\":\"https:\\\/\\\/simeontrust.org\\\/#website\"},\"primaryImageOfPage\":{\"@id\":\"https:\\\/\\\/simeontrust.org\\\/fr\\\/politiques-dinscription\\\/#primaryimage\"},\"image\":{\"@id\":\"https:\\\/\\\/simeontrust.org\\\/fr\\\/politiques-dinscription\\\/#primaryimage\"},\"thumbnailUrl\":\"https:\\\/\\\/simeontrust.org\\\/wp-content\\\/uploads\\\/2023\\\/09\\\/Round-3-e1694014297665.jpg\",\"datePublished\":\"2023-08-25T00:09:27+00:00\",\"breadcrumb\":{\"@id\":\"https:\\\/\\\/simeontrust.org\\\/fr\\\/politiques-dinscription\\\/#breadcrumb\"},\"inLanguage\":\"fr-FR\",\"potentialAction\":[{\"@type\":\"ReadAction\",\"target\":[\"https:\\\/\\\/simeontrust.org\\\/fr\\\/politiques-dinscription\\\/\"]}]},{\"@type\":\"ImageObject\",\"inLanguage\":\"fr-FR\",\"@id\":\"https:\\\/\\\/simeontrust.org\\\/fr\\\/politiques-dinscription\\\/#primaryimage\",\"url\":\"https:\\\/\\\/simeontrust.org\\\/wp-content\\\/uploads\\\/2023\\\/09\\\/Round-3-e1694014297665.jpg\",\"contentUrl\":\"https:\\\/\\\/simeontrust.org\\\/wp-content\\\/uploads\\\/2023\\\/09\\\/Round-3-e1694014297665.jpg\",\"width\":2000,\"height\":2105},{\"@type\":\"BreadcrumbList\",\"@id\":\"https:\\\/\\\/simeontrust.org\\\/fr\\\/politiques-dinscription\\\/#breadcrumb\",\"itemListElement\":[{\"@type\":\"ListItem\",\"position\":1,\"name\":\"Home\",\"item\":\"https:\\\/\\\/simeontrust.org\\\/fr\\\/\"},{\"@type\":\"ListItem\",\"position\":2,\"name\":\"Politiques d&#8217;Inscription\"}]},{\"@type\":\"WebSite\",\"@id\":\"https:\\\/\\\/simeontrust.org\\\/#website\",\"url\":\"https:\\\/\\\/simeontrust.org\\\/\",\"name\":\"Simeon Trust\",\"description\":\"Training the next generation of Bible expositors.\",\"potentialAction\":[{\"@type\":\"SearchAction\",\"target\":{\"@type\":\"EntryPoint\",\"urlTemplate\":\"https:\\\/\\\/simeontrust.org\\\/?s={search_term_string}\"},\"query-input\":{\"@type\":\"PropertyValueSpecification\",\"valueRequired\":true,\"valueName\":\"search_term_string\"}}],\"inLanguage\":\"fr-FR\"}]}<\/script>\n<!-- \/ Yoast SEO plugin. -->","yoast_head_json":{"title":"Politiques d'Inscription - Charles Simeon Trust","robots":{"index":"index","follow":"follow","max-snippet":"max-snippet:-1","max-image-preview":"max-image-preview:large","max-video-preview":"max-video-preview:-1"},"canonical":"https:\/\/simeontrust.org\/fr\/politiques-dinscription\/","og_locale":"fr_FR","og_type":"article","og_title":"Politiques d'Inscription - Charles Simeon Trust","og_description":"Depuis la cr\u00e9ation de notre fondation, nous avons souhait\u00e9 garder les frais d\u2019inscription pour les Ateliers \u00ab\u00a0Exposer le texte biblique\u00a0\u00bb autant que pour les Cours Online aussi bas et abordables que possible pour les pasteurs. Et il nous semble, compar\u00e9 aux organisations similaires, et aux conf\u00e9rences pour leaders chr\u00e9tiens, que nous y sommes arriv\u00e9s. N\u2019h\u00e9sitez...","og_url":"https:\/\/simeontrust.org\/fr\/politiques-dinscription\/","og_site_name":"Charles Simeon Trust","og_image":[{"width":1920,"height":1080,"url":"https:\/\/simeontrust.org\/wp-content\/uploads\/2018\/06\/banners-about-registration.jpg","type":"image\/jpeg"}],"twitter_card":"summary_large_image","twitter_misc":{"Dur\u00e9e de lecture estim\u00e9e":"4 minutes"},"schema":{"@context":"https:\/\/schema.org","@graph":[{"@type":"WebPage","@id":"https:\/\/simeontrust.org\/fr\/politiques-dinscription\/","url":"https:\/\/simeontrust.org\/fr\/politiques-dinscription\/","name":"Politiques d'Inscription - Charles Simeon Trust","isPartOf":{"@id":"https:\/\/simeontrust.org\/#website"},"primaryImageOfPage":{"@id":"https:\/\/simeontrust.org\/fr\/politiques-dinscription\/#primaryimage"},"image":{"@id":"https:\/\/simeontrust.org\/fr\/politiques-dinscription\/#primaryimage"},"thumbnailUrl":"https:\/\/simeontrust.org\/wp-content\/uploads\/2023\/09\/Round-3-e1694014297665.jpg","datePublished":"2023-08-25T00:09:27+00:00","breadcrumb":{"@id":"https:\/\/simeontrust.org\/fr\/politiques-dinscription\/#breadcrumb"},"inLanguage":"fr-FR","potentialAction":[{"@type":"ReadAction","target":["https:\/\/simeontrust.org\/fr\/politiques-dinscription\/"]}]},{"@type":"ImageObject","inLanguage":"fr-FR","@id":"https:\/\/simeontrust.org\/fr\/politiques-dinscription\/#primaryimage","url":"https:\/\/simeontrust.org\/wp-content\/uploads\/2023\/09\/Round-3-e1694014297665.jpg","contentUrl":"https:\/\/simeontrust.org\/wp-content\/uploads\/2023\/09\/Round-3-e1694014297665.jpg","width":2000,"height":2105},{"@type":"BreadcrumbList","@id":"https:\/\/simeontrust.org\/fr\/politiques-dinscription\/#breadcrumb","itemListElement":[{"@type":"ListItem","position":1,"name":"Home","item":"https:\/\/simeontrust.org\/fr\/"},{"@type":"ListItem","position":2,"name":"Politiques d&#8217;Inscription"}]},{"@type":"WebSite","@id":"https:\/\/simeontrust.org\/#website","url":"https:\/\/simeontrust.org\/","name":"Simeon Trust","description":"Training the next generation of Bible expositors.","potentialAction":[{"@type":"SearchAction","target":{"@type":"EntryPoint","urlTemplate":"https:\/\/simeontrust.org\/?s={search_term_string}"},"query-input":{"@type":"PropertyValueSpecification","valueRequired":true,"valueName":"search_term_string"}}],"inLanguage":"fr-FR"}]}},"_links":{"self":[{"href":"https:\/\/simeontrust.org\/fr\/wp-json\/wp\/v2\/pages\/15439","targetHints":{"allow":["GET"]}}],"collection":[{"href":"https:\/\/simeontrust.org\/fr\/wp-json\/wp\/v2\/pages"}],"about":[{"href":"https:\/\/simeontrust.org\/fr\/wp-json\/wp\/v2\/types\/page"}],"author":[{"embeddable":true,"href":"https:\/\/simeontrust.org\/fr\/wp-json\/wp\/v2\/users\/42254"}],"replies":[{"embeddable":true,"href":"https:\/\/simeontrust.org\/fr\/wp-json\/wp\/v2\/comments?post=15439"}],"version-history":[{"count":0,"href":"https:\/\/simeontrust.org\/fr\/wp-json\/wp\/v2\/pages\/15439\/revisions"}],"wp:featuredmedia":[{"embeddable":true,"href":"https:\/\/simeontrust.org\/fr\/wp-json\/wp\/v2\/media\/15826"}],"wp:attachment":[{"href":"https:\/\/simeontrust.org\/fr\/wp-json\/wp\/v2\/media?parent=15439"}],"curies":[{"name":"wp","href":"https:\/\/api.w.org\/{rel}","templated":true}]}}