{"id":24236,"date":"2025-09-25T15:15:37","date_gmt":"2025-09-25T19:15:37","guid":{"rendered":"https:\/\/simeontrust.org\/a-propos-2\/"},"modified":"2025-09-25T15:15:37","modified_gmt":"2025-09-25T19:15:37","slug":"a-propos-2","status":"publish","type":"page","link":"https:\/\/simeontrust.org\/fr\/a-propos-2\/","title":{"rendered":"\u00c0 propos"},"content":{"rendered":"","protected":false},"excerpt":{"rendered":"","protected":false},"author":43532,"featured_media":0,"parent":0,"menu_order":0,"comment_status":"closed","ping_status":"closed","template":"templates\/tpl-about.php","meta":{"_acf_changed":false,"footnotes":""},"class_list":["post-24236","page","type-page","status-publish","hentry"],"acf":{"header_title":"Charles Simeon Trust","header_description":"Nous existons pour promouvoir la croissance de l\u2019\u00c9vangile de J\u00e9sus-Christ dans le monde, par la formation de la prochaine g\u00e9n\u00e9ration d\u2019enseignants de la Bible. ","header_image":284,"beliefs_title":"Notre conviction ","beliefs_description":"Nous croyons que la bonne sant\u00e9 de l\u2019\u00c9glise passe par la proclamation de la Parole de Dieu. La vitalit\u00e9 de l'\u00c9glise d\u00e9pend de la proclamation de la Parole venant de pr\u00e9dicateurs, d\u2019enseignants convaincus que la Bible est la Parole m\u00eame de Dieu, et convaincus de la centralit\u00e9 de la pr\u00e9dication textuelle. ","beliefs_button":{"title":"D\u00e9claration Doctrinale","url":"http:\/\/simeontrust.org\/about\/doctrinal-statement\/","target":""},"beliefs_button_2":{"title":"Bref Historique","url":"https:\/\/simeontrust.org\/fr\/a-propos\/bref-historique\/","target":""},"beliefs_button_3":"","":null,"values_title":"Values","team_title":"\u00c9quipe","team_subheading":"","team":[5785,3543,3536,4515,18616,10537,10655,3534,4518,1525,3532,10503,6438,19422,1250,18632,15381,14670,11028,4634,7359,15903,13134,10058,5340,1253],"stats_heading":"","stats":null,"values":null},"yoast_head":"<!-- This site is optimized with the Yoast SEO plugin v27.3 - https:\/\/yoast.com\/product\/yoast-seo-wordpress\/ -->\n<title>\u00c0 propos - Charles Simeon Trust<\/title>\n<meta name=\"robots\" content=\"index, follow, max-snippet:-1, max-image-preview:large, max-video-preview:-1\" \/>\n<link rel=\"canonical\" href=\"https:\/\/simeontrust.org\/fr\/a-propos-2\/\" \/>\n<meta property=\"og:locale\" content=\"fr_FR\" \/>\n<meta property=\"og:type\" content=\"article\" \/>\n<meta property=\"og:title\" content=\"\u00c0 propos - Charles Simeon Trust\" \/>\n<meta property=\"og:url\" content=\"https:\/\/simeontrust.org\/fr\/a-propos-2\/\" \/>\n<meta property=\"og:site_name\" content=\"Charles Simeon Trust\" \/>\n<meta name=\"twitter:card\" content=\"summary_large_image\" \/>\n<meta name=\"twitter:label1\" content=\"Dur\u00e9e de lecture estim\u00e9e\" \/>\n\t<meta name=\"twitter:data1\" content=\"1 minute\" \/>\n<script type=\"application\/ld+json\" class=\"yoast-schema-graph\">{\"@context\":\"https:\\\/\\\/schema.org\",\"@graph\":[{\"@type\":\"WebPage\",\"@id\":\"https:\\\/\\\/simeontrust.org\\\/fr\\\/a-propos-2\\\/\",\"url\":\"https:\\\/\\\/simeontrust.org\\\/fr\\\/a-propos-2\\\/\",\"name\":\"\u00c0 propos - Charles Simeon Trust\",\"isPartOf\":{\"@id\":\"https:\\\/\\\/simeontrust.org\\\/#website\"},\"datePublished\":\"2025-09-25T19:15:37+00:00\",\"breadcrumb\":{\"@id\":\"https:\\\/\\\/simeontrust.org\\\/fr\\\/a-propos-2\\\/#breadcrumb\"},\"inLanguage\":\"fr-FR\",\"potentialAction\":[{\"@type\":\"ReadAction\",\"target\":[\"https:\\\/\\\/simeontrust.org\\\/fr\\\/a-propos-2\\\/\"]}]},{\"@type\":\"BreadcrumbList\",\"@id\":\"https:\\\/\\\/simeontrust.org\\\/fr\\\/a-propos-2\\\/#breadcrumb\",\"itemListElement\":[{\"@type\":\"ListItem\",\"position\":1,\"name\":\"Home\",\"item\":\"https:\\\/\\\/simeontrust.org\\\/fr\\\/\"},{\"@type\":\"ListItem\",\"position\":2,\"name\":\"\u00c0 propos\"}]},{\"@type\":\"WebSite\",\"@id\":\"https:\\\/\\\/simeontrust.org\\\/#website\",\"url\":\"https:\\\/\\\/simeontrust.org\\\/\",\"name\":\"Simeon Trust\",\"description\":\"Training the next generation of Bible expositors.\",\"potentialAction\":[{\"@type\":\"SearchAction\",\"target\":{\"@type\":\"EntryPoint\",\"urlTemplate\":\"https:\\\/\\\/simeontrust.org\\\/?s={search_term_string}\"},\"query-input\":{\"@type\":\"PropertyValueSpecification\",\"valueRequired\":true,\"valueName\":\"search_term_string\"}}],\"inLanguage\":\"fr-FR\"}]}<\/script>\n<!-- \/ Yoast SEO plugin. -->","yoast_head_json":{"title":"\u00c0 propos - Charles Simeon Trust","robots":{"index":"index","follow":"follow","max-snippet":"max-snippet:-1","max-image-preview":"max-image-preview:large","max-video-preview":"max-video-preview:-1"},"canonical":"https:\/\/simeontrust.org\/fr\/a-propos-2\/","og_locale":"fr_FR","og_type":"article","og_title":"\u00c0 propos - Charles Simeon Trust","og_url":"https:\/\/simeontrust.org\/fr\/a-propos-2\/","og_site_name":"Charles Simeon Trust","twitter_card":"summary_large_image","twitter_misc":{"Dur\u00e9e de lecture estim\u00e9e":"1 minute"},"schema":{"@context":"https:\/\/schema.org","@graph":[{"@type":"WebPage","@id":"https:\/\/simeontrust.org\/fr\/a-propos-2\/","url":"https:\/\/simeontrust.org\/fr\/a-propos-2\/","name":"\u00c0 propos - Charles Simeon Trust","isPartOf":{"@id":"https:\/\/simeontrust.org\/#website"},"datePublished":"2025-09-25T19:15:37+00:00","breadcrumb":{"@id":"https:\/\/simeontrust.org\/fr\/a-propos-2\/#breadcrumb"},"inLanguage":"fr-FR","potentialAction":[{"@type":"ReadAction","target":["https:\/\/simeontrust.org\/fr\/a-propos-2\/"]}]},{"@type":"BreadcrumbList","@id":"https:\/\/simeontrust.org\/fr\/a-propos-2\/#breadcrumb","itemListElement":[{"@type":"ListItem","position":1,"name":"Home","item":"https:\/\/simeontrust.org\/fr\/"},{"@type":"ListItem","position":2,"name":"\u00c0 propos"}]},{"@type":"WebSite","@id":"https:\/\/simeontrust.org\/#website","url":"https:\/\/simeontrust.org\/","name":"Simeon Trust","description":"Training the next generation of Bible expositors.","potentialAction":[{"@type":"SearchAction","target":{"@type":"EntryPoint","urlTemplate":"https:\/\/simeontrust.org\/?s={search_term_string}"},"query-input":{"@type":"PropertyValueSpecification","valueRequired":true,"valueName":"search_term_string"}}],"inLanguage":"fr-FR"}]}},"_links":{"self":[{"href":"https:\/\/simeontrust.org\/fr\/wp-json\/wp\/v2\/pages\/24236","targetHints":{"allow":["GET"]}}],"collection":[{"href":"https:\/\/simeontrust.org\/fr\/wp-json\/wp\/v2\/pages"}],"about":[{"href":"https:\/\/simeontrust.org\/fr\/wp-json\/wp\/v2\/types\/page"}],"author":[{"embeddable":true,"href":"https:\/\/simeontrust.org\/fr\/wp-json\/wp\/v2\/users\/43532"}],"replies":[{"embeddable":true,"href":"https:\/\/simeontrust.org\/fr\/wp-json\/wp\/v2\/comments?post=24236"}],"version-history":[{"count":0,"href":"https:\/\/simeontrust.org\/fr\/wp-json\/wp\/v2\/pages\/24236\/revisions"}],"acf:post":[{"embeddable":true,"href":"https:\/\/simeontrust.org\/fr\/wp-json\/wp\/v2\/person\/1253"},{"embeddable":true,"href":"https:\/\/simeontrust.org\/fr\/wp-json\/wp\/v2\/person\/5340"},{"embeddable":true,"href":"https:\/\/simeontrust.org\/fr\/wp-json\/wp\/v2\/person\/10058"},{"embeddable":true,"href":"https:\/\/simeontrust.org\/fr\/wp-json\/wp\/v2\/person\/13134"},{"embeddable":true,"href":"https:\/\/simeontrust.org\/fr\/wp-json\/wp\/v2\/person\/15903"},{"embeddable":true,"href":"https:\/\/simeontrust.org\/fr\/wp-json\/wp\/v2\/person\/7359"},{"embeddable":true,"href":"https:\/\/simeontrust.org\/fr\/wp-json\/wp\/v2\/person\/4634"},{"embeddable":true,"href":"https:\/\/simeontrust.org\/fr\/wp-json\/wp\/v2\/person\/11028"},{"embeddable":true,"href":"https:\/\/simeontrust.org\/fr\/wp-json\/wp\/v2\/person\/14670"},{"embeddable":true,"href":"https:\/\/simeontrust.org\/fr\/wp-json\/wp\/v2\/person\/15381"},{"embeddable":true,"href":"https:\/\/simeontrust.org\/fr\/wp-json\/wp\/v2\/person\/18632"},{"embeddable":true,"href":"https:\/\/simeontrust.org\/fr\/wp-json\/wp\/v2\/person\/1250"},{"embeddable":true,"href":"https:\/\/simeontrust.org\/fr\/wp-json\/wp\/v2\/person\/19422"},{"embeddable":true,"href":"https:\/\/simeontrust.org\/fr\/wp-json\/wp\/v2\/person\/6438"},{"embeddable":true,"href":"https:\/\/simeontrust.org\/fr\/wp-json\/wp\/v2\/person\/10503"},{"embeddable":true,"href":"https:\/\/simeontrust.org\/fr\/wp-json\/wp\/v2\/person\/3532"},{"embeddable":true,"href":"https:\/\/simeontrust.org\/fr\/wp-json\/wp\/v2\/person\/1525"},{"embeddable":true,"href":"https:\/\/simeontrust.org\/fr\/wp-json\/wp\/v2\/person\/4518"},{"embeddable":true,"href":"https:\/\/simeontrust.org\/fr\/wp-json\/wp\/v2\/person\/3534"},{"embeddable":true,"href":"https:\/\/simeontrust.org\/fr\/wp-json\/wp\/v2\/person\/10655"},{"embeddable":true,"href":"https:\/\/simeontrust.org\/fr\/wp-json\/wp\/v2\/person\/10537"},{"embeddable":true,"href":"https:\/\/simeontrust.org\/fr\/wp-json\/wp\/v2\/person\/18616"},{"embeddable":true,"href":"https:\/\/simeontrust.org\/fr\/wp-json\/wp\/v2\/person\/4515"},{"embeddable":true,"href":"https:\/\/simeontrust.org\/fr\/wp-json\/wp\/v2\/person\/3536"},{"embeddable":true,"href":"https:\/\/simeontrust.org\/fr\/wp-json\/wp\/v2\/person\/3543"},{"embeddable":true,"href":"https:\/\/simeontrust.org\/fr\/wp-json\/wp\/v2\/person\/5785"}],"wp:attachment":[{"href":"https:\/\/simeontrust.org\/fr\/wp-json\/wp\/v2\/media?parent=24236"}],"curies":[{"name":"wp","href":"https:\/\/api.w.org\/{rel}","templated":true}]}}