{"id":6822,"date":"2020-11-13T04:14:47","date_gmt":"2020-11-13T09:14:47","guid":{"rendered":"https:\/\/simeontrust.org\/a-propos\/"},"modified":"2026-03-02T17:16:17","modified_gmt":"2026-03-02T22:16:17","slug":"a-propos-3","status":"publish","type":"page","link":"https:\/\/simeontrust.org\/fr\/a-propos-3\/","title":{"rendered":"\u00c0 propos"},"content":{"rendered":"","protected":false},"excerpt":{"rendered":"","protected":false},"author":1,"featured_media":0,"parent":0,"menu_order":0,"comment_status":"closed","ping_status":"closed","template":"templates\/tpl-about.php","meta":{"_acf_changed":false,"footnotes":""},"class_list":["post-6822","page","type-page","status-publish","hentry"],"acf":{"header_title":"Charles Simeon Trustttt","header_description":"Une meilleure pr\u00e9dication partout signifie un meilleur acc\u00e8s \u00e0 l\u2019\u00c9vangile pour tous.","header_image":284,"beliefs_title":"Notre conviction ","beliefs_description":"Le Charles Simeon Trust a pour mission d'am\u00e9liorer la pr\u00e9dication partout dans le monde afin d'offrir un meilleur acc\u00e8s \u00e0 l'\u00c9vangile \u00e0 tous. Nous y parvenons en proposant des formations pratiques \u00e0 la pr\u00e9dication et \u00e0 l'enseignement de la Parole de Dieu. Nous atteignons cet objectif gr\u00e2ce \u00e0 trois initiatives\u00a0: des ateliers r\u00e9gionaux, des formations en pr\u00e9sentiel et des ressources en ligne. Chacune vise \u00e0 renforcer la confiance et la capacit\u00e9 des pasteurs et des enseignants de la Bible \u00e0 utiliser la Parole de Dieu avec justesse. Nous voulons que chacun soit convaincu de la puissance de la Parole de Dieu et d\u00e9sireux de l'enseigner \u00e0 son peuple.","beliefs_button":{"title":"D\u00e9claration Doctrinale","url":"https:\/\/simeontrust.org\/fr\/a-propos-3\/declaration-doctrinale\/","target":""},"beliefs_button_2":{"title":"Bref Historique","url":"https:\/\/simeontrust.org\/fr\/a-propos\/bref-historique\/","target":""},"beliefs_button_3":"","":null,"values_title":"Values","team_title":"\u00c9quipe","team_subheading":"","team":[7025,7161,24783,7159,24786,13321,24791,7195,7031,7193,7203,27256,6972,19425,7208,24797,24796,24794,24793,24792,24795,24790,24788,24789,10061,7023,7206],"stats_heading":"Port\u00e9e mondiale","stats":[{"stat":"16,871","description":"Inscriptions 2025"},{"stat":"100,521","description":"Inscriptions cumulatives"}],"values":[{"title":"D\u00e9pendance","description":"Nous d\u00e9pendons enti\u00e8rement de Dieu et de sa gr\u00e2ce."},{"title":"Caract\u00e8re","description":"Nous pensons que le caract\u00e8re compte et que qui nous sommes est aussi important que ce que nous disons."},{"title":"Amour","description":"Nous aimons les gens parce que Dieu en Christ nous a aim\u00e9s le premier."},{"title":"Excellence","description":"Nous visons l\u2019excellence dans tout ce que nous faisons pour la gloire de Dieu et le bien d\u2019autrui."},{"title":"Innovation","description":"Nous pensons que l\u2019innovation est essentielle, car le progr\u00e8s est toujours possible."},{"title":"G\u00e9n\u00e9rosit\u00e9","description":"Nous vivons avec g\u00e9n\u00e9rosit\u00e9, cherchant \u00e0 donner notre vie et nos ressources pour l\u2019avancement de l\u2019\u00c9vangile."}]},"yoast_head":"<!-- This site is optimized with the Yoast SEO plugin v27.3 - https:\/\/yoast.com\/product\/yoast-seo-wordpress\/ -->\n<title>\u00c0 propos - Charles Simeon Trust<\/title>\n<meta name=\"robots\" content=\"index, follow, max-snippet:-1, max-image-preview:large, max-video-preview:-1\" \/>\n<link rel=\"canonical\" href=\"https:\/\/simeontrust.org\/fr\/a-propos-3\/\" \/>\n<meta property=\"og:locale\" content=\"fr_FR\" \/>\n<meta property=\"og:type\" content=\"article\" \/>\n<meta property=\"og:title\" content=\"\u00c0 propos - Charles Simeon Trust\" \/>\n<meta property=\"og:url\" content=\"https:\/\/simeontrust.org\/fr\/a-propos-3\/\" \/>\n<meta property=\"og:site_name\" content=\"Charles Simeon Trust\" \/>\n<meta property=\"article:modified_time\" content=\"2026-03-02T22:16:17+00:00\" \/>\n<meta name=\"twitter:card\" content=\"summary_large_image\" \/>\n<meta name=\"twitter:label1\" content=\"Dur\u00e9e de lecture estim\u00e9e\" \/>\n\t<meta name=\"twitter:data1\" content=\"2 minutes\" \/>\n<script type=\"application\/ld+json\" class=\"yoast-schema-graph\">{\"@context\":\"https:\\\/\\\/schema.org\",\"@graph\":[{\"@type\":\"WebPage\",\"@id\":\"https:\\\/\\\/simeontrust.org\\\/fr\\\/a-propos-3\\\/\",\"url\":\"https:\\\/\\\/simeontrust.org\\\/fr\\\/a-propos-3\\\/\",\"name\":\"\u00c0 propos - Charles Simeon Trust\",\"isPartOf\":{\"@id\":\"https:\\\/\\\/simeontrust.org\\\/#website\"},\"datePublished\":\"2020-11-13T09:14:47+00:00\",\"dateModified\":\"2026-03-02T22:16:17+00:00\",\"breadcrumb\":{\"@id\":\"https:\\\/\\\/simeontrust.org\\\/fr\\\/a-propos-3\\\/#breadcrumb\"},\"inLanguage\":\"fr-FR\",\"potentialAction\":[{\"@type\":\"ReadAction\",\"target\":[\"https:\\\/\\\/simeontrust.org\\\/fr\\\/a-propos-3\\\/\"]}]},{\"@type\":\"BreadcrumbList\",\"@id\":\"https:\\\/\\\/simeontrust.org\\\/fr\\\/a-propos-3\\\/#breadcrumb\",\"itemListElement\":[{\"@type\":\"ListItem\",\"position\":1,\"name\":\"Home\",\"item\":\"https:\\\/\\\/simeontrust.org\\\/fr\\\/\"},{\"@type\":\"ListItem\",\"position\":2,\"name\":\"\u00c0 propos\"}]},{\"@type\":\"WebSite\",\"@id\":\"https:\\\/\\\/simeontrust.org\\\/#website\",\"url\":\"https:\\\/\\\/simeontrust.org\\\/\",\"name\":\"Simeon Trust\",\"description\":\"Training the next generation of Bible expositors.\",\"potentialAction\":[{\"@type\":\"SearchAction\",\"target\":{\"@type\":\"EntryPoint\",\"urlTemplate\":\"https:\\\/\\\/simeontrust.org\\\/?s={search_term_string}\"},\"query-input\":{\"@type\":\"PropertyValueSpecification\",\"valueRequired\":true,\"valueName\":\"search_term_string\"}}],\"inLanguage\":\"fr-FR\"}]}<\/script>\n<!-- \/ Yoast SEO plugin. -->","yoast_head_json":{"title":"\u00c0 propos - Charles Simeon Trust","robots":{"index":"index","follow":"follow","max-snippet":"max-snippet:-1","max-image-preview":"max-image-preview:large","max-video-preview":"max-video-preview:-1"},"canonical":"https:\/\/simeontrust.org\/fr\/a-propos-3\/","og_locale":"fr_FR","og_type":"article","og_title":"\u00c0 propos - Charles Simeon Trust","og_url":"https:\/\/simeontrust.org\/fr\/a-propos-3\/","og_site_name":"Charles Simeon Trust","article_modified_time":"2026-03-02T22:16:17+00:00","twitter_card":"summary_large_image","twitter_misc":{"Dur\u00e9e de lecture estim\u00e9e":"2 minutes"},"schema":{"@context":"https:\/\/schema.org","@graph":[{"@type":"WebPage","@id":"https:\/\/simeontrust.org\/fr\/a-propos-3\/","url":"https:\/\/simeontrust.org\/fr\/a-propos-3\/","name":"\u00c0 propos - Charles Simeon Trust","isPartOf":{"@id":"https:\/\/simeontrust.org\/#website"},"datePublished":"2020-11-13T09:14:47+00:00","dateModified":"2026-03-02T22:16:17+00:00","breadcrumb":{"@id":"https:\/\/simeontrust.org\/fr\/a-propos-3\/#breadcrumb"},"inLanguage":"fr-FR","potentialAction":[{"@type":"ReadAction","target":["https:\/\/simeontrust.org\/fr\/a-propos-3\/"]}]},{"@type":"BreadcrumbList","@id":"https:\/\/simeontrust.org\/fr\/a-propos-3\/#breadcrumb","itemListElement":[{"@type":"ListItem","position":1,"name":"Home","item":"https:\/\/simeontrust.org\/fr\/"},{"@type":"ListItem","position":2,"name":"\u00c0 propos"}]},{"@type":"WebSite","@id":"https:\/\/simeontrust.org\/#website","url":"https:\/\/simeontrust.org\/","name":"Simeon Trust","description":"Training the next generation of Bible expositors.","potentialAction":[{"@type":"SearchAction","target":{"@type":"EntryPoint","urlTemplate":"https:\/\/simeontrust.org\/?s={search_term_string}"},"query-input":{"@type":"PropertyValueSpecification","valueRequired":true,"valueName":"search_term_string"}}],"inLanguage":"fr-FR"}]}},"_links":{"self":[{"href":"https:\/\/simeontrust.org\/fr\/wp-json\/wp\/v2\/pages\/6822","targetHints":{"allow":["GET"]}}],"collection":[{"href":"https:\/\/simeontrust.org\/fr\/wp-json\/wp\/v2\/pages"}],"about":[{"href":"https:\/\/simeontrust.org\/fr\/wp-json\/wp\/v2\/types\/page"}],"author":[{"embeddable":true,"href":"https:\/\/simeontrust.org\/fr\/wp-json\/wp\/v2\/users\/1"}],"replies":[{"embeddable":true,"href":"https:\/\/simeontrust.org\/fr\/wp-json\/wp\/v2\/comments?post=6822"}],"version-history":[{"count":0,"href":"https:\/\/simeontrust.org\/fr\/wp-json\/wp\/v2\/pages\/6822\/revisions"}],"acf:post":[{"embeddable":true,"href":"https:\/\/simeontrust.org\/fr\/wp-json\/wp\/v2\/person\/7206"},{"embeddable":true,"href":"https:\/\/simeontrust.org\/fr\/wp-json\/wp\/v2\/person\/7023"},{"embeddable":true,"href":"https:\/\/simeontrust.org\/fr\/wp-json\/wp\/v2\/person\/10061"},{"embeddable":true,"href":"https:\/\/simeontrust.org\/fr\/wp-json\/wp\/v2\/person\/24789"},{"embeddable":true,"href":"https:\/\/simeontrust.org\/fr\/wp-json\/wp\/v2\/person\/24788"},{"embeddable":true,"href":"https:\/\/simeontrust.org\/fr\/wp-json\/wp\/v2\/person\/24790"},{"embeddable":true,"href":"https:\/\/simeontrust.org\/fr\/wp-json\/wp\/v2\/person\/24795"},{"embeddable":true,"href":"https:\/\/simeontrust.org\/fr\/wp-json\/wp\/v2\/person\/24792"},{"embeddable":true,"href":"https:\/\/simeontrust.org\/fr\/wp-json\/wp\/v2\/person\/24793"},{"embeddable":true,"href":"https:\/\/simeontrust.org\/fr\/wp-json\/wp\/v2\/person\/24794"},{"embeddable":true,"href":"https:\/\/simeontrust.org\/fr\/wp-json\/wp\/v2\/person\/24796"},{"embeddable":true,"href":"https:\/\/simeontrust.org\/fr\/wp-json\/wp\/v2\/person\/24797"},{"embeddable":true,"href":"https:\/\/simeontrust.org\/fr\/wp-json\/wp\/v2\/person\/7208"},{"embeddable":true,"href":"https:\/\/simeontrust.org\/fr\/wp-json\/wp\/v2\/person\/19425"},{"embeddable":true,"href":"https:\/\/simeontrust.org\/fr\/wp-json\/wp\/v2\/person\/6972"},{"embeddable":true,"href":"https:\/\/simeontrust.org\/fr\/wp-json\/wp\/v2\/person\/27256"},{"embeddable":true,"href":"https:\/\/simeontrust.org\/fr\/wp-json\/wp\/v2\/person\/7203"},{"embeddable":true,"href":"https:\/\/simeontrust.org\/fr\/wp-json\/wp\/v2\/person\/7193"},{"embeddable":true,"href":"https:\/\/simeontrust.org\/fr\/wp-json\/wp\/v2\/person\/7031"},{"embeddable":true,"href":"https:\/\/simeontrust.org\/fr\/wp-json\/wp\/v2\/person\/7195"},{"embeddable":true,"href":"https:\/\/simeontrust.org\/fr\/wp-json\/wp\/v2\/person\/24791"},{"embeddable":true,"href":"https:\/\/simeontrust.org\/fr\/wp-json\/wp\/v2\/person\/13321"},{"embeddable":true,"href":"https:\/\/simeontrust.org\/fr\/wp-json\/wp\/v2\/person\/24786"},{"embeddable":true,"href":"https:\/\/simeontrust.org\/fr\/wp-json\/wp\/v2\/person\/7159"},{"embeddable":true,"href":"https:\/\/simeontrust.org\/fr\/wp-json\/wp\/v2\/person\/24783"},{"embeddable":true,"href":"https:\/\/simeontrust.org\/fr\/wp-json\/wp\/v2\/person\/7161"},{"embeddable":true,"href":"https:\/\/simeontrust.org\/fr\/wp-json\/wp\/v2\/person\/7025"}],"wp:attachment":[{"href":"https:\/\/simeontrust.org\/fr\/wp-json\/wp\/v2\/media?parent=6822"}],"curies":[{"name":"wp","href":"https:\/\/api.w.org\/{rel}","templated":true}]}}