{"id":6872,"date":"2020-11-19T04:34:42","date_gmt":"2020-11-19T09:34:42","guid":{"rendered":"https:\/\/simeontrust.org\/contact-2\/"},"modified":"2025-11-27T11:11:13","modified_gmt":"2025-11-27T16:11:13","slug":"contact-2","status":"publish","type":"page","link":"https:\/\/simeontrust.org\/fr\/contact-2\/","title":{"rendered":"Contact"},"content":{"rendered":"<p style=\"text-align: left;\"><span style=\"font-weight: 400;\">Nous faisons tout notre possible pour fournir des r\u00e9ponses rapides et personnelles \u00e0 chaque demande. Pour toute question ou difficult\u00e9 \u00e0 propos de notre travail, n&rsquo;h\u00e9sitez pas \u00e0 nous contacter. Nous souhaitons pouvoir vous aider autant que possible.<\/span><\/p>\n<div class=\"wizzy-columns grid md:grid-cols-2 gap-x-8 gap-y-[15px] md:gap-[15px]\" data-columns=\"\">\n<div>\n<p style=\"text-align: center;\"><strong>Charles Simeon Trust<\/strong><br \/>\n<span style=\"font-weight: 400;\"> P.O. Box 15212<br \/>\nChicago, IL 60615 USA<br \/>\n<a href=\"https:\/\/simeontrust.org\/wp-admin\/info@simeontrust.org\" target=\"_blank\" rel=\"noopener noreferrer\">info@simeontrust.org<\/a> (773) 752-987<\/span><\/p>\n<\/div>\n<div>\n<p style=\"text-align: center;\"><span style=\"font-weight: 400;\">\u00a0<strong>Charles Simeon Trust Canada<br \/>\n<\/strong>600 The East Mall PO Box 11564<br \/>\nToronto, ON M9B 6L1<br \/>\n<a href=\"https:\/\/simeontrust.org\/wp-admin\/info@simeontrust.org\" target=\"_blank\" rel=\"noopener noreferrer\">info@simeontrust.org<\/a> (773) 752-9876<\/span><\/p>\n<\/div>\n<\/div>\n<hr \/>\n<p><span style=\"font-weight: 400;\">Pour toute modification de vos donn\u00e9es personnelles ou de vos pr\u00e9f\u00e9rences, suivez le lien qui vous concerne ci-dessous\u00a0:<br \/>\n<\/span><\/p>\n<ul>\n<li><span style=\"font-weight: 400;\">Pour les ressortissants du Canada,<\/span> <a href=\"https:\/\/simeontrustca.z2systems.com\/np\/clients\/simeontrustca\/account.jsp\">cliquez ici<\/a>.<\/li>\n<li><span style=\"font-weight: 400;\">Pour ceux qui vivent aux USA ou dans tout autre pays,<\/span> <a href=\"https:\/\/simeontrustus.z2systems.com\/np\/clients\/simeontrustus\/account.jsp\">cliquez ici<\/a>.<\/li>\n<\/ul>\n","protected":false},"excerpt":{"rendered":"<p>Nous faisons tout notre possible pour fournir des r\u00e9ponses rapides et personnelles \u00e0 chaque demande. Pour toute question ou difficult\u00e9 \u00e0 propos de notre travail, n&rsquo;h\u00e9sitez pas \u00e0 nous contacter. Nous souhaitons pouvoir vous aider autant que possible. Charles Simeon Trust P.O. Box 15212 Chicago, IL 60615 USA info@simeontrust.org (773) 752-987 \u00a0Charles Simeon Trust Canada&#8230;<\/p>\n","protected":false},"author":1,"featured_media":0,"parent":0,"menu_order":0,"comment_status":"closed","ping_status":"closed","template":"","meta":{"_acf_changed":false,"footnotes":""},"class_list":["post-6872","page","type-page","status-publish","hentry"],"acf":[],"yoast_head":"<!-- This site is optimized with the Yoast SEO plugin v27.5 - https:\/\/yoast.com\/product\/yoast-seo-wordpress\/ -->\n<title>Contact - Charles Simeon Trust<\/title>\n<meta name=\"robots\" content=\"index, follow, max-snippet:-1, max-image-preview:large, max-video-preview:-1\" \/>\n<link rel=\"canonical\" href=\"https:\/\/simeontrust.org\/fr\/contact-2\/\" \/>\n<meta property=\"og:locale\" content=\"fr_FR\" \/>\n<meta property=\"og:type\" content=\"article\" \/>\n<meta property=\"og:title\" content=\"Contact - Charles Simeon Trust\" \/>\n<meta property=\"og:description\" content=\"Nous faisons tout notre possible pour fournir des r\u00e9ponses rapides et personnelles \u00e0 chaque demande. Pour toute question ou difficult\u00e9 \u00e0 propos de notre travail, n&rsquo;h\u00e9sitez pas \u00e0 nous contacter. Nous souhaitons pouvoir vous aider autant que possible. Charles Simeon Trust P.O. Box 15212 Chicago, IL 60615 USA info@simeontrust.org (773) 752-987 \u00a0Charles Simeon Trust Canada...\" \/>\n<meta property=\"og:url\" content=\"https:\/\/simeontrust.org\/fr\/contact-2\/\" \/>\n<meta property=\"og:site_name\" content=\"Charles Simeon Trust\" \/>\n<meta property=\"article:modified_time\" content=\"2025-11-27T16:11:13+00:00\" \/>\n<meta name=\"twitter:card\" content=\"summary_large_image\" \/>\n<meta name=\"twitter:label1\" content=\"Dur\u00e9e de lecture estim\u00e9e\" \/>\n\t<meta name=\"twitter:data1\" content=\"1 minute\" \/>\n<script type=\"application\/ld+json\" class=\"yoast-schema-graph\">{\"@context\":\"https:\\\/\\\/schema.org\",\"@graph\":[{\"@type\":\"WebPage\",\"@id\":\"https:\\\/\\\/simeontrust.org\\\/fr\\\/contact-2\\\/\",\"url\":\"https:\\\/\\\/simeontrust.org\\\/fr\\\/contact-2\\\/\",\"name\":\"Contact - Charles Simeon Trust\",\"isPartOf\":{\"@id\":\"https:\\\/\\\/simeontrust.org\\\/#website\"},\"datePublished\":\"2020-11-19T09:34:42+00:00\",\"dateModified\":\"2025-11-27T16:11:13+00:00\",\"breadcrumb\":{\"@id\":\"https:\\\/\\\/simeontrust.org\\\/fr\\\/contact-2\\\/#breadcrumb\"},\"inLanguage\":\"fr-FR\",\"potentialAction\":[{\"@type\":\"ReadAction\",\"target\":[\"https:\\\/\\\/simeontrust.org\\\/fr\\\/contact-2\\\/\"]}]},{\"@type\":\"BreadcrumbList\",\"@id\":\"https:\\\/\\\/simeontrust.org\\\/fr\\\/contact-2\\\/#breadcrumb\",\"itemListElement\":[{\"@type\":\"ListItem\",\"position\":1,\"name\":\"Home\",\"item\":\"https:\\\/\\\/simeontrust.org\\\/fr\\\/\"},{\"@type\":\"ListItem\",\"position\":2,\"name\":\"Contact\"}]},{\"@type\":\"WebSite\",\"@id\":\"https:\\\/\\\/simeontrust.org\\\/#website\",\"url\":\"https:\\\/\\\/simeontrust.org\\\/\",\"name\":\"Simeon Trust\",\"description\":\"Training the next generation of Bible expositors.\",\"potentialAction\":[{\"@type\":\"SearchAction\",\"target\":{\"@type\":\"EntryPoint\",\"urlTemplate\":\"https:\\\/\\\/simeontrust.org\\\/?s={search_term_string}\"},\"query-input\":{\"@type\":\"PropertyValueSpecification\",\"valueRequired\":true,\"valueName\":\"search_term_string\"}}],\"inLanguage\":\"fr-FR\"}]}<\/script>\n<!-- \/ Yoast SEO plugin. -->","yoast_head_json":{"title":"Contact - Charles Simeon Trust","robots":{"index":"index","follow":"follow","max-snippet":"max-snippet:-1","max-image-preview":"max-image-preview:large","max-video-preview":"max-video-preview:-1"},"canonical":"https:\/\/simeontrust.org\/fr\/contact-2\/","og_locale":"fr_FR","og_type":"article","og_title":"Contact - Charles Simeon Trust","og_description":"Nous faisons tout notre possible pour fournir des r\u00e9ponses rapides et personnelles \u00e0 chaque demande. Pour toute question ou difficult\u00e9 \u00e0 propos de notre travail, n&rsquo;h\u00e9sitez pas \u00e0 nous contacter. Nous souhaitons pouvoir vous aider autant que possible. Charles Simeon Trust P.O. Box 15212 Chicago, IL 60615 USA info@simeontrust.org (773) 752-987 \u00a0Charles Simeon Trust Canada...","og_url":"https:\/\/simeontrust.org\/fr\/contact-2\/","og_site_name":"Charles Simeon Trust","article_modified_time":"2025-11-27T16:11:13+00:00","twitter_card":"summary_large_image","twitter_misc":{"Dur\u00e9e de lecture estim\u00e9e":"1 minute"},"schema":{"@context":"https:\/\/schema.org","@graph":[{"@type":"WebPage","@id":"https:\/\/simeontrust.org\/fr\/contact-2\/","url":"https:\/\/simeontrust.org\/fr\/contact-2\/","name":"Contact - Charles Simeon Trust","isPartOf":{"@id":"https:\/\/simeontrust.org\/#website"},"datePublished":"2020-11-19T09:34:42+00:00","dateModified":"2025-11-27T16:11:13+00:00","breadcrumb":{"@id":"https:\/\/simeontrust.org\/fr\/contact-2\/#breadcrumb"},"inLanguage":"fr-FR","potentialAction":[{"@type":"ReadAction","target":["https:\/\/simeontrust.org\/fr\/contact-2\/"]}]},{"@type":"BreadcrumbList","@id":"https:\/\/simeontrust.org\/fr\/contact-2\/#breadcrumb","itemListElement":[{"@type":"ListItem","position":1,"name":"Home","item":"https:\/\/simeontrust.org\/fr\/"},{"@type":"ListItem","position":2,"name":"Contact"}]},{"@type":"WebSite","@id":"https:\/\/simeontrust.org\/#website","url":"https:\/\/simeontrust.org\/","name":"Simeon Trust","description":"Training the next generation of Bible expositors.","potentialAction":[{"@type":"SearchAction","target":{"@type":"EntryPoint","urlTemplate":"https:\/\/simeontrust.org\/?s={search_term_string}"},"query-input":{"@type":"PropertyValueSpecification","valueRequired":true,"valueName":"search_term_string"}}],"inLanguage":"fr-FR"}]}},"_links":{"self":[{"href":"https:\/\/simeontrust.org\/fr\/wp-json\/wp\/v2\/pages\/6872","targetHints":{"allow":["GET"]}}],"collection":[{"href":"https:\/\/simeontrust.org\/fr\/wp-json\/wp\/v2\/pages"}],"about":[{"href":"https:\/\/simeontrust.org\/fr\/wp-json\/wp\/v2\/types\/page"}],"author":[{"embeddable":true,"href":"https:\/\/simeontrust.org\/fr\/wp-json\/wp\/v2\/users\/1"}],"replies":[{"embeddable":true,"href":"https:\/\/simeontrust.org\/fr\/wp-json\/wp\/v2\/comments?post=6872"}],"version-history":[{"count":0,"href":"https:\/\/simeontrust.org\/fr\/wp-json\/wp\/v2\/pages\/6872\/revisions"}],"wp:attachment":[{"href":"https:\/\/simeontrust.org\/fr\/wp-json\/wp\/v2\/media?parent=6872"}],"curies":[{"name":"wp","href":"https:\/\/api.w.org\/{rel}","templated":true}]}}