{"id":6874,"date":"2020-11-19T08:08:42","date_gmt":"2020-11-19T13:08:42","guid":{"rendered":"https:\/\/simeontrust.org\/nous-soutenir\/"},"modified":"2026-01-30T12:31:16","modified_gmt":"2026-01-30T17:31:16","slug":"nous-soutenir-2","status":"publish","type":"page","link":"https:\/\/simeontrust.org\/fr\/nous-soutenir-2\/","title":{"rendered":"Nous soutenir"},"content":{"rendered":"<p>Merci d&rsquo;envisager un partenariat financier avec le Charles Simeon Trust. Nous d\u00e9pendons des dons de personnes et d&rsquo;\u00e9glises qui aspirent \u00e0 une meilleure pr\u00e9dication partout dans le monde et \u00e0 un meilleur acc\u00e8s \u00e0 l&rsquo;\u00c9vangile pour tous.<\/p>\n<p>Les dons sont d\u00e9ductibles des imp\u00f4ts aux \u00c9tats-Unis et au Canada. Envoyez vos ch\u00e8ques \u00e0 l&rsquo;ordre du Charles Simeon Trust au bureau concern\u00e9 ou cliquez sur \u00ab\u00a0Donner maintenant\u00a0\u00bb pour faire un don en ligne en toute s\u00e9curit\u00e9.<\/p>\n<p>Le Charles Simeon Trust US accepte \u00e9galement les virements bancaires, les titres \u00e0 forte valeur ajout\u00e9e, les cryptomonnaies et divers autres moyens de don. Veuillez contacter notre directrice des op\u00e9rations de promotion, Alyssa Walker, \u00e0 l&rsquo;adresse awalker@simeontrust.org pour obtenir des informations sur les modalit\u00e9s de don ou pour convenir d&rsquo;un rendez-vous.<\/p>\n<p>Le Charles Simeon Trust est une association \u00e0 but non lucratif aux \u00c9tats-Unis (depuis 2001) et au Canada (depuis 2016). Les dons peuvent \u00eatre faits en ligne. Pour tout autre moyen de paiement, n\u2019h\u00e9sitez pas \u00e0 <a href=\"https:\/\/simeontrust.org\/fr\/contact-2\/\">nous contacter.<\/a><\/p>\n","protected":false},"excerpt":{"rendered":"<p>Merci d&rsquo;envisager un partenariat financier avec le Charles Simeon Trust. Nous d\u00e9pendons des dons de personnes et d&rsquo;\u00e9glises qui aspirent \u00e0 une meilleure pr\u00e9dication partout dans le monde et \u00e0 un meilleur acc\u00e8s \u00e0 l&rsquo;\u00c9vangile pour tous. Les dons sont d\u00e9ductibles des imp\u00f4ts aux \u00c9tats-Unis et au Canada. Envoyez vos ch\u00e8ques \u00e0 l&rsquo;ordre du Charles&#8230;<\/p>\n","protected":false},"author":1,"featured_media":0,"parent":0,"menu_order":0,"comment_status":"closed","ping_status":"closed","template":"templates\/tpl-give.php","meta":{"_acf_changed":false,"footnotes":""},"class_list":["post-6874","page","type-page","status-publish","hentry"],"acf":[],"yoast_head":"<!-- This site is optimized with the Yoast SEO plugin v27.3 - https:\/\/yoast.com\/product\/yoast-seo-wordpress\/ -->\n<title>Nous soutenir - Charles Simeon Trust<\/title>\n<meta name=\"description\" content=\"... promouvoir l&#039;\u00c9vangile de J\u00e9sus Christ dans le monde, par la formation de la prochaine g\u00e9n\u00e9ration d&#039;enseignants bibliques. Dieu a permis que des opportunit\u00e9s de minist\u00e8re du Charles Simeon Trust se multiplient par le biais de notre campagne &quot;Un Monde : La Parole qui agit&quot;. Cette campagne nous a d\u00e9j\u00e0 permis d&#039;\u00e9quiper des pasteurs et enseignants de la Bible \u00e0 travers le monde. Le Charles Simeon Trust est une association \u00e0 but non lucratif aux \u00c9tats-Unis (depuis 2001) et au Canada (depuis 2016). Les dons peuvent \u00eatre faits en ligne. Pour tout autre moyen de paiement, n&#039;h\u00e9sitez pas \u00e0 prendre contact avec nous.\" \/>\n<meta name=\"robots\" content=\"index, follow, max-snippet:-1, max-image-preview:large, max-video-preview:-1\" \/>\n<link rel=\"canonical\" href=\"https:\/\/simeontrust.org\/fr\/nous-soutenir-2\/\" \/>\n<meta property=\"og:locale\" content=\"fr_FR\" \/>\n<meta property=\"og:type\" content=\"article\" \/>\n<meta property=\"og:title\" content=\"Nous soutenir - Charles Simeon Trust\" \/>\n<meta property=\"og:description\" content=\"... promouvoir l&#039;\u00c9vangile de J\u00e9sus Christ dans le monde, par la formation de la prochaine g\u00e9n\u00e9ration d&#039;enseignants bibliques. Dieu a permis que des opportunit\u00e9s de minist\u00e8re du Charles Simeon Trust se multiplient par le biais de notre campagne &quot;Un Monde : La Parole qui agit&quot;. Cette campagne nous a d\u00e9j\u00e0 permis d&#039;\u00e9quiper des pasteurs et enseignants de la Bible \u00e0 travers le monde. Le Charles Simeon Trust est une association \u00e0 but non lucratif aux \u00c9tats-Unis (depuis 2001) et au Canada (depuis 2016). Les dons peuvent \u00eatre faits en ligne. Pour tout autre moyen de paiement, n&#039;h\u00e9sitez pas \u00e0 prendre contact avec nous.\" \/>\n<meta property=\"og:url\" content=\"https:\/\/simeontrust.org\/fr\/nous-soutenir-2\/\" \/>\n<meta property=\"og:site_name\" content=\"Charles Simeon Trust\" \/>\n<meta property=\"article:modified_time\" content=\"2026-01-30T17:31:16+00:00\" \/>\n<meta name=\"twitter:card\" content=\"summary_large_image\" \/>\n<meta name=\"twitter:label1\" content=\"Dur\u00e9e de lecture estim\u00e9e\" \/>\n\t<meta name=\"twitter:data1\" content=\"2 minutes\" \/>\n<script type=\"application\/ld+json\" class=\"yoast-schema-graph\">{\"@context\":\"https:\\\/\\\/schema.org\",\"@graph\":[{\"@type\":\"WebPage\",\"@id\":\"https:\\\/\\\/simeontrust.org\\\/fr\\\/nous-soutenir-2\\\/\",\"url\":\"https:\\\/\\\/simeontrust.org\\\/fr\\\/nous-soutenir-2\\\/\",\"name\":\"Nous soutenir - Charles Simeon Trust\",\"isPartOf\":{\"@id\":\"https:\\\/\\\/simeontrust.org\\\/#website\"},\"datePublished\":\"2020-11-19T13:08:42+00:00\",\"dateModified\":\"2026-01-30T17:31:16+00:00\",\"description\":\"... promouvoir l'\u00c9vangile de J\u00e9sus Christ dans le monde, par la formation de la prochaine g\u00e9n\u00e9ration d'enseignants bibliques. Dieu a permis que des opportunit\u00e9s de minist\u00e8re du Charles Simeon Trust se multiplient par le biais de notre campagne \\\"Un Monde : La Parole qui agit\\\". Cette campagne nous a d\u00e9j\u00e0 permis d'\u00e9quiper des pasteurs et enseignants de la Bible \u00e0 travers le monde. Le Charles Simeon Trust est une association \u00e0 but non lucratif aux \u00c9tats-Unis (depuis 2001) et au Canada (depuis 2016). Les dons peuvent \u00eatre faits en ligne. Pour tout autre moyen de paiement, n'h\u00e9sitez pas \u00e0 prendre contact avec nous.\",\"breadcrumb\":{\"@id\":\"https:\\\/\\\/simeontrust.org\\\/fr\\\/nous-soutenir-2\\\/#breadcrumb\"},\"inLanguage\":\"fr-FR\",\"potentialAction\":[{\"@type\":\"ReadAction\",\"target\":[\"https:\\\/\\\/simeontrust.org\\\/fr\\\/nous-soutenir-2\\\/\"]}]},{\"@type\":\"BreadcrumbList\",\"@id\":\"https:\\\/\\\/simeontrust.org\\\/fr\\\/nous-soutenir-2\\\/#breadcrumb\",\"itemListElement\":[{\"@type\":\"ListItem\",\"position\":1,\"name\":\"Home\",\"item\":\"https:\\\/\\\/simeontrust.org\\\/fr\\\/\"},{\"@type\":\"ListItem\",\"position\":2,\"name\":\"Nous soutenir\"}]},{\"@type\":\"WebSite\",\"@id\":\"https:\\\/\\\/simeontrust.org\\\/#website\",\"url\":\"https:\\\/\\\/simeontrust.org\\\/\",\"name\":\"Simeon Trust\",\"description\":\"Training the next generation of Bible expositors.\",\"potentialAction\":[{\"@type\":\"SearchAction\",\"target\":{\"@type\":\"EntryPoint\",\"urlTemplate\":\"https:\\\/\\\/simeontrust.org\\\/?s={search_term_string}\"},\"query-input\":{\"@type\":\"PropertyValueSpecification\",\"valueRequired\":true,\"valueName\":\"search_term_string\"}}],\"inLanguage\":\"fr-FR\"}]}<\/script>\n<!-- \/ Yoast SEO plugin. -->","yoast_head_json":{"title":"Nous soutenir - Charles Simeon Trust","description":"... promouvoir l'\u00c9vangile de J\u00e9sus Christ dans le monde, par la formation de la prochaine g\u00e9n\u00e9ration d'enseignants bibliques. Dieu a permis que des opportunit\u00e9s de minist\u00e8re du Charles Simeon Trust se multiplient par le biais de notre campagne \"Un Monde : La Parole qui agit\". Cette campagne nous a d\u00e9j\u00e0 permis d'\u00e9quiper des pasteurs et enseignants de la Bible \u00e0 travers le monde. Le Charles Simeon Trust est une association \u00e0 but non lucratif aux \u00c9tats-Unis (depuis 2001) et au Canada (depuis 2016). Les dons peuvent \u00eatre faits en ligne. Pour tout autre moyen de paiement, n'h\u00e9sitez pas \u00e0 prendre contact avec nous.","robots":{"index":"index","follow":"follow","max-snippet":"max-snippet:-1","max-image-preview":"max-image-preview:large","max-video-preview":"max-video-preview:-1"},"canonical":"https:\/\/simeontrust.org\/fr\/nous-soutenir-2\/","og_locale":"fr_FR","og_type":"article","og_title":"Nous soutenir - Charles Simeon Trust","og_description":"... promouvoir l'\u00c9vangile de J\u00e9sus Christ dans le monde, par la formation de la prochaine g\u00e9n\u00e9ration d'enseignants bibliques. Dieu a permis que des opportunit\u00e9s de minist\u00e8re du Charles Simeon Trust se multiplient par le biais de notre campagne \"Un Monde : La Parole qui agit\". Cette campagne nous a d\u00e9j\u00e0 permis d'\u00e9quiper des pasteurs et enseignants de la Bible \u00e0 travers le monde. Le Charles Simeon Trust est une association \u00e0 but non lucratif aux \u00c9tats-Unis (depuis 2001) et au Canada (depuis 2016). Les dons peuvent \u00eatre faits en ligne. Pour tout autre moyen de paiement, n'h\u00e9sitez pas \u00e0 prendre contact avec nous.","og_url":"https:\/\/simeontrust.org\/fr\/nous-soutenir-2\/","og_site_name":"Charles Simeon Trust","article_modified_time":"2026-01-30T17:31:16+00:00","twitter_card":"summary_large_image","twitter_misc":{"Dur\u00e9e de lecture estim\u00e9e":"2 minutes"},"schema":{"@context":"https:\/\/schema.org","@graph":[{"@type":"WebPage","@id":"https:\/\/simeontrust.org\/fr\/nous-soutenir-2\/","url":"https:\/\/simeontrust.org\/fr\/nous-soutenir-2\/","name":"Nous soutenir - Charles Simeon Trust","isPartOf":{"@id":"https:\/\/simeontrust.org\/#website"},"datePublished":"2020-11-19T13:08:42+00:00","dateModified":"2026-01-30T17:31:16+00:00","description":"... promouvoir l'\u00c9vangile de J\u00e9sus Christ dans le monde, par la formation de la prochaine g\u00e9n\u00e9ration d'enseignants bibliques. Dieu a permis que des opportunit\u00e9s de minist\u00e8re du Charles Simeon Trust se multiplient par le biais de notre campagne \"Un Monde : La Parole qui agit\". Cette campagne nous a d\u00e9j\u00e0 permis d'\u00e9quiper des pasteurs et enseignants de la Bible \u00e0 travers le monde. Le Charles Simeon Trust est une association \u00e0 but non lucratif aux \u00c9tats-Unis (depuis 2001) et au Canada (depuis 2016). Les dons peuvent \u00eatre faits en ligne. Pour tout autre moyen de paiement, n'h\u00e9sitez pas \u00e0 prendre contact avec nous.","breadcrumb":{"@id":"https:\/\/simeontrust.org\/fr\/nous-soutenir-2\/#breadcrumb"},"inLanguage":"fr-FR","potentialAction":[{"@type":"ReadAction","target":["https:\/\/simeontrust.org\/fr\/nous-soutenir-2\/"]}]},{"@type":"BreadcrumbList","@id":"https:\/\/simeontrust.org\/fr\/nous-soutenir-2\/#breadcrumb","itemListElement":[{"@type":"ListItem","position":1,"name":"Home","item":"https:\/\/simeontrust.org\/fr\/"},{"@type":"ListItem","position":2,"name":"Nous soutenir"}]},{"@type":"WebSite","@id":"https:\/\/simeontrust.org\/#website","url":"https:\/\/simeontrust.org\/","name":"Simeon Trust","description":"Training the next generation of Bible expositors.","potentialAction":[{"@type":"SearchAction","target":{"@type":"EntryPoint","urlTemplate":"https:\/\/simeontrust.org\/?s={search_term_string}"},"query-input":{"@type":"PropertyValueSpecification","valueRequired":true,"valueName":"search_term_string"}}],"inLanguage":"fr-FR"}]}},"_links":{"self":[{"href":"https:\/\/simeontrust.org\/fr\/wp-json\/wp\/v2\/pages\/6874","targetHints":{"allow":["GET"]}}],"collection":[{"href":"https:\/\/simeontrust.org\/fr\/wp-json\/wp\/v2\/pages"}],"about":[{"href":"https:\/\/simeontrust.org\/fr\/wp-json\/wp\/v2\/types\/page"}],"author":[{"embeddable":true,"href":"https:\/\/simeontrust.org\/fr\/wp-json\/wp\/v2\/users\/1"}],"replies":[{"embeddable":true,"href":"https:\/\/simeontrust.org\/fr\/wp-json\/wp\/v2\/comments?post=6874"}],"version-history":[{"count":0,"href":"https:\/\/simeontrust.org\/fr\/wp-json\/wp\/v2\/pages\/6874\/revisions"}],"wp:attachment":[{"href":"https:\/\/simeontrust.org\/fr\/wp-json\/wp\/v2\/media?parent=6874"}],"curies":[{"name":"wp","href":"https:\/\/api.w.org\/{rel}","templated":true}]}}