{"id":8341,"date":"2021-04-27T04:25:46","date_gmt":"2021-04-27T08:25:46","guid":{"rendered":"https:\/\/simeontrust.org\/a-propos\/bref-historique\/"},"modified":"2025-11-27T11:23:01","modified_gmt":"2025-11-27T16:23:01","slug":"bref-historique","status":"publish","type":"page","link":"https:\/\/simeontrust.org\/fr\/a-propos-3\/bref-historique\/","title":{"rendered":"Bref Historique"},"content":{"rendered":"<p>En 1991, le pasteur R. Kent Hughes et l\u2019\u00c9glise College Church de Wheaton (aux \u00c9tats-Unis) ont lanc\u00e9 des ateliers sur la pr\u00e9dication textuelle. Ces ateliers s&rsquo;inspiraient de ceux que Dick Lucas et le Proclamation Trust organisaient \u00e0 Londres depuis les ann\u00e9es\u00a01980. \u00c0 la fin des ann\u00e9es\u00a01990, ces ateliers s&rsquo;\u00e9taient d\u00e9velopp\u00e9s au point o\u00f9 il a fallu les multiplier.<\/p>\n<p>\u00c0 la m\u00eame \u00e9poque, en 1998, l&rsquo;\u00c9glise Holy Trinity de Chicago a \u00e9t\u00e9 implant\u00e9e \u00e0 partir de l&rsquo;\u00c9glise College Church par Dave Helm et Jon Dennis. Peu de temps apr\u00e8s, Holy Trinity Church a lanc\u00e9 Chicago Plan (sur le mod\u00e8le Simeon), un programme de formation au minist\u00e8re comportant trois \u00e9l\u00e9ments distincts\u00a0: un enseignement en classe, un stage dans une \u00c9glise et le mentorat d&rsquo;un pasteur.<\/p>\n<p>Pour g\u00e9rer ces deux minist\u00e8res en pleine croissance, David Helm, R. Kent Hughes, Jon Dennis et deux hommes d&rsquo;affaires ont fond\u00e9 une nouvelle organisation. Elle porte le nom de Charles Simeon, un \u00e9vang\u00e9liste et formateur de pr\u00e9dicateurs \u00e0 Cambridge, en Angleterre, qui a exerc\u00e9 son minist\u00e8re pendant 54\u00a0ann\u00e9es (1783-1836). Le 23\u00a0janvier 2001, le Charles Simeon Trust est n\u00e9.<br \/>\nLa mission du Charles Simeon Trust \u00e9tait (et est toujours) de \u00ab\u00a0promouvoir la croissance de l&rsquo;\u00c9vangile de J\u00e9sus-Christ \u00e0 travers le monde en formant la prochaine g\u00e9n\u00e9ration d\u2019enseignants bibliques\u00a0\u00bb. Le Trust accomplit cette mission par le biais de quatre initiatives qui se sont d\u00e9velopp\u00e9es et enrichies au fil du temps. Chacune d&rsquo;entre elles vise \u00e0 accro\u00eetre la confiance et la capacit\u00e9 des pasteurs et des enseignants de la Bible \u00e0 manier correctement la Parole de Dieu. Nous voulons que chacun soit convaincu de la puissance de la Parole de Dieu et d\u00e9sireux de l&rsquo;enseigner \u00e0 son \u00c9glise.<\/p>\n<p>ATELIERS<br \/>\nLes ateliers sur la pr\u00e9dication textuelle sont des formations de 2 \u00e0 3\u00a0jours, sur place, qui sont interactifs et ax\u00e9s sur les comp\u00e9tences. Depuis la fondation du Charles Simeon Trust, les ateliers n&rsquo;ont cess\u00e9 de se d\u00e9velopper. Au cours de la premi\u00e8re d\u00e9cennie du Trust, les ateliers visaient les pasteurs en activit\u00e9. En 2011, le Trust a commenc\u00e9 \u00e0 consacrer des ateliers pour les femmes dans le minist\u00e8re. Ceux-ci se sont av\u00e9r\u00e9s tr\u00e8s populaires et continuent \u00e0 se d\u00e9velopper. En 2013, \u00e0 la demande du conseil d&rsquo;administration, le Trust a commenc\u00e9 \u00e0 organiser de nombreux ateliers pour les pasteurs en dehors des \u00c9tats-Unis et du Canada. Ces ateliers repr\u00e9sentent aujourd\u2019hui plus de la moiti\u00e9 de tous les ateliers organis\u00e9s par le Trust.<\/p>\n<p>COURS ONLINE<br \/>\nApr\u00e8s deux ans de r\u00e9flexion et d\u2019essais, le Trust a lanc\u00e9 ses cours en ligne en 2009. Au d\u00e9part, un cours unique \u00e9tait propos\u00e9, mais ce minist\u00e8re s&rsquo;est d\u00e9velopp\u00e9 et comporte maintenant plusieurs cours en huit langues (anglais, arabe, chinois, fran\u00e7ais, italien, portugais et espagnol). Les cours online peuvent \u00eatre suivis par des individus ou des groupes. De nombreux pasteurs les utilisent pour former des responsables dans leurs \u00c9glises ou pour former des groupes de pasteurs et d&rsquo;enseignants de la Bible de diff\u00e9rentes \u00c9glises, simplement pour continuer \u00e0 s&rsquo;exercer.<\/p>\n<p>RESSOURCES<br \/>\nDepuis le d\u00e9but, le Trust s&rsquo;est engag\u00e9 \u00e0 produire des ressources pour soutenir notre travail et celui des pasteurs et des enseignants de la Bible. Qu&rsquo;il s&rsquo;agisse de livres comme \u201cLa pr\u00e9dication textuelle\u00a0: comment bien communiquer la Parole de Dieu aujourd\u2019hui\u201d de David Helm (BLF \u00c9ditions, 2017), de nombreuses ressources audio et vid\u00e9o gratuites sur notre site Web ou de notre nouveau podcast intitul\u00e9 Preachers&rsquo; Talk en partenariat avec 9Marks, nous avons pour objectif d&rsquo;aider tous ceux qui enseignent la Bible.<\/p>\n<p>COURS SUR LA PR\u00c9DICATION \u00c0 CHICAGO<br \/>\nEn 2019, un r\u00eave de longue date a \u00e9t\u00e9 r\u00e9alis\u00e9 avec le lancement du Chicago Course on Preaching (Cours sur la Pr\u00e9dication \u00e0 Chicago). Cette formation intensive, qui a lieu en pr\u00e9sentiel, vise \u00e0 offrir la meilleure formation pratique possible pour la prochaine g\u00e9n\u00e9ration de pr\u00e9dicateurs. Ce cours se d\u00e9roule toute l&rsquo;ann\u00e9e \u00e0 Chicago et rassemble \u00e0 la fois des \u00e9tudiants am\u00e9ricains et des formateurs venus de l&rsquo;\u00e9tranger.<\/p>\n<p>Pour savoir ce que Dieu fait aujourd&rsquo;hui, vous pouvez lire notre dernier rapport annuel ici.<\/p>\n","protected":false},"excerpt":{"rendered":"<p>En 1991, le pasteur R. Kent Hughes et l\u2019\u00c9glise College Church de Wheaton (aux \u00c9tats-Unis) ont lanc\u00e9 des ateliers sur la pr\u00e9dication textuelle. Ces ateliers s&rsquo;inspiraient de ceux que Dick Lucas et le Proclamation Trust organisaient \u00e0 Londres depuis les ann\u00e9es\u00a01980. \u00c0 la fin des ann\u00e9es\u00a01990, ces ateliers s&rsquo;\u00e9taient d\u00e9velopp\u00e9s au point o\u00f9 il a&#8230;<\/p>\n","protected":false},"author":17,"featured_media":0,"parent":6822,"menu_order":0,"comment_status":"closed","ping_status":"closed","template":"","meta":{"_acf_changed":false,"footnotes":""},"class_list":["post-8341","page","type-page","status-publish","hentry"],"acf":[],"yoast_head":"<!-- This site is optimized with the Yoast SEO plugin v27.3 - https:\/\/yoast.com\/product\/yoast-seo-wordpress\/ -->\n<title>Bref Historique - Charles Simeon Trust<\/title>\n<meta name=\"robots\" content=\"index, follow, max-snippet:-1, max-image-preview:large, max-video-preview:-1\" \/>\n<link rel=\"canonical\" href=\"https:\/\/simeontrust.org\/fr\/a-propos-3\/bref-historique\/\" \/>\n<meta property=\"og:locale\" content=\"fr_FR\" \/>\n<meta property=\"og:type\" content=\"article\" \/>\n<meta property=\"og:title\" content=\"Bref Historique - Charles Simeon Trust\" \/>\n<meta property=\"og:description\" content=\"En 1991, le pasteur R. Kent Hughes et l\u2019\u00c9glise College Church de Wheaton (aux \u00c9tats-Unis) ont lanc\u00e9 des ateliers sur la pr\u00e9dication textuelle. Ces ateliers s&rsquo;inspiraient de ceux que Dick Lucas et le Proclamation Trust organisaient \u00e0 Londres depuis les ann\u00e9es\u00a01980. \u00c0 la fin des ann\u00e9es\u00a01990, ces ateliers s&rsquo;\u00e9taient d\u00e9velopp\u00e9s au point o\u00f9 il a...\" \/>\n<meta property=\"og:url\" content=\"https:\/\/simeontrust.org\/fr\/a-propos-3\/bref-historique\/\" \/>\n<meta property=\"og:site_name\" content=\"Charles Simeon Trust\" \/>\n<meta property=\"article:modified_time\" content=\"2025-11-27T16:23:01+00:00\" \/>\n<meta name=\"twitter:card\" content=\"summary_large_image\" \/>\n<meta name=\"twitter:label1\" content=\"Dur\u00e9e de lecture estim\u00e9e\" \/>\n\t<meta name=\"twitter:data1\" content=\"3 minutes\" \/>\n<script type=\"application\/ld+json\" class=\"yoast-schema-graph\">{\"@context\":\"https:\\\/\\\/schema.org\",\"@graph\":[{\"@type\":\"WebPage\",\"@id\":\"https:\\\/\\\/simeontrust.org\\\/fr\\\/a-propos-3\\\/bref-historique\\\/\",\"url\":\"https:\\\/\\\/simeontrust.org\\\/fr\\\/a-propos-3\\\/bref-historique\\\/\",\"name\":\"Bref Historique - Charles Simeon Trust\",\"isPartOf\":{\"@id\":\"https:\\\/\\\/simeontrust.org\\\/#website\"},\"datePublished\":\"2021-04-27T08:25:46+00:00\",\"dateModified\":\"2025-11-27T16:23:01+00:00\",\"breadcrumb\":{\"@id\":\"https:\\\/\\\/simeontrust.org\\\/fr\\\/a-propos-3\\\/bref-historique\\\/#breadcrumb\"},\"inLanguage\":\"fr-FR\",\"potentialAction\":[{\"@type\":\"ReadAction\",\"target\":[\"https:\\\/\\\/simeontrust.org\\\/fr\\\/a-propos-3\\\/bref-historique\\\/\"]}]},{\"@type\":\"BreadcrumbList\",\"@id\":\"https:\\\/\\\/simeontrust.org\\\/fr\\\/a-propos-3\\\/bref-historique\\\/#breadcrumb\",\"itemListElement\":[{\"@type\":\"ListItem\",\"position\":1,\"name\":\"Home\",\"item\":\"https:\\\/\\\/simeontrust.org\\\/fr\\\/\"},{\"@type\":\"ListItem\",\"position\":2,\"name\":\"\u00c0 propos\",\"item\":\"https:\\\/\\\/simeontrust.org\\\/fr\\\/a-propos-3\\\/\"},{\"@type\":\"ListItem\",\"position\":3,\"name\":\"Bref Historique\"}]},{\"@type\":\"WebSite\",\"@id\":\"https:\\\/\\\/simeontrust.org\\\/#website\",\"url\":\"https:\\\/\\\/simeontrust.org\\\/\",\"name\":\"Simeon Trust\",\"description\":\"Training the next generation of Bible expositors.\",\"potentialAction\":[{\"@type\":\"SearchAction\",\"target\":{\"@type\":\"EntryPoint\",\"urlTemplate\":\"https:\\\/\\\/simeontrust.org\\\/?s={search_term_string}\"},\"query-input\":{\"@type\":\"PropertyValueSpecification\",\"valueRequired\":true,\"valueName\":\"search_term_string\"}}],\"inLanguage\":\"fr-FR\"}]}<\/script>\n<!-- \/ Yoast SEO plugin. -->","yoast_head_json":{"title":"Bref Historique - Charles Simeon Trust","robots":{"index":"index","follow":"follow","max-snippet":"max-snippet:-1","max-image-preview":"max-image-preview:large","max-video-preview":"max-video-preview:-1"},"canonical":"https:\/\/simeontrust.org\/fr\/a-propos-3\/bref-historique\/","og_locale":"fr_FR","og_type":"article","og_title":"Bref Historique - Charles Simeon Trust","og_description":"En 1991, le pasteur R. Kent Hughes et l\u2019\u00c9glise College Church de Wheaton (aux \u00c9tats-Unis) ont lanc\u00e9 des ateliers sur la pr\u00e9dication textuelle. Ces ateliers s&rsquo;inspiraient de ceux que Dick Lucas et le Proclamation Trust organisaient \u00e0 Londres depuis les ann\u00e9es\u00a01980. \u00c0 la fin des ann\u00e9es\u00a01990, ces ateliers s&rsquo;\u00e9taient d\u00e9velopp\u00e9s au point o\u00f9 il a...","og_url":"https:\/\/simeontrust.org\/fr\/a-propos-3\/bref-historique\/","og_site_name":"Charles Simeon Trust","article_modified_time":"2025-11-27T16:23:01+00:00","twitter_card":"summary_large_image","twitter_misc":{"Dur\u00e9e de lecture estim\u00e9e":"3 minutes"},"schema":{"@context":"https:\/\/schema.org","@graph":[{"@type":"WebPage","@id":"https:\/\/simeontrust.org\/fr\/a-propos-3\/bref-historique\/","url":"https:\/\/simeontrust.org\/fr\/a-propos-3\/bref-historique\/","name":"Bref Historique - Charles Simeon Trust","isPartOf":{"@id":"https:\/\/simeontrust.org\/#website"},"datePublished":"2021-04-27T08:25:46+00:00","dateModified":"2025-11-27T16:23:01+00:00","breadcrumb":{"@id":"https:\/\/simeontrust.org\/fr\/a-propos-3\/bref-historique\/#breadcrumb"},"inLanguage":"fr-FR","potentialAction":[{"@type":"ReadAction","target":["https:\/\/simeontrust.org\/fr\/a-propos-3\/bref-historique\/"]}]},{"@type":"BreadcrumbList","@id":"https:\/\/simeontrust.org\/fr\/a-propos-3\/bref-historique\/#breadcrumb","itemListElement":[{"@type":"ListItem","position":1,"name":"Home","item":"https:\/\/simeontrust.org\/fr\/"},{"@type":"ListItem","position":2,"name":"\u00c0 propos","item":"https:\/\/simeontrust.org\/fr\/a-propos-3\/"},{"@type":"ListItem","position":3,"name":"Bref Historique"}]},{"@type":"WebSite","@id":"https:\/\/simeontrust.org\/#website","url":"https:\/\/simeontrust.org\/","name":"Simeon Trust","description":"Training the next generation of Bible expositors.","potentialAction":[{"@type":"SearchAction","target":{"@type":"EntryPoint","urlTemplate":"https:\/\/simeontrust.org\/?s={search_term_string}"},"query-input":{"@type":"PropertyValueSpecification","valueRequired":true,"valueName":"search_term_string"}}],"inLanguage":"fr-FR"}]}},"_links":{"self":[{"href":"https:\/\/simeontrust.org\/fr\/wp-json\/wp\/v2\/pages\/8341","targetHints":{"allow":["GET"]}}],"collection":[{"href":"https:\/\/simeontrust.org\/fr\/wp-json\/wp\/v2\/pages"}],"about":[{"href":"https:\/\/simeontrust.org\/fr\/wp-json\/wp\/v2\/types\/page"}],"author":[{"embeddable":true,"href":"https:\/\/simeontrust.org\/fr\/wp-json\/wp\/v2\/users\/17"}],"replies":[{"embeddable":true,"href":"https:\/\/simeontrust.org\/fr\/wp-json\/wp\/v2\/comments?post=8341"}],"version-history":[{"count":0,"href":"https:\/\/simeontrust.org\/fr\/wp-json\/wp\/v2\/pages\/8341\/revisions"}],"up":[{"embeddable":true,"href":"https:\/\/simeontrust.org\/fr\/wp-json\/wp\/v2\/pages\/6822"}],"wp:attachment":[{"href":"https:\/\/simeontrust.org\/fr\/wp-json\/wp\/v2\/media?parent=8341"}],"curies":[{"name":"wp","href":"https:\/\/api.w.org\/{rel}","templated":true}]}}