{"id":13844,"date":"2019-02-07T14:50:39","date_gmt":"2019-02-07T19:50:39","guid":{"rendered":"https:\/\/simeontrust.org\/frequently-asked-questions\/"},"modified":"2026-02-24T10:17:14","modified_gmt":"2026-02-24T15:17:14","slug":"frequently-asked-questions","status":"publish","type":"page","link":"https:\/\/simeontrust.org\/it\/corsi-online\/frequently-asked-questions\/","title":{"rendered":"Domande Frequenti"},"content":{"rendered":"<p><strong>Per quanto tempo avr\u00f2 accesso al corso?<br \/>\n<\/strong>Ogni studente avr\u00e0 accesso al proprio Corso Online per 12 mesi dalla data di iscrizione. A quel punto la tua iscrizione scadr\u00e0 e, se vorrai continuare ad avere accesso al materiale, potrai iscriverti nuovamente.<strong><br \/>\n<\/strong><\/p>\n<p><strong>Formato Flessibile<br \/>\n<\/strong>I nostri corsi sono pensati per essere flessibili. Puoi farli al tuo passo e accedere al materiale in qualsiasi momento tu voglia. Vi incoraggiamo a seguire un corso insieme ad un compagno o in un piccolo gruppo, cos\u00ec da avere l&#8217;opportunit\u00e0 di condividere e discutere il tuo lavoro con altri. Tanti studenti dicono che questo sia uno degli aspetti pi\u00f9 utili del corso!<strong><br \/>\n<\/strong><\/p>\n<p><strong>Quali risorse sono disponibili per coloro che guidano un gruppo di studio di un Corso Online?<\/strong><br \/>\nSiamo impegnati nell&#8217;aiutare ed equipaggiare coloro che sono alla guida di piccoli gruppi. Contatta <a href=\"ggarland@simeontrust.org\">Guyton Garland<\/a>, responsabile dei Corsi Online, per avere accesso a video, materiale stampato ed altre risorse utili.<\/p>\n<p><strong>Iscrizioni di Gruppo<br \/>\n<\/strong>Coloro che partecipano al corso come parte di un gruppo, possono indicarlo in fase di iscrizione e possono inoltre condividere il nome del capo gruppo. Chiediamo che ogni individuo facente parte di un gruppo si iscriva al corso. Esistono degli sconti per gruppi composti da 25 o pi\u00f9 partecipanti. Contatta <a href=\"ggarland@simeontrust.org\">Guyton Garland<\/a>\u00a0per informazioni sugli sconti per gruppi.<\/p>\n<p><strong>Ritmo di studio e Compiti<\/strong><br \/>\nIl corso pu\u00f2 essere seguito in base ai tuoi impegni e al tuo ritmo personale. \u00c8 inoltre autogestito, il che significa che i compiti possono essere variati o addirittura omessi a seconda delle necessit\u00e0. I compiti che vengono completati possono essere discussi durante gli incontri con i compagni\/gruppi e non vengono inviati alla Charles Simeon Trust (ad eccezione di quando il corso \u00e8 seguito per ottenere dei crediti).<\/p>\n<p><strong>Dove inizio?<\/strong><br \/>\nTi consigliamo di iniziare con Principi Basilari. Si tratta di un corso introduttivo che ti esporr\u00e0 ad alcune convinzioni chiave trasmettendoti utili abilit\u00e0 e preparandoti per qualsiasi dei successivi corsi. Il prossimo passo potrebbe essere quello di partecipare a un corso su un soggetto particolare, come le Epistole o Storia dell&#8217;Antico Testamento. Questi corsi ti daranno l&#8217;opportunit\u00e0 di praticare quelle abilit\u00e0 acquisite a Principi Basilari, applicandole immediatamente a un libro su cui stai lavorando nella tua chiesa o nel tuo tempo personale. Gli studenti con un p\u00f2 pi\u00f9 di esperienza nello studio della Bibbia potrebbero essere interessati a Teologia biblica e Predicazione, oppure a Teologia Sistematica e Predicazione. Questi corsi ti aiuteranno arricchendo il tuo studio e la tua predicazione di una maggiore precisione teologica.<\/p>\n<p><strong>Crediti<br \/>\n<\/strong>Offriamo alcuni dei nostri corsi per crediti universitari attraverso degli accordi strategici con il Southern Baptist Theological Seminary e il Trinity Evangelical Divinity School. Questi corsi richiedono delle rette addizionali, che per\u00f2 vengono offerte a un prezzo scontato. I crediti sono inoltre trasferibili. Per maggiori informazioni e per i documenti di registrazione, contatta <a href=\"ggarland@simeontrust.org\">Guyton Garland<\/a>, il nostro direttore per la formazione online. I corsi per crediti universitari sono offerti solamente in Inglese.<\/p>\n<p><strong>Costi di Iscrizione<br \/>\n<\/strong>Sin dalla fondazione dell&#8217;organizzazione, il nostro intento \u00e8 stato quello di mantenere i costi dei Corsi Online il pi\u00f9 basso possibile. Se paragonati a simili organizzazioni e conferenze per ministri e guide di chiesa crediamo di avere avuto successo. Nonostante questo, ti invitiamo a contattarci nel caso la nostra politica dei pagamenti sia di intoppo alla tua abilit\u00e0 di partecipare ai Corsi Online. Non \u00e8 nostra intenzione escludere qualcuno sulla base della loro abilit\u00e0 nel pagare i costi di iscrizione. Anche se non possiamo permettere che avremo le capacit\u00e0 di rivedere questa politica su base individuale o di fare eccezioni, vorremmo avere l&#8217;opportunit\u00e0 di provarci.<\/p>\n<p>&nbsp;<\/p>\n","protected":false},"excerpt":{"rendered":"<p>Per quanto tempo avr\u00f2 accesso al corso? Ogni studente avr\u00e0 accesso al proprio Corso Online per 12 mesi dalla data di iscrizione. A quel punto la tua iscrizione scadr\u00e0 e, se vorrai continuare ad avere accesso al materiale, potrai iscriverti nuovamente. Formato Flessibile I nostri corsi sono pensati per essere flessibili. Puoi farli al tuo&#8230;<\/p>\n","protected":false},"author":28,"featured_media":12881,"parent":17169,"menu_order":0,"comment_status":"closed","ping_status":"closed","template":"","meta":{"_acf_changed":false,"footnotes":""},"class_list":["post-13844","page","type-page","status-publish","has-post-thumbnail","hentry"],"acf":[],"yoast_head":"<!-- This site is optimized with the Yoast SEO plugin v27.3 - https:\/\/yoast.com\/product\/yoast-seo-wordpress\/ -->\n<title>Domande Frequenti - Charles Simeon Trust<\/title>\n<meta name=\"robots\" content=\"index, follow, max-snippet:-1, max-image-preview:large, max-video-preview:-1\" \/>\n<link rel=\"canonical\" href=\"https:\/\/simeontrust.org\/it\/corsi-online\/frequently-asked-questions\/\" \/>\n<meta property=\"og:locale\" content=\"it_IT\" \/>\n<meta property=\"og:type\" content=\"article\" \/>\n<meta property=\"og:title\" content=\"Domande Frequenti - Charles Simeon Trust\" \/>\n<meta property=\"og:description\" content=\"Per quanto tempo avr\u00f2 accesso al corso? Ogni studente avr\u00e0 accesso al proprio Corso Online per 12 mesi dalla data di iscrizione. A quel punto la tua iscrizione scadr\u00e0 e, se vorrai continuare ad avere accesso al materiale, potrai iscriverti nuovamente. Formato Flessibile I nostri corsi sono pensati per essere flessibili. Puoi farli al tuo...\" \/>\n<meta property=\"og:url\" content=\"https:\/\/simeontrust.org\/it\/corsi-online\/frequently-asked-questions\/\" \/>\n<meta property=\"og:site_name\" content=\"Charles Simeon Trust\" \/>\n<meta property=\"article:modified_time\" content=\"2026-02-24T15:17:14+00:00\" \/>\n<meta property=\"og:image\" content=\"https:\/\/simeontrust.org\/wp-content\/uploads\/2021\/03\/Simeon-Trust-0053-scaled.jpg\" \/>\n\t<meta property=\"og:image:width\" content=\"2560\" \/>\n\t<meta property=\"og:image:height\" content=\"1707\" \/>\n\t<meta property=\"og:image:type\" content=\"image\/jpeg\" \/>\n<meta name=\"twitter:card\" content=\"summary_large_image\" \/>\n<meta name=\"twitter:label1\" content=\"Tempo di lettura stimato\" \/>\n\t<meta name=\"twitter:data1\" content=\"3 minuto\" \/>\n<script type=\"application\/ld+json\" class=\"yoast-schema-graph\">{\"@context\":\"https:\\\/\\\/schema.org\",\"@graph\":[{\"@type\":\"WebPage\",\"@id\":\"https:\\\/\\\/simeontrust.org\\\/it\\\/corsi-online\\\/frequently-asked-questions\\\/\",\"url\":\"https:\\\/\\\/simeontrust.org\\\/it\\\/corsi-online\\\/frequently-asked-questions\\\/\",\"name\":\"Domande Frequenti - Charles Simeon Trust\",\"isPartOf\":{\"@id\":\"https:\\\/\\\/simeontrust.org\\\/#website\"},\"primaryImageOfPage\":{\"@id\":\"https:\\\/\\\/simeontrust.org\\\/it\\\/corsi-online\\\/frequently-asked-questions\\\/#primaryimage\"},\"image\":{\"@id\":\"https:\\\/\\\/simeontrust.org\\\/it\\\/corsi-online\\\/frequently-asked-questions\\\/#primaryimage\"},\"thumbnailUrl\":\"https:\\\/\\\/simeontrust.org\\\/wp-content\\\/uploads\\\/2021\\\/03\\\/Simeon-Trust-0053-scaled.jpg\",\"datePublished\":\"2019-02-07T19:50:39+00:00\",\"dateModified\":\"2026-02-24T15:17:14+00:00\",\"breadcrumb\":{\"@id\":\"https:\\\/\\\/simeontrust.org\\\/it\\\/corsi-online\\\/frequently-asked-questions\\\/#breadcrumb\"},\"inLanguage\":\"it-IT\",\"potentialAction\":[{\"@type\":\"ReadAction\",\"target\":[\"https:\\\/\\\/simeontrust.org\\\/it\\\/corsi-online\\\/frequently-asked-questions\\\/\"]}]},{\"@type\":\"ImageObject\",\"inLanguage\":\"it-IT\",\"@id\":\"https:\\\/\\\/simeontrust.org\\\/it\\\/corsi-online\\\/frequently-asked-questions\\\/#primaryimage\",\"url\":\"https:\\\/\\\/simeontrust.org\\\/wp-content\\\/uploads\\\/2021\\\/03\\\/Simeon-Trust-0053-scaled.jpg\",\"contentUrl\":\"https:\\\/\\\/simeontrust.org\\\/wp-content\\\/uploads\\\/2021\\\/03\\\/Simeon-Trust-0053-scaled.jpg\",\"width\":2560,\"height\":1707,\"caption\":\"Bible and Computer\"},{\"@type\":\"BreadcrumbList\",\"@id\":\"https:\\\/\\\/simeontrust.org\\\/it\\\/corsi-online\\\/frequently-asked-questions\\\/#breadcrumb\",\"itemListElement\":[{\"@type\":\"ListItem\",\"position\":1,\"name\":\"Home\",\"item\":\"https:\\\/\\\/simeontrust.org\\\/it\\\/\"},{\"@type\":\"ListItem\",\"position\":2,\"name\":\"Corsi Online\",\"item\":\"https:\\\/\\\/simeontrust.org\\\/it\\\/corsi-online\\\/\"},{\"@type\":\"ListItem\",\"position\":3,\"name\":\"Domande Frequenti\"}]},{\"@type\":\"WebSite\",\"@id\":\"https:\\\/\\\/simeontrust.org\\\/#website\",\"url\":\"https:\\\/\\\/simeontrust.org\\\/\",\"name\":\"Simeon Trust\",\"description\":\"Training the next generation of Bible expositors.\",\"potentialAction\":[{\"@type\":\"SearchAction\",\"target\":{\"@type\":\"EntryPoint\",\"urlTemplate\":\"https:\\\/\\\/simeontrust.org\\\/?s={search_term_string}\"},\"query-input\":{\"@type\":\"PropertyValueSpecification\",\"valueRequired\":true,\"valueName\":\"search_term_string\"}}],\"inLanguage\":\"it-IT\"}]}<\/script>\n<!-- \/ Yoast SEO plugin. -->","yoast_head_json":{"title":"Domande Frequenti - Charles Simeon Trust","robots":{"index":"index","follow":"follow","max-snippet":"max-snippet:-1","max-image-preview":"max-image-preview:large","max-video-preview":"max-video-preview:-1"},"canonical":"https:\/\/simeontrust.org\/it\/corsi-online\/frequently-asked-questions\/","og_locale":"it_IT","og_type":"article","og_title":"Domande Frequenti - Charles Simeon Trust","og_description":"Per quanto tempo avr\u00f2 accesso al corso? Ogni studente avr\u00e0 accesso al proprio Corso Online per 12 mesi dalla data di iscrizione. A quel punto la tua iscrizione scadr\u00e0 e, se vorrai continuare ad avere accesso al materiale, potrai iscriverti nuovamente. Formato Flessibile I nostri corsi sono pensati per essere flessibili. Puoi farli al tuo...","og_url":"https:\/\/simeontrust.org\/it\/corsi-online\/frequently-asked-questions\/","og_site_name":"Charles Simeon Trust","article_modified_time":"2026-02-24T15:17:14+00:00","og_image":[{"width":2560,"height":1707,"url":"https:\/\/simeontrust.org\/wp-content\/uploads\/2021\/03\/Simeon-Trust-0053-scaled.jpg","type":"image\/jpeg"}],"twitter_card":"summary_large_image","twitter_misc":{"Tempo di lettura stimato":"3 minuto"},"schema":{"@context":"https:\/\/schema.org","@graph":[{"@type":"WebPage","@id":"https:\/\/simeontrust.org\/it\/corsi-online\/frequently-asked-questions\/","url":"https:\/\/simeontrust.org\/it\/corsi-online\/frequently-asked-questions\/","name":"Domande Frequenti - Charles Simeon Trust","isPartOf":{"@id":"https:\/\/simeontrust.org\/#website"},"primaryImageOfPage":{"@id":"https:\/\/simeontrust.org\/it\/corsi-online\/frequently-asked-questions\/#primaryimage"},"image":{"@id":"https:\/\/simeontrust.org\/it\/corsi-online\/frequently-asked-questions\/#primaryimage"},"thumbnailUrl":"https:\/\/simeontrust.org\/wp-content\/uploads\/2021\/03\/Simeon-Trust-0053-scaled.jpg","datePublished":"2019-02-07T19:50:39+00:00","dateModified":"2026-02-24T15:17:14+00:00","breadcrumb":{"@id":"https:\/\/simeontrust.org\/it\/corsi-online\/frequently-asked-questions\/#breadcrumb"},"inLanguage":"it-IT","potentialAction":[{"@type":"ReadAction","target":["https:\/\/simeontrust.org\/it\/corsi-online\/frequently-asked-questions\/"]}]},{"@type":"ImageObject","inLanguage":"it-IT","@id":"https:\/\/simeontrust.org\/it\/corsi-online\/frequently-asked-questions\/#primaryimage","url":"https:\/\/simeontrust.org\/wp-content\/uploads\/2021\/03\/Simeon-Trust-0053-scaled.jpg","contentUrl":"https:\/\/simeontrust.org\/wp-content\/uploads\/2021\/03\/Simeon-Trust-0053-scaled.jpg","width":2560,"height":1707,"caption":"Bible and Computer"},{"@type":"BreadcrumbList","@id":"https:\/\/simeontrust.org\/it\/corsi-online\/frequently-asked-questions\/#breadcrumb","itemListElement":[{"@type":"ListItem","position":1,"name":"Home","item":"https:\/\/simeontrust.org\/it\/"},{"@type":"ListItem","position":2,"name":"Corsi Online","item":"https:\/\/simeontrust.org\/it\/corsi-online\/"},{"@type":"ListItem","position":3,"name":"Domande Frequenti"}]},{"@type":"WebSite","@id":"https:\/\/simeontrust.org\/#website","url":"https:\/\/simeontrust.org\/","name":"Simeon Trust","description":"Training the next generation of Bible expositors.","potentialAction":[{"@type":"SearchAction","target":{"@type":"EntryPoint","urlTemplate":"https:\/\/simeontrust.org\/?s={search_term_string}"},"query-input":{"@type":"PropertyValueSpecification","valueRequired":true,"valueName":"search_term_string"}}],"inLanguage":"it-IT"}]}},"_links":{"self":[{"href":"https:\/\/simeontrust.org\/it\/wp-json\/wp\/v2\/pages\/13844","targetHints":{"allow":["GET"]}}],"collection":[{"href":"https:\/\/simeontrust.org\/it\/wp-json\/wp\/v2\/pages"}],"about":[{"href":"https:\/\/simeontrust.org\/it\/wp-json\/wp\/v2\/types\/page"}],"author":[{"embeddable":true,"href":"https:\/\/simeontrust.org\/it\/wp-json\/wp\/v2\/users\/28"}],"replies":[{"embeddable":true,"href":"https:\/\/simeontrust.org\/it\/wp-json\/wp\/v2\/comments?post=13844"}],"version-history":[{"count":0,"href":"https:\/\/simeontrust.org\/it\/wp-json\/wp\/v2\/pages\/13844\/revisions"}],"up":[{"embeddable":true,"href":"https:\/\/simeontrust.org\/it\/wp-json\/wp\/v2\/pages\/17169"}],"wp:featuredmedia":[{"embeddable":true,"href":"https:\/\/simeontrust.org\/it\/wp-json\/wp\/v2\/media\/12881"}],"wp:attachment":[{"href":"https:\/\/simeontrust.org\/it\/wp-json\/wp\/v2\/media?parent=13844"}],"curies":[{"name":"wp","href":"https:\/\/api.w.org\/{rel}","templated":true}]}}