{"id":17126,"date":"2024-01-18T15:35:47","date_gmt":"2024-01-18T20:35:47","guid":{"rendered":"https:\/\/simeontrust.org\/chi-siamo\/"},"modified":"2026-03-02T17:16:37","modified_gmt":"2026-03-02T22:16:37","slug":"chi-siamo-2","status":"publish","type":"page","link":"https:\/\/simeontrust.org\/it\/chi-siamo-2\/","title":{"rendered":"Chi Siamo"},"content":{"rendered":"","protected":false},"excerpt":{"rendered":"","protected":false},"author":1,"featured_media":0,"parent":0,"menu_order":0,"comment_status":"closed","ping_status":"closed","template":"templates\/tpl-about.php","meta":{"_acf_changed":false,"footnotes":""},"class_list":["post-17126","page","type-page","status-publish","hentry"],"acf":{"header_title":"la Charles Simeon Trust","header_description":"Una migliore predicazione ovunque significa un maggiore accesso al Vangelo per tutti.","header_image":284,"beliefs_title":"Su di Noi","beliefs_description":"Il Charles Simeon Trust esiste per promuovere una predicazione migliore ovunque, in modo che il Vangelo sia accessibile a tutti. Lo facciamo offrendo formazione pratica nella predicazione e nell'insegnamento della Parola di Dio. Raggiungiamo questo obiettivo attraverso tre iniziative: workshop regionali, formazione residenziale e risorse online. Ognuna di esse mira ad aumentare la fiducia e la capacit\u00e0 di pastori e insegnanti della Bibbia di maneggiare correttamente la Parola di Dio. Vogliamo che ogni persona sia convinta che la Parola di Dio \u00e8 potente e desiderosa di insegnarla al suo popolo.","beliefs_button":{"title":"Dichiarazione di Fede","url":"https:\/\/simeontrust.org\/it\/chi-siamo\/dichiarazione-di-fede\/","target":""},"beliefs_button_2":{"title":"La Nostra Storia","url":"https:\/\/simeontrust.org\/it\/chi-siamo\/la-nostra-storia\/","target":""},"beliefs_button_3":"","":null,"values_title":"Valori","team_title":"Team","team_subheading":"","team":[17156,17139,17153,17138,25188,17150,17149,17140,17136,17143,17154,27252,17134,19426,17148,25194,17128,17129,17131,17135,25190,17151,17125,17130,17132,17152,17142],"stats_heading":"Portata globale","stats":[{"stat":"16,871","description":"Registrazioni 2025"},{"stat":"100,521","description":"Registrazioni cumulative"}],"values":[{"title":"Dipendenza","description":"Dipendiamo interamente da Dio e dalla sua grazia."},{"title":"Carattere","description":"Crediamo che il carattere conti e che ci\u00f2 che siamo sia importante tanto quanto ci\u00f2 che diciamo."},{"title":"Amore","description":"Amiamo le persone perch\u00e9 Dio in Cristo ci ha amati per primo."},{"title":"Eccellenza","description":"Puntiamo all'eccellenza in tutto ci\u00f2 che facciamo per la gloria di Dio e il bene degli altri."},{"title":"Innovazione","description":"Crediamo che l'innovazione sia essenziale perch\u00e9 il progresso \u00e8 sempre possibile."},{"title":"Generosit\u00e0","description":"Viviamo generosamente, cercando di donare la nostra vita e le nostre risorse per la diffusione del Vangelo."}]},"yoast_head":"<!-- This site is optimized with the Yoast SEO plugin v27.3 - https:\/\/yoast.com\/product\/yoast-seo-wordpress\/ -->\n<title>Chi Siamo - Charles Simeon Trust<\/title>\n<meta name=\"robots\" content=\"index, follow, max-snippet:-1, max-image-preview:large, max-video-preview:-1\" \/>\n<link rel=\"canonical\" href=\"https:\/\/simeontrust.org\/it\/chi-siamo-2\/\" \/>\n<meta property=\"og:locale\" content=\"it_IT\" \/>\n<meta property=\"og:type\" content=\"article\" \/>\n<meta property=\"og:title\" content=\"Chi Siamo - Charles Simeon Trust\" \/>\n<meta property=\"og:url\" content=\"https:\/\/simeontrust.org\/it\/chi-siamo-2\/\" \/>\n<meta property=\"og:site_name\" content=\"Charles Simeon Trust\" \/>\n<meta property=\"article:modified_time\" content=\"2026-03-02T22:16:37+00:00\" \/>\n<meta name=\"twitter:card\" content=\"summary_large_image\" \/>\n<meta name=\"twitter:label1\" content=\"Tempo di lettura stimato\" \/>\n\t<meta name=\"twitter:data1\" content=\"2 minuto\" \/>\n<script type=\"application\/ld+json\" class=\"yoast-schema-graph\">{\"@context\":\"https:\\\/\\\/schema.org\",\"@graph\":[{\"@type\":\"WebPage\",\"@id\":\"https:\\\/\\\/simeontrust.org\\\/it\\\/chi-siamo-2\\\/\",\"url\":\"https:\\\/\\\/simeontrust.org\\\/it\\\/chi-siamo-2\\\/\",\"name\":\"Chi Siamo - Charles Simeon Trust\",\"isPartOf\":{\"@id\":\"https:\\\/\\\/simeontrust.org\\\/#website\"},\"datePublished\":\"2024-01-18T20:35:47+00:00\",\"dateModified\":\"2026-03-02T22:16:37+00:00\",\"breadcrumb\":{\"@id\":\"https:\\\/\\\/simeontrust.org\\\/it\\\/chi-siamo-2\\\/#breadcrumb\"},\"inLanguage\":\"it-IT\",\"potentialAction\":[{\"@type\":\"ReadAction\",\"target\":[\"https:\\\/\\\/simeontrust.org\\\/it\\\/chi-siamo-2\\\/\"]}]},{\"@type\":\"BreadcrumbList\",\"@id\":\"https:\\\/\\\/simeontrust.org\\\/it\\\/chi-siamo-2\\\/#breadcrumb\",\"itemListElement\":[{\"@type\":\"ListItem\",\"position\":1,\"name\":\"Home\",\"item\":\"https:\\\/\\\/simeontrust.org\\\/it\\\/\"},{\"@type\":\"ListItem\",\"position\":2,\"name\":\"Chi Siamo\"}]},{\"@type\":\"WebSite\",\"@id\":\"https:\\\/\\\/simeontrust.org\\\/#website\",\"url\":\"https:\\\/\\\/simeontrust.org\\\/\",\"name\":\"Simeon Trust\",\"description\":\"Training the next generation of Bible expositors.\",\"potentialAction\":[{\"@type\":\"SearchAction\",\"target\":{\"@type\":\"EntryPoint\",\"urlTemplate\":\"https:\\\/\\\/simeontrust.org\\\/?s={search_term_string}\"},\"query-input\":{\"@type\":\"PropertyValueSpecification\",\"valueRequired\":true,\"valueName\":\"search_term_string\"}}],\"inLanguage\":\"it-IT\"}]}<\/script>\n<!-- \/ Yoast SEO plugin. -->","yoast_head_json":{"title":"Chi Siamo - Charles Simeon Trust","robots":{"index":"index","follow":"follow","max-snippet":"max-snippet:-1","max-image-preview":"max-image-preview:large","max-video-preview":"max-video-preview:-1"},"canonical":"https:\/\/simeontrust.org\/it\/chi-siamo-2\/","og_locale":"it_IT","og_type":"article","og_title":"Chi Siamo - Charles Simeon Trust","og_url":"https:\/\/simeontrust.org\/it\/chi-siamo-2\/","og_site_name":"Charles Simeon Trust","article_modified_time":"2026-03-02T22:16:37+00:00","twitter_card":"summary_large_image","twitter_misc":{"Tempo di lettura stimato":"2 minuto"},"schema":{"@context":"https:\/\/schema.org","@graph":[{"@type":"WebPage","@id":"https:\/\/simeontrust.org\/it\/chi-siamo-2\/","url":"https:\/\/simeontrust.org\/it\/chi-siamo-2\/","name":"Chi Siamo - Charles Simeon Trust","isPartOf":{"@id":"https:\/\/simeontrust.org\/#website"},"datePublished":"2024-01-18T20:35:47+00:00","dateModified":"2026-03-02T22:16:37+00:00","breadcrumb":{"@id":"https:\/\/simeontrust.org\/it\/chi-siamo-2\/#breadcrumb"},"inLanguage":"it-IT","potentialAction":[{"@type":"ReadAction","target":["https:\/\/simeontrust.org\/it\/chi-siamo-2\/"]}]},{"@type":"BreadcrumbList","@id":"https:\/\/simeontrust.org\/it\/chi-siamo-2\/#breadcrumb","itemListElement":[{"@type":"ListItem","position":1,"name":"Home","item":"https:\/\/simeontrust.org\/it\/"},{"@type":"ListItem","position":2,"name":"Chi Siamo"}]},{"@type":"WebSite","@id":"https:\/\/simeontrust.org\/#website","url":"https:\/\/simeontrust.org\/","name":"Simeon Trust","description":"Training the next generation of Bible expositors.","potentialAction":[{"@type":"SearchAction","target":{"@type":"EntryPoint","urlTemplate":"https:\/\/simeontrust.org\/?s={search_term_string}"},"query-input":{"@type":"PropertyValueSpecification","valueRequired":true,"valueName":"search_term_string"}}],"inLanguage":"it-IT"}]}},"_links":{"self":[{"href":"https:\/\/simeontrust.org\/it\/wp-json\/wp\/v2\/pages\/17126","targetHints":{"allow":["GET"]}}],"collection":[{"href":"https:\/\/simeontrust.org\/it\/wp-json\/wp\/v2\/pages"}],"about":[{"href":"https:\/\/simeontrust.org\/it\/wp-json\/wp\/v2\/types\/page"}],"author":[{"embeddable":true,"href":"https:\/\/simeontrust.org\/it\/wp-json\/wp\/v2\/users\/1"}],"replies":[{"embeddable":true,"href":"https:\/\/simeontrust.org\/it\/wp-json\/wp\/v2\/comments?post=17126"}],"version-history":[{"count":0,"href":"https:\/\/simeontrust.org\/it\/wp-json\/wp\/v2\/pages\/17126\/revisions"}],"acf:post":[{"embeddable":true,"href":"https:\/\/simeontrust.org\/it\/wp-json\/wp\/v2\/person\/17142"},{"embeddable":true,"href":"https:\/\/simeontrust.org\/it\/wp-json\/wp\/v2\/person\/17152"},{"embeddable":true,"href":"https:\/\/simeontrust.org\/it\/wp-json\/wp\/v2\/person\/17132"},{"embeddable":true,"href":"https:\/\/simeontrust.org\/it\/wp-json\/wp\/v2\/person\/17130"},{"embeddable":true,"href":"https:\/\/simeontrust.org\/it\/wp-json\/wp\/v2\/person\/17125"},{"embeddable":true,"href":"https:\/\/simeontrust.org\/it\/wp-json\/wp\/v2\/person\/17151"},{"embeddable":true,"href":"https:\/\/simeontrust.org\/it\/wp-json\/wp\/v2\/person\/25190"},{"embeddable":true,"href":"https:\/\/simeontrust.org\/it\/wp-json\/wp\/v2\/person\/17135"},{"embeddable":true,"href":"https:\/\/simeontrust.org\/it\/wp-json\/wp\/v2\/person\/17131"},{"embeddable":true,"href":"https:\/\/simeontrust.org\/it\/wp-json\/wp\/v2\/person\/17129"},{"embeddable":true,"href":"https:\/\/simeontrust.org\/it\/wp-json\/wp\/v2\/person\/17128"},{"embeddable":true,"href":"https:\/\/simeontrust.org\/it\/wp-json\/wp\/v2\/person\/25194"},{"embeddable":true,"href":"https:\/\/simeontrust.org\/it\/wp-json\/wp\/v2\/person\/17148"},{"embeddable":true,"href":"https:\/\/simeontrust.org\/it\/wp-json\/wp\/v2\/person\/19426"},{"embeddable":true,"href":"https:\/\/simeontrust.org\/it\/wp-json\/wp\/v2\/person\/17134"},{"embeddable":true,"href":"https:\/\/simeontrust.org\/it\/wp-json\/wp\/v2\/person\/27252"},{"embeddable":true,"href":"https:\/\/simeontrust.org\/it\/wp-json\/wp\/v2\/person\/17154"},{"embeddable":true,"href":"https:\/\/simeontrust.org\/it\/wp-json\/wp\/v2\/person\/17143"},{"embeddable":true,"href":"https:\/\/simeontrust.org\/it\/wp-json\/wp\/v2\/person\/17136"},{"embeddable":true,"href":"https:\/\/simeontrust.org\/it\/wp-json\/wp\/v2\/person\/17140"},{"embeddable":true,"href":"https:\/\/simeontrust.org\/it\/wp-json\/wp\/v2\/person\/17149"},{"embeddable":true,"href":"https:\/\/simeontrust.org\/it\/wp-json\/wp\/v2\/person\/17150"},{"embeddable":true,"href":"https:\/\/simeontrust.org\/it\/wp-json\/wp\/v2\/person\/25188"},{"embeddable":true,"href":"https:\/\/simeontrust.org\/it\/wp-json\/wp\/v2\/person\/17138"},{"embeddable":true,"href":"https:\/\/simeontrust.org\/it\/wp-json\/wp\/v2\/person\/17153"},{"embeddable":true,"href":"https:\/\/simeontrust.org\/it\/wp-json\/wp\/v2\/person\/17139"},{"embeddable":true,"href":"https:\/\/simeontrust.org\/it\/wp-json\/wp\/v2\/person\/17156"}],"wp:attachment":[{"href":"https:\/\/simeontrust.org\/it\/wp-json\/wp\/v2\/media?parent=17126"}],"curies":[{"name":"wp","href":"https:\/\/api.w.org\/{rel}","templated":true}]}}