{"id":17158,"date":"2024-01-18T21:18:51","date_gmt":"2024-01-19T02:18:51","guid":{"rendered":"https:\/\/simeontrust.org\/chi-siamo\/dichiarazione-di-fede\/"},"modified":"2025-11-27T11:36:21","modified_gmt":"2025-11-27T16:36:21","slug":"dichiarazione-di-fede","status":"publish","type":"page","link":"https:\/\/simeontrust.org\/it\/chi-siamo-2\/dichiarazione-di-fede\/","title":{"rendered":"Dichiarazione di Fede"},"content":{"rendered":"<p>Per sostenere il lavoro della Charles Simeon Trust, il consiglio di amministrazione ha adottato e adattato una dichiarazione delle principali dottrine (I primi 19 punti sono basati su The Gospel of Jesus Christ: An Evangelical Celebration, con alcune influenze dal Chicago Statement on Biblical Inerrancy). Sebbene la Scrittura rimane la nostra unica autorit\u00e0, questa dichiarazioni di fede serve come una concisa articolazione del credo del consiglio di amministrazione. Come tale, la condivisione di questa dichiarazione \u00e8 un requisito per il nostro staff, i relatori, e i leader di piccoli gruppi. Pu\u00f2 anche essere trovata nell&#8217;articolo III del nostro Statuto (ovvero Statuto NFP).<\/p>\n<p>1. La dichiarazione di fede dell&#8217;organizzazione \u00e8 la seguente: 1. Affermiamo che il vangelo affidato alla Chiesa \u00e8 prima di tutto il vangelo di Dio (Mar 1:14, Ro 1:1-6). Dio ne \u00e8 l&#8217;autore e colui che lo rivela a noi nella e tramite la sua parola. L&#8217;autorit\u00e0 del vangelo e la sua affidabilit\u00e0 scaturisce da Lui soltanto (2 Ti 3:16-17).<\/p>\n<p>Neghiamo che la veridicit\u00e0 o l&#8217;autorit\u00e0 delle Sacre Scritture derivi da qualsiasi intuizione o invenzione umana (Ga 1:1-11). Inoltre neghiamo che la veridicit\u00e0 o l&#8217;autorit\u00e0 della Bibbia dipenda dall&#8217;autorit\u00e0 di una qualsiasi chiesa o istituzione umana.<\/p>\n<p>2. Affermiamo che le Sacre Scritture sono l&#8217;infallibile, sufficiente e autoritativa Parola di Dio (2 Ti 3:16-17, 2 P 1:21). Affermiamo che esse, nella forma dei manoscritti originali e secondo gli standard del loro scopo e uso, sono senza errore.<\/p>\n<p>Neghiamo che l&#8217;infallibilit\u00e0, la sufficienza e l&#8217;autorit\u00e0 della Bibbia siano in alcun modo negate dalla scienza o da standard estranei al suo scopo e utilizzo, o da errori o incoerenze percepite.<\/p>\n<p>3. Affermiamo che il vangelo \u00e8 la potenza salvifica di Dio, in quanto esso, senza distinzione, produce salvezza in chiunque crede (Ro 1:16). Questa efficacia del vangelo \u00e8 possibile per la potenza di Dio stesso.<\/p>\n<p>Neghiamo che la potenza del vangelo dipenda dall&#8217;eloquenza del predicatore, dalle tecniche dell&#8217;evangelista o dalla persuasione derivante da una argomentazione razionale.<\/p>\n<p>4. Affermiamo che tutti gli uomini e le donne sono creati a immagine e somiglianza di Dio, e che assieme esercitano dominio su ttutta la creazione. Ugualmente, affermiamo che il vangelo diagnostica la condizione universale dell&#8217;umanit\u00e0 dopo la Caduta come una di peccato in ribellione a Dio. Questa, se non cambiata, porter\u00e0 ogni persona a eterna rovina sotto la condanna di Dio (Gen 1:26-28, Ro 3:9-26).<\/p>\n<p>Neghiamo ogni rifiuto riguardo la creazione dell&#8217;uomo e della donna all&#8217;immagine di Dio o, successivamente, riguardo la caduta della natura umana. Neghiamo inoltre che, per quanto riguarda la giustificazione per fede da tale condizione di caduta, ci sia alcuna distinzione di etnia, genere o stato sociale (Ro 5:18-21, Gal 3:23-28).<\/p>\n<p>5. Affermiamo che Ges\u00f9 Cristo \u00e8 l&#8217;unica via di salvezza, l&#8217;unico mediatore tra Dio e l&#8217;umanit\u00e0 (Giov 14:6, 1Ti 2:5).<\/p>\n<p>Neghiamo che qualcuno possa essere salvato in un modo diverso piuttosto che da Ges\u00f9 Cristo e il Suo vangelo. La Bibbia non offre nessuna speranza che dei sinceri adoratori di diverse religioni saranno salvati senza una fede personale in Ges\u00f9 Cristo.<\/p>\n<p>6. Affermiamo che la Chiesa \u00e8 comandata da Dio ed \u00e8 quindi sotto obbligo divino di predicare il vangelo a ogni persona (Lu 24:27; Mat 28:18-19).<\/p>\n<p>Neghiamo che qualsiasi classe o gruppo di persone, qualunque sia la loro identit\u00e0 etnica o culturale, possa essere ignorata o trascurata nella predicazione del vangelo (1 Co 9:19-22). Dio ha voluto una Chiesa globale composta da persone di ogni trib\u00f9, lingua e nazione (Ap 7:9).<\/p>\n<p>7. Affermiamo che la fede in Ges\u00f9 Cristo come parola Divina (o Logos, Giov 1:1), seconda persona della Trinit\u00e0, coeterna e coesistente con il Padre e lo Spirito Santo (Eb 1:3) \u00e8 fondamentale per la defe nel vangelo.<\/p>\n<p>Neghiamo che qualsiasi comprensione di Ges\u00f9 Cristo che riduce o rigetta la sua piena divinit\u00e0 sia la fede del vangelo e possa portare alla salvezza.<\/p>\n<p>8. Affermiamo che Ges\u00f9 Cristo \u00e8 Dio incarnato (Giov 1:14), discendente di Davide nato da una vergine (Ro 1:3).Ges\u00f9 ha avuto una vera natura umana ed \u00e8 stato soggetto alla Legge di Dio (Ga 4:5). Era come noi sotto ogni aspetto, ad eccezione del fatto che non aveva peccato (Eb 2:17, 7:26-28). Affermiamo che la fede nella vera natura umana di Cristo \u00e8 essenziale alla fede nel vangelo.<\/p>\n<p>Neghiamo che chiunque rigetti l&#8217;umanit\u00e0 di Cristo, la sua incarnazione o il suo essere senza peccato, o chiunque mantenga che queste verit\u00e0 non siano essenziali al vangelo, sar\u00e0 salvato (1 Giov 4:2-3).<\/p>\n<p>9. Affermiamo che l&#8217;espiazione di Cristo, per la quale, nella sua ubbidienza, ha offerto un sacrificio perfetto di propizziazione al Padre, pagando cos\u00ec per i nostri peccati e soddisfando la giustizia divina al nostro posto secondo l&#8217;eterno consiglio di Dio, \u00e8 un elemento essenziale del vangelo.<\/p>\n<p>Neghiamo che qualsiasi comprensione dell&#8217;espiazione che rigetta la soddisfazione della giustizia divina per mezzo della sostituzione, compiuta in modo vicario per i credenti, sia compatibile con gli insegnamenti del vangelo.<\/p>\n<p>10. Affermiamo che l&#8217;opera salvifica di Cristo incluse sia la sua vita che la sua morte al posto nostro (Ga 3:13). Dichiariamo che la fede nella perfetta ubbidienza di Cristo, per mezzo della quale ha adempiuto tutte le richieste della Legge di Dio al posto nostro, \u00e8 essenziale al vangelo.<\/p>\n<p>Neghiamo che la nostra salvezza fu possibile soltanto o esclusivamente per la morte di Cristo, senza considerare la sua vita di perfetta giustizia.<\/p>\n<p>11. Affermiamo che la risurrezione corporea di Cristo dai morti \u00e8 essenziale per il vangelo biblico (1 Cor 15:14).<\/p>\n<p>Neghiamo la validit\u00e0 di qualsiasi cos\u00ec detto vangelo che neghi la realt\u00e0 storica della risurrezione corporea di Cristo dai morti.<\/p>\n<p>12. Affermiamo che la dottrina biblica della giustificazione per sola fede, in Cristo soltanto, \u00e8 essenziale al vangelo (Ro 3:28 and 4:5, Ga 2:16).<\/p>\n<p>Neghiamo che qualcuno possa credere nel vangelo biblico e allo stesso tempo rigettare l&#8217;insegnamento apostolico della giusticazione per sola fede nel solo Cristo. Neghiamo inoltre che ci sia pi\u00f9 di un solo vero vangelo. (Ga 1:6-9)<\/p>\n<p>13. Affermiamo che la dottrina dell&#8217;imputazione (considerare o contare) dei nostri peccati a Cristo e della sua giustizia a noi, per mezzo del quale i nostri peccati sono completamente perdonati e noi siamo pienamente accettati, \u00e8 essenziale al vangelo biblico (2 Co 5:19-21).<\/p>\n<p>Neghiamo che siamo giustificati dalla giustizia di Cristo infusa in noi, o da qualsiasi giustizia che si pensa sia intrinseca in noi.<\/p>\n<p>14. Affermiamo che la giustizia di Cristo per mezzo della quale siamo giustificati, \u00e8 propriamente sua, ed egli l&#8217;ha realizzata senza di noi, mediante la sua perfetta obbedienza. Questa giustizia \u00e8 contata, accreditata o imputata a noi come unico motivo della nostra giustificazione, dalla dichiarazione forense (cio\u00e8 legale) di Dio.<\/p>\n<p>Neghiamo che qualsiasi opera in qualsiasi stadio della nostra esistenza possa aggiungere al merito di Cristo o possa guadagnarci qualche merito che contribuisca in qualsiasi modo al motivo per il quale siamo giustificati (Gal 2:16, Ef 2:8-9, Tit 3:5).<\/p>\n<p>15. Affermiamo che nonostante ogni credente sia reso dimora dello Spirito Santo e sia nel processo di santificazione e conformit\u00e0 all&#8217;immagine di Cristo, non vive tali esperienze come base per la sua giustificazione, ma esse sono la conseguenza della giustificazione ottenuta. Dio, mentre eravamo ancora peccatori, ci dichiara giusti, rimette i peccati e adotta come suoi figli soltanto per la sua grazia, attraverso la sola fede, per Cristo soltanto (Rm 4:5).<\/p>\n<p>Neghiamo che i credenti debbano essere intrinsecamente giusti in virt\u00f9 della loro cooperazione con la grazia trasformatrice di Dio, prima che Egli li dichiari giustificati in Cristo. Veniamo giustificati mentre siamo ancora peccatori.<\/p>\n<p>16. Affermiamo che la fede salvifica ha come risultato la santificazione, quella trasformazione di vita dove, per mezzo della potenza dello Spirito Santo, c&#8217;\u00e8 una crescita in conformit\u00e0 a Cristo. Santificazione significa continuo ravvedimento, una vita di rinuncia al peccato per servire Ges\u00f9 Cristo con grata ubbidienza, a Lui che \u00e8 nostro Signore e Maestro (Gal 5:22-25, Rm 8:4, 13-14).<\/p>\n<p>Rigettiamo qualsiasi comprensione della giustificazione che la separi dalla nostra unione santificante con Cristo e dalla nostra crescente conformit\u00e0 alla sua immagine attraverso la preghiera, il ravvedimento, il portare la croce e la vita nello Spirito.<\/p>\n<p>17. Affermiamo che la fede salvifica include il consenso mentale al contenuto del vangelo, il riconoscimento del nostro peccato e del ostro bisogno, e una fede personale di dipendenza a Cristo e alla sua opera. Neghiamo che la fede salvifica includa esclusivamente l&#8217;accettazione mentale del vangelo e che la giustificazione sia assicurata da una mera professione di fede esteriore.<\/p>\n<p>Neghiamo inoltre che qualsiasi elemento della fede salvifica sia un&#8217;opera meritevole, o che ci guadagni la salvezza.<\/p>\n<p>18. Affermiamo che nonostante la buona dottrina sia vitale per la salute e il benessere spirituale, non siamo salvati dalla dottrina. La dottrina \u00e8 necessaria per informarci su come possiamo essere salvati da Cristo, ma \u00e8 Cristo che salva.<\/p>\n<p>Neghiamo che le dottrine del vangelo possano essere rigettate senza riceverne un danno. Negare il vangelo porta rovina spirituale e ci espone al giudizio di Dio.<\/p>\n<p>19. Affermiamo che Ges\u00f9 Cristo comandi ai suoi seguaci di proclamare il vangelo ad ogni persona vivente, evangelizzando tutti ovunque e discepolando i credenti all&#8217;interno della comunit\u00e0 della Chiesa. Una testimonianza di Cristo che sia completa e fedele, include la testimonianza personale, una vita che onori Dio, atti di misericordia e amore verso il nostro prossimo. Senza di questi, la predicazione del vangelo appare sterile.<\/p>\n<p>Neghiamo che la testimonianza personale, una vita che onori Dio, atti di misericordia e amore verso il nostro prossimo, costituisca, senza la proclamazione del vangelo, evangelizzazione.<\/p>\n<p>20. Affermiamo che tutte le donne e gli uomini Cristiani dovrebbero essere impegnati nella formazione per il ministerio. Affermiamo inoltre che alcuni uomini e donne hanno doni di insegnamento e guida di vari ministeri della Parola per il bene della Chiesa (Ef 4.11-13, 2Tim 2:2, Tit 2:3-5).<\/p>\n<p>Neghiamo che qualsiasi donna debba essere impegnata nello specifico compito di insegnare o predicare la Parola agli uomini in un incontro comunitario di Chiesa, o che debba esercitare autorit\u00e0 pastorale sugli uomini nella Chiesa (1 Tim 2:12-15, 1 Cor 14:34b-38).<\/p>\n<p>21. Affermiamo che Adamo ed Eva furono creati per completare l&#8217;un l&#8217;altro come una sola carne all&#8217;interno dell&#8217;unione matrimoniale, la quale stabilisce il modello inteso da Dio per le relazioni sessuali di maschio e femmina. Di conseguenza, tutti gli altri atti sessuali sono peccaminosi (Rm 1:24-27, Col 3:5, 1 Cor 6:9-11, Eb 13:4).<\/p>\n<p>Neghiamo che atti sessuali peccaminosi del quale non ci sia ravvedimento, siano innocui per il ministeroo pubblico e privato. Piuttosto, queste azioni costituiscono un motivo di squalifica dal ministero.<\/p>\n","protected":false},"excerpt":{"rendered":"<p>Per sostenere il lavoro della Charles Simeon Trust, il consiglio di amministrazione ha adottato e adattato una dichiarazione delle principali dottrine (I primi 19 punti sono basati su The Gospel of Jesus Christ: An Evangelical Celebration, con alcune influenze dal Chicago Statement on Biblical Inerrancy). Sebbene la Scrittura rimane la nostra unica autorit\u00e0, questa dichiarazioni&#8230;<\/p>\n","protected":false},"author":17,"featured_media":12926,"parent":17126,"menu_order":0,"comment_status":"closed","ping_status":"closed","template":"","meta":{"_acf_changed":false,"footnotes":""},"class_list":["post-17158","page","type-page","status-publish","has-post-thumbnail","hentry"],"acf":[],"yoast_head":"<!-- This site is optimized with the Yoast SEO plugin v27.3 - https:\/\/yoast.com\/product\/yoast-seo-wordpress\/ -->\n<title>Dichiarazione di Fede - Charles Simeon Trust<\/title>\n<meta name=\"robots\" content=\"index, follow, max-snippet:-1, max-image-preview:large, max-video-preview:-1\" \/>\n<link rel=\"canonical\" href=\"https:\/\/simeontrust.org\/it\/chi-siamo-2\/dichiarazione-di-fede\/\" \/>\n<meta property=\"og:locale\" content=\"it_IT\" \/>\n<meta property=\"og:type\" content=\"article\" \/>\n<meta property=\"og:title\" content=\"Dichiarazione di Fede - Charles Simeon Trust\" \/>\n<meta property=\"og:description\" content=\"Per sostenere il lavoro della Charles Simeon Trust, il consiglio di amministrazione ha adottato e adattato una dichiarazione delle principali dottrine (I primi 19 punti sono basati su The Gospel of Jesus Christ: An Evangelical Celebration, con alcune influenze dal Chicago Statement on Biblical Inerrancy). Sebbene la Scrittura rimane la nostra unica autorit\u00e0, questa dichiarazioni...\" \/>\n<meta property=\"og:url\" content=\"https:\/\/simeontrust.org\/it\/chi-siamo-2\/dichiarazione-di-fede\/\" \/>\n<meta property=\"og:site_name\" content=\"Charles Simeon Trust\" \/>\n<meta property=\"article:modified_time\" content=\"2025-11-27T16:36:21+00:00\" \/>\n<meta property=\"og:image\" content=\"https:\/\/simeontrust.org\/wp-content\/uploads\/2021\/08\/IMG_2782-e1629493188755.jpg\" \/>\n\t<meta property=\"og:image:width\" content=\"1710\" \/>\n\t<meta property=\"og:image:height\" content=\"1124\" \/>\n\t<meta property=\"og:image:type\" content=\"image\/jpeg\" \/>\n<meta name=\"twitter:card\" content=\"summary_large_image\" \/>\n<meta name=\"twitter:label1\" content=\"Tempo di lettura stimato\" \/>\n\t<meta name=\"twitter:data1\" content=\"11 minuto\" \/>\n<script type=\"application\/ld+json\" class=\"yoast-schema-graph\">{\"@context\":\"https:\\\/\\\/schema.org\",\"@graph\":[{\"@type\":\"WebPage\",\"@id\":\"https:\\\/\\\/simeontrust.org\\\/it\\\/chi-siamo-2\\\/dichiarazione-di-fede\\\/\",\"url\":\"https:\\\/\\\/simeontrust.org\\\/it\\\/chi-siamo-2\\\/dichiarazione-di-fede\\\/\",\"name\":\"Dichiarazione di Fede - Charles Simeon Trust\",\"isPartOf\":{\"@id\":\"https:\\\/\\\/simeontrust.org\\\/#website\"},\"primaryImageOfPage\":{\"@id\":\"https:\\\/\\\/simeontrust.org\\\/it\\\/chi-siamo-2\\\/dichiarazione-di-fede\\\/#primaryimage\"},\"image\":{\"@id\":\"https:\\\/\\\/simeontrust.org\\\/it\\\/chi-siamo-2\\\/dichiarazione-di-fede\\\/#primaryimage\"},\"thumbnailUrl\":\"https:\\\/\\\/simeontrust.org\\\/wp-content\\\/uploads\\\/2021\\\/08\\\/IMG_2782-e1629493188755.jpg\",\"datePublished\":\"2024-01-19T02:18:51+00:00\",\"dateModified\":\"2025-11-27T16:36:21+00:00\",\"breadcrumb\":{\"@id\":\"https:\\\/\\\/simeontrust.org\\\/it\\\/chi-siamo-2\\\/dichiarazione-di-fede\\\/#breadcrumb\"},\"inLanguage\":\"it-IT\",\"potentialAction\":[{\"@type\":\"ReadAction\",\"target\":[\"https:\\\/\\\/simeontrust.org\\\/it\\\/chi-siamo-2\\\/dichiarazione-di-fede\\\/\"]}]},{\"@type\":\"ImageObject\",\"inLanguage\":\"it-IT\",\"@id\":\"https:\\\/\\\/simeontrust.org\\\/it\\\/chi-siamo-2\\\/dichiarazione-di-fede\\\/#primaryimage\",\"url\":\"https:\\\/\\\/simeontrust.org\\\/wp-content\\\/uploads\\\/2021\\\/08\\\/IMG_2782-e1629493188755.jpg\",\"contentUrl\":\"https:\\\/\\\/simeontrust.org\\\/wp-content\\\/uploads\\\/2021\\\/08\\\/IMG_2782-e1629493188755.jpg\",\"width\":1710,\"height\":1124,\"caption\":\"Open Bible\"},{\"@type\":\"BreadcrumbList\",\"@id\":\"https:\\\/\\\/simeontrust.org\\\/it\\\/chi-siamo-2\\\/dichiarazione-di-fede\\\/#breadcrumb\",\"itemListElement\":[{\"@type\":\"ListItem\",\"position\":1,\"name\":\"Home\",\"item\":\"https:\\\/\\\/simeontrust.org\\\/it\\\/\"},{\"@type\":\"ListItem\",\"position\":2,\"name\":\"Chi Siamo\",\"item\":\"https:\\\/\\\/simeontrust.org\\\/it\\\/chi-siamo-2\\\/\"},{\"@type\":\"ListItem\",\"position\":3,\"name\":\"Dichiarazione di Fede\"}]},{\"@type\":\"WebSite\",\"@id\":\"https:\\\/\\\/simeontrust.org\\\/#website\",\"url\":\"https:\\\/\\\/simeontrust.org\\\/\",\"name\":\"Simeon Trust\",\"description\":\"Training the next generation of Bible expositors.\",\"potentialAction\":[{\"@type\":\"SearchAction\",\"target\":{\"@type\":\"EntryPoint\",\"urlTemplate\":\"https:\\\/\\\/simeontrust.org\\\/?s={search_term_string}\"},\"query-input\":{\"@type\":\"PropertyValueSpecification\",\"valueRequired\":true,\"valueName\":\"search_term_string\"}}],\"inLanguage\":\"it-IT\"}]}<\/script>\n<!-- \/ Yoast SEO plugin. -->","yoast_head_json":{"title":"Dichiarazione di Fede - Charles Simeon Trust","robots":{"index":"index","follow":"follow","max-snippet":"max-snippet:-1","max-image-preview":"max-image-preview:large","max-video-preview":"max-video-preview:-1"},"canonical":"https:\/\/simeontrust.org\/it\/chi-siamo-2\/dichiarazione-di-fede\/","og_locale":"it_IT","og_type":"article","og_title":"Dichiarazione di Fede - Charles Simeon Trust","og_description":"Per sostenere il lavoro della Charles Simeon Trust, il consiglio di amministrazione ha adottato e adattato una dichiarazione delle principali dottrine (I primi 19 punti sono basati su The Gospel of Jesus Christ: An Evangelical Celebration, con alcune influenze dal Chicago Statement on Biblical Inerrancy). Sebbene la Scrittura rimane la nostra unica autorit\u00e0, questa dichiarazioni...","og_url":"https:\/\/simeontrust.org\/it\/chi-siamo-2\/dichiarazione-di-fede\/","og_site_name":"Charles Simeon Trust","article_modified_time":"2025-11-27T16:36:21+00:00","og_image":[{"width":1710,"height":1124,"url":"https:\/\/simeontrust.org\/wp-content\/uploads\/2021\/08\/IMG_2782-e1629493188755.jpg","type":"image\/jpeg"}],"twitter_card":"summary_large_image","twitter_misc":{"Tempo di lettura stimato":"11 minuto"},"schema":{"@context":"https:\/\/schema.org","@graph":[{"@type":"WebPage","@id":"https:\/\/simeontrust.org\/it\/chi-siamo-2\/dichiarazione-di-fede\/","url":"https:\/\/simeontrust.org\/it\/chi-siamo-2\/dichiarazione-di-fede\/","name":"Dichiarazione di Fede - Charles Simeon Trust","isPartOf":{"@id":"https:\/\/simeontrust.org\/#website"},"primaryImageOfPage":{"@id":"https:\/\/simeontrust.org\/it\/chi-siamo-2\/dichiarazione-di-fede\/#primaryimage"},"image":{"@id":"https:\/\/simeontrust.org\/it\/chi-siamo-2\/dichiarazione-di-fede\/#primaryimage"},"thumbnailUrl":"https:\/\/simeontrust.org\/wp-content\/uploads\/2021\/08\/IMG_2782-e1629493188755.jpg","datePublished":"2024-01-19T02:18:51+00:00","dateModified":"2025-11-27T16:36:21+00:00","breadcrumb":{"@id":"https:\/\/simeontrust.org\/it\/chi-siamo-2\/dichiarazione-di-fede\/#breadcrumb"},"inLanguage":"it-IT","potentialAction":[{"@type":"ReadAction","target":["https:\/\/simeontrust.org\/it\/chi-siamo-2\/dichiarazione-di-fede\/"]}]},{"@type":"ImageObject","inLanguage":"it-IT","@id":"https:\/\/simeontrust.org\/it\/chi-siamo-2\/dichiarazione-di-fede\/#primaryimage","url":"https:\/\/simeontrust.org\/wp-content\/uploads\/2021\/08\/IMG_2782-e1629493188755.jpg","contentUrl":"https:\/\/simeontrust.org\/wp-content\/uploads\/2021\/08\/IMG_2782-e1629493188755.jpg","width":1710,"height":1124,"caption":"Open Bible"},{"@type":"BreadcrumbList","@id":"https:\/\/simeontrust.org\/it\/chi-siamo-2\/dichiarazione-di-fede\/#breadcrumb","itemListElement":[{"@type":"ListItem","position":1,"name":"Home","item":"https:\/\/simeontrust.org\/it\/"},{"@type":"ListItem","position":2,"name":"Chi Siamo","item":"https:\/\/simeontrust.org\/it\/chi-siamo-2\/"},{"@type":"ListItem","position":3,"name":"Dichiarazione di Fede"}]},{"@type":"WebSite","@id":"https:\/\/simeontrust.org\/#website","url":"https:\/\/simeontrust.org\/","name":"Simeon Trust","description":"Training the next generation of Bible expositors.","potentialAction":[{"@type":"SearchAction","target":{"@type":"EntryPoint","urlTemplate":"https:\/\/simeontrust.org\/?s={search_term_string}"},"query-input":{"@type":"PropertyValueSpecification","valueRequired":true,"valueName":"search_term_string"}}],"inLanguage":"it-IT"}]}},"_links":{"self":[{"href":"https:\/\/simeontrust.org\/it\/wp-json\/wp\/v2\/pages\/17158","targetHints":{"allow":["GET"]}}],"collection":[{"href":"https:\/\/simeontrust.org\/it\/wp-json\/wp\/v2\/pages"}],"about":[{"href":"https:\/\/simeontrust.org\/it\/wp-json\/wp\/v2\/types\/page"}],"author":[{"embeddable":true,"href":"https:\/\/simeontrust.org\/it\/wp-json\/wp\/v2\/users\/17"}],"replies":[{"embeddable":true,"href":"https:\/\/simeontrust.org\/it\/wp-json\/wp\/v2\/comments?post=17158"}],"version-history":[{"count":0,"href":"https:\/\/simeontrust.org\/it\/wp-json\/wp\/v2\/pages\/17158\/revisions"}],"up":[{"embeddable":true,"href":"https:\/\/simeontrust.org\/it\/wp-json\/wp\/v2\/pages\/17126"}],"wp:featuredmedia":[{"embeddable":true,"href":"https:\/\/simeontrust.org\/it\/wp-json\/wp\/v2\/media\/12926"}],"wp:attachment":[{"href":"https:\/\/simeontrust.org\/it\/wp-json\/wp\/v2\/media?parent=17158"}],"curies":[{"name":"wp","href":"https:\/\/api.w.org\/{rel}","templated":true}]}}