{"id":18012,"date":"2024-04-01T17:06:56","date_gmt":"2024-04-01T21:06:56","guid":{"rendered":"https:\/\/simeontrust.org\/politiche-di-registrazione\/"},"modified":"2025-12-15T14:56:09","modified_gmt":"2025-12-15T19:56:09","slug":"politiche-di-registrazione","status":"publish","type":"page","link":"https:\/\/simeontrust.org\/it\/politiche-di-registrazione\/","title":{"rendered":"Politiche di Registrazione"},"content":{"rendered":"<p>Sin dalla fondazione dell&#8217;organizzazione, la nostra intenzione \u00e8 stata quella di mantenere le quote di registrazione sia per i Laboratori sull&#8217;Esposizione Biblica che per i Corsi Online, il pi\u00f9 basse e accessibili possibile per il pastore che lavora. Crediamo che, rispetto ad organizzazioni e conferenze per leader ministeriali simili, di aver avuto successo. Vi preghiamo di contattarci qualora la politica tariffaria avesse un effetto gravoso sulla vostra capacit\u00e0 di partecipare ai Laboratori sull&#8217;Esposizione Biblica o ai Corsi Online. Non \u00e8 nostra intenzione escludere nessuno solo sulla base della sua capacit\u00e0 di pagare la quota di iscrizione o di frequenza e, anche se non possiamo promettere che avremo la possibilit\u00e0 di rivedere questa politica su base individuale o di fare eccezioni, vorremmo avere l\u2019opportunit\u00e0 di provarci.<\/p>\n<p><strong>LABORATORI SULL&#8217;ESPOSIZIONE BIBLICA<\/strong><\/p>\n<p>I Laboratori sull&#8217;Esposizione Biblica prevedono le tariffe di registrazione elencate, di cui $25 non rimborsabili indipendentemente dalla tariffa. I Laboratori sull&#8217;Esposizione Biblica hanno una tariffa di registrazione di $39, di cui $10 non rimborsabili. Fanno eccezione tutte le cancellazioni dovute alla pandemia in quanto verranno rimborsate integralmente.<\/p>\n<p>Inoltre non \u00e8 consentita la partecipazione parziale. \u00c8 richiesta la piena partecipazione ai nostri impegni pedagogici nelle sessioni in piccoli gruppi, nonch\u00e9 al rapporto cumulativo tra le sessioni in piccoli gruppi e quelle plenarie. Le circostanze attenuanti dovrebbero essere discusse con la Charles Simeon Trust e molto raramente saranno concesse eccezioni. Uno degli obiettivi dei seminari \u00e8 formare predicatori\/insegnanti provenienti da diverse chiese all&#8217;interno di una regione. Poich\u00e9 lo spazio in alcuni Laboratori \u00e8 limitato, ci riserviamo il diritto di rifiutare le iscrizioni da chiese\/organizzazioni che hanno gi\u00e0 cinque persone iscritte. Una volta completata la registrazione, gestiremo la lista d&#8217;attesa considerando diversi fattori, tra cui l&#8217;ordine di registrazione, la rappresentanza della chiesa, il ruolo della chiesa e le esigenze di leadership. I partecipanti devono avere almeno 18 anni.<\/p>\n<p><strong>CORSI ONLINE<\/strong><\/p>\n<p>Le quote di iscrizione al Corso Online sono quelle elencate. Tasse aggiuntive come le varie opzioni di \u201ccredito del seminario\u201d non sono completamente rimborsabili poich\u00e9, in ogni caso, tali tasse vengono trasferite a un\u2019altra organizzazione (ad esempio il seminario). Non sono possibili eccezioni.<\/p>\n<p><strong>POLITICA DI CANCELLAZIONE<\/strong><\/p>\n<p>I costi di registrazione al Laboratorio e al Corso e i rispettivi depositi non rimborsabili saranno pubblicati sul sito web della Charles Simeon Trust. Nel caso in cui la Charles Simeon Trust annulli un Laboratorio o un Corso online gi\u00e0 in svolgimento o prima del suo inizio, verr\u00e0 effettuato un rimborso completo di tutte le quote pagate ai partecipanti che avevano preso parte a quel determinato corso. In caso di annullamento prima dell&#8217;inizio di un Laboratorio, Corso o altro evento di formazione, verr\u00e0 rimborsato l&#8217;intero importo di tutte le quote versate a ciascun partecipante. Solo i partecipanti registrati che hanno effettuato il pagamento (parziale o integrale) avranno diritto al rimborso. I rimborsi potrebbero richiedere circa due settimane dalla data di cancellazione confermata per la restituzione. La registrazione e la partecipazione a un Laboratorio, Corso o altro evento di formazione costituisce un riconoscimento di queste politiche nonch\u00e9 un&#8217;assunzione di responsabilit\u00e0 durante la partecipazione a un Laboratorio, Corso o altro evento formativo. La partecipazione a un Laboratorio, Corso o altro evento di formazione, costituisce inoltre una rinuncia a ogni responsabilit\u00e0 per la Charles Simeon Trust nella misura in cui questi non siano svolti nella propriet\u00e0 della Charles Simeon Trust. Nota: tutte le cancellazioni della registrazione al Laboratorio dovute alla pandemia verranno rimborsate per intero (compresi i depositi, che solitamente non sono rimborsabili).<\/p>\n<p><strong>RITIRO<\/strong><\/p>\n<p>Nel caso in cui un partecipante richieda di ritirarsi da un Laboratorio, Corso o evento di formazione (ovvero di annullare la propria registrazione) prima dell&#8217;inizio dell&#8217;evento o del Corso, verr\u00e0 emesso un rimborso della quota di registrazione (meno il deposito non rimborsabile). Una volta iniziato il Laboratorio, il Corso o l&#8217;evento di formazione, non siamo in grado di offrire alcun rimborso. I rimborsi verranno solitamente accreditati sulla carta di credito utilizzata per acquistare la registrazione o restituiti tramite assegno.<\/p>\n<p><strong>TRASFERIMENTI ISCRIZIONE LABORATORIO<\/strong><\/p>\n<p>La CST consente il trasferimento delle iscrizioni da un Laboratorio all&#8217;altro fino a 30 giorni prima della data di inizio del Laboratorio originario. Tieni presente che entrambi i seminari devono svolgersi nello stesso anno fiscale (1 settembre &#8211; 31 agosto). Invia un&#8217;e-mail a info@simeontrust.org per trasferire la tua registrazione. Qualsiasi modifica entro 30 giorni dalla data di inizio del Laboratorio sar\u00e0 considerata una cancellazione e ti verr\u00e0 rimborsata la quota di registrazione, meno la quota non rimborsabile di $25. Quando trasferisci la tua registrazione ad un altro Laboratorio, devi specificare la sede del Seminario a cui intendi partecipare al momento del trasferimento. Non tratteniamo quote di iscrizione da utilizzare per un futuro Laboratorio non specificato.<\/p>\n<p><strong>ERRORI ED OMISSIONI<\/strong><\/p>\n<p>Facciamo del nostro meglio per fornire ai nostri partecipanti le informazioni pi\u00f9 accurate. Nel caso in cui si verificasse un errore, proveremo a contattare i partecipanti per metterli a conoscenza dell&#8217;errore. Tuttavia, ci riserviamo il diritto di correggere o annullare un ordine in qualsiasi momento e\/o modificare un ordine per riflettere la correzione e\/o correggere l&#8217;errore sul nostro sito web.<\/p>\n<p><strong>PUBBLICAZIONE DI FOTO\/VIDEO\/AUDIO<\/strong><\/p>\n<p>Poich\u00e9 parte della nostra piattaforma di formazione include la distribuzione di registrazioni digitali (inclusi audio, video e foto), la partecipazione a un Laboratorio, Corso o altro evento di formazione, autorizza la Charles Simeon Trust a utilizzare, riprodurre e\/o pubblicare fotografie e\/o video che possano riguardare i partecipanti, inclusa la loro immagine, somiglianza e\/o voce, senza compenso. La partecipazione indica che un partecipante comprende che il materiale registrato pu\u00f2 essere utilizzato in varie pubblicazioni, comunicati di affari pubblici, materiali pubblicitari o altre attivit\u00e0 correlate. Questo materiale pu\u00f2 anche apparire sul sito web della Charles Simeon Trust. L&#8217;autorizzazione \u00e8 continuativa. Se un partecipante ha dei dubbi riguardo questioni di privacy, contattaci e faremo del nostro meglio per soddisfare richieste specifiche.<\/p>\n","protected":false},"excerpt":{"rendered":"<p>Sin dalla fondazione dell&#8217;organizzazione, la nostra intenzione \u00e8 stata quella di mantenere le quote di registrazione sia per i Laboratori sull&#8217;Esposizione Biblica che per i Corsi Online, il pi\u00f9 basse e accessibili possibile per il pastore che lavora. Crediamo che, rispetto ad organizzazioni e conferenze per leader ministeriali simili, di aver avuto successo. Vi preghiamo&#8230;<\/p>\n","protected":false},"author":17,"featured_media":0,"parent":0,"menu_order":0,"comment_status":"closed","ping_status":"closed","template":"","meta":{"_acf_changed":false,"footnotes":""},"class_list":["post-18012","page","type-page","status-publish","hentry"],"acf":[],"yoast_head":"<!-- This site is optimized with the Yoast SEO plugin v27.3 - https:\/\/yoast.com\/product\/yoast-seo-wordpress\/ -->\n<title>Politiche di Registrazione - Charles Simeon Trust<\/title>\n<meta name=\"robots\" content=\"index, follow, max-snippet:-1, max-image-preview:large, max-video-preview:-1\" \/>\n<link rel=\"canonical\" href=\"https:\/\/simeontrust.org\/it\/politiche-di-registrazione\/\" \/>\n<meta property=\"og:locale\" content=\"it_IT\" \/>\n<meta property=\"og:type\" content=\"article\" \/>\n<meta property=\"og:title\" content=\"Politiche di Registrazione - Charles Simeon Trust\" \/>\n<meta property=\"og:description\" content=\"Sin dalla fondazione dell&#8217;organizzazione, la nostra intenzione \u00e8 stata quella di mantenere le quote di registrazione sia per i Laboratori sull&#8217;Esposizione Biblica che per i Corsi Online, il pi\u00f9 basse e accessibili possibile per il pastore che lavora. Crediamo che, rispetto ad organizzazioni e conferenze per leader ministeriali simili, di aver avuto successo. Vi preghiamo...\" \/>\n<meta property=\"og:url\" content=\"https:\/\/simeontrust.org\/it\/politiche-di-registrazione\/\" \/>\n<meta property=\"og:site_name\" content=\"Charles Simeon Trust\" \/>\n<meta property=\"article:modified_time\" content=\"2025-12-15T19:56:09+00:00\" \/>\n<meta name=\"twitter:card\" content=\"summary_large_image\" \/>\n<meta name=\"twitter:label1\" content=\"Tempo di lettura stimato\" \/>\n\t<meta name=\"twitter:data1\" content=\"6 minuto\" \/>\n<script type=\"application\/ld+json\" class=\"yoast-schema-graph\">{\"@context\":\"https:\\\/\\\/schema.org\",\"@graph\":[{\"@type\":\"WebPage\",\"@id\":\"https:\\\/\\\/simeontrust.org\\\/it\\\/politiche-di-registrazione\\\/\",\"url\":\"https:\\\/\\\/simeontrust.org\\\/it\\\/politiche-di-registrazione\\\/\",\"name\":\"Politiche di Registrazione - Charles Simeon Trust\",\"isPartOf\":{\"@id\":\"https:\\\/\\\/simeontrust.org\\\/#website\"},\"datePublished\":\"2024-04-01T21:06:56+00:00\",\"dateModified\":\"2025-12-15T19:56:09+00:00\",\"breadcrumb\":{\"@id\":\"https:\\\/\\\/simeontrust.org\\\/it\\\/politiche-di-registrazione\\\/#breadcrumb\"},\"inLanguage\":\"it-IT\",\"potentialAction\":[{\"@type\":\"ReadAction\",\"target\":[\"https:\\\/\\\/simeontrust.org\\\/it\\\/politiche-di-registrazione\\\/\"]}]},{\"@type\":\"BreadcrumbList\",\"@id\":\"https:\\\/\\\/simeontrust.org\\\/it\\\/politiche-di-registrazione\\\/#breadcrumb\",\"itemListElement\":[{\"@type\":\"ListItem\",\"position\":1,\"name\":\"Home\",\"item\":\"https:\\\/\\\/simeontrust.org\\\/it\\\/\"},{\"@type\":\"ListItem\",\"position\":2,\"name\":\"Politiche di Registrazione\"}]},{\"@type\":\"WebSite\",\"@id\":\"https:\\\/\\\/simeontrust.org\\\/#website\",\"url\":\"https:\\\/\\\/simeontrust.org\\\/\",\"name\":\"Simeon Trust\",\"description\":\"Training the next generation of Bible expositors.\",\"potentialAction\":[{\"@type\":\"SearchAction\",\"target\":{\"@type\":\"EntryPoint\",\"urlTemplate\":\"https:\\\/\\\/simeontrust.org\\\/?s={search_term_string}\"},\"query-input\":{\"@type\":\"PropertyValueSpecification\",\"valueRequired\":true,\"valueName\":\"search_term_string\"}}],\"inLanguage\":\"it-IT\"}]}<\/script>\n<!-- \/ Yoast SEO plugin. -->","yoast_head_json":{"title":"Politiche di Registrazione - Charles Simeon Trust","robots":{"index":"index","follow":"follow","max-snippet":"max-snippet:-1","max-image-preview":"max-image-preview:large","max-video-preview":"max-video-preview:-1"},"canonical":"https:\/\/simeontrust.org\/it\/politiche-di-registrazione\/","og_locale":"it_IT","og_type":"article","og_title":"Politiche di Registrazione - Charles Simeon Trust","og_description":"Sin dalla fondazione dell&#8217;organizzazione, la nostra intenzione \u00e8 stata quella di mantenere le quote di registrazione sia per i Laboratori sull&#8217;Esposizione Biblica che per i Corsi Online, il pi\u00f9 basse e accessibili possibile per il pastore che lavora. Crediamo che, rispetto ad organizzazioni e conferenze per leader ministeriali simili, di aver avuto successo. Vi preghiamo...","og_url":"https:\/\/simeontrust.org\/it\/politiche-di-registrazione\/","og_site_name":"Charles Simeon Trust","article_modified_time":"2025-12-15T19:56:09+00:00","twitter_card":"summary_large_image","twitter_misc":{"Tempo di lettura stimato":"6 minuto"},"schema":{"@context":"https:\/\/schema.org","@graph":[{"@type":"WebPage","@id":"https:\/\/simeontrust.org\/it\/politiche-di-registrazione\/","url":"https:\/\/simeontrust.org\/it\/politiche-di-registrazione\/","name":"Politiche di Registrazione - Charles Simeon Trust","isPartOf":{"@id":"https:\/\/simeontrust.org\/#website"},"datePublished":"2024-04-01T21:06:56+00:00","dateModified":"2025-12-15T19:56:09+00:00","breadcrumb":{"@id":"https:\/\/simeontrust.org\/it\/politiche-di-registrazione\/#breadcrumb"},"inLanguage":"it-IT","potentialAction":[{"@type":"ReadAction","target":["https:\/\/simeontrust.org\/it\/politiche-di-registrazione\/"]}]},{"@type":"BreadcrumbList","@id":"https:\/\/simeontrust.org\/it\/politiche-di-registrazione\/#breadcrumb","itemListElement":[{"@type":"ListItem","position":1,"name":"Home","item":"https:\/\/simeontrust.org\/it\/"},{"@type":"ListItem","position":2,"name":"Politiche di Registrazione"}]},{"@type":"WebSite","@id":"https:\/\/simeontrust.org\/#website","url":"https:\/\/simeontrust.org\/","name":"Simeon Trust","description":"Training the next generation of Bible expositors.","potentialAction":[{"@type":"SearchAction","target":{"@type":"EntryPoint","urlTemplate":"https:\/\/simeontrust.org\/?s={search_term_string}"},"query-input":{"@type":"PropertyValueSpecification","valueRequired":true,"valueName":"search_term_string"}}],"inLanguage":"it-IT"}]}},"_links":{"self":[{"href":"https:\/\/simeontrust.org\/it\/wp-json\/wp\/v2\/pages\/18012","targetHints":{"allow":["GET"]}}],"collection":[{"href":"https:\/\/simeontrust.org\/it\/wp-json\/wp\/v2\/pages"}],"about":[{"href":"https:\/\/simeontrust.org\/it\/wp-json\/wp\/v2\/types\/page"}],"author":[{"embeddable":true,"href":"https:\/\/simeontrust.org\/it\/wp-json\/wp\/v2\/users\/17"}],"replies":[{"embeddable":true,"href":"https:\/\/simeontrust.org\/it\/wp-json\/wp\/v2\/comments?post=18012"}],"version-history":[{"count":0,"href":"https:\/\/simeontrust.org\/it\/wp-json\/wp\/v2\/pages\/18012\/revisions"}],"wp:attachment":[{"href":"https:\/\/simeontrust.org\/it\/wp-json\/wp\/v2\/media?parent=18012"}],"curies":[{"name":"wp","href":"https:\/\/api.w.org\/{rel}","templated":true}]}}