{"id":1259,"date":"2018-04-17T12:31:14","date_gmt":"2018-04-17T16:31:14","guid":{"rendered":"http:\/\/simeontrust.wpengine.com\/general-page-template-3\/"},"modified":"2025-12-15T14:55:36","modified_gmt":"2025-12-15T19:55:36","slug":"politicas-de-registros-2","status":"publish","type":"page","link":"https:\/\/simeontrust.org\/pt-pt\/politicas-de-registros-2\/","title":{"rendered":"Pol\u00edticas de Registros"},"content":{"rendered":"<p>Desde a funda\u00e7\u00e3o da organiza\u00e7\u00e3o, nossa inten\u00e7\u00e3o tem sido manter as taxas de inscri\u00e7\u00e3o para as Oficinas de Exposi\u00e7\u00e3o B\u00edblica e os Cursos Online as mais baixas e acess\u00edveis poss\u00edveis para o pastor. E acreditamos que obtivemos sucesso, em compara\u00e7\u00e3o com organiza\u00e7\u00f5es e confer\u00eancias semelhantes para l\u00edderes de minist\u00e9rio. Por favor, entre em contato conosco caso a pol\u00edtica de taxas tenha um efeito prejudicial em sua capacidade de participar das Oficinas de Exposi\u00e7\u00e3o B\u00edblica ou dos Cursos On-line. N\u00e3o \u00e9 nossa inten\u00e7\u00e3o excluir ningu\u00e9m com base em sua capacidade de pagar o registro ou a taxa de matr\u00edcula. E embora n\u00e3o possamos prometer que teremos a capacidade de rever esta pol\u00edtica individualmente ou de fazer exce\u00e7\u00f5es, gostar\u00edamos da oportunidade de conversar a respeito.<\/p>\n<p>OFICINAS DE EXPOSI\u00c7\u00c3O B\u00cdBLICA<br \/>\nAs Oficinas de Exposi\u00e7\u00e3o B\u00edblica t\u00eam as taxas de inscri\u00e7\u00e3o conforme divulgadas (dos quais o valor pago \u00e9 um dep\u00f3sito n\u00e3o reembols\u00e1vel, independentemente da taxa).<\/p>\n<p><strong>CURSOS ONLINE<br \/>\n<\/strong>As taxas de inscri\u00e7\u00e3o para o curso on-line s\u00e3o as informadas. Taxas adicionais, como as v\u00e1rias op\u00e7\u00f5es de \u201ccr\u00e9ditos acad\u00eamicos para semin\u00e1rio\u201d, n\u00e3o s\u00e3o reembols\u00e1veis, pois, em cada caso, essas taxas s\u00e3o repassadas para outra organiza\u00e7\u00e3o (por exemplo, o semin\u00e1rio). Nenhuma exce\u00e7\u00e3o \u00e9 poss\u00edvel.<\/p>\n<p>POL\u00cdTICA DE CANCELAMENTO<br \/>\nCustos de inscri\u00e7\u00e3o em oficinas e cursos e seus respectivos dep\u00f3sitos n\u00e3o reembols\u00e1veis ser\u00e3o publicados no site da Charles Simeon Trust. Caso o Charles Simeon Trust cancele uma Oficina ou um Curso On-line em andamento ou antes do in\u00edcio da Oficina ou Curso, um reembolso total de todas as taxas pagas ser\u00e1 feito aos participantes que estiverem inscritos. Em caso de cancelamento antes do in\u00edcio de uma Oficina, Curso ou outro evento de treinamento, um reembolso total de todas as taxas pagas ser\u00e1 feito para todos os participantes. Somente participantes registrados e pagos (pagos parcial ou integralmente) ser\u00e3o eleg\u00edveis para um reembolso. Os reembolsos levar\u00e3o aproximadamente duas semanas a partir da data de cancelamento confirmada para serem feitos. A inscri\u00e7\u00e3o e participa\u00e7\u00e3o em uma Oficina, Curso ou outro evento de treinamento constitui um reconhecimento dessas pol\u00edticas, bem como uma responsabilidade de suposi\u00e7\u00e3o ao participar de uma Oficina, Curso ou outro evento de treinamento. A participa\u00e7\u00e3o em uma Oficina, Curso ou outro evento de treinamento tamb\u00e9m constitui uma ren\u00fancia de toda responsabilidade pelo Charles Simeon Trust, na medida em que Oficina, Cursos e eventos de treinamento n\u00e3o ocorram na propriedade Charles Simeon Trust.<\/p>\n<p>CANCELAMENTO<br \/>\nNo caso de um participante solicitar o cancelamento de uma Oficina, Curso ou evento de treinamento (ou seja, cancelar sua pr\u00f3pria inscri\u00e7\u00e3o) antes do evento ou Curso ter come\u00e7ado, ser\u00e1 emitido um reembolso da taxa de inscri\u00e7\u00e3o (menos o dep\u00f3sito n\u00e3o reembols\u00e1vel). Uma vez que a Oficina, Curso ou evento de treinamento tenha come\u00e7ado, n\u00e3o podemos oferecer nenhum reembolso. Os reembolsos geralmente ser\u00e3o creditados no cart\u00e3o de cr\u00e9dito usado para efetuar o registro ou devolvido por meio de cheque.<\/p>\n<p>ERROS E OMISS\u00d5ES<br \/>\nFazemos o melhor poss\u00edvel para fornecer aos participantes as informa\u00e7\u00f5es mais precisas. No caso de ocorrer um erro, tentaremos contatar os participantes para alert\u00e1-los sobre o erro. No entanto, nos reservamos o direito de corrigir ou cancelar um pedido a qualquer momento e\/ou editar um pedido para refletir a corre\u00e7\u00e3o e\/ou corrigir o erro em nosso site.<\/p>\n<p>LIBERA\u00c7\u00c3O DE \u00c1UDIO\/FOTO\/V\u00cdDEO\/<br \/>\nComo parte de nossa plataforma de treinamento inclui a distribui\u00e7\u00e3o de grava\u00e7\u00f5es digitais (incluindo \u00e1udio, v\u00eddeos e fotos), a participa\u00e7\u00e3o em uma Oficina, Curso ou outro evento de treinamento constitui permiss\u00e3o para o Charles Simeon Trust usar, reproduzir e\/ou publicar fotografias,\u00a0 e\/ou v\u00eddeos que podem pertencer aos participantes, incluindo sua imagem e\/ou voz sem compensa\u00e7\u00e3o. A participa\u00e7\u00e3o indica que um participante entende que o material gravado pode ser usado em v\u00e1rias publica\u00e7\u00f5es, materiais de divulga\u00e7\u00e3o p\u00fablica, materiais de recrutamento ou outros empreendimentos relacionados. Este material tamb\u00e9m pode aparecer no site da Charles Simeon Trust. Esta autoriza\u00e7\u00e3o \u00e9 cont\u00ednua. Se a privacidade do participante for uma preocupa\u00e7\u00e3o, entre em contato e faremos o melhor para atender a solicita\u00e7\u00f5es espec\u00edficas.<\/p>\n<p>Se voc\u00ea tiver qualquer d\u00favida ou preocupa\u00e7\u00e3o, por favor entre em contato conosco.<\/p>\n","protected":false},"excerpt":{"rendered":"<p>Desde a funda\u00e7\u00e3o da organiza\u00e7\u00e3o, nossa inten\u00e7\u00e3o tem sido manter as taxas de inscri\u00e7\u00e3o para as Oficinas de Exposi\u00e7\u00e3o B\u00edblica e os Cursos Online as mais baixas e acess\u00edveis poss\u00edveis para o pastor. E acreditamos que obtivemos sucesso, em compara\u00e7\u00e3o com organiza\u00e7\u00f5es e confer\u00eancias semelhantes para l\u00edderes de minist\u00e9rio. Por favor, entre em contato conosco&#8230;<\/p>\n","protected":false},"author":17,"featured_media":0,"parent":0,"menu_order":0,"comment_status":"closed","ping_status":"closed","template":"","meta":{"_acf_changed":false,"footnotes":""},"class_list":["post-1259","page","type-page","status-publish","hentry"],"acf":[],"yoast_head":"<!-- This site is optimized with the Yoast SEO plugin v27.3 - https:\/\/yoast.com\/product\/yoast-seo-wordpress\/ -->\n<title>Pol\u00edticas de Registros - Charles Simeon Trust<\/title>\n<meta name=\"robots\" content=\"index, follow, max-snippet:-1, max-image-preview:large, max-video-preview:-1\" \/>\n<link rel=\"canonical\" href=\"https:\/\/simeontrust.org\/pt-pt\/politicas-de-registros-2\/\" \/>\n<meta property=\"og:locale\" content=\"pt_PT\" \/>\n<meta property=\"og:type\" content=\"article\" \/>\n<meta property=\"og:title\" content=\"Pol\u00edticas de Registros - Charles Simeon Trust\" \/>\n<meta property=\"og:description\" content=\"Desde a funda\u00e7\u00e3o da organiza\u00e7\u00e3o, nossa inten\u00e7\u00e3o tem sido manter as taxas de inscri\u00e7\u00e3o para as Oficinas de Exposi\u00e7\u00e3o B\u00edblica e os Cursos Online as mais baixas e acess\u00edveis poss\u00edveis para o pastor. E acreditamos que obtivemos sucesso, em compara\u00e7\u00e3o com organiza\u00e7\u00f5es e confer\u00eancias semelhantes para l\u00edderes de minist\u00e9rio. Por favor, entre em contato conosco...\" \/>\n<meta property=\"og:url\" content=\"https:\/\/simeontrust.org\/pt-pt\/politicas-de-registros-2\/\" \/>\n<meta property=\"og:site_name\" content=\"Charles Simeon Trust\" \/>\n<meta property=\"article:modified_time\" content=\"2025-12-15T19:55:36+00:00\" \/>\n<meta name=\"twitter:card\" content=\"summary_large_image\" \/>\n<meta name=\"twitter:label1\" content=\"Tempo estimado de leitura\" \/>\n\t<meta name=\"twitter:data1\" content=\"4 minutos\" \/>\n<script type=\"application\/ld+json\" class=\"yoast-schema-graph\">{\"@context\":\"https:\\\/\\\/schema.org\",\"@graph\":[{\"@type\":\"WebPage\",\"@id\":\"https:\\\/\\\/simeontrust.org\\\/pt-pt\\\/politicas-de-registros-2\\\/\",\"url\":\"https:\\\/\\\/simeontrust.org\\\/pt-pt\\\/politicas-de-registros-2\\\/\",\"name\":\"Pol\u00edticas de Registros - Charles Simeon Trust\",\"isPartOf\":{\"@id\":\"https:\\\/\\\/simeontrust.org\\\/#website\"},\"datePublished\":\"2018-04-17T16:31:14+00:00\",\"dateModified\":\"2025-12-15T19:55:36+00:00\",\"breadcrumb\":{\"@id\":\"https:\\\/\\\/simeontrust.org\\\/pt-pt\\\/politicas-de-registros-2\\\/#breadcrumb\"},\"inLanguage\":\"pt-PT\",\"potentialAction\":[{\"@type\":\"ReadAction\",\"target\":[\"https:\\\/\\\/simeontrust.org\\\/pt-pt\\\/politicas-de-registros-2\\\/\"]}]},{\"@type\":\"BreadcrumbList\",\"@id\":\"https:\\\/\\\/simeontrust.org\\\/pt-pt\\\/politicas-de-registros-2\\\/#breadcrumb\",\"itemListElement\":[{\"@type\":\"ListItem\",\"position\":1,\"name\":\"Home\",\"item\":\"https:\\\/\\\/simeontrust.org\\\/pt-pt\\\/\"},{\"@type\":\"ListItem\",\"position\":2,\"name\":\"Pol\u00edticas de Registros\"}]},{\"@type\":\"WebSite\",\"@id\":\"https:\\\/\\\/simeontrust.org\\\/#website\",\"url\":\"https:\\\/\\\/simeontrust.org\\\/\",\"name\":\"Simeon Trust\",\"description\":\"Training the next generation of Bible expositors.\",\"potentialAction\":[{\"@type\":\"SearchAction\",\"target\":{\"@type\":\"EntryPoint\",\"urlTemplate\":\"https:\\\/\\\/simeontrust.org\\\/?s={search_term_string}\"},\"query-input\":{\"@type\":\"PropertyValueSpecification\",\"valueRequired\":true,\"valueName\":\"search_term_string\"}}],\"inLanguage\":\"pt-PT\"}]}<\/script>\n<!-- \/ Yoast SEO plugin. -->","yoast_head_json":{"title":"Pol\u00edticas de Registros - Charles Simeon Trust","robots":{"index":"index","follow":"follow","max-snippet":"max-snippet:-1","max-image-preview":"max-image-preview:large","max-video-preview":"max-video-preview:-1"},"canonical":"https:\/\/simeontrust.org\/pt-pt\/politicas-de-registros-2\/","og_locale":"pt_PT","og_type":"article","og_title":"Pol\u00edticas de Registros - Charles Simeon Trust","og_description":"Desde a funda\u00e7\u00e3o da organiza\u00e7\u00e3o, nossa inten\u00e7\u00e3o tem sido manter as taxas de inscri\u00e7\u00e3o para as Oficinas de Exposi\u00e7\u00e3o B\u00edblica e os Cursos Online as mais baixas e acess\u00edveis poss\u00edveis para o pastor. E acreditamos que obtivemos sucesso, em compara\u00e7\u00e3o com organiza\u00e7\u00f5es e confer\u00eancias semelhantes para l\u00edderes de minist\u00e9rio. Por favor, entre em contato conosco...","og_url":"https:\/\/simeontrust.org\/pt-pt\/politicas-de-registros-2\/","og_site_name":"Charles Simeon Trust","article_modified_time":"2025-12-15T19:55:36+00:00","twitter_card":"summary_large_image","twitter_misc":{"Tempo estimado de leitura":"4 minutos"},"schema":{"@context":"https:\/\/schema.org","@graph":[{"@type":"WebPage","@id":"https:\/\/simeontrust.org\/pt-pt\/politicas-de-registros-2\/","url":"https:\/\/simeontrust.org\/pt-pt\/politicas-de-registros-2\/","name":"Pol\u00edticas de Registros - Charles Simeon Trust","isPartOf":{"@id":"https:\/\/simeontrust.org\/#website"},"datePublished":"2018-04-17T16:31:14+00:00","dateModified":"2025-12-15T19:55:36+00:00","breadcrumb":{"@id":"https:\/\/simeontrust.org\/pt-pt\/politicas-de-registros-2\/#breadcrumb"},"inLanguage":"pt-PT","potentialAction":[{"@type":"ReadAction","target":["https:\/\/simeontrust.org\/pt-pt\/politicas-de-registros-2\/"]}]},{"@type":"BreadcrumbList","@id":"https:\/\/simeontrust.org\/pt-pt\/politicas-de-registros-2\/#breadcrumb","itemListElement":[{"@type":"ListItem","position":1,"name":"Home","item":"https:\/\/simeontrust.org\/pt-pt\/"},{"@type":"ListItem","position":2,"name":"Pol\u00edticas de Registros"}]},{"@type":"WebSite","@id":"https:\/\/simeontrust.org\/#website","url":"https:\/\/simeontrust.org\/","name":"Simeon Trust","description":"Training the next generation of Bible expositors.","potentialAction":[{"@type":"SearchAction","target":{"@type":"EntryPoint","urlTemplate":"https:\/\/simeontrust.org\/?s={search_term_string}"},"query-input":{"@type":"PropertyValueSpecification","valueRequired":true,"valueName":"search_term_string"}}],"inLanguage":"pt-PT"}]}},"_links":{"self":[{"href":"https:\/\/simeontrust.org\/pt-pt\/wp-json\/wp\/v2\/pages\/1259","targetHints":{"allow":["GET"]}}],"collection":[{"href":"https:\/\/simeontrust.org\/pt-pt\/wp-json\/wp\/v2\/pages"}],"about":[{"href":"https:\/\/simeontrust.org\/pt-pt\/wp-json\/wp\/v2\/types\/page"}],"author":[{"embeddable":true,"href":"https:\/\/simeontrust.org\/pt-pt\/wp-json\/wp\/v2\/users\/17"}],"replies":[{"embeddable":true,"href":"https:\/\/simeontrust.org\/pt-pt\/wp-json\/wp\/v2\/comments?post=1259"}],"version-history":[{"count":0,"href":"https:\/\/simeontrust.org\/pt-pt\/wp-json\/wp\/v2\/pages\/1259\/revisions"}],"wp:attachment":[{"href":"https:\/\/simeontrust.org\/pt-pt\/wp-json\/wp\/v2\/media?parent=1259"}],"curies":[{"name":"wp","href":"https:\/\/api.w.org\/{rel}","templated":true}]}}