{"id":3353,"date":"2018-08-14T15:43:35","date_gmt":"2018-08-14T19:43:35","guid":{"rendered":"http:\/\/simeontrust.wpengine.com\/?page_id=3353"},"modified":"2025-11-26T11:21:22","modified_gmt":"2025-11-26T16:21:22","slug":"uma-breve-historia","status":"publish","type":"page","link":"https:\/\/simeontrust.org\/pt-pt\/about-2\/uma-breve-historia\/","title":{"rendered":"Uma Breve Hist\u00f3ria"},"content":{"rendered":"<p>Em 1998, os pastores David Helm e Jon Dennis come\u00e7aram a plantar uma igreja no lado sul de Chicago chamada Holy Trinity Church. Desde o in\u00edcio, a Holy Trinity Church teve o treinamento em seus planos. De fato, a terceira das tr\u00eas divis\u00f5es em sua filosofia de minist\u00e9rio \u00e9 dedicada \u00e0 id\u00e9ia de treinamento para infundir a Palavra de Deus na mente dos crist\u00e3os. E assim, Helm e Dennis tiveram um cuidado especial em identificar homens e mulheres jovens e promissores, com o prop\u00f3sito de trein\u00e1-los para o minist\u00e9rio. A cada ano, um ou dois jovens no meio do semin\u00e1rio chegavam prontos para o treinamento. Como a iniciativa cresceu, tamb\u00e9m aumentou a necessidade de destinar recursos e tempo para treinamento.<\/p>\n<p>Em 2000-2001, nasceu o <em>Chicago Plan<\/em> (Modelo Simeon). Ele combinava tr\u00eas elementos distintos: ensino no estilo de sala de aula, exposi\u00e7\u00e3o ao minist\u00e9rio no dia-a-dia de igreja e a mentoria de um pastor experiente. O programa cresceu para a participa\u00e7\u00e3o de seis ou sete participantes por ano. Enquanto isso, a <em>College Church<\/em> em Wheaton (uma cidade pr\u00f3xima de Chicago) continuava a sediar anualmente sua <em>Oficina sobre Exposi\u00e7\u00e3o B\u00edblica<\/em> (<em>Workshop on Biblical Exposition) <\/em>&#8211; um workshop modelado e inspirado nos eventos realizados por Dick Lucas e pela <em>Proclamation Trust<\/em> em Londres. A oficina de Wheaton estava crescendo rapidamente a ponto de demandar novos locais. As igrejas parceiras em todo os EUA come\u00e7aram a sediar vers\u00f5es regionais das oficinas. Com as oficinas crescendo t\u00e3o rapidamente e o <em>Chicago Plan<\/em> exigindo apoio institucional, uma nova organiza\u00e7\u00e3o era necess\u00e1ria.<\/p>\n<p>O <em>Charles Simeon Trust<\/em> foi fundado em janeiro de 2001 por David Helm, Jon Dennis e Kent Hughes (ent\u00e3o da <em>College Church<\/em>). Recebeu o nome de Charles Simeon, um evangelista e professor de pregadores em Cambridge, Inglaterra, que ministrou por 54 anos \u00e1rduos. Voc\u00ea pode ler mais sobre Charles Simeon neste pequeno esbo\u00e7o biogr\u00e1fico [pdf, 167kb]. A nova organiza\u00e7\u00e3o assumiu a gest\u00e3o das oficinas e do <em>Chicago Plan<\/em>. Em 2005, o <em>Trust<\/em> contratou Robert S. Kinney como Diretor de Minist\u00e9rio. Seu papel era come\u00e7ar a expandir o trabalho e construir a organiza\u00e7\u00e3o. Em 2007, as oficinas haviam se espalhado para nove locais e o n\u00famero de participantes do Chicago Plan cresceu para 25 alunos. A din\u00e2mica de ensino da sala de aula ainda acontecia em uma \u00fanica tarde e os participantes estavam trabalhando em cinco igrejas\/congrega\u00e7\u00f5es diferentes e sendo orientados por cinco pastores diferentes. Dada a r\u00e1pida expans\u00e3o, mais uma vez era hora de avaliar a infraestrutura e a metodologia. Juntamente com um rec\u00e9m-contratado Diretor de Treinamento, o Diretor de Minist\u00e9rio e o Diretor Executivo come\u00e7aram a trabalhar em nossos cursos on-line. Os cursos (ent\u00e3o chamados de Curso Simeon) tornaram-se uma plataforma online para treinamento em exposi\u00e7\u00e3o e foram lan\u00e7ados no outono de 2009.<\/p>\n<p>Desde a funda\u00e7\u00e3o do <em>Charles Simeon Trust<\/em>, as Oficinas continuaram a crescer. Em 2011, o Trust come\u00e7ou oficinas dedicadas para mulheres no minist\u00e9rio. Estes se mostraram imensamente populares e come\u00e7aram a se regionalizar nos Estados Unidos e no Canad\u00e1 no ano seguinte. Em 2013, sob a dire\u00e7\u00e3o do Conselho de Diretoria, o Trust come\u00e7ou a promover oficinas para pastores fora dos EUA e do Canad\u00e1. Com base em novos trabalhos na \u00cdndia e em Cuba, as oficinas expandiram-se para 19 pa\u00edses nos quatro anos seguintes, atingindo centenas e milhares de novos pastores. As oficinas para mulheres tamb\u00e9m est\u00e3o agora se expandindo internacionalmente.<\/p>\n","protected":false},"excerpt":{"rendered":"<p>Em 1998, os pastores David Helm e Jon Dennis come\u00e7aram a plantar uma igreja no lado sul de Chicago chamada Holy Trinity Church. Desde o in\u00edcio, a Holy Trinity Church teve o treinamento em seus planos. De fato, a terceira das tr\u00eas divis\u00f5es em sua filosofia de minist\u00e9rio \u00e9 dedicada \u00e0 id\u00e9ia de treinamento para&#8230;<\/p>\n","protected":false},"author":28,"featured_media":0,"parent":662,"menu_order":0,"comment_status":"closed","ping_status":"closed","template":"","meta":{"_acf_changed":false,"footnotes":""},"class_list":["post-3353","page","type-page","status-publish","hentry"],"acf":[],"yoast_head":"<!-- This site is optimized with the Yoast SEO plugin v27.3 - https:\/\/yoast.com\/product\/yoast-seo-wordpress\/ -->\n<title>Uma Breve Hist\u00f3ria - Charles Simeon Trust<\/title>\n<meta name=\"robots\" content=\"index, follow, max-snippet:-1, max-image-preview:large, max-video-preview:-1\" \/>\n<link rel=\"canonical\" href=\"https:\/\/simeontrust.org\/pt-pt\/about-2\/uma-breve-historia\/\" \/>\n<meta property=\"og:locale\" content=\"pt_PT\" \/>\n<meta property=\"og:type\" content=\"article\" \/>\n<meta property=\"og:title\" content=\"Uma Breve Hist\u00f3ria - Charles Simeon Trust\" \/>\n<meta property=\"og:description\" content=\"Em 1998, os pastores David Helm e Jon Dennis come\u00e7aram a plantar uma igreja no lado sul de Chicago chamada Holy Trinity Church. Desde o in\u00edcio, a Holy Trinity Church teve o treinamento em seus planos. De fato, a terceira das tr\u00eas divis\u00f5es em sua filosofia de minist\u00e9rio \u00e9 dedicada \u00e0 id\u00e9ia de treinamento para...\" \/>\n<meta property=\"og:url\" content=\"https:\/\/simeontrust.org\/pt-pt\/about-2\/uma-breve-historia\/\" \/>\n<meta property=\"og:site_name\" content=\"Charles Simeon Trust\" \/>\n<meta property=\"article:modified_time\" content=\"2025-11-26T16:21:22+00:00\" \/>\n<meta name=\"twitter:card\" content=\"summary_large_image\" \/>\n<meta name=\"twitter:label1\" content=\"Tempo estimado de leitura\" \/>\n\t<meta name=\"twitter:data1\" content=\"5 minutos\" \/>\n<script type=\"application\/ld+json\" class=\"yoast-schema-graph\">{\"@context\":\"https:\\\/\\\/schema.org\",\"@graph\":[{\"@type\":\"WebPage\",\"@id\":\"https:\\\/\\\/simeontrust.org\\\/pt-pt\\\/about-2\\\/uma-breve-historia\\\/\",\"url\":\"https:\\\/\\\/simeontrust.org\\\/pt-pt\\\/about-2\\\/uma-breve-historia\\\/\",\"name\":\"Uma Breve Hist\u00f3ria - Charles Simeon Trust\",\"isPartOf\":{\"@id\":\"https:\\\/\\\/simeontrust.org\\\/#website\"},\"datePublished\":\"2018-08-14T19:43:35+00:00\",\"dateModified\":\"2025-11-26T16:21:22+00:00\",\"breadcrumb\":{\"@id\":\"https:\\\/\\\/simeontrust.org\\\/pt-pt\\\/about-2\\\/uma-breve-historia\\\/#breadcrumb\"},\"inLanguage\":\"pt-PT\",\"potentialAction\":[{\"@type\":\"ReadAction\",\"target\":[\"https:\\\/\\\/simeontrust.org\\\/pt-pt\\\/about-2\\\/uma-breve-historia\\\/\"]}]},{\"@type\":\"BreadcrumbList\",\"@id\":\"https:\\\/\\\/simeontrust.org\\\/pt-pt\\\/about-2\\\/uma-breve-historia\\\/#breadcrumb\",\"itemListElement\":[{\"@type\":\"ListItem\",\"position\":1,\"name\":\"Home\",\"item\":\"https:\\\/\\\/simeontrust.org\\\/pt-pt\\\/\"},{\"@type\":\"ListItem\",\"position\":2,\"name\":\"Quem Somos\",\"item\":\"https:\\\/\\\/simeontrust.org\\\/pt-pt\\\/about-2\\\/\"},{\"@type\":\"ListItem\",\"position\":3,\"name\":\"Uma Breve Hist\u00f3ria\"}]},{\"@type\":\"WebSite\",\"@id\":\"https:\\\/\\\/simeontrust.org\\\/#website\",\"url\":\"https:\\\/\\\/simeontrust.org\\\/\",\"name\":\"Simeon Trust\",\"description\":\"Training the next generation of Bible expositors.\",\"potentialAction\":[{\"@type\":\"SearchAction\",\"target\":{\"@type\":\"EntryPoint\",\"urlTemplate\":\"https:\\\/\\\/simeontrust.org\\\/?s={search_term_string}\"},\"query-input\":{\"@type\":\"PropertyValueSpecification\",\"valueRequired\":true,\"valueName\":\"search_term_string\"}}],\"inLanguage\":\"pt-PT\"}]}<\/script>\n<!-- \/ Yoast SEO plugin. -->","yoast_head_json":{"title":"Uma Breve Hist\u00f3ria - Charles Simeon Trust","robots":{"index":"index","follow":"follow","max-snippet":"max-snippet:-1","max-image-preview":"max-image-preview:large","max-video-preview":"max-video-preview:-1"},"canonical":"https:\/\/simeontrust.org\/pt-pt\/about-2\/uma-breve-historia\/","og_locale":"pt_PT","og_type":"article","og_title":"Uma Breve Hist\u00f3ria - Charles Simeon Trust","og_description":"Em 1998, os pastores David Helm e Jon Dennis come\u00e7aram a plantar uma igreja no lado sul de Chicago chamada Holy Trinity Church. Desde o in\u00edcio, a Holy Trinity Church teve o treinamento em seus planos. De fato, a terceira das tr\u00eas divis\u00f5es em sua filosofia de minist\u00e9rio \u00e9 dedicada \u00e0 id\u00e9ia de treinamento para...","og_url":"https:\/\/simeontrust.org\/pt-pt\/about-2\/uma-breve-historia\/","og_site_name":"Charles Simeon Trust","article_modified_time":"2025-11-26T16:21:22+00:00","twitter_card":"summary_large_image","twitter_misc":{"Tempo estimado de leitura":"5 minutos"},"schema":{"@context":"https:\/\/schema.org","@graph":[{"@type":"WebPage","@id":"https:\/\/simeontrust.org\/pt-pt\/about-2\/uma-breve-historia\/","url":"https:\/\/simeontrust.org\/pt-pt\/about-2\/uma-breve-historia\/","name":"Uma Breve Hist\u00f3ria - Charles Simeon Trust","isPartOf":{"@id":"https:\/\/simeontrust.org\/#website"},"datePublished":"2018-08-14T19:43:35+00:00","dateModified":"2025-11-26T16:21:22+00:00","breadcrumb":{"@id":"https:\/\/simeontrust.org\/pt-pt\/about-2\/uma-breve-historia\/#breadcrumb"},"inLanguage":"pt-PT","potentialAction":[{"@type":"ReadAction","target":["https:\/\/simeontrust.org\/pt-pt\/about-2\/uma-breve-historia\/"]}]},{"@type":"BreadcrumbList","@id":"https:\/\/simeontrust.org\/pt-pt\/about-2\/uma-breve-historia\/#breadcrumb","itemListElement":[{"@type":"ListItem","position":1,"name":"Home","item":"https:\/\/simeontrust.org\/pt-pt\/"},{"@type":"ListItem","position":2,"name":"Quem Somos","item":"https:\/\/simeontrust.org\/pt-pt\/about-2\/"},{"@type":"ListItem","position":3,"name":"Uma Breve Hist\u00f3ria"}]},{"@type":"WebSite","@id":"https:\/\/simeontrust.org\/#website","url":"https:\/\/simeontrust.org\/","name":"Simeon Trust","description":"Training the next generation of Bible expositors.","potentialAction":[{"@type":"SearchAction","target":{"@type":"EntryPoint","urlTemplate":"https:\/\/simeontrust.org\/?s={search_term_string}"},"query-input":{"@type":"PropertyValueSpecification","valueRequired":true,"valueName":"search_term_string"}}],"inLanguage":"pt-PT"}]}},"_links":{"self":[{"href":"https:\/\/simeontrust.org\/pt-pt\/wp-json\/wp\/v2\/pages\/3353","targetHints":{"allow":["GET"]}}],"collection":[{"href":"https:\/\/simeontrust.org\/pt-pt\/wp-json\/wp\/v2\/pages"}],"about":[{"href":"https:\/\/simeontrust.org\/pt-pt\/wp-json\/wp\/v2\/types\/page"}],"author":[{"embeddable":true,"href":"https:\/\/simeontrust.org\/pt-pt\/wp-json\/wp\/v2\/users\/28"}],"replies":[{"embeddable":true,"href":"https:\/\/simeontrust.org\/pt-pt\/wp-json\/wp\/v2\/comments?post=3353"}],"version-history":[{"count":0,"href":"https:\/\/simeontrust.org\/pt-pt\/wp-json\/wp\/v2\/pages\/3353\/revisions"}],"up":[{"embeddable":true,"href":"https:\/\/simeontrust.org\/pt-pt\/wp-json\/wp\/v2\/pages\/662"}],"wp:attachment":[{"href":"https:\/\/simeontrust.org\/pt-pt\/wp-json\/wp\/v2\/media?parent=3353"}],"curies":[{"name":"wp","href":"https:\/\/api.w.org\/{rel}","templated":true}]}}