{"id":3356,"date":"2018-08-14T15:55:36","date_gmt":"2018-08-14T19:55:36","guid":{"rendered":"http:\/\/simeontrust.wpengine.com\/?page_id=3356"},"modified":"2018-08-14T16:11:43","modified_gmt":"2018-08-14T20:11:43","slug":"curso-de-chicago-de-pregacao","status":"publish","type":"page","link":"https:\/\/simeontrust.org\/pt-pt\/curso-de-chicago-de-pregacao\/","title":{"rendered":"Curso de Chicago de Prega\u00e7\u00e3o"},"content":{"rendered":"<p><strong>OBSERVA\u00c7\u00c3O:<\/strong> Por hora, o curo est\u00e1 dispon\u00edvel apenas em ingl\u00eas.<\/p>\n<p>Acreditamos que a Palavra de Deus \u00e9 como Ele trabalha no mundo \u2013 por meio da proclama\u00e7\u00e3o fiel de sua Palavra por, para e entre seu povo. <em>Isto significa que \u00e9 de grande import\u00e2ncia a maneira como o seu povo \u00e9 treinado para pregar a sua Palavra.<\/em> Deve ser pr\u00e1tico e baseado em habilidades, n\u00e3o focado apenas na transmiss\u00e3o de conhecimento. Deve funcionar na alma do pregador, n\u00e3o apenas na mente. E deve ser para a gl\u00f3ria do nome de Deus.<\/p>\n<p>O Curso de Chicago de Prega\u00e7\u00e3o (CCP) procura fornecer o melhor treinamento pr\u00e1tico poss\u00edvel no manejo da B\u00edblia para a pr\u00f3xima gera\u00e7\u00e3o de pregadores.<\/p>\n<p>O CCP \u00e9 para aqueles no minist\u00e9rio que procuram aprofundar suas habilidades e convic\u00e7\u00f5es na prega\u00e7\u00e3o expositiva, bem como aqueles que est\u00e3o considerando se o minist\u00e9rio \u00e9 para eles. O curso \u00e9 uma resid\u00eancia de um ano (per\u00edodo integral) ou de dois anos ou tr\u00eas anos (meio per\u00edodo) em Chicago. Ele segue o ano acad\u00eamico local (setembro a junho) e estaremos tendo nossa primeira turma de alunos a partir de 2019.<\/p>\n<p>O QUE \u00c9: CURR\u00cdCULO E CALEND\u00c1RIO<br \/>\nO CCP distingue-se pelo seu compromisso com o treinamento rigoroso baseado em habilidades na exposi\u00e7\u00e3o b\u00edblica combinado com a pr\u00e1tica orientada dentro da igreja local. Isso significa, na maioria dos casos, que o participante permanece ativamente engajado em uma congrega\u00e7\u00e3o onde seu aprendizado em sala de aula pode ser imediatamente colocado em pr\u00e1tica. Para saber mais sobre nosso curr\u00edculo, os v\u00e1rios formatos para fazer o curso e outros detalhes, d\u00ea uma olhada nestes documentos:<\/p>\n<p>&#8211; Curr\u00edculo do Curso<br \/>\n&#8211; Calend\u00e1rio Acad\u00eamico<br \/>\n&#8211; Livreto Promocional<\/p>\n<p>ONDE: CHICAGO<br \/>\nO CCP \u00e9 estrategicamente localizado em Hyde Park, nos arredores de Chicago. Saiba mais <u>onde estamos e como chegar.<\/u> Hyde Park \u00e9 a casa de muitos semin\u00e1rios e escolas teol\u00f3gicas, bem como da Universidade de Chicago, a <em>alma mater<\/em> de Indiana Jones.<\/p>\n<p>QUEM: PROFESSORES<br \/>\nUm curso sobre prega\u00e7\u00e3o deve ser ministrado por pregadores e especialistas experientes. O CCP \u00e9 dirigido pelo Rev. Jeremy Meeks. O corpo docente inclui o Rev. David R. Helm, o Rev. Dr. Robert S. Kinney, o Rev. Romell Williams, Jr. e &#8230;<\/p>\n<p>Conhe\u00e7a o nosso corpo docente.<\/p>\n<p>PR\u00d3XIMO PASSO: PROCESSO DE INSCRI\u00c7\u00c3O<br \/>\nExistem tr\u00eas etapas simples do nosso processo de inscri\u00e7\u00e3o.<\/p>\n<ol>\n<li>O primeiro passo \u00e9 preencher o requerimento do CCP on-line.<\/li>\n<li>Em seguida, envie tr\u00eas refer\u00eancias: <u>Fichas de Refer\u00eancia<\/u> [pdf, &#8212; kb].<\/li>\n<li>Por fim, agende uma entrevista entrando em contato conosco.<\/li>\n<\/ol>\n<p>POSICIONAMENTO DA IGREJA<br \/>\nUma vez inscrito como aluno, precisaremos classificar o posicionamento da sua igreja. Se voc\u00ea estiver vindo de uma igreja local comprometida com seu treinamento, trabalharemos com o(s) pastor(es) dessa igreja para elaborar um conjunto de expectativas de orienta\u00e7\u00e3o e exposi\u00e7\u00e3o do minist\u00e9rio. Se voc\u00ea estiver vindo de fora de Chicago, trabalharemos com uma de nossas <u>igrejas parceiras<\/u> [pdf, &#8211;kb]. Se voc\u00ea representa uma igreja interessada em servir como uma de nossas igrejas parceiras, veja nossas <u>Diretrizes para Poscionamento da Igreja<\/u> [pdf, &#8212; kb].<\/p>\n","protected":false},"excerpt":{"rendered":"<p>OBSERVA\u00c7\u00c3O: Por hora, o curo est\u00e1 dispon\u00edvel apenas em ingl\u00eas. Acreditamos que a Palavra de Deus \u00e9 como Ele trabalha no mundo \u2013 por meio da proclama\u00e7\u00e3o fiel de sua Palavra por, para e entre seu povo. Isto significa que \u00e9 de grande import\u00e2ncia a maneira como o seu povo \u00e9 treinado para pregar a&#8230;<\/p>\n","protected":false},"author":28,"featured_media":0,"parent":0,"menu_order":0,"comment_status":"closed","ping_status":"closed","template":"templates\/tpl-chicago.php","meta":{"_acf_changed":false,"footnotes":""},"class_list":["post-3356","page","type-page","status-publish","hentry"],"acf":[],"yoast_head":"<!-- This site is optimized with the Yoast SEO plugin v27.3 - https:\/\/yoast.com\/product\/yoast-seo-wordpress\/ -->\n<title>Curso de Chicago de Prega\u00e7\u00e3o - Charles Simeon Trust<\/title>\n<meta name=\"robots\" content=\"index, follow, max-snippet:-1, max-image-preview:large, max-video-preview:-1\" \/>\n<link rel=\"canonical\" href=\"https:\/\/simeontrust.org\/pt-pt\/curso-de-chicago-de-pregacao\/\" \/>\n<meta property=\"og:locale\" content=\"pt_PT\" \/>\n<meta property=\"og:type\" content=\"article\" \/>\n<meta property=\"og:title\" content=\"Curso de Chicago de Prega\u00e7\u00e3o - Charles Simeon Trust\" \/>\n<meta property=\"og:description\" content=\"OBSERVA\u00c7\u00c3O: Por hora, o curo est\u00e1 dispon\u00edvel apenas em ingl\u00eas. Acreditamos que a Palavra de Deus \u00e9 como Ele trabalha no mundo \u2013 por meio da proclama\u00e7\u00e3o fiel de sua Palavra por, para e entre seu povo. Isto significa que \u00e9 de grande import\u00e2ncia a maneira como o seu povo \u00e9 treinado para pregar a...\" \/>\n<meta property=\"og:url\" content=\"https:\/\/simeontrust.org\/pt-pt\/curso-de-chicago-de-pregacao\/\" \/>\n<meta property=\"og:site_name\" content=\"Charles Simeon Trust\" \/>\n<meta property=\"article:modified_time\" content=\"2018-08-14T20:11:43+00:00\" \/>\n<meta name=\"twitter:card\" content=\"summary_large_image\" \/>\n<meta name=\"twitter:label1\" content=\"Tempo estimado de leitura\" \/>\n\t<meta name=\"twitter:data1\" content=\"3 minutos\" \/>\n<script type=\"application\/ld+json\" class=\"yoast-schema-graph\">{\"@context\":\"https:\\\/\\\/schema.org\",\"@graph\":[{\"@type\":\"WebPage\",\"@id\":\"https:\\\/\\\/simeontrust.org\\\/pt-pt\\\/curso-de-chicago-de-pregacao\\\/\",\"url\":\"https:\\\/\\\/simeontrust.org\\\/pt-pt\\\/curso-de-chicago-de-pregacao\\\/\",\"name\":\"Curso de Chicago de Prega\u00e7\u00e3o - Charles Simeon Trust\",\"isPartOf\":{\"@id\":\"https:\\\/\\\/simeontrust.org\\\/#website\"},\"datePublished\":\"2018-08-14T19:55:36+00:00\",\"dateModified\":\"2018-08-14T20:11:43+00:00\",\"breadcrumb\":{\"@id\":\"https:\\\/\\\/simeontrust.org\\\/pt-pt\\\/curso-de-chicago-de-pregacao\\\/#breadcrumb\"},\"inLanguage\":\"pt-PT\",\"potentialAction\":[{\"@type\":\"ReadAction\",\"target\":[\"https:\\\/\\\/simeontrust.org\\\/pt-pt\\\/curso-de-chicago-de-pregacao\\\/\"]}]},{\"@type\":\"BreadcrumbList\",\"@id\":\"https:\\\/\\\/simeontrust.org\\\/pt-pt\\\/curso-de-chicago-de-pregacao\\\/#breadcrumb\",\"itemListElement\":[{\"@type\":\"ListItem\",\"position\":1,\"name\":\"Home\",\"item\":\"https:\\\/\\\/simeontrust.org\\\/pt-pt\\\/\"},{\"@type\":\"ListItem\",\"position\":2,\"name\":\"Curso de Chicago de Prega\u00e7\u00e3o\"}]},{\"@type\":\"WebSite\",\"@id\":\"https:\\\/\\\/simeontrust.org\\\/#website\",\"url\":\"https:\\\/\\\/simeontrust.org\\\/\",\"name\":\"Simeon Trust\",\"description\":\"Training the next generation of Bible expositors.\",\"potentialAction\":[{\"@type\":\"SearchAction\",\"target\":{\"@type\":\"EntryPoint\",\"urlTemplate\":\"https:\\\/\\\/simeontrust.org\\\/?s={search_term_string}\"},\"query-input\":{\"@type\":\"PropertyValueSpecification\",\"valueRequired\":true,\"valueName\":\"search_term_string\"}}],\"inLanguage\":\"pt-PT\"}]}<\/script>\n<!-- \/ Yoast SEO plugin. -->","yoast_head_json":{"title":"Curso de Chicago de Prega\u00e7\u00e3o - Charles Simeon Trust","robots":{"index":"index","follow":"follow","max-snippet":"max-snippet:-1","max-image-preview":"max-image-preview:large","max-video-preview":"max-video-preview:-1"},"canonical":"https:\/\/simeontrust.org\/pt-pt\/curso-de-chicago-de-pregacao\/","og_locale":"pt_PT","og_type":"article","og_title":"Curso de Chicago de Prega\u00e7\u00e3o - Charles Simeon Trust","og_description":"OBSERVA\u00c7\u00c3O: Por hora, o curo est\u00e1 dispon\u00edvel apenas em ingl\u00eas. Acreditamos que a Palavra de Deus \u00e9 como Ele trabalha no mundo \u2013 por meio da proclama\u00e7\u00e3o fiel de sua Palavra por, para e entre seu povo. Isto significa que \u00e9 de grande import\u00e2ncia a maneira como o seu povo \u00e9 treinado para pregar a...","og_url":"https:\/\/simeontrust.org\/pt-pt\/curso-de-chicago-de-pregacao\/","og_site_name":"Charles Simeon Trust","article_modified_time":"2018-08-14T20:11:43+00:00","twitter_card":"summary_large_image","twitter_misc":{"Tempo estimado de leitura":"3 minutos"},"schema":{"@context":"https:\/\/schema.org","@graph":[{"@type":"WebPage","@id":"https:\/\/simeontrust.org\/pt-pt\/curso-de-chicago-de-pregacao\/","url":"https:\/\/simeontrust.org\/pt-pt\/curso-de-chicago-de-pregacao\/","name":"Curso de Chicago de Prega\u00e7\u00e3o - Charles Simeon Trust","isPartOf":{"@id":"https:\/\/simeontrust.org\/#website"},"datePublished":"2018-08-14T19:55:36+00:00","dateModified":"2018-08-14T20:11:43+00:00","breadcrumb":{"@id":"https:\/\/simeontrust.org\/pt-pt\/curso-de-chicago-de-pregacao\/#breadcrumb"},"inLanguage":"pt-PT","potentialAction":[{"@type":"ReadAction","target":["https:\/\/simeontrust.org\/pt-pt\/curso-de-chicago-de-pregacao\/"]}]},{"@type":"BreadcrumbList","@id":"https:\/\/simeontrust.org\/pt-pt\/curso-de-chicago-de-pregacao\/#breadcrumb","itemListElement":[{"@type":"ListItem","position":1,"name":"Home","item":"https:\/\/simeontrust.org\/pt-pt\/"},{"@type":"ListItem","position":2,"name":"Curso de Chicago de Prega\u00e7\u00e3o"}]},{"@type":"WebSite","@id":"https:\/\/simeontrust.org\/#website","url":"https:\/\/simeontrust.org\/","name":"Simeon Trust","description":"Training the next generation of Bible expositors.","potentialAction":[{"@type":"SearchAction","target":{"@type":"EntryPoint","urlTemplate":"https:\/\/simeontrust.org\/?s={search_term_string}"},"query-input":{"@type":"PropertyValueSpecification","valueRequired":true,"valueName":"search_term_string"}}],"inLanguage":"pt-PT"}]}},"_links":{"self":[{"href":"https:\/\/simeontrust.org\/pt-pt\/wp-json\/wp\/v2\/pages\/3356","targetHints":{"allow":["GET"]}}],"collection":[{"href":"https:\/\/simeontrust.org\/pt-pt\/wp-json\/wp\/v2\/pages"}],"about":[{"href":"https:\/\/simeontrust.org\/pt-pt\/wp-json\/wp\/v2\/types\/page"}],"author":[{"embeddable":true,"href":"https:\/\/simeontrust.org\/pt-pt\/wp-json\/wp\/v2\/users\/28"}],"replies":[{"embeddable":true,"href":"https:\/\/simeontrust.org\/pt-pt\/wp-json\/wp\/v2\/comments?post=3356"}],"version-history":[{"count":0,"href":"https:\/\/simeontrust.org\/pt-pt\/wp-json\/wp\/v2\/pages\/3356\/revisions"}],"wp:attachment":[{"href":"https:\/\/simeontrust.org\/pt-pt\/wp-json\/wp\/v2\/media?parent=3356"}],"curies":[{"name":"wp","href":"https:\/\/api.w.org\/{rel}","templated":true}]}}