{"id":3358,"date":"2018-08-14T16:02:34","date_gmt":"2018-08-14T20:02:34","guid":{"rendered":"http:\/\/simeontrust.wpengine.com\/?page_id=3358"},"modified":"2018-08-14T16:02:34","modified_gmt":"2018-08-14T20:02:34","slug":"inscricao","status":"publish","type":"page","link":"https:\/\/simeontrust.org\/pt-pt\/curso-de-chicago-de-pregacao\/inscricao\/","title":{"rendered":"Inscri\u00e7\u00e3o"},"content":{"rendered":"<p>Bem-vindo ao processo de incri\u00e7\u00e3o ao Curso de Chicago sobre Prega\u00e7\u00e3o. Aconselhamos que voc\u00ea anote as perguntas e as componha em um programa de texto primeiro, como o Word, por exemplo (para n\u00e3o ficar frustrado por perder informa\u00e7\u00f5es naquele lugar imprevis\u00edvel e nebuloso chamado &#8216;formul\u00e1rio on-line&#8217;).<\/p>\n<p>Depois de enviar sua inscri\u00e7\u00e3o, iniciaremos nosso processo de an\u00e1lise e entraremos em contato com voc\u00ea sobre as pr\u00f3ximas etapas.<\/p>\n<p>A apresenta\u00e7\u00e3o deste requerimento constitui consentimento para a coleta de dados de acordo com nossas pol\u00edticas de prote\u00e7\u00e3o de dados. N\u00f3s retemos informa\u00e7\u00f5es de incri\u00e7\u00f5es que rejeitamos ou onde uma vaga n\u00e3o \u00e9 ocupada, de modo que, se voc\u00ea fizer uma inscri\u00e7\u00e3o futura, poderemos avaliar o progresso desde a anterior.<\/p>\n","protected":false},"excerpt":{"rendered":"<p>Bem-vindo ao processo de incri\u00e7\u00e3o ao Curso de Chicago sobre Prega\u00e7\u00e3o. Aconselhamos que voc\u00ea anote as perguntas e as componha em um programa de texto primeiro, como o Word, por exemplo (para n\u00e3o ficar frustrado por perder informa\u00e7\u00f5es naquele lugar imprevis\u00edvel e nebuloso chamado &#8216;formul\u00e1rio on-line&#8217;). Depois de enviar sua inscri\u00e7\u00e3o, iniciaremos nosso processo de&#8230;<\/p>\n","protected":false},"author":28,"featured_media":0,"parent":3356,"menu_order":0,"comment_status":"closed","ping_status":"closed","template":"","meta":{"_acf_changed":false,"footnotes":""},"class_list":["post-3358","page","type-page","status-publish","hentry"],"acf":[],"yoast_head":"<!-- This site is optimized with the Yoast SEO plugin v27.3 - https:\/\/yoast.com\/product\/yoast-seo-wordpress\/ -->\n<title>Inscri\u00e7\u00e3o - Charles Simeon Trust<\/title>\n<meta name=\"robots\" content=\"index, follow, max-snippet:-1, max-image-preview:large, max-video-preview:-1\" \/>\n<link rel=\"canonical\" href=\"https:\/\/simeontrust.org\/pt-pt\/curso-de-chicago-de-pregacao\/inscricao\/\" \/>\n<meta property=\"og:locale\" content=\"pt_PT\" \/>\n<meta property=\"og:type\" content=\"article\" \/>\n<meta property=\"og:title\" content=\"Inscri\u00e7\u00e3o - Charles Simeon Trust\" \/>\n<meta property=\"og:description\" content=\"Bem-vindo ao processo de incri\u00e7\u00e3o ao Curso de Chicago sobre Prega\u00e7\u00e3o. Aconselhamos que voc\u00ea anote as perguntas e as componha em um programa de texto primeiro, como o Word, por exemplo (para n\u00e3o ficar frustrado por perder informa\u00e7\u00f5es naquele lugar imprevis\u00edvel e nebuloso chamado &#8216;formul\u00e1rio on-line&#8217;). Depois de enviar sua inscri\u00e7\u00e3o, iniciaremos nosso processo de...\" \/>\n<meta property=\"og:url\" content=\"https:\/\/simeontrust.org\/pt-pt\/curso-de-chicago-de-pregacao\/inscricao\/\" \/>\n<meta property=\"og:site_name\" content=\"Charles Simeon Trust\" \/>\n<meta property=\"og:image\" content=\"https:\/\/simeontrust.org\/wp-content\/uploads\/2018\/06\/banners-ccp-application.jpg\" \/>\n\t<meta property=\"og:image:width\" content=\"1920\" \/>\n\t<meta property=\"og:image:height\" content=\"1080\" \/>\n\t<meta property=\"og:image:type\" content=\"image\/jpeg\" \/>\n<meta name=\"twitter:card\" content=\"summary_large_image\" \/>\n<meta name=\"twitter:label1\" content=\"Tempo estimado de leitura\" \/>\n\t<meta name=\"twitter:data1\" content=\"1 minuto\" \/>\n<script type=\"application\/ld+json\" class=\"yoast-schema-graph\">{\"@context\":\"https:\\\/\\\/schema.org\",\"@graph\":[{\"@type\":\"WebPage\",\"@id\":\"https:\\\/\\\/simeontrust.org\\\/pt-pt\\\/curso-de-chicago-de-pregacao\\\/inscricao\\\/\",\"url\":\"https:\\\/\\\/simeontrust.org\\\/pt-pt\\\/curso-de-chicago-de-pregacao\\\/inscricao\\\/\",\"name\":\"Inscri\u00e7\u00e3o - Charles Simeon Trust\",\"isPartOf\":{\"@id\":\"https:\\\/\\\/simeontrust.org\\\/#website\"},\"datePublished\":\"2018-08-14T20:02:34+00:00\",\"breadcrumb\":{\"@id\":\"https:\\\/\\\/simeontrust.org\\\/pt-pt\\\/curso-de-chicago-de-pregacao\\\/inscricao\\\/#breadcrumb\"},\"inLanguage\":\"pt-PT\",\"potentialAction\":[{\"@type\":\"ReadAction\",\"target\":[\"https:\\\/\\\/simeontrust.org\\\/pt-pt\\\/curso-de-chicago-de-pregacao\\\/inscricao\\\/\"]}]},{\"@type\":\"BreadcrumbList\",\"@id\":\"https:\\\/\\\/simeontrust.org\\\/pt-pt\\\/curso-de-chicago-de-pregacao\\\/inscricao\\\/#breadcrumb\",\"itemListElement\":[{\"@type\":\"ListItem\",\"position\":1,\"name\":\"Home\",\"item\":\"https:\\\/\\\/simeontrust.org\\\/pt-pt\\\/\"},{\"@type\":\"ListItem\",\"position\":2,\"name\":\"Curso de Chicago de Prega\u00e7\u00e3o\",\"item\":\"https:\\\/\\\/simeontrust.org\\\/pt-pt\\\/curso-de-chicago-de-pregacao\\\/\"},{\"@type\":\"ListItem\",\"position\":3,\"name\":\"Inscri\u00e7\u00e3o\"}]},{\"@type\":\"WebSite\",\"@id\":\"https:\\\/\\\/simeontrust.org\\\/#website\",\"url\":\"https:\\\/\\\/simeontrust.org\\\/\",\"name\":\"Simeon Trust\",\"description\":\"Training the next generation of Bible expositors.\",\"potentialAction\":[{\"@type\":\"SearchAction\",\"target\":{\"@type\":\"EntryPoint\",\"urlTemplate\":\"https:\\\/\\\/simeontrust.org\\\/?s={search_term_string}\"},\"query-input\":{\"@type\":\"PropertyValueSpecification\",\"valueRequired\":true,\"valueName\":\"search_term_string\"}}],\"inLanguage\":\"pt-PT\"}]}<\/script>\n<!-- \/ Yoast SEO plugin. -->","yoast_head_json":{"title":"Inscri\u00e7\u00e3o - Charles Simeon Trust","robots":{"index":"index","follow":"follow","max-snippet":"max-snippet:-1","max-image-preview":"max-image-preview:large","max-video-preview":"max-video-preview:-1"},"canonical":"https:\/\/simeontrust.org\/pt-pt\/curso-de-chicago-de-pregacao\/inscricao\/","og_locale":"pt_PT","og_type":"article","og_title":"Inscri\u00e7\u00e3o - Charles Simeon Trust","og_description":"Bem-vindo ao processo de incri\u00e7\u00e3o ao Curso de Chicago sobre Prega\u00e7\u00e3o. Aconselhamos que voc\u00ea anote as perguntas e as componha em um programa de texto primeiro, como o Word, por exemplo (para n\u00e3o ficar frustrado por perder informa\u00e7\u00f5es naquele lugar imprevis\u00edvel e nebuloso chamado &#8216;formul\u00e1rio on-line&#8217;). Depois de enviar sua inscri\u00e7\u00e3o, iniciaremos nosso processo de...","og_url":"https:\/\/simeontrust.org\/pt-pt\/curso-de-chicago-de-pregacao\/inscricao\/","og_site_name":"Charles Simeon Trust","og_image":[{"width":1920,"height":1080,"url":"https:\/\/simeontrust.org\/wp-content\/uploads\/2018\/06\/banners-ccp-application.jpg","type":"image\/jpeg"}],"twitter_card":"summary_large_image","twitter_misc":{"Tempo estimado de leitura":"1 minuto"},"schema":{"@context":"https:\/\/schema.org","@graph":[{"@type":"WebPage","@id":"https:\/\/simeontrust.org\/pt-pt\/curso-de-chicago-de-pregacao\/inscricao\/","url":"https:\/\/simeontrust.org\/pt-pt\/curso-de-chicago-de-pregacao\/inscricao\/","name":"Inscri\u00e7\u00e3o - Charles Simeon Trust","isPartOf":{"@id":"https:\/\/simeontrust.org\/#website"},"datePublished":"2018-08-14T20:02:34+00:00","breadcrumb":{"@id":"https:\/\/simeontrust.org\/pt-pt\/curso-de-chicago-de-pregacao\/inscricao\/#breadcrumb"},"inLanguage":"pt-PT","potentialAction":[{"@type":"ReadAction","target":["https:\/\/simeontrust.org\/pt-pt\/curso-de-chicago-de-pregacao\/inscricao\/"]}]},{"@type":"BreadcrumbList","@id":"https:\/\/simeontrust.org\/pt-pt\/curso-de-chicago-de-pregacao\/inscricao\/#breadcrumb","itemListElement":[{"@type":"ListItem","position":1,"name":"Home","item":"https:\/\/simeontrust.org\/pt-pt\/"},{"@type":"ListItem","position":2,"name":"Curso de Chicago de Prega\u00e7\u00e3o","item":"https:\/\/simeontrust.org\/pt-pt\/curso-de-chicago-de-pregacao\/"},{"@type":"ListItem","position":3,"name":"Inscri\u00e7\u00e3o"}]},{"@type":"WebSite","@id":"https:\/\/simeontrust.org\/#website","url":"https:\/\/simeontrust.org\/","name":"Simeon Trust","description":"Training the next generation of Bible expositors.","potentialAction":[{"@type":"SearchAction","target":{"@type":"EntryPoint","urlTemplate":"https:\/\/simeontrust.org\/?s={search_term_string}"},"query-input":{"@type":"PropertyValueSpecification","valueRequired":true,"valueName":"search_term_string"}}],"inLanguage":"pt-PT"}]}},"_links":{"self":[{"href":"https:\/\/simeontrust.org\/pt-pt\/wp-json\/wp\/v2\/pages\/3358","targetHints":{"allow":["GET"]}}],"collection":[{"href":"https:\/\/simeontrust.org\/pt-pt\/wp-json\/wp\/v2\/pages"}],"about":[{"href":"https:\/\/simeontrust.org\/pt-pt\/wp-json\/wp\/v2\/types\/page"}],"author":[{"embeddable":true,"href":"https:\/\/simeontrust.org\/pt-pt\/wp-json\/wp\/v2\/users\/28"}],"replies":[{"embeddable":true,"href":"https:\/\/simeontrust.org\/pt-pt\/wp-json\/wp\/v2\/comments?post=3358"}],"version-history":[{"count":0,"href":"https:\/\/simeontrust.org\/pt-pt\/wp-json\/wp\/v2\/pages\/3358\/revisions"}],"up":[{"embeddable":true,"href":"https:\/\/simeontrust.org\/pt-pt\/wp-json\/wp\/v2\/pages\/3356"}],"wp:attachment":[{"href":"https:\/\/simeontrust.org\/pt-pt\/wp-json\/wp\/v2\/media?parent=3358"}],"curies":[{"name":"wp","href":"https:\/\/api.w.org\/{rel}","templated":true}]}}