{"id":3463,"date":"2018-08-14T16:42:37","date_gmt":"2018-08-14T20:42:37","guid":{"rendered":"http:\/\/simeontrust.wpengine.com\/?page_id=3463"},"modified":"2018-08-14T16:42:37","modified_gmt":"2018-08-14T20:42:37","slug":"local-e-opcoes-de-transporte","status":"publish","type":"page","link":"https:\/\/simeontrust.org\/pt-pt\/curso-de-chicago-de-pregacao\/local-e-opcoes-de-transporte\/","title":{"rendered":"Local e Op\u00e7\u00f5es de Transporte"},"content":{"rendered":"<p><a href=\"https:\/\/www.google.com\/maps\/place\/1438+E+57th+St,+Los+Angeles,+CA+90011,+USA\/@33.9909109,-118.2511278,17z\/data=!3m1!4b1!4m5!3m4!1s0x80c2c8f93d25817b:0xce1ae738067b9acd!8m2!3d33.9909109!4d-118.2489391\" target=\"_blank\" rel=\"noopener\"><img loading=\"lazy\" decoding=\"async\" class=\"size-medium wp-image-1578 alignleft\" src=\"https:\/\/simeontrust.org\/wp-content\/uploads\/2018\/05\/Screen-Shot-2018-05-24-at-10.52.04-AM-275x300.png\" alt=\"\" width=\"275\" height=\"300\" srcset=\"https:\/\/simeontrust.org\/wp-content\/uploads\/2018\/05\/Screen-Shot-2018-05-24-at-10.52.04-AM-275x300.png 275w, https:\/\/simeontrust.org\/wp-content\/uploads\/2018\/05\/Screen-Shot-2018-05-24-at-10.52.04-AM-768x838.png 768w, https:\/\/simeontrust.org\/wp-content\/uploads\/2018\/05\/Screen-Shot-2018-05-24-at-10.52.04-AM.png 882w\" sizes=\"auto, (max-width: 275px) 100vw, 275px\" \/><\/a>O Curso de Chicago de Prega\u00e7\u00e3o acontece na <a href=\"https:\/\/www.google.com\/maps\/place\/1438+E+57th+St,+Los+Angeles,+CA+90011,+USA\/@33.9909109,-118.2511278,17z\/data=!3m1!4b1!4m5!3m4!1s0x80c2c8f93d25817b:0xce1ae738067b9acd!8m2!3d33.9909109!4d-118.2489391\" target=\"_blank\" rel=\"noopener\">1438 E 57th Street in Chicago<\/a> (em cima do restaurante Salonica). Estacionamentos com parqu\u00edmetro e gratuito est\u00e3o dispon\u00edveis nas proximidades (mas muitas vezes \u00e9 dif\u00edcil de encontrar vaga). Existem tamb\u00e9m v\u00e1rias op\u00e7\u00f5es para chegar por transporte p\u00fablico.<\/p>\n<p><strong><a href=\"https:\/\/www.transitchicago.com\/\" target=\"_blank\" rel=\"noopener\">CTA (Chicago Transit Authority)<\/a><br \/>\n<\/strong>O ponto de \u00f4nibus mais pr\u00f3ximo \u00e9 o 57<sup>th<\/sup>\/Stony Island. Os \u00f4nibus 2, 6, 15 e 28 passam por esta esta\u00e7\u00e3o. Tamb\u00e9m o \u00f4nibus 55 p\u00e1ra a cerca de 2 quarteir\u00f5es de dist\u00e2ncia na Blackstone\/55<sup>th<\/sup>.<\/p>\n<p><a href=\"https:\/\/metrarail.com\/\" target=\"_blank\" rel=\"noopener\"><strong>METRA<\/strong><\/a><a href=\"https:\/\/www.google.com\/maps\/place\/1438+E+57th+St,+Los+Angeles,+CA+90011,+USA\/@33.9909109,-118.2511278,17z\/data=!3m1!4b1!4m5!3m4!1s0x80c2c8f93d25817b:0xce1ae738067b9acd!8m2!3d33.9909109!4d-118.2489391\" target=\"_blank\" rel=\"noopener\"><img loading=\"lazy\" decoding=\"async\" class=\"size-medium wp-image-1579 alignright\" src=\"https:\/\/simeontrust.org\/wp-content\/uploads\/2018\/05\/Screen-Shot-2018-05-24-at-10.53.28-AM-300x210.png\" alt=\"\" width=\"300\" height=\"210\" srcset=\"https:\/\/simeontrust.org\/wp-content\/uploads\/2018\/05\/Screen-Shot-2018-05-24-at-10.53.28-AM-300x210.png 300w, https:\/\/simeontrust.org\/wp-content\/uploads\/2018\/05\/Screen-Shot-2018-05-24-at-10.53.28-AM-768x537.png 768w, https:\/\/simeontrust.org\/wp-content\/uploads\/2018\/05\/Screen-Shot-2018-05-24-at-10.53.28-AM-1024x716.png 1024w, https:\/\/simeontrust.org\/wp-content\/uploads\/2018\/05\/Screen-Shot-2018-05-24-at-10.53.28-AM.png 1454w\" sizes=\"auto, (max-width: 300px) 100vw, 300px\" \/><\/a><br \/>\nA <a href=\"https:\/\/metrarail.com\/maps-schedules\/train-lines\/ME\">Metra Electric Line<\/a> possui uma esta\u00e7\u00e3o na 55<sup>th _ <\/sup>56<sup>th _ <\/sup>57<sup>th<\/sup>, que tamb\u00e9m fica a poucos passos das paradas regulares.<\/p>\n","protected":false},"excerpt":{"rendered":"<p>O Curso de Chicago de Prega\u00e7\u00e3o acontece na 1438 E 57th Street in Chicago (em cima do restaurante Salonica). Estacionamentos com parqu\u00edmetro e gratuito est\u00e3o dispon\u00edveis nas proximidades (mas muitas vezes \u00e9 dif\u00edcil de encontrar vaga). Existem tamb\u00e9m v\u00e1rias op\u00e7\u00f5es para chegar por transporte p\u00fablico. CTA (Chicago Transit Authority) O ponto de \u00f4nibus mais pr\u00f3ximo&#8230;<\/p>\n","protected":false},"author":28,"featured_media":0,"parent":3356,"menu_order":0,"comment_status":"closed","ping_status":"closed","template":"","meta":{"_acf_changed":false,"footnotes":""},"class_list":["post-3463","page","type-page","status-publish","hentry"],"acf":[],"yoast_head":"<!-- This site is optimized with the Yoast SEO plugin v27.3 - https:\/\/yoast.com\/product\/yoast-seo-wordpress\/ -->\n<title>Local e Op\u00e7\u00f5es de Transporte - Charles Simeon Trust<\/title>\n<meta name=\"robots\" content=\"index, follow, max-snippet:-1, max-image-preview:large, max-video-preview:-1\" \/>\n<link rel=\"canonical\" href=\"https:\/\/simeontrust.org\/pt-pt\/curso-de-chicago-de-pregacao\/local-e-opcoes-de-transporte\/\" \/>\n<meta property=\"og:locale\" content=\"pt_PT\" \/>\n<meta property=\"og:type\" content=\"article\" \/>\n<meta property=\"og:title\" content=\"Local e Op\u00e7\u00f5es de Transporte - Charles Simeon Trust\" \/>\n<meta property=\"og:description\" content=\"O Curso de Chicago de Prega\u00e7\u00e3o acontece na 1438 E 57th Street in Chicago (em cima do restaurante Salonica). Estacionamentos com parqu\u00edmetro e gratuito est\u00e3o dispon\u00edveis nas proximidades (mas muitas vezes \u00e9 dif\u00edcil de encontrar vaga). Existem tamb\u00e9m v\u00e1rias op\u00e7\u00f5es para chegar por transporte p\u00fablico. CTA (Chicago Transit Authority) O ponto de \u00f4nibus mais pr\u00f3ximo...\" \/>\n<meta property=\"og:url\" content=\"https:\/\/simeontrust.org\/pt-pt\/curso-de-chicago-de-pregacao\/local-e-opcoes-de-transporte\/\" \/>\n<meta property=\"og:site_name\" content=\"Charles Simeon Trust\" \/>\n<meta property=\"og:image\" content=\"https:\/\/simeontrust.org\/wp-content\/uploads\/2018\/06\/banners-ccp-location.jpg\" \/>\n\t<meta property=\"og:image:width\" content=\"1920\" \/>\n\t<meta property=\"og:image:height\" content=\"1080\" \/>\n\t<meta property=\"og:image:type\" content=\"image\/jpeg\" \/>\n<meta name=\"twitter:card\" content=\"summary_large_image\" \/>\n<meta name=\"twitter:label1\" content=\"Tempo estimado de leitura\" \/>\n\t<meta name=\"twitter:data1\" content=\"1 minuto\" \/>\n<script type=\"application\/ld+json\" class=\"yoast-schema-graph\">{\"@context\":\"https:\\\/\\\/schema.org\",\"@graph\":[{\"@type\":\"WebPage\",\"@id\":\"https:\\\/\\\/simeontrust.org\\\/pt-pt\\\/curso-de-chicago-de-pregacao\\\/local-e-opcoes-de-transporte\\\/\",\"url\":\"https:\\\/\\\/simeontrust.org\\\/pt-pt\\\/curso-de-chicago-de-pregacao\\\/local-e-opcoes-de-transporte\\\/\",\"name\":\"Local e Op\u00e7\u00f5es de Transporte - Charles Simeon Trust\",\"isPartOf\":{\"@id\":\"https:\\\/\\\/simeontrust.org\\\/#website\"},\"primaryImageOfPage\":{\"@id\":\"https:\\\/\\\/simeontrust.org\\\/pt-pt\\\/curso-de-chicago-de-pregacao\\\/local-e-opcoes-de-transporte\\\/#primaryimage\"},\"image\":{\"@id\":\"https:\\\/\\\/simeontrust.org\\\/pt-pt\\\/curso-de-chicago-de-pregacao\\\/local-e-opcoes-de-transporte\\\/#primaryimage\"},\"thumbnailUrl\":\"https:\\\/\\\/simeontrust.org\\\/wp-content\\\/uploads\\\/2018\\\/05\\\/Screen-Shot-2018-05-24-at-10.52.04-AM-275x300.png\",\"datePublished\":\"2018-08-14T20:42:37+00:00\",\"breadcrumb\":{\"@id\":\"https:\\\/\\\/simeontrust.org\\\/pt-pt\\\/curso-de-chicago-de-pregacao\\\/local-e-opcoes-de-transporte\\\/#breadcrumb\"},\"inLanguage\":\"pt-PT\",\"potentialAction\":[{\"@type\":\"ReadAction\",\"target\":[\"https:\\\/\\\/simeontrust.org\\\/pt-pt\\\/curso-de-chicago-de-pregacao\\\/local-e-opcoes-de-transporte\\\/\"]}]},{\"@type\":\"ImageObject\",\"inLanguage\":\"pt-PT\",\"@id\":\"https:\\\/\\\/simeontrust.org\\\/pt-pt\\\/curso-de-chicago-de-pregacao\\\/local-e-opcoes-de-transporte\\\/#primaryimage\",\"url\":\"https:\\\/\\\/simeontrust.org\\\/wp-content\\\/uploads\\\/2018\\\/05\\\/Screen-Shot-2018-05-24-at-10.52.04-AM-275x300.png\",\"contentUrl\":\"https:\\\/\\\/simeontrust.org\\\/wp-content\\\/uploads\\\/2018\\\/05\\\/Screen-Shot-2018-05-24-at-10.52.04-AM-275x300.png\"},{\"@type\":\"BreadcrumbList\",\"@id\":\"https:\\\/\\\/simeontrust.org\\\/pt-pt\\\/curso-de-chicago-de-pregacao\\\/local-e-opcoes-de-transporte\\\/#breadcrumb\",\"itemListElement\":[{\"@type\":\"ListItem\",\"position\":1,\"name\":\"Home\",\"item\":\"https:\\\/\\\/simeontrust.org\\\/pt-pt\\\/\"},{\"@type\":\"ListItem\",\"position\":2,\"name\":\"Curso de Chicago de Prega\u00e7\u00e3o\",\"item\":\"https:\\\/\\\/simeontrust.org\\\/pt-pt\\\/curso-de-chicago-de-pregacao\\\/\"},{\"@type\":\"ListItem\",\"position\":3,\"name\":\"Local e Op\u00e7\u00f5es de Transporte\"}]},{\"@type\":\"WebSite\",\"@id\":\"https:\\\/\\\/simeontrust.org\\\/#website\",\"url\":\"https:\\\/\\\/simeontrust.org\\\/\",\"name\":\"Simeon Trust\",\"description\":\"Training the next generation of Bible expositors.\",\"potentialAction\":[{\"@type\":\"SearchAction\",\"target\":{\"@type\":\"EntryPoint\",\"urlTemplate\":\"https:\\\/\\\/simeontrust.org\\\/?s={search_term_string}\"},\"query-input\":{\"@type\":\"PropertyValueSpecification\",\"valueRequired\":true,\"valueName\":\"search_term_string\"}}],\"inLanguage\":\"pt-PT\"}]}<\/script>\n<!-- \/ Yoast SEO plugin. -->","yoast_head_json":{"title":"Local e Op\u00e7\u00f5es de Transporte - Charles Simeon Trust","robots":{"index":"index","follow":"follow","max-snippet":"max-snippet:-1","max-image-preview":"max-image-preview:large","max-video-preview":"max-video-preview:-1"},"canonical":"https:\/\/simeontrust.org\/pt-pt\/curso-de-chicago-de-pregacao\/local-e-opcoes-de-transporte\/","og_locale":"pt_PT","og_type":"article","og_title":"Local e Op\u00e7\u00f5es de Transporte - Charles Simeon Trust","og_description":"O Curso de Chicago de Prega\u00e7\u00e3o acontece na 1438 E 57th Street in Chicago (em cima do restaurante Salonica). Estacionamentos com parqu\u00edmetro e gratuito est\u00e3o dispon\u00edveis nas proximidades (mas muitas vezes \u00e9 dif\u00edcil de encontrar vaga). Existem tamb\u00e9m v\u00e1rias op\u00e7\u00f5es para chegar por transporte p\u00fablico. CTA (Chicago Transit Authority) O ponto de \u00f4nibus mais pr\u00f3ximo...","og_url":"https:\/\/simeontrust.org\/pt-pt\/curso-de-chicago-de-pregacao\/local-e-opcoes-de-transporte\/","og_site_name":"Charles Simeon Trust","og_image":[{"width":1920,"height":1080,"url":"https:\/\/simeontrust.org\/wp-content\/uploads\/2018\/06\/banners-ccp-location.jpg","type":"image\/jpeg"}],"twitter_card":"summary_large_image","twitter_misc":{"Tempo estimado de leitura":"1 minuto"},"schema":{"@context":"https:\/\/schema.org","@graph":[{"@type":"WebPage","@id":"https:\/\/simeontrust.org\/pt-pt\/curso-de-chicago-de-pregacao\/local-e-opcoes-de-transporte\/","url":"https:\/\/simeontrust.org\/pt-pt\/curso-de-chicago-de-pregacao\/local-e-opcoes-de-transporte\/","name":"Local e Op\u00e7\u00f5es de Transporte - Charles Simeon Trust","isPartOf":{"@id":"https:\/\/simeontrust.org\/#website"},"primaryImageOfPage":{"@id":"https:\/\/simeontrust.org\/pt-pt\/curso-de-chicago-de-pregacao\/local-e-opcoes-de-transporte\/#primaryimage"},"image":{"@id":"https:\/\/simeontrust.org\/pt-pt\/curso-de-chicago-de-pregacao\/local-e-opcoes-de-transporte\/#primaryimage"},"thumbnailUrl":"https:\/\/simeontrust.org\/wp-content\/uploads\/2018\/05\/Screen-Shot-2018-05-24-at-10.52.04-AM-275x300.png","datePublished":"2018-08-14T20:42:37+00:00","breadcrumb":{"@id":"https:\/\/simeontrust.org\/pt-pt\/curso-de-chicago-de-pregacao\/local-e-opcoes-de-transporte\/#breadcrumb"},"inLanguage":"pt-PT","potentialAction":[{"@type":"ReadAction","target":["https:\/\/simeontrust.org\/pt-pt\/curso-de-chicago-de-pregacao\/local-e-opcoes-de-transporte\/"]}]},{"@type":"ImageObject","inLanguage":"pt-PT","@id":"https:\/\/simeontrust.org\/pt-pt\/curso-de-chicago-de-pregacao\/local-e-opcoes-de-transporte\/#primaryimage","url":"https:\/\/simeontrust.org\/wp-content\/uploads\/2018\/05\/Screen-Shot-2018-05-24-at-10.52.04-AM-275x300.png","contentUrl":"https:\/\/simeontrust.org\/wp-content\/uploads\/2018\/05\/Screen-Shot-2018-05-24-at-10.52.04-AM-275x300.png"},{"@type":"BreadcrumbList","@id":"https:\/\/simeontrust.org\/pt-pt\/curso-de-chicago-de-pregacao\/local-e-opcoes-de-transporte\/#breadcrumb","itemListElement":[{"@type":"ListItem","position":1,"name":"Home","item":"https:\/\/simeontrust.org\/pt-pt\/"},{"@type":"ListItem","position":2,"name":"Curso de Chicago de Prega\u00e7\u00e3o","item":"https:\/\/simeontrust.org\/pt-pt\/curso-de-chicago-de-pregacao\/"},{"@type":"ListItem","position":3,"name":"Local e Op\u00e7\u00f5es de Transporte"}]},{"@type":"WebSite","@id":"https:\/\/simeontrust.org\/#website","url":"https:\/\/simeontrust.org\/","name":"Simeon Trust","description":"Training the next generation of Bible expositors.","potentialAction":[{"@type":"SearchAction","target":{"@type":"EntryPoint","urlTemplate":"https:\/\/simeontrust.org\/?s={search_term_string}"},"query-input":{"@type":"PropertyValueSpecification","valueRequired":true,"valueName":"search_term_string"}}],"inLanguage":"pt-PT"}]}},"_links":{"self":[{"href":"https:\/\/simeontrust.org\/pt-pt\/wp-json\/wp\/v2\/pages\/3463","targetHints":{"allow":["GET"]}}],"collection":[{"href":"https:\/\/simeontrust.org\/pt-pt\/wp-json\/wp\/v2\/pages"}],"about":[{"href":"https:\/\/simeontrust.org\/pt-pt\/wp-json\/wp\/v2\/types\/page"}],"author":[{"embeddable":true,"href":"https:\/\/simeontrust.org\/pt-pt\/wp-json\/wp\/v2\/users\/28"}],"replies":[{"embeddable":true,"href":"https:\/\/simeontrust.org\/pt-pt\/wp-json\/wp\/v2\/comments?post=3463"}],"version-history":[{"count":0,"href":"https:\/\/simeontrust.org\/pt-pt\/wp-json\/wp\/v2\/pages\/3463\/revisions"}],"up":[{"embeddable":true,"href":"https:\/\/simeontrust.org\/pt-pt\/wp-json\/wp\/v2\/pages\/3356"}],"wp:attachment":[{"href":"https:\/\/simeontrust.org\/pt-pt\/wp-json\/wp\/v2\/media?parent=3463"}],"curies":[{"name":"wp","href":"https:\/\/api.w.org\/{rel}","templated":true}]}}