{"id":661,"date":"2018-03-10T23:04:06","date_gmt":"2018-03-11T04:04:06","guid":{"rendered":"http:\/\/simeontrust.wpengine.com\/general-page-template\/"},"modified":"2025-11-27T11:08:51","modified_gmt":"2025-11-27T16:08:51","slug":"contact","status":"publish","type":"page","link":"https:\/\/simeontrust.org\/pt-pt\/contact\/","title":{"rendered":"Contato"},"content":{"rendered":"<p style=\"text-align: center;\">Nos empenhamos em fornecer respostas r\u00e1pidas e pessoais. Se voc\u00ea tiver alguma d\u00favida ou preocupa\u00e7\u00e3o com algum aspecto do nosso trabalho, n\u00e3o hesite em nos contatar. Nosso desejo \u00e9 ajudar de todas as formas poss\u00edveis.<\/p>\n<div class=\"wizzy-columns grid md:grid-cols-2 gap-x-8 gap-y-[15px] md:gap-[15px]\" data-columns=\"\">\n<div>\n<p style=\"text-align: center;\"><strong>Charles Simeon Trust<\/strong><br \/>\nP.O. Box 15212<br \/>\nChicago, IL 60615<br \/>\nEUA<br \/>\n<span id=\"cloake4089ed93e98806bd6c22ee6512c9eb6\"><a href=\"mailto:info@simeontrust.org\">info@simeontrust.org<\/a><\/span><br \/>\n(773) 752-9876<\/p>\n<p>&nbsp;<\/p>\n<\/div>\n<div>\n<p style=\"text-align: center;\"><strong>Charles Simeon Trust Canada<br \/>\n<\/strong>600 The East Mall<br \/>\nPO Box 11564<br \/>\nToronto, ON M9B 6L1<br \/>\n<span id=\"cloake4089ed93e98806bd6c22ee6512c9eb6\"><a href=\"mailto:info@simeontrust.org\">info@simeontrust.org<\/a><\/span><br \/>\n(773) 752-9876<\/p>\n<\/div>\n<\/div>\n<p>Tamb\u00e9m pode atualizar as suas informa\u00e7\u00f5es de contacto ou prefer\u00eancias de comunica\u00e7\u00e3o no <a href=\"https:\/\/simeontrustca.app.neoncrm.com\/np\/clients\/simeontrustca\/account.jsp\">Canad\u00e1<\/a>, nos <a href=\"https:\/\/simeontrustus.app.neoncrm.com\/np\/clients\/simeontrustus\/account.jsp\">EUA e em todos os outros pa\u00edses<\/a>.<\/p>\n","protected":false},"excerpt":{"rendered":"<p>Nos empenhamos em fornecer respostas r\u00e1pidas e pessoais. Se voc\u00ea tiver alguma d\u00favida ou preocupa\u00e7\u00e3o com algum aspecto do nosso trabalho, n\u00e3o hesite em nos contatar. Nosso desejo \u00e9 ajudar de todas as formas poss\u00edveis. Charles Simeon Trust P.O. Box 15212 Chicago, IL 60615 EUA info@simeontrust.org (773) 752-9876 &nbsp; Charles Simeon Trust Canada 600 The&#8230;<\/p>\n","protected":false},"author":1,"featured_media":0,"parent":0,"menu_order":0,"comment_status":"closed","ping_status":"closed","template":"","meta":{"_acf_changed":false,"footnotes":""},"class_list":["post-661","page","type-page","status-publish","hentry"],"acf":[],"yoast_head":"<!-- This site is optimized with the Yoast SEO plugin v27.3 - https:\/\/yoast.com\/product\/yoast-seo-wordpress\/ -->\n<title>Contato - Charles Simeon Trust<\/title>\n<meta name=\"robots\" content=\"index, follow, max-snippet:-1, max-image-preview:large, max-video-preview:-1\" \/>\n<link rel=\"canonical\" href=\"https:\/\/simeontrust.org\/pt-pt\/contact\/\" \/>\n<meta property=\"og:locale\" content=\"pt_PT\" \/>\n<meta property=\"og:type\" content=\"article\" \/>\n<meta property=\"og:title\" content=\"Contato - Charles Simeon Trust\" \/>\n<meta property=\"og:description\" content=\"Nos empenhamos em fornecer respostas r\u00e1pidas e pessoais. Se voc\u00ea tiver alguma d\u00favida ou preocupa\u00e7\u00e3o com algum aspecto do nosso trabalho, n\u00e3o hesite em nos contatar. Nosso desejo \u00e9 ajudar de todas as formas poss\u00edveis. Charles Simeon Trust P.O. Box 15212 Chicago, IL 60615 EUA info@simeontrust.org (773) 752-9876 &nbsp; Charles Simeon Trust Canada 600 The...\" \/>\n<meta property=\"og:url\" content=\"https:\/\/simeontrust.org\/pt-pt\/contact\/\" \/>\n<meta property=\"og:site_name\" content=\"Charles Simeon Trust\" \/>\n<meta property=\"article:modified_time\" content=\"2025-11-27T16:08:51+00:00\" \/>\n<meta name=\"twitter:card\" content=\"summary_large_image\" \/>\n<meta name=\"twitter:label1\" content=\"Tempo estimado de leitura\" \/>\n\t<meta name=\"twitter:data1\" content=\"1 minuto\" \/>\n<script type=\"application\/ld+json\" class=\"yoast-schema-graph\">{\"@context\":\"https:\\\/\\\/schema.org\",\"@graph\":[{\"@type\":\"WebPage\",\"@id\":\"https:\\\/\\\/simeontrust.org\\\/pt-pt\\\/contact\\\/\",\"url\":\"https:\\\/\\\/simeontrust.org\\\/pt-pt\\\/contact\\\/\",\"name\":\"Contato - Charles Simeon Trust\",\"isPartOf\":{\"@id\":\"https:\\\/\\\/simeontrust.org\\\/#website\"},\"datePublished\":\"2018-03-11T04:04:06+00:00\",\"dateModified\":\"2025-11-27T16:08:51+00:00\",\"breadcrumb\":{\"@id\":\"https:\\\/\\\/simeontrust.org\\\/pt-pt\\\/contact\\\/#breadcrumb\"},\"inLanguage\":\"pt-PT\",\"potentialAction\":[{\"@type\":\"ReadAction\",\"target\":[\"https:\\\/\\\/simeontrust.org\\\/pt-pt\\\/contact\\\/\"]}]},{\"@type\":\"BreadcrumbList\",\"@id\":\"https:\\\/\\\/simeontrust.org\\\/pt-pt\\\/contact\\\/#breadcrumb\",\"itemListElement\":[{\"@type\":\"ListItem\",\"position\":1,\"name\":\"Home\",\"item\":\"https:\\\/\\\/simeontrust.org\\\/pt-pt\\\/\"},{\"@type\":\"ListItem\",\"position\":2,\"name\":\"Contato\"}]},{\"@type\":\"WebSite\",\"@id\":\"https:\\\/\\\/simeontrust.org\\\/#website\",\"url\":\"https:\\\/\\\/simeontrust.org\\\/\",\"name\":\"Simeon Trust\",\"description\":\"Training the next generation of Bible expositors.\",\"potentialAction\":[{\"@type\":\"SearchAction\",\"target\":{\"@type\":\"EntryPoint\",\"urlTemplate\":\"https:\\\/\\\/simeontrust.org\\\/?s={search_term_string}\"},\"query-input\":{\"@type\":\"PropertyValueSpecification\",\"valueRequired\":true,\"valueName\":\"search_term_string\"}}],\"inLanguage\":\"pt-PT\"}]}<\/script>\n<!-- \/ Yoast SEO plugin. -->","yoast_head_json":{"title":"Contato - Charles Simeon Trust","robots":{"index":"index","follow":"follow","max-snippet":"max-snippet:-1","max-image-preview":"max-image-preview:large","max-video-preview":"max-video-preview:-1"},"canonical":"https:\/\/simeontrust.org\/pt-pt\/contact\/","og_locale":"pt_PT","og_type":"article","og_title":"Contato - Charles Simeon Trust","og_description":"Nos empenhamos em fornecer respostas r\u00e1pidas e pessoais. Se voc\u00ea tiver alguma d\u00favida ou preocupa\u00e7\u00e3o com algum aspecto do nosso trabalho, n\u00e3o hesite em nos contatar. Nosso desejo \u00e9 ajudar de todas as formas poss\u00edveis. Charles Simeon Trust P.O. Box 15212 Chicago, IL 60615 EUA info@simeontrust.org (773) 752-9876 &nbsp; Charles Simeon Trust Canada 600 The...","og_url":"https:\/\/simeontrust.org\/pt-pt\/contact\/","og_site_name":"Charles Simeon Trust","article_modified_time":"2025-11-27T16:08:51+00:00","twitter_card":"summary_large_image","twitter_misc":{"Tempo estimado de leitura":"1 minuto"},"schema":{"@context":"https:\/\/schema.org","@graph":[{"@type":"WebPage","@id":"https:\/\/simeontrust.org\/pt-pt\/contact\/","url":"https:\/\/simeontrust.org\/pt-pt\/contact\/","name":"Contato - Charles Simeon Trust","isPartOf":{"@id":"https:\/\/simeontrust.org\/#website"},"datePublished":"2018-03-11T04:04:06+00:00","dateModified":"2025-11-27T16:08:51+00:00","breadcrumb":{"@id":"https:\/\/simeontrust.org\/pt-pt\/contact\/#breadcrumb"},"inLanguage":"pt-PT","potentialAction":[{"@type":"ReadAction","target":["https:\/\/simeontrust.org\/pt-pt\/contact\/"]}]},{"@type":"BreadcrumbList","@id":"https:\/\/simeontrust.org\/pt-pt\/contact\/#breadcrumb","itemListElement":[{"@type":"ListItem","position":1,"name":"Home","item":"https:\/\/simeontrust.org\/pt-pt\/"},{"@type":"ListItem","position":2,"name":"Contato"}]},{"@type":"WebSite","@id":"https:\/\/simeontrust.org\/#website","url":"https:\/\/simeontrust.org\/","name":"Simeon Trust","description":"Training the next generation of Bible expositors.","potentialAction":[{"@type":"SearchAction","target":{"@type":"EntryPoint","urlTemplate":"https:\/\/simeontrust.org\/?s={search_term_string}"},"query-input":{"@type":"PropertyValueSpecification","valueRequired":true,"valueName":"search_term_string"}}],"inLanguage":"pt-PT"}]}},"_links":{"self":[{"href":"https:\/\/simeontrust.org\/pt-pt\/wp-json\/wp\/v2\/pages\/661","targetHints":{"allow":["GET"]}}],"collection":[{"href":"https:\/\/simeontrust.org\/pt-pt\/wp-json\/wp\/v2\/pages"}],"about":[{"href":"https:\/\/simeontrust.org\/pt-pt\/wp-json\/wp\/v2\/types\/page"}],"author":[{"embeddable":true,"href":"https:\/\/simeontrust.org\/pt-pt\/wp-json\/wp\/v2\/users\/1"}],"replies":[{"embeddable":true,"href":"https:\/\/simeontrust.org\/pt-pt\/wp-json\/wp\/v2\/comments?post=661"}],"version-history":[{"count":0,"href":"https:\/\/simeontrust.org\/pt-pt\/wp-json\/wp\/v2\/pages\/661\/revisions"}],"wp:attachment":[{"href":"https:\/\/simeontrust.org\/pt-pt\/wp-json\/wp\/v2\/media?parent=661"}],"curies":[{"name":"wp","href":"https:\/\/api.w.org\/{rel}","templated":true}]}}