{"id":662,"date":"2018-03-10T23:03:35","date_gmt":"2018-03-11T04:03:35","guid":{"rendered":"http:\/\/simeontrust.wpengine.com\/about\/"},"modified":"2026-03-02T17:17:17","modified_gmt":"2026-03-02T22:17:17","slug":"about-2","status":"publish","type":"page","link":"https:\/\/simeontrust.org\/pt-pt\/about-2\/","title":{"rendered":"Quem Somos"},"content":{"rendered":"","protected":false},"excerpt":{"rendered":"","protected":false},"author":1,"featured_media":0,"parent":0,"menu_order":0,"comment_status":"closed","ping_status":"closed","template":"templates\/tpl-about.php","meta":{"_acf_changed":false,"footnotes":""},"class_list":["post-662","page","type-page","status-publish","hentry"],"acf":{"header_title":"The Charles Simeon Trust","header_description":"Prega\u00e7\u00e3o melhor em todos os lugares significam maior acesso ao Evangelho para todos.","header_image":284,"beliefs_title":"Sobre n\u00f3s","beliefs_description":"A funda\u00e7\u00e3o Charles Simeon Trust existe para promover prega\u00e7\u00e3o melhor em todos os lugares, para que haja maior acesso ao Evangelho para todos. Fazemos isso oferecendo treinamento pr\u00e1tico de prega\u00e7\u00e3o e ensino da Palavra de Deus. Realizamos esse \u00fanico prop\u00f3sito por meio de tr\u00eas iniciativas: Oficinas regionais, treinamento presencial e recursos online. Cada uma visa aumentar a confian\u00e7a e a capacidade de pastores e professores de B\u00edblia para manejar corretamente a Palavra de Deus. Queremos que cada pessoa esteja convicta de que a Palavra de Deus \u00e9 poderosa e ansiosa para ensin\u00e1-la ao seu povo.","beliefs_button":{"title":"Declara\u00e7\u00e3o Doutrin\u00e1ria","url":"https:\/\/simeontrust.org\/pt-pt\/about-2\/declaracao-doutrinaria\/","target":""},"beliefs_button_2":{"title":"Breve Hist\u00f3ria","url":"https:\/\/simeontrust.org\/pt-pt\/about-2\/uma-breve-historia\/","target":""},"beliefs_button_3":"","":null,"values_title":"Valores","team_title":"Equipe","team_subheading":"","team":[5823,18464,1580,6545,24993,751,25003,899,13050,1525,1249,27251,24998,19427,1250,25000,24999,24997,24996,25001,24995,25002,25007,25004,25005,25006,1253],"stats_heading":"Alcance Global","stats":[{"stat":"16,871","description":"Inscri\u00e7\u00f5es 2025"},{"stat":"100,521","description":"Inscri\u00e7\u00f5es cumulativas"}],"values":[{"title":"Depend\u00eancia","description":"Dependemos inteiramente de Deus e da sua gra\u00e7a."},{"title":"Car\u00e1ter","description":"Cremos que car\u00e1ter importa, e quem n\u00f3s somos importa tanto quanto aquilo que falamos."},{"title":"Amor","description":"Amamos pessoas porque Deus em Cristo nos amou primeiro."},{"title":"Excel\u00eancia","description":"Primamos pela excel\u00eancia em tudo que fazemos para a gl\u00f3ria de Deus e o bom do pr\u00f3ximo."},{"title":"Inova\u00e7\u00e3o","description":"Cremos que inovar \u00e9 essencial porque progresso \u00e9 sempre poss\u00edvel."},{"title":"Generosidade","description":"Vivemos de maneira generosa para entregar nossas vidas e recursos para o avan\u00e7o do Evangelho."}]},"yoast_head":"<!-- This site is optimized with the Yoast SEO plugin v27.3 - https:\/\/yoast.com\/product\/yoast-seo-wordpress\/ -->\n<title>Quem Somos - Charles Simeon Trust<\/title>\n<meta name=\"robots\" content=\"index, follow, max-snippet:-1, max-image-preview:large, max-video-preview:-1\" \/>\n<link rel=\"canonical\" href=\"https:\/\/simeontrust.org\/pt-pt\/about-2\/\" \/>\n<meta property=\"og:locale\" content=\"pt_PT\" \/>\n<meta property=\"og:type\" content=\"article\" \/>\n<meta property=\"og:title\" content=\"Quem Somos - Charles Simeon Trust\" \/>\n<meta property=\"og:url\" content=\"https:\/\/simeontrust.org\/pt-pt\/about-2\/\" \/>\n<meta property=\"og:site_name\" content=\"Charles Simeon Trust\" \/>\n<meta property=\"article:modified_time\" content=\"2026-03-02T22:17:17+00:00\" \/>\n<meta name=\"twitter:card\" content=\"summary_large_image\" \/>\n<meta name=\"twitter:label1\" content=\"Tempo estimado de leitura\" \/>\n\t<meta name=\"twitter:data1\" content=\"2 minutos\" \/>\n<script type=\"application\/ld+json\" class=\"yoast-schema-graph\">{\"@context\":\"https:\\\/\\\/schema.org\",\"@graph\":[{\"@type\":\"WebPage\",\"@id\":\"https:\\\/\\\/simeontrust.org\\\/pt-pt\\\/about-2\\\/\",\"url\":\"https:\\\/\\\/simeontrust.org\\\/pt-pt\\\/about-2\\\/\",\"name\":\"Quem Somos - Charles Simeon Trust\",\"isPartOf\":{\"@id\":\"https:\\\/\\\/simeontrust.org\\\/#website\"},\"datePublished\":\"2018-03-11T04:03:35+00:00\",\"dateModified\":\"2026-03-02T22:17:17+00:00\",\"breadcrumb\":{\"@id\":\"https:\\\/\\\/simeontrust.org\\\/pt-pt\\\/about-2\\\/#breadcrumb\"},\"inLanguage\":\"pt-PT\",\"potentialAction\":[{\"@type\":\"ReadAction\",\"target\":[\"https:\\\/\\\/simeontrust.org\\\/pt-pt\\\/about-2\\\/\"]}]},{\"@type\":\"BreadcrumbList\",\"@id\":\"https:\\\/\\\/simeontrust.org\\\/pt-pt\\\/about-2\\\/#breadcrumb\",\"itemListElement\":[{\"@type\":\"ListItem\",\"position\":1,\"name\":\"Home\",\"item\":\"https:\\\/\\\/simeontrust.org\\\/pt-pt\\\/\"},{\"@type\":\"ListItem\",\"position\":2,\"name\":\"Quem Somos\"}]},{\"@type\":\"WebSite\",\"@id\":\"https:\\\/\\\/simeontrust.org\\\/#website\",\"url\":\"https:\\\/\\\/simeontrust.org\\\/\",\"name\":\"Simeon Trust\",\"description\":\"Training the next generation of Bible expositors.\",\"potentialAction\":[{\"@type\":\"SearchAction\",\"target\":{\"@type\":\"EntryPoint\",\"urlTemplate\":\"https:\\\/\\\/simeontrust.org\\\/?s={search_term_string}\"},\"query-input\":{\"@type\":\"PropertyValueSpecification\",\"valueRequired\":true,\"valueName\":\"search_term_string\"}}],\"inLanguage\":\"pt-PT\"}]}<\/script>\n<!-- \/ Yoast SEO plugin. -->","yoast_head_json":{"title":"Quem Somos - Charles Simeon Trust","robots":{"index":"index","follow":"follow","max-snippet":"max-snippet:-1","max-image-preview":"max-image-preview:large","max-video-preview":"max-video-preview:-1"},"canonical":"https:\/\/simeontrust.org\/pt-pt\/about-2\/","og_locale":"pt_PT","og_type":"article","og_title":"Quem Somos - Charles Simeon Trust","og_url":"https:\/\/simeontrust.org\/pt-pt\/about-2\/","og_site_name":"Charles Simeon Trust","article_modified_time":"2026-03-02T22:17:17+00:00","twitter_card":"summary_large_image","twitter_misc":{"Tempo estimado de leitura":"2 minutos"},"schema":{"@context":"https:\/\/schema.org","@graph":[{"@type":"WebPage","@id":"https:\/\/simeontrust.org\/pt-pt\/about-2\/","url":"https:\/\/simeontrust.org\/pt-pt\/about-2\/","name":"Quem Somos - Charles Simeon Trust","isPartOf":{"@id":"https:\/\/simeontrust.org\/#website"},"datePublished":"2018-03-11T04:03:35+00:00","dateModified":"2026-03-02T22:17:17+00:00","breadcrumb":{"@id":"https:\/\/simeontrust.org\/pt-pt\/about-2\/#breadcrumb"},"inLanguage":"pt-PT","potentialAction":[{"@type":"ReadAction","target":["https:\/\/simeontrust.org\/pt-pt\/about-2\/"]}]},{"@type":"BreadcrumbList","@id":"https:\/\/simeontrust.org\/pt-pt\/about-2\/#breadcrumb","itemListElement":[{"@type":"ListItem","position":1,"name":"Home","item":"https:\/\/simeontrust.org\/pt-pt\/"},{"@type":"ListItem","position":2,"name":"Quem Somos"}]},{"@type":"WebSite","@id":"https:\/\/simeontrust.org\/#website","url":"https:\/\/simeontrust.org\/","name":"Simeon Trust","description":"Training the next generation of Bible expositors.","potentialAction":[{"@type":"SearchAction","target":{"@type":"EntryPoint","urlTemplate":"https:\/\/simeontrust.org\/?s={search_term_string}"},"query-input":{"@type":"PropertyValueSpecification","valueRequired":true,"valueName":"search_term_string"}}],"inLanguage":"pt-PT"}]}},"_links":{"self":[{"href":"https:\/\/simeontrust.org\/pt-pt\/wp-json\/wp\/v2\/pages\/662","targetHints":{"allow":["GET"]}}],"collection":[{"href":"https:\/\/simeontrust.org\/pt-pt\/wp-json\/wp\/v2\/pages"}],"about":[{"href":"https:\/\/simeontrust.org\/pt-pt\/wp-json\/wp\/v2\/types\/page"}],"author":[{"embeddable":true,"href":"https:\/\/simeontrust.org\/pt-pt\/wp-json\/wp\/v2\/users\/1"}],"replies":[{"embeddable":true,"href":"https:\/\/simeontrust.org\/pt-pt\/wp-json\/wp\/v2\/comments?post=662"}],"version-history":[{"count":0,"href":"https:\/\/simeontrust.org\/pt-pt\/wp-json\/wp\/v2\/pages\/662\/revisions"}],"acf:post":[{"embeddable":true,"href":"https:\/\/simeontrust.org\/pt-pt\/wp-json\/wp\/v2\/person\/1253"},{"embeddable":true,"href":"https:\/\/simeontrust.org\/pt-pt\/wp-json\/wp\/v2\/person\/25006"},{"embeddable":true,"href":"https:\/\/simeontrust.org\/pt-pt\/wp-json\/wp\/v2\/person\/25005"},{"embeddable":true,"href":"https:\/\/simeontrust.org\/pt-pt\/wp-json\/wp\/v2\/person\/25004"},{"embeddable":true,"href":"https:\/\/simeontrust.org\/pt-pt\/wp-json\/wp\/v2\/person\/25007"},{"embeddable":true,"href":"https:\/\/simeontrust.org\/pt-pt\/wp-json\/wp\/v2\/person\/25002"},{"embeddable":true,"href":"https:\/\/simeontrust.org\/pt-pt\/wp-json\/wp\/v2\/person\/24995"},{"embeddable":true,"href":"https:\/\/simeontrust.org\/pt-pt\/wp-json\/wp\/v2\/person\/25001"},{"embeddable":true,"href":"https:\/\/simeontrust.org\/pt-pt\/wp-json\/wp\/v2\/person\/24996"},{"embeddable":true,"href":"https:\/\/simeontrust.org\/pt-pt\/wp-json\/wp\/v2\/person\/24997"},{"embeddable":true,"href":"https:\/\/simeontrust.org\/pt-pt\/wp-json\/wp\/v2\/person\/24999"},{"embeddable":true,"href":"https:\/\/simeontrust.org\/pt-pt\/wp-json\/wp\/v2\/person\/25000"},{"embeddable":true,"href":"https:\/\/simeontrust.org\/pt-pt\/wp-json\/wp\/v2\/person\/1250"},{"embeddable":true,"href":"https:\/\/simeontrust.org\/pt-pt\/wp-json\/wp\/v2\/person\/19427"},{"embeddable":true,"href":"https:\/\/simeontrust.org\/pt-pt\/wp-json\/wp\/v2\/person\/24998"},{"embeddable":true,"href":"https:\/\/simeontrust.org\/pt-pt\/wp-json\/wp\/v2\/person\/27251"},{"embeddable":true,"href":"https:\/\/simeontrust.org\/pt-pt\/wp-json\/wp\/v2\/person\/1249"},{"embeddable":true,"href":"https:\/\/simeontrust.org\/pt-pt\/wp-json\/wp\/v2\/person\/1525"},{"embeddable":true,"href":"https:\/\/simeontrust.org\/pt-pt\/wp-json\/wp\/v2\/person\/13050"},{"embeddable":true,"href":"https:\/\/simeontrust.org\/pt-pt\/wp-json\/wp\/v2\/person\/899"},{"embeddable":true,"href":"https:\/\/simeontrust.org\/pt-pt\/wp-json\/wp\/v2\/person\/25003"},{"embeddable":true,"href":"https:\/\/simeontrust.org\/pt-pt\/wp-json\/wp\/v2\/person\/751"},{"embeddable":true,"href":"https:\/\/simeontrust.org\/pt-pt\/wp-json\/wp\/v2\/person\/24993"},{"embeddable":true,"href":"https:\/\/simeontrust.org\/pt-pt\/wp-json\/wp\/v2\/person\/6545"},{"embeddable":true,"href":"https:\/\/simeontrust.org\/pt-pt\/wp-json\/wp\/v2\/person\/1580"},{"embeddable":true,"href":"https:\/\/simeontrust.org\/pt-pt\/wp-json\/wp\/v2\/person\/18464"},{"embeddable":true,"href":"https:\/\/simeontrust.org\/pt-pt\/wp-json\/wp\/v2\/person\/5823"}],"wp:attachment":[{"href":"https:\/\/simeontrust.org\/pt-pt\/wp-json\/wp\/v2\/media?parent=662"}],"curies":[{"name":"wp","href":"https:\/\/api.w.org\/{rel}","templated":true}]}}