{"id":19568,"date":"2025-02-26T17:10:36","date_gmt":"2025-02-26T22:10:36","guid":{"rendered":"https:\/\/simeontrust.org\/cac-cau-hoi-thuong-gap-khoa-hoc-truc-tuyen\/"},"modified":"2025-02-27T13:20:19","modified_gmt":"2025-02-27T18:20:19","slug":"cac-cau-hoi-thuong-gap-khoa-hoc-truc-tuyen","status":"publish","type":"page","link":"https:\/\/simeontrust.org\/vi\/khoa-hoc-truc-tuyen\/cac-cau-hoi-thuong-gap-khoa-hoc-truc-tuyen\/","title":{"rendered":"C\u00e1c C\u00e2u H\u1ecfi Th\u01b0\u1eddng G\u1eb7p"},"content":{"rendered":"<p><strong>T\u00f4i s\u1ebd \u0111\u01b0\u1ee3c truy c\u1eadp kh\u00f3a h\u1ecdc n\u00e0y trong bao l\u00e2u?<br \/>\n<\/strong>M\u1ed7i h\u1ecdc vi\u00ean s\u1ebd c\u00f3 quy\u1ec1n truy c\u1eadp v\u00e0o Kh\u00f3a h\u1ecdc tr\u1ef1c tuy\u1ebfn trong v\u00f2ng 12 th\u00e1ng k\u1ec3 t\u1eeb ng\u00e0y \u0111\u0103ng k\u00fd. Sau th\u1eddi gian \u0111\u00f3, quy\u1ec1n truy c\u1eadp c\u1ee7a b\u1ea1n s\u1ebd h\u1ebft h\u1ea1n, v\u00e0 b\u1ea1n c\u00f3 th\u1ec3 \u0111\u0103ng k\u00fd ti\u1ebfp n\u1ebfu mu\u1ed1n ti\u1ebfp t\u1ee5c s\u1eed d\u1ee5ng t\u00e0i li\u1ec7u h\u1ecdc.<\/p>\n<p><strong>H\u00ecnh Th\u1ee9c Linh Ho\u1ea1t<br \/>\n<\/strong>C\u00e1c kh\u00f3a h\u1ecdc c\u1ee7a ch\u00fang t\u00f4i \u0111\u01b0\u1ee3c thi\u1ebft k\u1ebf linh ho\u1ea1t. B\u1ea1n c\u00f3 th\u1ec3 h\u1ecdc theo t\u1ed1c \u0111\u1ed9 c\u1ee7a ri\u00eang m\u00ecnh v\u00e0 truy c\u1eadp t\u00e0i li\u1ec7u b\u1ea5t c\u1ee9 khi n\u00e0o b\u1ea1n mu\u1ed1n. Ch\u00fang t\u00f4i khuy\u1ebfn kh\u00edch b\u1ea1n h\u1ecdc m\u1ed9t m\u00f4n c\u00f9ng m\u1ed9t ng\u01b0\u1eddi b\u1ea1n ho\u1eb7c trong m\u1ed9t nh\u00f3m nh\u1ecf, t\u1ea1o cho b\u1ea1n c\u01a1 h\u1ed9i \u0111\u1ec3 chia s\u1ebb v\u00e0 th\u1ea3o lu\u1eadn v\u1ec1 b\u00e0i h\u1ecdc c\u1ee7a m\u00ecnh v\u1edbi ng\u01b0\u1eddi kh\u00e1c. Nhi\u1ec1u h\u1ecdc vi\u00ean cho r\u1eb1ng \u0111\u00e2y l\u00e0 m\u1ed9t trong nh\u1eefng kh\u00eda c\u1ea1nh h\u1eefu \u00edch nh\u1ea5t c\u1ee7a kh\u00f3a h\u1ecdc!<\/p>\n<p><strong>C\u00f3 nh\u1eefng ngu\u1ed3n t\u00e0i nguy\u00ean n\u00e0o cho nh\u1eefng ng\u01b0\u1eddi h\u01b0\u1edbng d\u1eabn m\u1ed9t nh\u00f3m trong m\u1ed9t M\u00f4n H\u1ecdc Tr\u1ef1c Tuy\u1ebfn?<br \/>\n<\/strong>Ch\u00fang t\u00f4i cam k\u1ebft h\u1ed7 tr\u1ee3 v\u00e0 trang b\u1ecb nh\u1eefng h\u01b0\u1edbng d\u1eabn nh\u00f3m h\u1ecdc nh\u1ecf qua su\u1ed1t Kh\u00f3a H\u1ecdc Tr\u1ef1c Tuy\u1ebfn. H\u00e3y li\u00ean h\u1ec7 v\u1edbi Gi\u00e1m \u0110\u1ed1c Kh\u00f3a H\u1ecdc Tr\u1ef1c Tuy\u1ebfn, l\u00e0 \u00f4ng Dave Cartwright, \u0111\u1ec3 truy c\u1eadp c\u00e1c t\u00e0i nguy\u00ean video, t\u00e0i li\u1ec7u in v\u00e0 c\u00e1c t\u00e0i nguy\u00ean kh\u00e1c h\u1ed7 tr\u1ee3 b\u1ea1n.<\/p>\n<p><strong>Ghi Danh Theo Nh\u00f3m<br \/>\n<\/strong>Nh\u1eefng ng\u01b0\u1eddi h\u1ecdc theo nh\u00f3m c\u00f3 th\u1ec3 ghi r\u00f5 \u0111i\u1ec1u n\u00e0y khi \u0111\u0103ng k\u00fd, v\u00e0 cung c\u1ea5p t\u00ean c\u1ee7a tr\u01b0\u1edfng nh\u00f3m. Ch\u00fang t\u00f4i y\u00eau c\u1ea7u m\u1ed7i th\u00e0nh vi\u00ean trong nh\u00f3m t\u1ef1 ghi danh v\u00e0o kh\u00f3a h\u1ecdc. C\u00f3 c\u00e1c \u01b0u \u0111\u00e3i gi\u1ea3m gi\u00e1 s\u1ed1 l\u01b0\u1ee3ng l\u1edbn d\u00e0nh cho c\u00e1c nh\u00f3m mua quy\u1ec1n truy c\u1eadp t\u1eeb 25 ng\u01b0\u1eddi tr\u1edf l\u00ean. Vui l\u00f2ng li\u00ean h\u1ec7 \u00f4ng Dave Cartwright \u0111\u1ec3 bi\u1ebft th\u00eam th\u00f4ng tin v\u1ec1 ch\u00ednh s\u00e1ch gi\u1ea3m gi\u00e1 nh\u00f3m.<\/p>\n<p><strong>Ti\u1ebfn \u0110\u1ed9 v\u00e0 C\u00e1c B\u00e0i T\u1eadp<br \/>\n<\/strong>Kh\u00f3a h\u1ecdc theo ti\u1ebfn \u0111\u1ed9 t\u1ef1 do. B\u1ea1n c\u00f3 th\u1ec3 h\u1ecdc theo l\u1ecbch tr\u00ecnh v\u00e0 t\u1ed1c \u0111\u1ed9 ri\u00eang c\u1ee7a m\u00ecnh. \u0110\u00e2y c\u0169ng l\u00e0 kh\u00f3a h\u1ecdc t\u1ef1 \u0111\u1ecbnh h\u01b0\u1edbng, ngh\u0129a l\u00e0 c\u00e1c b\u00e0i t\u1eadp c\u00f3 th\u1ec3 \u0111\u01b0\u1ee3c thay \u0111\u1ed5i ho\u1eb7c th\u1eadm ch\u00ed b\u1ecf qua n\u1ebfu c\u1ea7n. C\u00e1c b\u00e0i t\u1eadp \u0111\u00e3 ho\u00e0n th\u00e0nh c\u00f3 th\u1ec3 \u0111\u01b0\u1ee3c th\u1ea3o lu\u1eadn trong c\u00e1c bu\u1ed5i g\u1eb7p g\u1ee1 v\u1edbi b\u1ea1n c\u1ed9ng s\u1ef1\/nh\u00f3m h\u1ecdc c\u1ee7a b\u1ea1n, v\u00e0 kh\u00f4ng n\u1ed9p cho Charles Simeon Trust (tr\u1eeb khi h\u1ecdc \u0111\u1ec3 nh\u1eadn t\u00edn ch\u1ec9 sau \u0111\u1ea1i h\u1ecdc).<\/p>\n<p><strong>T\u00f4i b\u1eaft \u0111\u1ea7u t\u1eeb \u0111\u00e2u?<br \/>\n<\/strong>Ch\u00fang t\u00f4i khuy\u00ean b\u1ea1n n\u00ean b\u1eaft \u0111\u1ea7u v\u1edbi Nh\u1eefng Nguy\u00ean t\u1eafc \u0110\u1ea7u Ti\u00ean (First Principles). Kh\u00f3a h\u1ecdc n\u00e0y s\u1ebd gi\u1edbi thi\u1ec7u cho b\u1ea1n m\u1ed9t s\u1ed1 ni\u1ec1m tin quy\u1ebft c\u1ed1t l\u00f5i v\u00e0 nh\u1eefng k\u1ef9 n\u0103ng h\u1eefu \u00edch, \u0111\u1ed3ng th\u1eddi chu\u1ea9n b\u1ecb cho b\u1ea1n h\u1ecdc b\u1ea5t k\u1ef3 m\u00f4n n\u00e0o v\u1ec1 v\u0103n th\u1ec3. B\u01b0\u1edbc ti\u1ebfp theo ph\u00f9 h\u1ee3p l\u00e0 h\u1ecdc m\u1ed9t m\u00f4n v\u1ec1 m\u1ed9t v\u0103n th\u1ec3 n\u00e0o \u0111\u00f3, ch\u1eb3ng h\u1ea1n nh\u01b0 Th\u01b0 t\u00edn (Epistles) ho\u1eb7c L\u1ecbch S\u1eed C\u1ef1u \u01af\u1edbc (Old Testament History). C\u00e1c kh\u00f3a h\u1ecdc n\u00e0y s\u1ebd cho b\u1ea1n c\u01a1 h\u1ed9i th\u1ef1c h\u00e0nh c\u00e1c k\u1ef9 n\u0103ng \u0111\u00e3 h\u1ecdc t\u1eeb kh\u00f3a Nh\u1eefng Nguy\u00ean t\u1eafc \u0110\u1ea7u Ti\u00ean v\u00e0 \u00e1p d\u1ee5ng ch\u00fang ngay l\u1eadp t\u1ee9c v\u00e0o m\u1ed9t cu\u1ed1n b\u1ea1n \u0111ang nghi\u00ean c\u1ee9u t\u1ea1i nh\u00e0 th\u1edd ho\u1eb7c t\u1ef1 h\u1ecdc ri\u00eang. Nh\u1eefng h\u1ecdc vi\u00ean c\u00f3 kinh nghi\u1ec7m h\u01a1n trong nghi\u00ean c\u1ee9u Kinh Th\u00e1nh c\u00f3 th\u1ec3 mu\u1ed1n xem c\u00e1c kh\u00f3a h\u1ecdc v\u1ec1 Th\u1ea7n H\u1ecdc Kinh Th\u00e1nh v\u00e0 Gi\u1ea3ng D\u1ea1y (Biblical Theology and Preaching) ho\u1eb7c Th\u1ea7n h\u1ecdc H\u1ec7 Th\u1ed1ng V\u00e0 Gi\u1ea3ng D\u1ea1y (Systematic Theology and Preaching). C\u00e1c m\u00f4n h\u1ecdc n\u00e0y s\u1ebd gi\u00fap b\u1ea1n c\u00e0ng th\u00eam ch\u00ednh x\u00e1c v\u1ec1 th\u1ea7n h\u1ecdc trong vi\u1ec7c nghi\u00ean c\u1ee9u v\u00e0 d\u1ea1y.<\/p>\n<p><strong>T\u00edn Ch\u1ec9 Ch\u1ee7ng vi\u1ec7n<br \/>\n<\/strong>Ch\u00fang t\u00f4i cung c\u1ea5p m\u1ed9t s\u1ed1 kh\u00f3a h\u1ecdc \u0111\u1ec3 l\u1ea5y t\u00edn ch\u1ec9 sau \u0111\u1ea1i h\u1ecdc th\u00f4ng qua c\u00e1c \u0111\u1ed1i t\u00e1c chi\u1ebfn l\u01b0\u1ee3c v\u1edbi Ch\u1ee7ng vi\u1ec7n Th\u1ea7n h\u1ecdc Baptist Nam Ph\u01b0\u01a1ng (Southern Baptist Theological Seminary) v\u00e0 Vi\u1ec7n Th\u1ea7n h\u1ecdc Trinity Evangelical Divinity School. C\u00e1c kh\u00f3a h\u1ecdc n\u00e0y y\u00eau c\u1ea7u \u0111\u00f3ng h\u1ecdc ph\u00ed b\u1ed5 sung cho ch\u1ee7ng vi\u1ec7n, nh\u01b0ng \u0111\u01b0\u1ee3c gi\u1ea3m gi\u00e1. C\u00e1c t\u00edn ch\u1ec9 n\u00e0y c\u00f3 th\u1ec3 chuy\u1ec3n \u0111\u01b0\u1ee3c. Vui l\u00f2ng li\u00ean h\u1ec7 Gi\u00e1m \u0111\u1ed1c \u0110\u00e0o t\u1ea1o Tr\u1ef1c tuy\u1ebfn, l\u00e0 \u00f4ng Dave Cartwright, \u0111\u1ec3 bi\u1ebft th\u00eam chi ti\u1ebft v\u00e0 nh\u1eadn h\u1ed3 s\u01a1 \u0111\u0103ng k\u00fd. C\u00e1c kh\u00f3a h\u1ecdc \u0111\u1ec3 l\u1ea5y t\u00edn ch\u1ec9 t\u1ea1i ch\u1ee7ng vi\u1ec7n ch\u1ec9 \u0111\u01b0\u1ee3c cung c\u1ea5p b\u1eb1ng ti\u1ebfng Anh.<\/p>\n<p><strong>Ph\u00ed Ghi Danh<br \/>\n<\/strong>T\u1eeb khi th\u00e0nh l\u1eadp t\u1ed5 ch\u1ee9c, m\u1ee5c ti\u00eau c\u1ee7a ch\u00fang t\u00f4i lu\u00f4n l\u00e0 gi\u1eef m\u1ee9c ph\u00ed cho c\u00e1c Kh\u00f3a h\u1ecdc Tr\u1ef1c tuy\u1ebfn \u1edf m\u1ee9c th\u1ea5p v\u00e0 h\u1ee3p l\u00fd nh\u1ea5t c\u00f3 th\u1ec3. Ch\u00fang t\u00f4i tin r\u1eb1ng so v\u1edbi c\u00e1c t\u1ed5 ch\u1ee9c v\u00e0 h\u1ed9i ngh\u1ecb t\u01b0\u01a1ng t\u1ef1 d\u00e0nh cho c\u00e1c nh\u00e0 l\u00e3nh \u0111\u1ea1o m\u1ee5c v\u1ee5, ch\u00fang t\u00f4i \u0111\u00e3 th\u00e0nh c\u00f4ng. Vui l\u00f2ng li\u00ean h\u1ec7 v\u1edbi ch\u00fang t\u00f4i n\u1ebfu ch\u00ednh s\u00e1ch ph\u00ed g\u00e2y \u1ea3nh h\u01b0\u1edfng b\u1ea5t l\u1ee3i \u0111\u1ebfn kh\u1ea3 n\u0103ng b\u1ea1n tham d\u1ef1 Kh\u00f3a H\u1ecdc Tr\u1ef1c Tuy\u1ebfn. Ch\u00fang t\u00f4i kh\u00f4ng c\u00f3 \u00fd \u0111\u1ecbnh lo\u1ea1i tr\u1eeb b\u1ea5t k\u1ef3 ai ch\u1ec9 v\u00ec kh\u1ea3 n\u0103ng n\u1ed9p ph\u00ed \u0111\u0103ng k\u00fd. D\u00f9 kh\u00f4ng th\u1ec3 b\u1ea3o \u0111\u1ea3m r\u1eb1ng ch\u00fang t\u00f4i s\u1ebd c\u00f3 th\u1ec3 \u0111i\u1ec1u ch\u1ec9nh ch\u00ednh s\u00e1ch n\u00e0y cho m\u1ed9t c\u00e1 nh\u00e2n ho\u1eb7c \u0111\u01b0a ra nh\u1eefng ngo\u1ea1i l\u1ec7, nh\u01b0ng ch\u00fang t\u00f4i mu\u1ed1n c\u00f3 c\u01a1 h\u1ed9i h\u1ed7 tr\u1ee3 b\u1ea1n.<\/p>\n","protected":false},"excerpt":{"rendered":"<p>T\u00f4i s\u1ebd \u0111\u01b0\u1ee3c truy c\u1eadp kh\u00f3a h\u1ecdc n\u00e0y trong bao l\u00e2u? M\u1ed7i h\u1ecdc vi\u00ean s\u1ebd c\u00f3 quy\u1ec1n truy c\u1eadp v\u00e0o Kh\u00f3a h\u1ecdc tr\u1ef1c tuy\u1ebfn trong v\u00f2ng 12 th\u00e1ng k\u1ec3 t\u1eeb ng\u00e0y \u0111\u0103ng k\u00fd. Sau th\u1eddi gian \u0111\u00f3, quy\u1ec1n truy c\u1eadp c\u1ee7a b\u1ea1n s\u1ebd h\u1ebft h\u1ea1n, v\u00e0 b\u1ea1n c\u00f3 th\u1ec3 \u0111\u0103ng k\u00fd ti\u1ebfp n\u1ebfu mu\u1ed1n ti\u1ebfp&#8230;<\/p>\n","protected":false},"author":28,"featured_media":19571,"parent":19572,"menu_order":0,"comment_status":"closed","ping_status":"closed","template":"","meta":{"_acf_changed":false,"footnotes":""},"class_list":["post-19568","page","type-page","status-publish","has-post-thumbnail","hentry"],"acf":[],"yoast_head":"<!-- This site is optimized with the Yoast SEO plugin v27.3 - https:\/\/yoast.com\/product\/yoast-seo-wordpress\/ -->\n<title>C\u00e1c C\u00e2u H\u1ecfi Th\u01b0\u1eddng G\u1eb7p - Charles Simeon Trust<\/title>\n<meta name=\"robots\" content=\"index, follow, max-snippet:-1, max-image-preview:large, max-video-preview:-1\" \/>\n<link rel=\"canonical\" href=\"https:\/\/simeontrust.org\/vi\/khoa-hoc-truc-tuyen\/cac-cau-hoi-thuong-gap-khoa-hoc-truc-tuyen\/\" \/>\n<meta property=\"og:locale\" content=\"vi_VN\" \/>\n<meta property=\"og:type\" content=\"article\" \/>\n<meta property=\"og:title\" content=\"C\u00e1c C\u00e2u H\u1ecfi Th\u01b0\u1eddng G\u1eb7p - Charles Simeon Trust\" \/>\n<meta property=\"og:description\" content=\"T\u00f4i s\u1ebd \u0111\u01b0\u1ee3c truy c\u1eadp kh\u00f3a h\u1ecdc n\u00e0y trong bao l\u00e2u? M\u1ed7i h\u1ecdc vi\u00ean s\u1ebd c\u00f3 quy\u1ec1n truy c\u1eadp v\u00e0o Kh\u00f3a h\u1ecdc tr\u1ef1c tuy\u1ebfn trong v\u00f2ng 12 th\u00e1ng k\u1ec3 t\u1eeb ng\u00e0y \u0111\u0103ng k\u00fd. Sau th\u1eddi gian \u0111\u00f3, quy\u1ec1n truy c\u1eadp c\u1ee7a b\u1ea1n s\u1ebd h\u1ebft h\u1ea1n, v\u00e0 b\u1ea1n c\u00f3 th\u1ec3 \u0111\u0103ng k\u00fd ti\u1ebfp n\u1ebfu mu\u1ed1n ti\u1ebfp...\" \/>\n<meta property=\"og:url\" content=\"https:\/\/simeontrust.org\/vi\/khoa-hoc-truc-tuyen\/cac-cau-hoi-thuong-gap-khoa-hoc-truc-tuyen\/\" \/>\n<meta property=\"og:site_name\" content=\"Charles Simeon Trust\" \/>\n<meta property=\"article:modified_time\" content=\"2025-02-27T18:20:19+00:00\" \/>\n<meta property=\"og:image\" content=\"https:\/\/simeontrust.org\/wp-content\/uploads\/2021\/03\/Simeon-Trust-0053-scaled.jpg\" \/>\n\t<meta property=\"og:image:width\" content=\"2560\" \/>\n\t<meta property=\"og:image:height\" content=\"1707\" \/>\n\t<meta property=\"og:image:type\" content=\"image\/jpeg\" \/>\n<meta name=\"twitter:card\" content=\"summary_large_image\" \/>\n<meta name=\"twitter:label1\" content=\"Est. reading time\" \/>\n\t<meta name=\"twitter:data1\" content=\"4 minutes\" \/>\n<script type=\"application\/ld+json\" class=\"yoast-schema-graph\">{\"@context\":\"https:\\\/\\\/schema.org\",\"@graph\":[{\"@type\":\"WebPage\",\"@id\":\"https:\\\/\\\/simeontrust.org\\\/vi\\\/khoa-hoc-truc-tuyen\\\/cac-cau-hoi-thuong-gap-khoa-hoc-truc-tuyen\\\/\",\"url\":\"https:\\\/\\\/simeontrust.org\\\/vi\\\/khoa-hoc-truc-tuyen\\\/cac-cau-hoi-thuong-gap-khoa-hoc-truc-tuyen\\\/\",\"name\":\"C\u00e1c C\u00e2u H\u1ecfi Th\u01b0\u1eddng G\u1eb7p - Charles Simeon Trust\",\"isPartOf\":{\"@id\":\"https:\\\/\\\/simeontrust.org\\\/#website\"},\"primaryImageOfPage\":{\"@id\":\"https:\\\/\\\/simeontrust.org\\\/vi\\\/khoa-hoc-truc-tuyen\\\/cac-cau-hoi-thuong-gap-khoa-hoc-truc-tuyen\\\/#primaryimage\"},\"image\":{\"@id\":\"https:\\\/\\\/simeontrust.org\\\/vi\\\/khoa-hoc-truc-tuyen\\\/cac-cau-hoi-thuong-gap-khoa-hoc-truc-tuyen\\\/#primaryimage\"},\"thumbnailUrl\":\"https:\\\/\\\/simeontrust.org\\\/wp-content\\\/uploads\\\/2021\\\/03\\\/Simeon-Trust-0053-scaled.jpg\",\"datePublished\":\"2025-02-26T22:10:36+00:00\",\"dateModified\":\"2025-02-27T18:20:19+00:00\",\"breadcrumb\":{\"@id\":\"https:\\\/\\\/simeontrust.org\\\/vi\\\/khoa-hoc-truc-tuyen\\\/cac-cau-hoi-thuong-gap-khoa-hoc-truc-tuyen\\\/#breadcrumb\"},\"inLanguage\":\"vi-VN\",\"potentialAction\":[{\"@type\":\"ReadAction\",\"target\":[\"https:\\\/\\\/simeontrust.org\\\/vi\\\/khoa-hoc-truc-tuyen\\\/cac-cau-hoi-thuong-gap-khoa-hoc-truc-tuyen\\\/\"]}]},{\"@type\":\"ImageObject\",\"inLanguage\":\"vi-VN\",\"@id\":\"https:\\\/\\\/simeontrust.org\\\/vi\\\/khoa-hoc-truc-tuyen\\\/cac-cau-hoi-thuong-gap-khoa-hoc-truc-tuyen\\\/#primaryimage\",\"url\":\"https:\\\/\\\/simeontrust.org\\\/wp-content\\\/uploads\\\/2021\\\/03\\\/Simeon-Trust-0053-scaled.jpg\",\"contentUrl\":\"https:\\\/\\\/simeontrust.org\\\/wp-content\\\/uploads\\\/2021\\\/03\\\/Simeon-Trust-0053-scaled.jpg\",\"width\":2560,\"height\":1707,\"caption\":\"Bible and Computer\"},{\"@type\":\"BreadcrumbList\",\"@id\":\"https:\\\/\\\/simeontrust.org\\\/vi\\\/khoa-hoc-truc-tuyen\\\/cac-cau-hoi-thuong-gap-khoa-hoc-truc-tuyen\\\/#breadcrumb\",\"itemListElement\":[{\"@type\":\"ListItem\",\"position\":1,\"name\":\"Trang Ch\u1ee7\",\"item\":\"https:\\\/\\\/simeontrust.org\\\/vi\\\/\"},{\"@type\":\"ListItem\",\"position\":2,\"name\":\"Kh\u00f3a H\u1ecdc Tr\u1ef1c Tuy\u1ebfn\",\"item\":\"https:\\\/\\\/simeontrust.org\\\/vi\\\/khoa-hoc-truc-tuyen\\\/\"},{\"@type\":\"ListItem\",\"position\":3,\"name\":\"C\u00e1c C\u00e2u H\u1ecfi Th\u01b0\u1eddng G\u1eb7p\"}]},{\"@type\":\"WebSite\",\"@id\":\"https:\\\/\\\/simeontrust.org\\\/#website\",\"url\":\"https:\\\/\\\/simeontrust.org\\\/\",\"name\":\"Simeon Trust\",\"description\":\"Training the next generation of Bible expositors.\",\"potentialAction\":[{\"@type\":\"SearchAction\",\"target\":{\"@type\":\"EntryPoint\",\"urlTemplate\":\"https:\\\/\\\/simeontrust.org\\\/?s={search_term_string}\"},\"query-input\":{\"@type\":\"PropertyValueSpecification\",\"valueRequired\":true,\"valueName\":\"search_term_string\"}}],\"inLanguage\":\"vi-VN\"}]}<\/script>\n<!-- \/ Yoast SEO plugin. -->","yoast_head_json":{"title":"C\u00e1c C\u00e2u H\u1ecfi Th\u01b0\u1eddng G\u1eb7p - Charles Simeon Trust","robots":{"index":"index","follow":"follow","max-snippet":"max-snippet:-1","max-image-preview":"max-image-preview:large","max-video-preview":"max-video-preview:-1"},"canonical":"https:\/\/simeontrust.org\/vi\/khoa-hoc-truc-tuyen\/cac-cau-hoi-thuong-gap-khoa-hoc-truc-tuyen\/","og_locale":"vi_VN","og_type":"article","og_title":"C\u00e1c C\u00e2u H\u1ecfi Th\u01b0\u1eddng G\u1eb7p - Charles Simeon Trust","og_description":"T\u00f4i s\u1ebd \u0111\u01b0\u1ee3c truy c\u1eadp kh\u00f3a h\u1ecdc n\u00e0y trong bao l\u00e2u? M\u1ed7i h\u1ecdc vi\u00ean s\u1ebd c\u00f3 quy\u1ec1n truy c\u1eadp v\u00e0o Kh\u00f3a h\u1ecdc tr\u1ef1c tuy\u1ebfn trong v\u00f2ng 12 th\u00e1ng k\u1ec3 t\u1eeb ng\u00e0y \u0111\u0103ng k\u00fd. Sau th\u1eddi gian \u0111\u00f3, quy\u1ec1n truy c\u1eadp c\u1ee7a b\u1ea1n s\u1ebd h\u1ebft h\u1ea1n, v\u00e0 b\u1ea1n c\u00f3 th\u1ec3 \u0111\u0103ng k\u00fd ti\u1ebfp n\u1ebfu mu\u1ed1n ti\u1ebfp...","og_url":"https:\/\/simeontrust.org\/vi\/khoa-hoc-truc-tuyen\/cac-cau-hoi-thuong-gap-khoa-hoc-truc-tuyen\/","og_site_name":"Charles Simeon Trust","article_modified_time":"2025-02-27T18:20:19+00:00","og_image":[{"width":2560,"height":1707,"url":"https:\/\/simeontrust.org\/wp-content\/uploads\/2021\/03\/Simeon-Trust-0053-scaled.jpg","type":"image\/jpeg"}],"twitter_card":"summary_large_image","twitter_misc":{"Est. reading time":"4 minutes"},"schema":{"@context":"https:\/\/schema.org","@graph":[{"@type":"WebPage","@id":"https:\/\/simeontrust.org\/vi\/khoa-hoc-truc-tuyen\/cac-cau-hoi-thuong-gap-khoa-hoc-truc-tuyen\/","url":"https:\/\/simeontrust.org\/vi\/khoa-hoc-truc-tuyen\/cac-cau-hoi-thuong-gap-khoa-hoc-truc-tuyen\/","name":"C\u00e1c C\u00e2u H\u1ecfi Th\u01b0\u1eddng G\u1eb7p - Charles Simeon Trust","isPartOf":{"@id":"https:\/\/simeontrust.org\/#website"},"primaryImageOfPage":{"@id":"https:\/\/simeontrust.org\/vi\/khoa-hoc-truc-tuyen\/cac-cau-hoi-thuong-gap-khoa-hoc-truc-tuyen\/#primaryimage"},"image":{"@id":"https:\/\/simeontrust.org\/vi\/khoa-hoc-truc-tuyen\/cac-cau-hoi-thuong-gap-khoa-hoc-truc-tuyen\/#primaryimage"},"thumbnailUrl":"https:\/\/simeontrust.org\/wp-content\/uploads\/2021\/03\/Simeon-Trust-0053-scaled.jpg","datePublished":"2025-02-26T22:10:36+00:00","dateModified":"2025-02-27T18:20:19+00:00","breadcrumb":{"@id":"https:\/\/simeontrust.org\/vi\/khoa-hoc-truc-tuyen\/cac-cau-hoi-thuong-gap-khoa-hoc-truc-tuyen\/#breadcrumb"},"inLanguage":"vi-VN","potentialAction":[{"@type":"ReadAction","target":["https:\/\/simeontrust.org\/vi\/khoa-hoc-truc-tuyen\/cac-cau-hoi-thuong-gap-khoa-hoc-truc-tuyen\/"]}]},{"@type":"ImageObject","inLanguage":"vi-VN","@id":"https:\/\/simeontrust.org\/vi\/khoa-hoc-truc-tuyen\/cac-cau-hoi-thuong-gap-khoa-hoc-truc-tuyen\/#primaryimage","url":"https:\/\/simeontrust.org\/wp-content\/uploads\/2021\/03\/Simeon-Trust-0053-scaled.jpg","contentUrl":"https:\/\/simeontrust.org\/wp-content\/uploads\/2021\/03\/Simeon-Trust-0053-scaled.jpg","width":2560,"height":1707,"caption":"Bible and Computer"},{"@type":"BreadcrumbList","@id":"https:\/\/simeontrust.org\/vi\/khoa-hoc-truc-tuyen\/cac-cau-hoi-thuong-gap-khoa-hoc-truc-tuyen\/#breadcrumb","itemListElement":[{"@type":"ListItem","position":1,"name":"Trang Ch\u1ee7","item":"https:\/\/simeontrust.org\/vi\/"},{"@type":"ListItem","position":2,"name":"Kh\u00f3a H\u1ecdc Tr\u1ef1c Tuy\u1ebfn","item":"https:\/\/simeontrust.org\/vi\/khoa-hoc-truc-tuyen\/"},{"@type":"ListItem","position":3,"name":"C\u00e1c C\u00e2u H\u1ecfi Th\u01b0\u1eddng G\u1eb7p"}]},{"@type":"WebSite","@id":"https:\/\/simeontrust.org\/#website","url":"https:\/\/simeontrust.org\/","name":"Simeon Trust","description":"Training the next generation of Bible expositors.","potentialAction":[{"@type":"SearchAction","target":{"@type":"EntryPoint","urlTemplate":"https:\/\/simeontrust.org\/?s={search_term_string}"},"query-input":{"@type":"PropertyValueSpecification","valueRequired":true,"valueName":"search_term_string"}}],"inLanguage":"vi-VN"}]}},"_links":{"self":[{"href":"https:\/\/simeontrust.org\/vi\/wp-json\/wp\/v2\/pages\/19568","targetHints":{"allow":["GET"]}}],"collection":[{"href":"https:\/\/simeontrust.org\/vi\/wp-json\/wp\/v2\/pages"}],"about":[{"href":"https:\/\/simeontrust.org\/vi\/wp-json\/wp\/v2\/types\/page"}],"author":[{"embeddable":true,"href":"https:\/\/simeontrust.org\/vi\/wp-json\/wp\/v2\/users\/28"}],"replies":[{"embeddable":true,"href":"https:\/\/simeontrust.org\/vi\/wp-json\/wp\/v2\/comments?post=19568"}],"version-history":[{"count":0,"href":"https:\/\/simeontrust.org\/vi\/wp-json\/wp\/v2\/pages\/19568\/revisions"}],"up":[{"embeddable":true,"href":"https:\/\/simeontrust.org\/vi\/wp-json\/wp\/v2\/pages\/19572"}],"wp:featuredmedia":[{"embeddable":true,"href":"https:\/\/simeontrust.org\/vi\/wp-json\/wp\/v2\/media\/19571"}],"wp:attachment":[{"href":"https:\/\/simeontrust.org\/vi\/wp-json\/wp\/v2\/media?parent=19568"}],"curies":[{"name":"wp","href":"https:\/\/api.w.org\/{rel}","templated":true}]}}