{"id":19599,"date":"2025-02-27T11:03:47","date_gmt":"2025-02-27T16:03:47","guid":{"rendered":"https:\/\/simeontrust.org\/luoc-su\/"},"modified":"2025-11-27T11:21:18","modified_gmt":"2025-11-27T16:21:18","slug":"luoc-su","status":"publish","type":"page","link":"https:\/\/simeontrust.org\/vi\/gioi-thieu-2\/luoc-su\/","title":{"rendered":"L\u01b0\u1ee3c S\u1eed"},"content":{"rendered":"<p>N\u0103m 1991, M\u1ee5c s\u01b0 R. Kent Hughes c\u00f9ng H\u1ed9i Th\u00e1nh College Church t\u1ea1i Wheaton \u0111\u00e3 kh\u1edfi s\u1ef1 H\u1ed9i th\u1ea3o th\u01b0\u1eddng ni\u00ean v\u1ec1 Gi\u1ea3ng Gi\u1ea3i Kinh (Workshop on Biblical Exposition). H\u1ed9i th\u1ea3o n\u00e0y l\u1ea5y c\u1ea3m h\u1ee9ng v\u00e0 theo m\u1eabu c\u1ee7a c\u00e1c h\u1ed9i th\u1ea3o do Dick Lucas v\u00e0 T\u1ed5 ch\u1ee9c Proclamation Trust t\u1ed5 ch\u1ee9c t\u1ea1i London t\u1eeb nh\u1eefng n\u0103m 1980. \u0110\u1ebfn cu\u1ed1i th\u1eadp ni\u00ean 1990, H\u1ed9i th\u1ea3o t\u1ea1i Wheaton \u0111\u00e3 ph\u00e1t tri\u1ec3n m\u1ea1nh \u0111\u1ebfn n\u1ed7i c\u1ea7n lan r\u1ed9ng.<\/p>\n<p>C\u00f9ng th\u1eddi \u0111i\u1ec3m \u0111\u00f3, v\u00e0o n\u0103m 1998, H\u1ed9i Th\u00e1nh Holy Trinity Church t\u1ea1i Chicago \u0111\u01b0\u1ee3c th\u00e0nh l\u1eadp t\u1eeb College Church b\u1edfi Dave Helm v\u00e0 Jon Dennis. \u00cdt l\u00e2u sau, Holy Trinity \u0111\u00e3 th\u00e0nh l\u1eadp Chicago Plan (K\u1ebf Ho\u1ea1ch Chicago), l\u00e0 ch\u01b0\u01a1ng tr\u00ecnh \u0111\u00e0o t\u1ea1o m\u1ee5c v\u1ee5, bao g\u1ed3m ba y\u1ebfu t\u1ed1 \u0111\u1eb7c tr\u01b0ng: d\u1ea1y theo ki\u1ec3u t\u1ea1i ph\u00f2ng h\u1ecdc, th\u1ef1c hi\u1ec7n m\u1ee5c v\u1ee5 trong m\u1ed9t h\u1ed9i th\u00e1nh th\u1ef1c ti\u1ec5n \u0111\u1eddi th\u01b0\u1eddng, v\u00e0 \u0111\u01b0\u1ee3c t\u01b0 v\u1ea5n t\u1eeb m\u1ed9t m\u1ee5c s\u01b0.<\/p>\n<p>\u0110\u1ec3 qu\u1ea3n l\u00fd hai m\u1ee5c v\u1ee5 ng\u00e0y c\u00e0ng ph\u00e1t tri\u1ec3n n\u00e0y, David Helm, R. Kent Hughes, Jon Dennis v\u00e0 hai doanh nh\u00e2n \u0111\u00e3 th\u00e0nh l\u1eadp m\u1ed9t t\u1ed5 ch\u1ee9c m\u1edbi. T\u1ed5 ch\u1ee9c n\u00e0y \u0111\u01b0\u1ee3c \u0111\u1eb7t t\u00ean theo Charles Simeon, nh\u00e0 truy\u1ec1n gi\u1ea3ng v\u00e0 nh\u00e0 hu\u1ea5n luy\u1ec7n truy\u1ec1n \u0111\u1ea1o t\u1ea1i Cambridge, Anh Qu\u1ed1c, ng\u01b0\u1eddi \u0111\u00e3 ph\u1ee5c v\u1ee5 trong 54 n\u0103m \u0111\u1ea7y th\u1eed th\u00e1ch (1783-1836). B\u1ea1n c\u00f3 th\u1ec3 \u0111\u1ecdc th\u00eam v\u1ec1 Charles Simeon trong ti\u1ec3u s\u1eed ng\u1eafn n\u00e0y [pdf, 167kb]. V\u00e0o ng\u00e0y 23 th\u00e1ng 1 n\u0103m 2001, H\u1ed9i Charles Simeon Trust ra \u0111\u1eddi.<\/p>\n<p>S\u1ee9 m\u1ea1ng c\u1ee7a Charles Simeon Trust \u0111\u00e3 v\u00e0 v\u1eabn lu\u00f4n l\u00e0: \u201c\u0111\u1ea9y m\u1ea1nh s\u1ef1 t\u0103ng tr\u01b0\u1edfng c\u1ee7a Tin L\u00e0nh Ch\u00faa Jesus Christ tr\u00ean th\u1ebf gi\u1edbi b\u1eb1ng c\u00e1ch \u0111\u00e0o t\u1ea1o th\u1ebf h\u1ec7 k\u1ebf ti\u1ebfp c\u1ee7a nh\u1eefng ng\u01b0\u1eddi gi\u1ea3ng gi\u1ea3i kinh.\u201d T\u1ed5 ch\u1ee9c th\u1ef1c hi\u1ec7n m\u1ee5c ti\u00eau n\u00e0y qua b\u1ed1n s\u00e1ng ki\u1ebfn \u0111\u00e3 \u0111\u01b0\u1ee3c ph\u00e1t tri\u1ec3n v\u00e0 m\u1edf r\u1ed9ng theo th\u1eddi gian. M\u1ed7i s\u00e1ng ki\u1ebfn nh\u1eb1m t\u0103ng l\u00f2ng v\u1eefng tin v\u00e0 n\u0103ng l\u1ef1c c\u1ee7a c\u00e1c m\u1ee5c s\u01b0 v\u00e0 gi\u00e1o vi\u00ean d\u1ea1y Kinh Th\u00e1nh \u0111\u1ec3 gi\u1ea3i lu\u1eadn \u0111\u00fang L\u1eddi Ch\u00faa. Ch\u00fang t\u00f4i mong mu\u1ed1n m\u1ed7i ng\u01b0\u1eddi tin quy\u1ebft r\u1eb1ng L\u1eddi Ch\u00faa \u0111\u1ea7y quy\u1ec1n n\u0103ng v\u00e0 s\u1ed1t s\u1eafng d\u1ea1y Kinh Th\u00e1nh cho h\u1ed9i th\u00e1nh c\u1ee7a h\u1ecd.<\/p>\n<p><strong>C\u00c1C H\u1ed8I TH\u1ea2O<\/strong><br \/>\nC\u00e1c H\u1ed9i th\u1ea3o Gi\u1ea3ng Gi\u1ea3i Kinh l\u00e0 c\u00e1c s\u1ef1 ki\u1ec7n \u0111\u00e0o t\u1ea1o g\u1eb7p m\u1eb7tt tr\u1ef1c ti\u1ebfp d\u00e0i 2-3 ng\u00e0y, mang t\u00ednh t\u01b0\u01a1ng t\u00e1c v\u00e0 \u0111\u00e0o t\u1ea1o k\u1ef9 n\u0103ng. K\u1ec3 t\u1eeb khi th\u00e0nh l\u1eadp H\u1ed9i Charles Simeon Trust, c\u00e1c H\u1ed9i th\u1ea3o n\u00e0y li\u00ean t\u1ee5c ph\u00e1t tri\u1ec3n. Trong th\u1eadp ni\u00ean \u0111\u1ea7u ti\u00ean c\u1ee7a H\u1ed9i, C\u00e1c H\u1ed9i Th\u1ea3o \u0111\u01b0\u1ee3c ph\u00e1t tri\u1ec3n cho c\u00e1c m\u1ee5c s\u01b0 \u0111\u01b0\u01a1ng nhi\u1ec7m. N\u0103m 2011, H\u1ed9i b\u1eaft \u0111\u1ea7u t\u1ed5 ch\u1ee9c C\u00e1c H\u1ed9i Th\u1ea3o cho n\u1eef gi\u1edbi trong m\u1ee5c v\u1ee5. Nh\u1eefng H\u1ed9i Th\u1ea3o n\u00e0y k\u1ec3 t\u1eeb \u0111\u00f3 \u0111\u00e3 t\u1ecf ra r\u1ea5t \u0111\u01b0\u1ee3c quan t\u00e2m v\u00e0 kh\u00f4ng ng\u1eebng m\u1edf r\u1ed9ng. N\u0103m 2013, theo ph\u01b0\u01a1ng h\u01b0\u1edbng c\u1ee7a H\u1ed9i \u0110\u1ed3ng Qu\u1ea3n Tr\u1ecb, H\u1ed9i b\u1eaft \u0111\u1ea7u t\u00edch c\u1ef1c m\u1edf r\u1ed9ng C\u00e1c H\u1ed9i Th\u1ea3o cho c\u00e1c m\u1ee5c s\u01b0 \u1edf ngo\u00e0i M\u1ef9 v\u00e0 Canada, hi\u1ec7n nay h\u1ee3p th\u00e0nh h\u01a1n m\u1ed9t n\u1eeda s\u1ed1 h\u1ed9i th\u1ea3o m\u00e0 H\u1ed9i \u0111i\u1ec1u h\u00e0nh. M\u1ed9t ph\u1ea7n chi\u1ebfn l\u01b0\u1ee3c m\u1edf r\u1ed9ng n\u00e0y bao g\u1ed3m m\u1edf m\u1ed9t v\u0103n ph\u00f2ng t\u1ea1i Canada v\u00e0o n\u0103m 2015, m\u00e0 hi\u1ec7n c\u00f3 H\u1ed9i \u0110\u1ed3ng Qu\u1ea3n Tr\u1ecb ri\u00eang t\u1ea1i Canada \u0111\u1ec3 lan r\u1ed9ng c\u00e1c Kh\u00f3a H\u1ed9i Th\u1ea3o C\u1ee7a Canada v\u1edbi c\u00e1c gi\u1ea3ng vi\u00ean ng\u01b0\u1eddi Canada.<\/p>\n<p><strong>C\u00c1C KH\u00d3A H\u1eccC TR\u1ef0C TUY\u1ebeN<\/strong><br \/>\nSau hai n\u0103m nghi\u00ean c\u1ee9u v\u00e0 th\u1eed nghi\u1ec7m, H\u1ed9i \u0111\u00e3 ra m\u1eaft C\u00e1c Kh\u00f3a H\u1ecdc Tr\u1ef1c tuy\u1ebfn c\u1ee7a ch\u00fang t\u00f4i v\u00e0o n\u0103m 2009. T\u1eeb m\u1ed9t kh\u00f3a h\u1ecdc, ch\u01b0\u01a1ng tr\u00ecnh \u0111\u00e3 ph\u00e1t tri\u1ec3n \u0111\u1ec3 cung c\u1ea5p nhi\u1ec1u kh\u00f3a h\u1ecdc trong b\u1ea3y ng\u00f4n ng\u1eef (Anh ng\u1eef, \u1ea2 R\u1eadp, Trung Qu\u1ed1c, Ph\u00e1p, \u00dd, B\u1ed3 \u0110\u00e0o Nha v\u00e0 T\u00e2y Ban Nha). C\u00e1c Kh\u00f3a H\u1ecdc Tr\u1ef1c Tuy\u1ebfn \u0111\u01b0\u1ee3c d\u00e0nh cho c\u00e1 nh\u00e2n ho\u1eb7c nh\u00f3m. Nhi\u1ec1u m\u1ee5c s\u01b0 s\u1eed d\u1ee5ng ch\u00fang \u0111\u1ec3 \u0111\u00e0o t\u1ea1o t\u00edn h\u1eefu l\u00e3nh \u0111\u1ea1o trong h\u1ed9i th\u00e1nh ho\u1eb7c t\u1ed5 ch\u1ee9c c\u00e1c bu\u1ed5i h\u1ecdp m\u1ee5c s\u01b0 v\u00e0 gi\u00e1o vi\u00ean Kinh Th\u00e1nh t\u1eeb r\u1ea5t nhi\u1ec1u nh\u00e0 th\u1edd nh\u1eb1m li\u00ean t\u1ee5c th\u1ef1c h\u00e0nh k\u1ef9 n\u0103ng.<\/p>\n<p><strong>NGU\u1ed2N T\u00c0I LI\u1ec6U<\/strong><br \/>\nKh\u1eafp n\u01a1i, H\u1ed9i lu\u00f4n cam k\u1ebft t\u1ea1o ngu\u1ed3n t\u00e0i nguy\u00ean h\u1ed7 tr\u1ee3 c\u00f4ng vi\u1ec7c c\u1ee7a ch\u00fang t\u00f4i c\u0169ng nh\u01b0 c\u1ee7a c\u00e1c m\u1ee5c s\u01b0 v\u00e0 gi\u00e1o vi\u00ean d\u1ea1y Kinh Th\u00e1nh. T\u1eeb nh\u1eefng quy\u1ec3n s\u00e1ch r\u1ea5t \u0111\u01b0\u1ee3c y\u00eau m\u1ebfn c\u1ee7a Dave Helm nh\u01b0 Expositional Preaching: How We Speak God\u2019s Word Today (Gi\u1ea3ng Gi\u1ea3i Kinh: Ch\u00fang Ta Tr\u00ecnh B\u00e0y L\u1eddi Ch\u00faa Ng\u00e0y Nay) (Crossway), cho \u0111\u1ebfn r\u1ea5t nhi\u1ec1u t\u00e0i li\u1ec7u \u00e2m thanh v\u00e0 video mi\u1ec5n ph\u00ed tr\u00ean website c\u1ee7a ch\u00fang t\u00f4i, cho \u0111\u1ebfn podcast m\u1edbi v\u1edbi ti\u00eau \u0111\u1ec1 Preachers\u2019 Talk h\u1ee3p t\u00e1c v\u1edbi 9Marks, ch\u00fang t\u00f4i nh\u1eafm m\u1ee5c \u0111\u00edch gi\u00fap \u0111\u1ee1 b\u1ea5t k\u1ef3 ai d\u1ea1y Kinh Th\u00e1nh.<\/p>\n<p><strong>KH\u00d3A GI\u1ea2NG GI\u1ea2I KINH CHICAGO (CHICAGO COURSE)<\/strong><br \/>\nN\u0103m 2019, \u01b0\u1edbc m\u01a1 l\u00e2u d\u00e0i \u0111\u00e3 th\u00e0nh hi\u1ec7n th\u1ef1c v\u1edbi vi\u1ec7c ra m\u1eaft ch\u01b0\u01a1ng tr\u00ecnh Kh\u00f3a Gi\u1ea3ng Gi\u1ea3i Kinh Chicago. \u0110\u00e2y l\u00e0 kh\u00f3a \u0111\u00e0o t\u1ea1o chuy\u00ean s\u00e2u v\u00e0 n\u1ed9i tr\u00fa nh\u1eb1m cung c\u1ea5p k\u1ef9 n\u0103ng th\u1ef1c h\u00e0nh t\u1ed1t nh\u1ea5t v\u1ec1 gi\u1ea3i lu\u1eadn Kinh Th\u00e1nh cho th\u1ebf h\u1ec7 truy\u1ec1n \u0111\u1ea1o k\u1ebf ti\u1ebfp. Ch\u01b0\u01a1ng tr\u00ecnh ti\u1ebfn h\u00e0nh quanh n\u0103m t\u1ea1i Chicago v\u00e0 thu h\u00fat c\u1ea3 h\u1ecdc vi\u00ean trong n\u01b0\u1edbc l\u1eabn nh\u1eefng ng\u01b0\u1eddi \u0111\u00e0o t\u1ea1o t\u1eeb n\u01b0\u1edbc ngo\u00e0i.<\/p>\n","protected":false},"excerpt":{"rendered":"<p>N\u0103m 1991, M\u1ee5c s\u01b0 R. Kent Hughes c\u00f9ng H\u1ed9i Th\u00e1nh College Church t\u1ea1i Wheaton \u0111\u00e3 kh\u1edfi s\u1ef1 H\u1ed9i th\u1ea3o th\u01b0\u1eddng ni\u00ean v\u1ec1 Gi\u1ea3ng Gi\u1ea3i Kinh (Workshop on Biblical Exposition). H\u1ed9i th\u1ea3o n\u00e0y l\u1ea5y c\u1ea3m h\u1ee9ng v\u00e0 theo m\u1eabu c\u1ee7a c\u00e1c h\u1ed9i th\u1ea3o do Dick Lucas v\u00e0 T\u1ed5 ch\u1ee9c Proclamation Trust t\u1ed5 ch\u1ee9c t\u1ea1i London t\u1eeb&#8230;<\/p>\n","protected":false},"author":17,"featured_media":0,"parent":19616,"menu_order":0,"comment_status":"closed","ping_status":"closed","template":"","meta":{"_acf_changed":false,"footnotes":""},"class_list":["post-19599","page","type-page","status-publish","hentry"],"acf":[],"yoast_head":"<!-- This site is optimized with the Yoast SEO plugin v27.3 - https:\/\/yoast.com\/product\/yoast-seo-wordpress\/ -->\n<title>L\u01b0\u1ee3c S\u1eed - Charles Simeon Trust<\/title>\n<meta name=\"robots\" content=\"index, follow, max-snippet:-1, max-image-preview:large, max-video-preview:-1\" \/>\n<link rel=\"canonical\" href=\"https:\/\/simeontrust.org\/vi\/gioi-thieu-2\/luoc-su\/\" \/>\n<meta property=\"og:locale\" content=\"vi_VN\" \/>\n<meta property=\"og:type\" content=\"article\" \/>\n<meta property=\"og:title\" content=\"L\u01b0\u1ee3c S\u1eed - Charles Simeon Trust\" \/>\n<meta property=\"og:description\" content=\"N\u0103m 1991, M\u1ee5c s\u01b0 R. Kent Hughes c\u00f9ng H\u1ed9i Th\u00e1nh College Church t\u1ea1i Wheaton \u0111\u00e3 kh\u1edfi s\u1ef1 H\u1ed9i th\u1ea3o th\u01b0\u1eddng ni\u00ean v\u1ec1 Gi\u1ea3ng Gi\u1ea3i Kinh (Workshop on Biblical Exposition). H\u1ed9i th\u1ea3o n\u00e0y l\u1ea5y c\u1ea3m h\u1ee9ng v\u00e0 theo m\u1eabu c\u1ee7a c\u00e1c h\u1ed9i th\u1ea3o do Dick Lucas v\u00e0 T\u1ed5 ch\u1ee9c Proclamation Trust t\u1ed5 ch\u1ee9c t\u1ea1i London t\u1eeb...\" \/>\n<meta property=\"og:url\" content=\"https:\/\/simeontrust.org\/vi\/gioi-thieu-2\/luoc-su\/\" \/>\n<meta property=\"og:site_name\" content=\"Charles Simeon Trust\" \/>\n<meta property=\"article:modified_time\" content=\"2025-11-27T16:21:18+00:00\" \/>\n<meta name=\"twitter:card\" content=\"summary_large_image\" \/>\n<meta name=\"twitter:label1\" content=\"Est. reading time\" \/>\n\t<meta name=\"twitter:data1\" content=\"4 minutes\" \/>\n<script type=\"application\/ld+json\" class=\"yoast-schema-graph\">{\"@context\":\"https:\\\/\\\/schema.org\",\"@graph\":[{\"@type\":\"WebPage\",\"@id\":\"https:\\\/\\\/simeontrust.org\\\/vi\\\/gioi-thieu-2\\\/luoc-su\\\/\",\"url\":\"https:\\\/\\\/simeontrust.org\\\/vi\\\/gioi-thieu-2\\\/luoc-su\\\/\",\"name\":\"L\u01b0\u1ee3c S\u1eed - Charles Simeon Trust\",\"isPartOf\":{\"@id\":\"https:\\\/\\\/simeontrust.org\\\/#website\"},\"datePublished\":\"2025-02-27T16:03:47+00:00\",\"dateModified\":\"2025-11-27T16:21:18+00:00\",\"breadcrumb\":{\"@id\":\"https:\\\/\\\/simeontrust.org\\\/vi\\\/gioi-thieu-2\\\/luoc-su\\\/#breadcrumb\"},\"inLanguage\":\"vi-VN\",\"potentialAction\":[{\"@type\":\"ReadAction\",\"target\":[\"https:\\\/\\\/simeontrust.org\\\/vi\\\/gioi-thieu-2\\\/luoc-su\\\/\"]}]},{\"@type\":\"BreadcrumbList\",\"@id\":\"https:\\\/\\\/simeontrust.org\\\/vi\\\/gioi-thieu-2\\\/luoc-su\\\/#breadcrumb\",\"itemListElement\":[{\"@type\":\"ListItem\",\"position\":1,\"name\":\"Trang Ch\u1ee7\",\"item\":\"https:\\\/\\\/simeontrust.org\\\/vi\\\/\"},{\"@type\":\"ListItem\",\"position\":2,\"name\":\"Gi\u1edbi Thi\u1ec7u\",\"item\":\"https:\\\/\\\/simeontrust.org\\\/vi\\\/gioi-thieu-2\\\/\"},{\"@type\":\"ListItem\",\"position\":3,\"name\":\"L\u01b0\u1ee3c S\u1eed\"}]},{\"@type\":\"WebSite\",\"@id\":\"https:\\\/\\\/simeontrust.org\\\/#website\",\"url\":\"https:\\\/\\\/simeontrust.org\\\/\",\"name\":\"Simeon Trust\",\"description\":\"Training the next generation of Bible expositors.\",\"potentialAction\":[{\"@type\":\"SearchAction\",\"target\":{\"@type\":\"EntryPoint\",\"urlTemplate\":\"https:\\\/\\\/simeontrust.org\\\/?s={search_term_string}\"},\"query-input\":{\"@type\":\"PropertyValueSpecification\",\"valueRequired\":true,\"valueName\":\"search_term_string\"}}],\"inLanguage\":\"vi-VN\"}]}<\/script>\n<!-- \/ Yoast SEO plugin. -->","yoast_head_json":{"title":"L\u01b0\u1ee3c S\u1eed - Charles Simeon Trust","robots":{"index":"index","follow":"follow","max-snippet":"max-snippet:-1","max-image-preview":"max-image-preview:large","max-video-preview":"max-video-preview:-1"},"canonical":"https:\/\/simeontrust.org\/vi\/gioi-thieu-2\/luoc-su\/","og_locale":"vi_VN","og_type":"article","og_title":"L\u01b0\u1ee3c S\u1eed - Charles Simeon Trust","og_description":"N\u0103m 1991, M\u1ee5c s\u01b0 R. Kent Hughes c\u00f9ng H\u1ed9i Th\u00e1nh College Church t\u1ea1i Wheaton \u0111\u00e3 kh\u1edfi s\u1ef1 H\u1ed9i th\u1ea3o th\u01b0\u1eddng ni\u00ean v\u1ec1 Gi\u1ea3ng Gi\u1ea3i Kinh (Workshop on Biblical Exposition). H\u1ed9i th\u1ea3o n\u00e0y l\u1ea5y c\u1ea3m h\u1ee9ng v\u00e0 theo m\u1eabu c\u1ee7a c\u00e1c h\u1ed9i th\u1ea3o do Dick Lucas v\u00e0 T\u1ed5 ch\u1ee9c Proclamation Trust t\u1ed5 ch\u1ee9c t\u1ea1i London t\u1eeb...","og_url":"https:\/\/simeontrust.org\/vi\/gioi-thieu-2\/luoc-su\/","og_site_name":"Charles Simeon Trust","article_modified_time":"2025-11-27T16:21:18+00:00","twitter_card":"summary_large_image","twitter_misc":{"Est. reading time":"4 minutes"},"schema":{"@context":"https:\/\/schema.org","@graph":[{"@type":"WebPage","@id":"https:\/\/simeontrust.org\/vi\/gioi-thieu-2\/luoc-su\/","url":"https:\/\/simeontrust.org\/vi\/gioi-thieu-2\/luoc-su\/","name":"L\u01b0\u1ee3c S\u1eed - Charles Simeon Trust","isPartOf":{"@id":"https:\/\/simeontrust.org\/#website"},"datePublished":"2025-02-27T16:03:47+00:00","dateModified":"2025-11-27T16:21:18+00:00","breadcrumb":{"@id":"https:\/\/simeontrust.org\/vi\/gioi-thieu-2\/luoc-su\/#breadcrumb"},"inLanguage":"vi-VN","potentialAction":[{"@type":"ReadAction","target":["https:\/\/simeontrust.org\/vi\/gioi-thieu-2\/luoc-su\/"]}]},{"@type":"BreadcrumbList","@id":"https:\/\/simeontrust.org\/vi\/gioi-thieu-2\/luoc-su\/#breadcrumb","itemListElement":[{"@type":"ListItem","position":1,"name":"Trang Ch\u1ee7","item":"https:\/\/simeontrust.org\/vi\/"},{"@type":"ListItem","position":2,"name":"Gi\u1edbi Thi\u1ec7u","item":"https:\/\/simeontrust.org\/vi\/gioi-thieu-2\/"},{"@type":"ListItem","position":3,"name":"L\u01b0\u1ee3c S\u1eed"}]},{"@type":"WebSite","@id":"https:\/\/simeontrust.org\/#website","url":"https:\/\/simeontrust.org\/","name":"Simeon Trust","description":"Training the next generation of Bible expositors.","potentialAction":[{"@type":"SearchAction","target":{"@type":"EntryPoint","urlTemplate":"https:\/\/simeontrust.org\/?s={search_term_string}"},"query-input":{"@type":"PropertyValueSpecification","valueRequired":true,"valueName":"search_term_string"}}],"inLanguage":"vi-VN"}]}},"_links":{"self":[{"href":"https:\/\/simeontrust.org\/vi\/wp-json\/wp\/v2\/pages\/19599","targetHints":{"allow":["GET"]}}],"collection":[{"href":"https:\/\/simeontrust.org\/vi\/wp-json\/wp\/v2\/pages"}],"about":[{"href":"https:\/\/simeontrust.org\/vi\/wp-json\/wp\/v2\/types\/page"}],"author":[{"embeddable":true,"href":"https:\/\/simeontrust.org\/vi\/wp-json\/wp\/v2\/users\/17"}],"replies":[{"embeddable":true,"href":"https:\/\/simeontrust.org\/vi\/wp-json\/wp\/v2\/comments?post=19599"}],"version-history":[{"count":0,"href":"https:\/\/simeontrust.org\/vi\/wp-json\/wp\/v2\/pages\/19599\/revisions"}],"up":[{"embeddable":true,"href":"https:\/\/simeontrust.org\/vi\/wp-json\/wp\/v2\/pages\/19616"}],"wp:attachment":[{"href":"https:\/\/simeontrust.org\/vi\/wp-json\/wp\/v2\/media?parent=19599"}],"curies":[{"name":"wp","href":"https:\/\/api.w.org\/{rel}","templated":true}]}}