{"id":19601,"date":"2025-02-27T11:05:10","date_gmt":"2025-02-27T16:05:10","guid":{"rendered":"https:\/\/simeontrust.org\/lien-he\/"},"modified":"2025-11-27T11:01:50","modified_gmt":"2025-11-27T16:01:50","slug":"lien-he","status":"publish","type":"page","link":"https:\/\/simeontrust.org\/vi\/lien-he\/","title":{"rendered":"Li\u00ean H\u1ec7"},"content":{"rendered":"<p>Ch\u00fang t\u00f4i n\u1ed7 l\u1ef1c cung c\u1ea5p c\u00e1c \u0111\u00e1p \u1ee9ng nhanh v\u00e0 c\u00e1 nh\u00e2n. N\u1ebfu c\u00f3 b\u1ea5t k\u1ef3 th\u1eafc m\u1eafc hay quan t\u00e2m v\u1ec1 b\u1ea5t k\u1ef3 ph\u01b0\u01a1ng di\u1ec7n n\u00e0o trong c\u00f4ng t\u00e1c c\u1ee7a ch\u00fang t\u00f4i, xin \u0111\u1eebng ng\u1ea7n ng\u1ea1i li\u00ean h\u1ec7. Ch\u00fang t\u00f4i lu\u00f4n s\u1eb5n l\u00f2ng gi\u00fap \u0111\u1ee1 b\u1eb1ng m\u1ecdi c\u00e1ch c\u00f3 th\u1ec3.<\/p>\n<div class=\"wizzy-columns grid md:grid-cols-2 gap-x-8 gap-y-[15px] md:gap-[15px]\" data-columns=\"\">\n<div>\n<p style=\"text-align: center;\">Charles Simeon Trust<br \/>\nP.O. Box 15212<br \/>\nChicago, IL 60615, USA<br \/>\n<a href=\"mailto:info@simeontrust.org\">info@simeontrust.org<\/a><br \/>\n(773) 752-9876<\/p>\n<\/div>\n<div>\n<p style=\"text-align: center;\">Charles Simeon Trust Canada<br \/>\n600 The East Mail<br \/>\nToronto, ON M9B 6L1<br \/>\n<a href=\"mailto:info@simeontrust.org\">info@simeontrust.org<\/a><br \/>\n(773) 752-9876<\/p>\n<\/div>\n<\/div>\n<p>B\u1ea1n c\u0169ng c\u00f3 th\u1ec3 c\u1eadp nh\u1eadt th\u00f4ng tin li\u00ean h\u1ec7 ho\u1eb7c t\u00f9y ch\u1ecdn li\u00ean l\u1ea1c c\u1ee7a m\u00ecnh t\u1ea1i <a href=\"https:\/\/simeontrustca.app.neoncrm.com\/np\/clients\/simeontrustca\/account.jsp\">Canada<\/a>, <a href=\"https:\/\/simeontrustus.app.neoncrm.com\/np\/clients\/simeontrustus\/account.jsp\">ho\u1eb7c Hoa K\u1ef3 v\u00e0 m\u1ecdi qu\u1ed1c gia kh\u00e1c.<\/a><\/p>\n","protected":false},"excerpt":{"rendered":"<p>Ch\u00fang t\u00f4i n\u1ed7 l\u1ef1c cung c\u1ea5p c\u00e1c \u0111\u00e1p \u1ee9ng nhanh v\u00e0 c\u00e1 nh\u00e2n. N\u1ebfu c\u00f3 b\u1ea5t k\u1ef3 th\u1eafc m\u1eafc hay quan t\u00e2m v\u1ec1 b\u1ea5t k\u1ef3 ph\u01b0\u01a1ng di\u1ec7n n\u00e0o trong c\u00f4ng t\u00e1c c\u1ee7a ch\u00fang t\u00f4i, xin \u0111\u1eebng ng\u1ea7n ng\u1ea1i li\u00ean h\u1ec7. Ch\u00fang t\u00f4i lu\u00f4n s\u1eb5n l\u00f2ng gi\u00fap \u0111\u1ee1 b\u1eb1ng m\u1ecdi c\u00e1ch c\u00f3 th\u1ec3. Charles Simeon Trust&#8230;<\/p>\n","protected":false},"author":1,"featured_media":0,"parent":0,"menu_order":0,"comment_status":"closed","ping_status":"closed","template":"","meta":{"_acf_changed":false,"footnotes":""},"class_list":["post-19601","page","type-page","status-publish","hentry"],"acf":[],"yoast_head":"<!-- This site is optimized with the Yoast SEO plugin v27.3 - https:\/\/yoast.com\/product\/yoast-seo-wordpress\/ -->\n<title>Li\u00ean H\u1ec7 - Charles Simeon Trust<\/title>\n<meta name=\"robots\" content=\"index, follow, max-snippet:-1, max-image-preview:large, max-video-preview:-1\" \/>\n<link rel=\"canonical\" href=\"https:\/\/simeontrust.org\/vi\/lien-he\/\" \/>\n<meta property=\"og:locale\" content=\"vi_VN\" \/>\n<meta property=\"og:type\" content=\"article\" \/>\n<meta property=\"og:title\" content=\"Li\u00ean H\u1ec7 - Charles Simeon Trust\" \/>\n<meta property=\"og:description\" content=\"Ch\u00fang t\u00f4i n\u1ed7 l\u1ef1c cung c\u1ea5p c\u00e1c \u0111\u00e1p \u1ee9ng nhanh v\u00e0 c\u00e1 nh\u00e2n. N\u1ebfu c\u00f3 b\u1ea5t k\u1ef3 th\u1eafc m\u1eafc hay quan t\u00e2m v\u1ec1 b\u1ea5t k\u1ef3 ph\u01b0\u01a1ng di\u1ec7n n\u00e0o trong c\u00f4ng t\u00e1c c\u1ee7a ch\u00fang t\u00f4i, xin \u0111\u1eebng ng\u1ea7n ng\u1ea1i li\u00ean h\u1ec7. Ch\u00fang t\u00f4i lu\u00f4n s\u1eb5n l\u00f2ng gi\u00fap \u0111\u1ee1 b\u1eb1ng m\u1ecdi c\u00e1ch c\u00f3 th\u1ec3. Charles Simeon Trust...\" \/>\n<meta property=\"og:url\" content=\"https:\/\/simeontrust.org\/vi\/lien-he\/\" \/>\n<meta property=\"og:site_name\" content=\"Charles Simeon Trust\" \/>\n<meta property=\"article:modified_time\" content=\"2025-11-27T16:01:50+00:00\" \/>\n<meta name=\"twitter:card\" content=\"summary_large_image\" \/>\n<meta name=\"twitter:label1\" content=\"Est. reading time\" \/>\n\t<meta name=\"twitter:data1\" content=\"1 minute\" \/>\n<script type=\"application\/ld+json\" class=\"yoast-schema-graph\">{\"@context\":\"https:\\\/\\\/schema.org\",\"@graph\":[{\"@type\":\"WebPage\",\"@id\":\"https:\\\/\\\/simeontrust.org\\\/vi\\\/lien-he\\\/\",\"url\":\"https:\\\/\\\/simeontrust.org\\\/vi\\\/lien-he\\\/\",\"name\":\"Li\u00ean H\u1ec7 - Charles Simeon Trust\",\"isPartOf\":{\"@id\":\"https:\\\/\\\/simeontrust.org\\\/#website\"},\"datePublished\":\"2025-02-27T16:05:10+00:00\",\"dateModified\":\"2025-11-27T16:01:50+00:00\",\"breadcrumb\":{\"@id\":\"https:\\\/\\\/simeontrust.org\\\/vi\\\/lien-he\\\/#breadcrumb\"},\"inLanguage\":\"vi-VN\",\"potentialAction\":[{\"@type\":\"ReadAction\",\"target\":[\"https:\\\/\\\/simeontrust.org\\\/vi\\\/lien-he\\\/\"]}]},{\"@type\":\"BreadcrumbList\",\"@id\":\"https:\\\/\\\/simeontrust.org\\\/vi\\\/lien-he\\\/#breadcrumb\",\"itemListElement\":[{\"@type\":\"ListItem\",\"position\":1,\"name\":\"Trang Ch\u1ee7\",\"item\":\"https:\\\/\\\/simeontrust.org\\\/vi\\\/\"},{\"@type\":\"ListItem\",\"position\":2,\"name\":\"Li\u00ean H\u1ec7\"}]},{\"@type\":\"WebSite\",\"@id\":\"https:\\\/\\\/simeontrust.org\\\/#website\",\"url\":\"https:\\\/\\\/simeontrust.org\\\/\",\"name\":\"Simeon Trust\",\"description\":\"Training the next generation of Bible expositors.\",\"potentialAction\":[{\"@type\":\"SearchAction\",\"target\":{\"@type\":\"EntryPoint\",\"urlTemplate\":\"https:\\\/\\\/simeontrust.org\\\/?s={search_term_string}\"},\"query-input\":{\"@type\":\"PropertyValueSpecification\",\"valueRequired\":true,\"valueName\":\"search_term_string\"}}],\"inLanguage\":\"vi-VN\"}]}<\/script>\n<!-- \/ Yoast SEO plugin. -->","yoast_head_json":{"title":"Li\u00ean H\u1ec7 - Charles Simeon Trust","robots":{"index":"index","follow":"follow","max-snippet":"max-snippet:-1","max-image-preview":"max-image-preview:large","max-video-preview":"max-video-preview:-1"},"canonical":"https:\/\/simeontrust.org\/vi\/lien-he\/","og_locale":"vi_VN","og_type":"article","og_title":"Li\u00ean H\u1ec7 - Charles Simeon Trust","og_description":"Ch\u00fang t\u00f4i n\u1ed7 l\u1ef1c cung c\u1ea5p c\u00e1c \u0111\u00e1p \u1ee9ng nhanh v\u00e0 c\u00e1 nh\u00e2n. N\u1ebfu c\u00f3 b\u1ea5t k\u1ef3 th\u1eafc m\u1eafc hay quan t\u00e2m v\u1ec1 b\u1ea5t k\u1ef3 ph\u01b0\u01a1ng di\u1ec7n n\u00e0o trong c\u00f4ng t\u00e1c c\u1ee7a ch\u00fang t\u00f4i, xin \u0111\u1eebng ng\u1ea7n ng\u1ea1i li\u00ean h\u1ec7. Ch\u00fang t\u00f4i lu\u00f4n s\u1eb5n l\u00f2ng gi\u00fap \u0111\u1ee1 b\u1eb1ng m\u1ecdi c\u00e1ch c\u00f3 th\u1ec3. Charles Simeon Trust...","og_url":"https:\/\/simeontrust.org\/vi\/lien-he\/","og_site_name":"Charles Simeon Trust","article_modified_time":"2025-11-27T16:01:50+00:00","twitter_card":"summary_large_image","twitter_misc":{"Est. reading time":"1 minute"},"schema":{"@context":"https:\/\/schema.org","@graph":[{"@type":"WebPage","@id":"https:\/\/simeontrust.org\/vi\/lien-he\/","url":"https:\/\/simeontrust.org\/vi\/lien-he\/","name":"Li\u00ean H\u1ec7 - Charles Simeon Trust","isPartOf":{"@id":"https:\/\/simeontrust.org\/#website"},"datePublished":"2025-02-27T16:05:10+00:00","dateModified":"2025-11-27T16:01:50+00:00","breadcrumb":{"@id":"https:\/\/simeontrust.org\/vi\/lien-he\/#breadcrumb"},"inLanguage":"vi-VN","potentialAction":[{"@type":"ReadAction","target":["https:\/\/simeontrust.org\/vi\/lien-he\/"]}]},{"@type":"BreadcrumbList","@id":"https:\/\/simeontrust.org\/vi\/lien-he\/#breadcrumb","itemListElement":[{"@type":"ListItem","position":1,"name":"Trang Ch\u1ee7","item":"https:\/\/simeontrust.org\/vi\/"},{"@type":"ListItem","position":2,"name":"Li\u00ean H\u1ec7"}]},{"@type":"WebSite","@id":"https:\/\/simeontrust.org\/#website","url":"https:\/\/simeontrust.org\/","name":"Simeon Trust","description":"Training the next generation of Bible expositors.","potentialAction":[{"@type":"SearchAction","target":{"@type":"EntryPoint","urlTemplate":"https:\/\/simeontrust.org\/?s={search_term_string}"},"query-input":{"@type":"PropertyValueSpecification","valueRequired":true,"valueName":"search_term_string"}}],"inLanguage":"vi-VN"}]}},"_links":{"self":[{"href":"https:\/\/simeontrust.org\/vi\/wp-json\/wp\/v2\/pages\/19601","targetHints":{"allow":["GET"]}}],"collection":[{"href":"https:\/\/simeontrust.org\/vi\/wp-json\/wp\/v2\/pages"}],"about":[{"href":"https:\/\/simeontrust.org\/vi\/wp-json\/wp\/v2\/types\/page"}],"author":[{"embeddable":true,"href":"https:\/\/simeontrust.org\/vi\/wp-json\/wp\/v2\/users\/1"}],"replies":[{"embeddable":true,"href":"https:\/\/simeontrust.org\/vi\/wp-json\/wp\/v2\/comments?post=19601"}],"version-history":[{"count":0,"href":"https:\/\/simeontrust.org\/vi\/wp-json\/wp\/v2\/pages\/19601\/revisions"}],"wp:attachment":[{"href":"https:\/\/simeontrust.org\/vi\/wp-json\/wp\/v2\/media?parent=19601"}],"curies":[{"name":"wp","href":"https:\/\/api.w.org\/{rel}","templated":true}]}}