{"id":19609,"date":"2025-02-27T11:35:37","date_gmt":"2025-02-27T16:35:37","guid":{"rendered":"https:\/\/simeontrust.org\/chinh-sach-dang-ky\/"},"modified":"2025-12-15T14:55:09","modified_gmt":"2025-12-15T19:55:09","slug":"chinh-sach-dang-ky","status":"publish","type":"page","link":"https:\/\/simeontrust.org\/vi\/chinh-sach-dang-ky\/","title":{"rendered":"Ch\u00ednh S\u00e1ch \u0110\u0103ng K\u00fd"},"content":{"rendered":"<p><span data-sheets-root=\"1\"><strong>Ch\u00ednh S\u00e1ch \u0110\u0103ng K\u00fd<\/strong><br \/>\nK\u1ec3 t\u1eeb khi th\u00e0nh l\u1eadp t\u1ed5 ch\u1ee9c, m\u1ee5c ti\u00eau c\u1ee7a ch\u00fang t\u00f4i l\u00e0 gi\u1eef ph\u00ed \u0111\u0103ng k\u00fd c\u1ea3 H\u1ed9i Th\u1ea3o Gi\u1ea3ng Gi\u1ea3i Kinh v\u00e0 Kh\u00f3a H\u1ecdc Online sao cho th\u1ea5p v\u00e0 ph\u00f9 h\u1ee3p nh\u1ea5t c\u00f3 th\u1ec3 \u0111\u1ed1i v\u1edbi c\u00e1c m\u1ee5c s\u01b0 \u0111\u01b0\u01a1ng nhi\u1ec7m. V\u00e0 ch\u00fang t\u00f4i tin r\u1eb1ng, so v\u1edbi c\u00e1c t\u1ed5 ch\u1ee9c v\u00e0 c\u00e1c h\u1ed9i ngh\u1ecb t\u01b0\u01a1ng t\u1ef1 cho c\u00e1c l\u00e3nh \u0111\u1ea1o m\u1ee5c v\u1ee5, th\u00ec ch\u00fang t\u00f4i \u0111\u00e3 th\u00e0nh c\u00f4ng. Xin vui l\u00f2ng li\u00ean h\u1ec7 v\u1edbi ch\u00fang t\u00f4i n\u1ebfu ch\u00ednh s\u00e1ch ph\u00ed n\u00e0y c\u00f3 t\u00e1c h\u1ea1i \u0111\u1ebfn kh\u1ea3 n\u0103ng tham gia c\u1ee7a b\u1ea1n v\u00e0o c\u00e1c H\u1ed9i Th\u1ea3o Gi\u1ea3ng Gi\u1ea3i Kinh ho\u1eb7c Kh\u00f3a H\u1ecdc Online. Ch\u00fang t\u00f4i kh\u00f4ng c\u00f3 \u00fd \u0111\u1ecbnh lo\u1ea1i tr\u1eeb ai ch\u1ec9 v\u00ec kh\u1ea3 n\u0103ng thanh to\u00e1n ph\u00ed \u0111\u0103ng k\u00fd hay h\u1ecdc ph\u00ed. V\u00e0 tuy ch\u00fang t\u00f4i kh\u00f4ng th\u1ec3 h\u1ee9a r\u1eb1ng s\u1ebd c\u00f3 kh\u1ea3 n\u0103ng \u0111i\u1ec1u ch\u1ec9nh ch\u00ednh s\u00e1ch n\u00e0y theo t\u1eebng c\u00e1 nh\u00e2n ho\u1eb7c \u0111\u01b0a ra nh\u1eefng ngo\u1ea1i l\u1ec7, nh\u01b0ng ch\u00fang t\u00f4i mu\u1ed1n c\u00f3 c\u01a1 h\u1ed9i \u0111\u1ec3 th\u1eed.<\/span><\/p>\n<p><span data-sheets-root=\"1\"><strong>C\u00c1C H\u1ed8I TH\u1ea2O GI\u1ea2NG GI\u1ea2I KINH<\/strong><br \/>\nC\u00e1c H\u1ed9i Th\u1ea3o Gi\u1ea3ng Gi\u1ea3i Kinh c\u00f3 m\u1ee9c ph\u00ed \u0111\u0103ng k\u00fd nh\u01b0 \u0111\u00e3 li\u1ec7t k\u00ea, trong \u0111\u00f3 25 USD kh\u00f4ng ho\u00e0n l\u1ea1i b\u1ea5t k\u1ec3 m\u1ee9c ph\u00ed n\u00e0o. C\u00e1c H\u1ed9i Th\u1ea3o Gi\u1ea3ng Gi\u1ea3i Kinh Online c\u00f3 m\u1ee9c ph\u00ed \u0111\u0103ng k\u00fd l\u00e0 39 USD, trong \u0111\u00f3 10 USD kh\u00f4ng ho\u00e0n l\u1ea1i. M\u1ecdi tr\u01b0\u1eddng h\u1ee3p h\u1ee7y do \u0111\u1ea1i d\u1ecbch l\u00e0 ngo\u1ea1i l\u1ec7 c\u1ee7a \u0111i\u1ec1u n\u00e0y, ch\u00fang s\u1ebd \u0111\u01b0\u1ee3c ho\u00e0n tr\u1ea3 \u0111\u1ee7.<\/span><\/p>\n<p><span data-sheets-root=\"1\">Ngo\u00e0i ra, kh\u00f4ng \u0111\u01b0\u1ee3c ph\u00e9p tham d\u1ef1 m\u1ed9t ph\u1ea7n. Tham gia \u0111\u1ea7y \u0111\u1ee7 l\u00e0 quy \u0111\u1ecbnh b\u1eaft bu\u1ed9c cho nh\u1eefng cam k\u1ebft s\u01b0 ph\u1ea1m c\u1ee7a ch\u00fang t\u00f4i trong c\u00e1c bu\u1ed5i h\u1ecdc nh\u00f3m nh\u1ecf c\u0169ng nh\u01b0 m\u1ed1i quan h\u1ec7 t\u00edch l\u0169y gi\u1eefa c\u00e1c nh\u00f3m nh\u1ecf v\u00e0 c\u00e1c bu\u1ed5i h\u1ecdc chung c\u1ea3 l\u1edbp. C\u00e1c t\u00ecnh hu\u1ed1ng \u0111\u1eb7c bi\u1ec7t c\u1ea7n \u0111\u01b0\u1ee3c th\u1ea3o lu\u1eadn v\u1edbi Charles Simeon Trust v\u00e0 s\u1ebd r\u1ea5t hi\u1ebfm khi ch\u1ea5p nh\u1eadn ngo\u1ea1i l\u1ec7.<\/span><\/p>\n<p>M\u1ed9t trong nh\u1eefng m\u1ee5c ti\u00eau c\u1ee7a c\u00e1c H\u1ed9i Th\u1ea3o l\u00e0 \u0111\u00e0o t\u1ea1o ng\u01b0\u1eddi gi\u1ea3ng \/ng\u01b0\u1eddi d\u1ea1y t\u1eeb c\u00e1c h\u1ed9i th\u00e1nh kh\u00e1c nhau trong m\u1ed9t v\u00f9ng. V\u00ec kh\u00f4ng gian t\u1ea1i m\u1ed9t s\u1ed1 H\u1ed9i Th\u1ea3o c\u00f3 h\u1ea1n, ch\u00fang t\u00f4i gi\u1eef quy\u1ec1n t\u1eeb ch\u1ed1i \u0111\u0103ng k\u00fd t\u1eeb c\u00e1c nh\u00e0 th\u1edd\/t\u1ed5 ch\u1ee9c \u0111\u00e3 c\u00f3 n\u0103m ng\u01b0\u1eddi \u0111\u0103ng k\u00fd. Sau khi \u0111\u1ee7 danh s\u00e1ch \u0111\u0103ng k\u00fd, ch\u00fang t\u00f4i s\u1ebd qu\u1ea3n l\u00fd danh s\u00e1ch ch\u1edd d\u1ef1a tr\u00ean nhi\u1ec1u y\u1ebfu t\u1ed1, bao g\u1ed3m th\u1ee9 t\u1ef1 \u0111\u0103ng k\u00fd, \u0111\u1ea1i di\u1ec7n h\u1ed9i th\u00e1nh, vai tr\u00f2 trong h\u1ed9i th\u00e1nh v\u00e0 c\u00e1c nhu c\u1ea7u l\u00e3nh \u0111\u1ea1o. Ng\u01b0\u1eddi tham d\u1ef1 ph\u1ea3i t\u1eeb 18 tu\u1ed5i tr\u1edf l\u00ean.<\/p>\n<p><span data-sheets-root=\"1\"><strong>KH\u00d3A H\u1eccC ONLINE<\/strong><br \/>\nC\u00e1c Ph\u00ed \u0111\u0103ng k\u00fd cho Kh\u00f3a H\u1ecdc Online \u0111\u00e3 \u0111\u01b0\u1ee3c li\u1ec7t k\u00ea. C\u00e1c kho\u1ea3n ph\u00ed b\u1ed5 sung nh\u01b0 c\u00e1c l\u1ef1a ch\u1ecdn \u201ct\u00edn ch\u1ec9 ch\u1ee7ng vi\u1ec7n\u201d ho\u00e0n to\u00e0n kh\u00f4ng ho\u00e0n l\u1ea1i v\u00ec, trong m\u1ed7i tr\u01b0\u1eddng h\u1ee3p, c\u00e1c kho\u1ea3n ph\u00ed n\u00e0y \u0111\u01b0\u1ee3c chuy\u1ec3n \u0111\u1ebfn m\u1ed9t t\u1ed5 ch\u1ee9c kh\u00e1c (v\u00ed d\u1ee5: ch\u1ee7ng vi\u1ec7n). Kh\u00f4ng c\u00f3 ngo\u1ea1i l\u1ec7.<\/span><\/p>\n<p><span data-sheets-root=\"1\"><strong>CH\u00cdNH S\u00c1CH H\u1ee6Y B\u1ece<\/strong><br \/>\nC\u00e1c chi ph\u00ed \u0111\u0103ng k\u00fd H\u1ed9i Th\u1ea3o v\u00e0 Kh\u00f3a H\u1ecdc c\u00f9ng v\u1edbi c\u00e1c kho\u1ea3n ti\u1ec1n \u0111\u1eb7t tr\u01b0\u1edbc kh\u00f4ng ho\u00e0n l\u1ea1i t\u01b0\u01a1ng \u1ee9ng s\u1ebd \u0111\u01b0\u1ee3c \u0111\u0103ng tr\u00ean website c\u1ee7a Charles Simeon Trust. Trong tr\u01b0\u1eddng h\u1ee3p Charles Simeon Trust h\u1ee7y m\u1ed9t H\u1ed9i Th\u1ea3o ho\u1eb7c Kh\u00f3a H\u1ecdc Online \u0111ang di\u1ec5n ra ho\u1eb7c tr\u01b0\u1edbc khi b\u1eaft \u0111\u1ea7u, to\u00e0n b\u1ed9 ph\u00ed \u0111\u00e3 thanh to\u00e1n s\u1ebd \u0111\u01b0\u1ee3c ho\u00e0n l\u1ea1i cho nh\u1eefng ng\u01b0\u1eddi \u0111ang tham d\u1ef1. Trong tr\u01b0\u1eddng h\u1ee3p h\u1ee7y b\u1ecf tr\u01b0\u1edbc khi b\u1eaft \u0111\u1ea7u m\u1ed9t H\u1ed9i Th\u1ea3o, Kh\u00f3a H\u1ecdc ho\u1eb7c s\u1ef1 ki\u1ec7n \u0111\u00e0o t\u1ea1o kh\u00e1c, to\u00e0n b\u1ed9 ph\u00ed \u0111\u00e3 thanh to\u00e1n s\u1ebd \u0111\u01b0\u1ee3c ho\u00e0n l\u1ea1i cho m\u1ecdi ng\u01b0\u1eddi tham d\u1ef1. Ch\u1ec9 nh\u1eefng ng\u01b0\u1eddi \u0111\u00e3 \u0111\u0103ng k\u00fd v\u00e0 thanh to\u00e1n (to\u00e0n b\u1ed9 ho\u1eb7c m\u1ed9t ph\u1ea7n) m\u1edbi \u0111\u1ee7 \u0111i\u1ec1u ki\u1ec7n \u0111\u01b0\u1ee3c ho\u00e0n ti\u1ec1n. Vi\u1ec7c ho\u00e0n ti\u1ec1n c\u00f3 th\u1ec3 m\u1ea5t kho\u1ea3ng hai tu\u1ea7n k\u1ec3 t\u1eeb ng\u00e0y x\u00e1c nh\u1eadn h\u1ee7y. \u0110\u0103ng k\u00fd v\u00e0 tham d\u1ef1 m\u1ed9t H\u1ed9i Th\u1ea3o, Kh\u00f3a H\u1ecdc ho\u1eb7c s\u1ef1 ki\u1ec7n \u0111\u00e0o t\u1ea1o kh\u00e1c \u0111\u1ed3ng ngh\u0129a v\u1edbi vi\u1ec7c c\u00f4ng nh\u1eadn c\u00e1c ch\u00ednh s\u00e1ch n\u00e0y c\u0169ng nh\u01b0 ch\u1ea5p nh\u1eadn tr\u00e1ch nhi\u1ec7m trong th\u1eddi gian tham d\u1ef1. Vi\u1ec7c tham d\u1ef1 c\u0169ng \u0111\u1ed3ng ngh\u0129a v\u1edbi vi\u1ec7c mi\u1ec5n tr\u1eeb m\u1ecdi tr\u00e1ch nhi\u1ec7m ph\u00e1p l\u00fd \u0111\u1ed1i v\u1edbi Charles Simeon Trust trong ph\u1ea1m vi c\u00e1c H\u1ed9i Th\u1ea3o, Kh\u00f3a H\u1ecdc v\u00e0 s\u1ef1 ki\u1ec7n \u0111\u00e0o t\u1ea1o kh\u00f4ng di\u1ec5n ra tr\u00ean t\u00e0i s\u1ea3n c\u1ee7a Charles Simeon Trust.<\/span><\/p>\n<p>L\u01b0u \u00fd: M\u1ecdi h\u1ee7y b\u1ecf \u0111\u0103ng k\u00fd H\u1ed9i Th\u1ea3o li\u00ean quan \u0111\u1ebfn \u0111\u1ea1i d\u1ecbch s\u1ebd \u0111\u01b0\u1ee3c ho\u00e0n l\u1ea1i to\u00e0n b\u1ed9 (bao g\u1ed3m c\u1ea3 c\u00e1c kho\u1ea3n \u0111\u1eb7t c\u1ecdc, m\u00e0 th\u01b0\u1eddng l\u00e0 kh\u00f4ng ho\u00e0n l\u1ea1i).<\/p>\n<p><span data-sheets-root=\"1\"><strong>R\u00daT LUI <\/strong><br \/>\nTrong tr\u01b0\u1eddng h\u1ee3p m\u1ed9t ng\u01b0\u1eddi tham d\u1ef1 y\u00eau c\u1ea7u r\u00fat lui kh\u1ecfi H\u1ed9i Th\u1ea3o, Kh\u00f3a H\u1ecdc ho\u1eb7c s\u1ef1 ki\u1ec7n \u0111\u00e0o t\u1ea1o (t\u1ee9c l\u00e0 h\u1ee7y \u0111\u0103ng k\u00fd c\u1ee7a m\u00ecnh) tr\u01b0\u1edbc khi b\u1eaft \u0111\u1ea7u s\u1ef1 ki\u1ec7n ho\u1eb7c Kh\u00f3a H\u1ecdc, ph\u00ed \u0111\u0103ng k\u00fd s\u1ebd \u0111\u01b0\u1ee3c ho\u00e0n l\u1ea1i (tr\u1eeb kho\u1ea3n \u0111\u1eb7t tr\u01b0\u1edbc kh\u00f4ng ho\u00e0n l\u1ea1i). Khi H\u1ed9i Th\u1ea3o, Kh\u00f3a H\u1ecdc ho\u1eb7c s\u1ef1 ki\u1ec7n \u0111\u00e0o t\u1ea1o \u0111\u00e3 b\u1eaft \u0111\u1ea7u, ch\u00fang t\u00f4i kh\u00f4ng th\u1ec3 ho\u00e0n l\u1ea1i b\u1ea5t k\u1ef3 kho\u1ea3n n\u00e0o. Vi\u1ec7c ho\u00e0n ti\u1ec1n th\u01b0\u1eddng s\u1ebd \u0111\u01b0\u1ee3c ghi c\u00f3 v\u00e0o th\u1ebb t\u00edn d\u1ee5ng \u0111\u00e3 s\u1eed d\u1ee5ng \u0111\u1ec3 thanh to\u00e1n, ho\u1eb7c \u0111\u01b0\u1ee3c ho\u00e0n tr\u1ea3 qua s\u00e9c.<\/span><\/p>\n<p><span data-sheets-root=\"1\"><strong>CHUY\u1ec2N \u0110\u0102NG K\u00dd H\u1ed8I TH\u1ea2O <\/strong><br \/>\nCharles Simeon Trust cho ph\u00e9p chuy\u1ec3n \u0111\u0103ng k\u00fd t\u1eeb H\u1ed9i Th\u1ea3o n\u00e0y sang H\u1ed9i Th\u1ea3o kh\u00e1c trong v\u00f2ng 30 ng\u00e0y tr\u01b0\u1edbc ng\u00e0y b\u1eaft \u0111\u1ea7u c\u1ee7a H\u1ed9i Th\u1ea3o g\u1ed1c. L\u01b0u \u00fd r\u1eb1ng c\u1ea3 hai H\u1ed9i Th\u1ea3o ph\u1ea3i di\u1ec5n ra trong c\u00f9ng m\u1ed9t n\u0103m t\u00e0i ch\u00ednh (t\u1eeb ng\u00e0y 1 th\u00e1ng 9 \u0111\u1ebfn ng\u00e0y 31 th\u00e1ng 8). G\u1eedi email \u0111\u1ebfn info@simeontrust.org \u0111\u1ec3 chuy\u1ec3n \u0111\u0103ng k\u00fd c\u1ee7a b\u1ea1n. M\u1ecdi thay \u0111\u1ed5i trong v\u00f2ng 30 ng\u00e0y tr\u01b0\u1edbc ng\u00e0y b\u1eaft \u0111\u1ea7u H\u1ed9i Th\u1ea3o s\u1ebd \u0111\u01b0\u1ee3c coi l\u00e0 h\u1ee7y b\u1ecf, v\u00e0 b\u1ea1n s\u1ebd \u0111\u01b0\u1ee3c ho\u00e0n l\u1ea1i ph\u00ed \u0111\u0103ng k\u00fd, tr\u1eeb 25 USD kh\u00f4ng ho\u00e0n l\u1ea1i. lf@#$ lf@#$ Khi chuy\u1ec3n \u0111\u0103ng k\u00fd c\u1ee7a b\u1ea1n sang m\u1ed9t H\u1ed9i Th\u1ea3o kh\u00e1c, b\u1ea1n ph\u1ea3i n\u00eau c\u1ee5 th\u1ec3 \u0111\u1ecba \u0111i\u1ec3m H\u1ed9i Th\u1ea3o m\u00e0 b\u1ea1n d\u1ef1 \u0111\u1ecbnh tham d\u1ef1 t\u1ea1i th\u1eddi \u0111i\u1ec3m chuy\u1ec3n \u0111\u1ed5i. Ch\u00fang t\u00f4i kh\u00f4ng gi\u1eef ph\u00ed \u0111\u0103ng k\u00fd \u0111\u1ec3 s\u1eed d\u1ee5ng cho m\u1ed9t H\u1ed9i Th\u1ea3o kh\u00e1c kh\u00f4ng x\u00e1c \u0111\u1ecbnh trong t\u01b0\u01a1ng lai.<\/span><\/p>\n<p><span data-sheets-root=\"1\"><strong>C\u00c1C SAI S\u00d3T V\u00c0 B\u1ece S\u00d3T <\/strong><br \/>\nCh\u00fang t\u00f4i c\u1ed1 g\u1eafng h\u1ebft s\u1ee9c \u0111\u1ec3 cung c\u1ea5p th\u00f4ng tin ch\u00ednh x\u00e1c nh\u1ea5t cho ng\u01b0\u1eddi tham d\u1ef1. Trong tr\u01b0\u1eddng h\u1ee3p x\u1ea3y ra sai s\u00f3t, ch\u00fang t\u00f4i s\u1ebd c\u1ed1 g\u1eafng li\u00ean h\u1ec7 v\u1edbi ng\u01b0\u1eddi tham d\u1ef1 \u0111\u1ec3 th\u00f4ng b\u00e1o v\u1ec1 c\u00e1c sai s\u00f3t. Tuy nhi\u00ean, ch\u00fang t\u00f4i gi\u1eef quy\u1ec1n ch\u1ec9nh s\u1eeda ho\u1eb7c h\u1ee7y b\u1ecf \u0111\u01a1n h\u00e0ng b\u1ea5t k\u1ef3 l\u00fac n\u00e0o, v\u00e0\/ho\u1eb7c ch\u1ec9nh s\u1eeda \u0111\u01a1n h\u00e0ng \u0111\u1ec3 ph\u1ea3n \u00e1nh s\u1ef1 \u0111i\u1ec1u ch\u1ec9nh, v\u00e0\/ho\u1eb7c s\u1eeda l\u1ed7i sai n\u00e0y tr\u00ean Website c\u1ee7a ch\u00fang t\u00f4i.<\/span><\/p>\n<p><span data-sheets-root=\"1\"><strong>PH\u00c1T H\u00c0NH \u1ea2NH\/VIDEO\/\u00c2M THANH <\/strong><br \/>\nV\u00ec m\u1ed9t ph\u1ea7n n\u1ec1n t\u1ea3ng \u0111\u00e0o t\u1ea1o c\u1ee7a ch\u00fang t\u00f4i bao g\u1ed3m ph\u00e2n ph\u1ed1i c\u00e1c b\u1ea3n ghi k\u1ef9 thu\u1eadt s\u1ed1 (bao g\u1ed3m \u00e2m thanh, video v\u00e0 h\u00ecnh \u1ea3nh), n\u00ean vi\u1ec7c tham d\u1ef1 H\u1ed9i Th\u1ea3o, Kh\u00f3a H\u1ecdc ho\u1eb7c s\u1ef1 ki\u1ec7n \u0111\u00e0o t\u1ea1o kh\u00e1c \u0111\u1ed3ng ngh\u0129a v\u1edbi vi\u1ec7c c\u1ea5p quy\u1ec1n cho ph\u00e9p Charles Simeon Trust s\u1eed d\u1ee5ng, t\u00e1i s\u1ea3n xu\u1ea5t v\u00e0\/ho\u1eb7c c\u00f4ng b\u1ed1 h\u00ecnh \u1ea3nh v\u00e0\/ho\u1eb7c video c\u00f3 th\u1ec3 thu\u1ed9c v\u1ec1 ng\u01b0\u1eddi tham d\u1ef1, bao g\u1ed3m c\u1ea3 h\u00ecnh \u1ea3nh, di\u1ec7n m\u1ea1o v\u00e0\/ho\u1eb7c ti\u1ebfng n\u00f3i c\u1ee7a h\u1ecd m\u00e0 kh\u00f4ng c\u00f3 th\u00f9 lao. S\u1ef1 tham d\u1ef1 ch\u1ee9ng t\u1ecf r\u1eb1ng ng\u01b0\u1eddi tham gia hi\u1ec3u r\u1eb1ng t\u00e0i li\u1ec7u \u0111\u00e3 ghi l\u1ea1i c\u00f3 th\u1ec3 \u0111\u01b0\u1ee3c s\u1eed d\u1ee5ng trong c\u00e1c \u1ea5n ph\u1ea9m kh\u00e1c nhau, t\u00e0i li\u1ec7u tuy\u1ec3n d\u1ee5ng ho\u1eb7c c\u00e1c n\u1ed7 l\u1ef1c li\u00ean quan kh\u00e1c. T\u00e0i li\u1ec7u n\u00e0y c\u0169ng c\u00f3 th\u1ec3 xu\u1ea5t hi\u1ec7n tr\u00ean website c\u1ee7a Charles Simeon Trust. S\u1ef1 c\u1ea5p quy\u1ec1n n\u00e0y mang t\u00ednh li\u00ean t\u1ee5c. N\u1ebfu quan ng\u1ea1i \u0111\u1ebfn quy\u1ec1n ri\u00eang t\u01b0 c\u1ee7a ng\u01b0\u1eddi tham d\u1ef1, vui l\u00f2ng li\u00ean h\u1ec7 v\u1edbi ch\u00fang t\u00f4i v\u00e0 ch\u00fang t\u00f4i s\u1ebd c\u1ed1 g\u1eafng \u0111\u00e1p \u1ee9ng c\u00e1c y\u00eau c\u1ea7u c\u1ee5 th\u1ec3.<\/span><\/p>\n","protected":false},"excerpt":{"rendered":"<p>Ch\u00ednh S\u00e1ch \u0110\u0103ng K\u00fd K\u1ec3 t\u1eeb khi th\u00e0nh l\u1eadp t\u1ed5 ch\u1ee9c, m\u1ee5c ti\u00eau c\u1ee7a ch\u00fang t\u00f4i l\u00e0 gi\u1eef ph\u00ed \u0111\u0103ng k\u00fd c\u1ea3 H\u1ed9i Th\u1ea3o Gi\u1ea3ng Gi\u1ea3i Kinh v\u00e0 Kh\u00f3a H\u1ecdc Online sao cho th\u1ea5p v\u00e0 ph\u00f9 h\u1ee3p nh\u1ea5t c\u00f3 th\u1ec3 \u0111\u1ed1i v\u1edbi c\u00e1c m\u1ee5c s\u01b0 \u0111\u01b0\u01a1ng nhi\u1ec7m. V\u00e0 ch\u00fang t\u00f4i tin r\u1eb1ng, so v\u1edbi c\u00e1c&#8230;<\/p>\n","protected":false},"author":17,"featured_media":0,"parent":0,"menu_order":0,"comment_status":"closed","ping_status":"closed","template":"","meta":{"_acf_changed":false,"footnotes":""},"class_list":["post-19609","page","type-page","status-publish","hentry"],"acf":[],"yoast_head":"<!-- This site is optimized with the Yoast SEO plugin v27.3 - https:\/\/yoast.com\/product\/yoast-seo-wordpress\/ -->\n<title>Ch\u00ednh S\u00e1ch \u0110\u0103ng K\u00fd - Charles Simeon Trust<\/title>\n<meta name=\"robots\" content=\"index, follow, max-snippet:-1, max-image-preview:large, max-video-preview:-1\" \/>\n<link rel=\"canonical\" href=\"https:\/\/simeontrust.org\/vi\/chinh-sach-dang-ky\/\" \/>\n<meta property=\"og:locale\" content=\"vi_VN\" \/>\n<meta property=\"og:type\" content=\"article\" \/>\n<meta property=\"og:title\" content=\"Ch\u00ednh S\u00e1ch \u0110\u0103ng K\u00fd - Charles Simeon Trust\" \/>\n<meta property=\"og:description\" content=\"Ch\u00ednh S\u00e1ch \u0110\u0103ng K\u00fd K\u1ec3 t\u1eeb khi th\u00e0nh l\u1eadp t\u1ed5 ch\u1ee9c, m\u1ee5c ti\u00eau c\u1ee7a ch\u00fang t\u00f4i l\u00e0 gi\u1eef ph\u00ed \u0111\u0103ng k\u00fd c\u1ea3 H\u1ed9i Th\u1ea3o Gi\u1ea3ng Gi\u1ea3i Kinh v\u00e0 Kh\u00f3a H\u1ecdc Online sao cho th\u1ea5p v\u00e0 ph\u00f9 h\u1ee3p nh\u1ea5t c\u00f3 th\u1ec3 \u0111\u1ed1i v\u1edbi c\u00e1c m\u1ee5c s\u01b0 \u0111\u01b0\u01a1ng nhi\u1ec7m. V\u00e0 ch\u00fang t\u00f4i tin r\u1eb1ng, so v\u1edbi c\u00e1c...\" \/>\n<meta property=\"og:url\" content=\"https:\/\/simeontrust.org\/vi\/chinh-sach-dang-ky\/\" \/>\n<meta property=\"og:site_name\" content=\"Charles Simeon Trust\" \/>\n<meta property=\"article:modified_time\" content=\"2025-12-15T19:55:09+00:00\" \/>\n<meta name=\"twitter:card\" content=\"summary_large_image\" \/>\n<meta name=\"twitter:label1\" content=\"Est. reading time\" \/>\n\t<meta name=\"twitter:data1\" content=\"8 minutes\" \/>\n<script type=\"application\/ld+json\" class=\"yoast-schema-graph\">{\"@context\":\"https:\\\/\\\/schema.org\",\"@graph\":[{\"@type\":\"WebPage\",\"@id\":\"https:\\\/\\\/simeontrust.org\\\/vi\\\/chinh-sach-dang-ky\\\/\",\"url\":\"https:\\\/\\\/simeontrust.org\\\/vi\\\/chinh-sach-dang-ky\\\/\",\"name\":\"Ch\u00ednh S\u00e1ch \u0110\u0103ng K\u00fd - Charles Simeon Trust\",\"isPartOf\":{\"@id\":\"https:\\\/\\\/simeontrust.org\\\/#website\"},\"datePublished\":\"2025-02-27T16:35:37+00:00\",\"dateModified\":\"2025-12-15T19:55:09+00:00\",\"breadcrumb\":{\"@id\":\"https:\\\/\\\/simeontrust.org\\\/vi\\\/chinh-sach-dang-ky\\\/#breadcrumb\"},\"inLanguage\":\"vi-VN\",\"potentialAction\":[{\"@type\":\"ReadAction\",\"target\":[\"https:\\\/\\\/simeontrust.org\\\/vi\\\/chinh-sach-dang-ky\\\/\"]}]},{\"@type\":\"BreadcrumbList\",\"@id\":\"https:\\\/\\\/simeontrust.org\\\/vi\\\/chinh-sach-dang-ky\\\/#breadcrumb\",\"itemListElement\":[{\"@type\":\"ListItem\",\"position\":1,\"name\":\"Trang Ch\u1ee7\",\"item\":\"https:\\\/\\\/simeontrust.org\\\/vi\\\/\"},{\"@type\":\"ListItem\",\"position\":2,\"name\":\"Ch\u00ednh S\u00e1ch \u0110\u0103ng K\u00fd\"}]},{\"@type\":\"WebSite\",\"@id\":\"https:\\\/\\\/simeontrust.org\\\/#website\",\"url\":\"https:\\\/\\\/simeontrust.org\\\/\",\"name\":\"Simeon Trust\",\"description\":\"Training the next generation of Bible expositors.\",\"potentialAction\":[{\"@type\":\"SearchAction\",\"target\":{\"@type\":\"EntryPoint\",\"urlTemplate\":\"https:\\\/\\\/simeontrust.org\\\/?s={search_term_string}\"},\"query-input\":{\"@type\":\"PropertyValueSpecification\",\"valueRequired\":true,\"valueName\":\"search_term_string\"}}],\"inLanguage\":\"vi-VN\"}]}<\/script>\n<!-- \/ Yoast SEO plugin. -->","yoast_head_json":{"title":"Ch\u00ednh S\u00e1ch \u0110\u0103ng K\u00fd - Charles Simeon Trust","robots":{"index":"index","follow":"follow","max-snippet":"max-snippet:-1","max-image-preview":"max-image-preview:large","max-video-preview":"max-video-preview:-1"},"canonical":"https:\/\/simeontrust.org\/vi\/chinh-sach-dang-ky\/","og_locale":"vi_VN","og_type":"article","og_title":"Ch\u00ednh S\u00e1ch \u0110\u0103ng K\u00fd - Charles Simeon Trust","og_description":"Ch\u00ednh S\u00e1ch \u0110\u0103ng K\u00fd K\u1ec3 t\u1eeb khi th\u00e0nh l\u1eadp t\u1ed5 ch\u1ee9c, m\u1ee5c ti\u00eau c\u1ee7a ch\u00fang t\u00f4i l\u00e0 gi\u1eef ph\u00ed \u0111\u0103ng k\u00fd c\u1ea3 H\u1ed9i Th\u1ea3o Gi\u1ea3ng Gi\u1ea3i Kinh v\u00e0 Kh\u00f3a H\u1ecdc Online sao cho th\u1ea5p v\u00e0 ph\u00f9 h\u1ee3p nh\u1ea5t c\u00f3 th\u1ec3 \u0111\u1ed1i v\u1edbi c\u00e1c m\u1ee5c s\u01b0 \u0111\u01b0\u01a1ng nhi\u1ec7m. V\u00e0 ch\u00fang t\u00f4i tin r\u1eb1ng, so v\u1edbi c\u00e1c...","og_url":"https:\/\/simeontrust.org\/vi\/chinh-sach-dang-ky\/","og_site_name":"Charles Simeon Trust","article_modified_time":"2025-12-15T19:55:09+00:00","twitter_card":"summary_large_image","twitter_misc":{"Est. reading time":"8 minutes"},"schema":{"@context":"https:\/\/schema.org","@graph":[{"@type":"WebPage","@id":"https:\/\/simeontrust.org\/vi\/chinh-sach-dang-ky\/","url":"https:\/\/simeontrust.org\/vi\/chinh-sach-dang-ky\/","name":"Ch\u00ednh S\u00e1ch \u0110\u0103ng K\u00fd - Charles Simeon Trust","isPartOf":{"@id":"https:\/\/simeontrust.org\/#website"},"datePublished":"2025-02-27T16:35:37+00:00","dateModified":"2025-12-15T19:55:09+00:00","breadcrumb":{"@id":"https:\/\/simeontrust.org\/vi\/chinh-sach-dang-ky\/#breadcrumb"},"inLanguage":"vi-VN","potentialAction":[{"@type":"ReadAction","target":["https:\/\/simeontrust.org\/vi\/chinh-sach-dang-ky\/"]}]},{"@type":"BreadcrumbList","@id":"https:\/\/simeontrust.org\/vi\/chinh-sach-dang-ky\/#breadcrumb","itemListElement":[{"@type":"ListItem","position":1,"name":"Trang Ch\u1ee7","item":"https:\/\/simeontrust.org\/vi\/"},{"@type":"ListItem","position":2,"name":"Ch\u00ednh S\u00e1ch \u0110\u0103ng K\u00fd"}]},{"@type":"WebSite","@id":"https:\/\/simeontrust.org\/#website","url":"https:\/\/simeontrust.org\/","name":"Simeon Trust","description":"Training the next generation of Bible expositors.","potentialAction":[{"@type":"SearchAction","target":{"@type":"EntryPoint","urlTemplate":"https:\/\/simeontrust.org\/?s={search_term_string}"},"query-input":{"@type":"PropertyValueSpecification","valueRequired":true,"valueName":"search_term_string"}}],"inLanguage":"vi-VN"}]}},"_links":{"self":[{"href":"https:\/\/simeontrust.org\/vi\/wp-json\/wp\/v2\/pages\/19609","targetHints":{"allow":["GET"]}}],"collection":[{"href":"https:\/\/simeontrust.org\/vi\/wp-json\/wp\/v2\/pages"}],"about":[{"href":"https:\/\/simeontrust.org\/vi\/wp-json\/wp\/v2\/types\/page"}],"author":[{"embeddable":true,"href":"https:\/\/simeontrust.org\/vi\/wp-json\/wp\/v2\/users\/17"}],"replies":[{"embeddable":true,"href":"https:\/\/simeontrust.org\/vi\/wp-json\/wp\/v2\/comments?post=19609"}],"version-history":[{"count":0,"href":"https:\/\/simeontrust.org\/vi\/wp-json\/wp\/v2\/pages\/19609\/revisions"}],"wp:attachment":[{"href":"https:\/\/simeontrust.org\/vi\/wp-json\/wp\/v2\/media?parent=19609"}],"curies":[{"name":"wp","href":"https:\/\/api.w.org\/{rel}","templated":true}]}}