{"id":19612,"date":"2025-02-27T11:38:21","date_gmt":"2025-02-27T16:38:21","guid":{"rendered":"https:\/\/simeontrust.org\/dang-xuat\/"},"modified":"2025-02-27T11:38:21","modified_gmt":"2025-02-27T16:38:21","slug":"dang-xuat","status":"publish","type":"page","link":"https:\/\/simeontrust.org\/vi\/dang-xuat\/","title":{"rendered":"\u0110\u0103ng Xu\u1ea5t"},"content":{"rendered":"<div class=\"tml tml-login\">\n<div class=\"tml-alerts\"><\/div><form name=\"login\" action=\"https:\/\/simeontrust.org\/vi\/login\/\" method=\"post\">\n<div class=\"tml-field-wrap tml-log-wrap\">\n<label class=\"tml-label\" for=\"user_login\">Email<\/label>\n<input name=\"log\" type=\"text\" value=\"\" id=\"user_login\" autocapitalize=\"off\" class=\"tml-field\">\n<\/div>\n\n<div class=\"tml-field-wrap tml-pwd-wrap\">\n<label class=\"tml-label\" for=\"user_pass\">Password<\/label>\n<input name=\"pwd\" type=\"password\" value=\"\" id=\"user_pass\" class=\"tml-field\">\n<\/div>\n\n\n<div class=\"tml-field-wrap tml-rememberme-wrap\">\n<input name=\"rememberme\" type=\"checkbox\" value=\"forever\" id=\"rememberme\" class=\"tml-checkbox\">\n<label class=\"tml-label\" for=\"rememberme\">nh\u1edb t\u00f4i\n<\/label>\n<\/div>\n\n<div class=\"tml-field-wrap tml-submit-wrap\">\n<button name=\"submit\" type=\"submit\" class=\"tml-button\">\u0110\u0103ng Nh\u1eadp<\/button>\n<\/div>\n\n<input name=\"redirect_to\" type=\"hidden\" value=\"https:\/\/simeontrust.org\/wp-admin\/\">\n\n<\/form>\n<ul class=\"tml-links\"><li class=\"tml-register-link\"><a href=\"https:\/\/simeontrust.org\/vi\/register\/\">\u0111\u0103ng k\u00fd<\/a><\/li><li class=\"tml-lostpassword-link\"><a href=\"https:\/\/simeontrust.org\/vi\/lostpassword\/\">B\u1ea1n b\u1ecb m\u1ea5t m\u1eadt kh\u1ea9u?<\/a><\/li><\/ul><\/div>\n\n","protected":false},"excerpt":{"rendered":"","protected":false},"author":1,"featured_media":0,"parent":0,"menu_order":0,"comment_status":"closed","ping_status":"closed","template":"templates\/tpl-login.php","meta":{"_acf_changed":false,"footnotes":""},"class_list":["post-19612","page","type-page","status-publish","hentry"],"acf":[],"yoast_head":"<!-- This site is optimized with the Yoast SEO plugin v27.3 - https:\/\/yoast.com\/product\/yoast-seo-wordpress\/ -->\n<title>\u0110\u0103ng Xu\u1ea5t - Charles Simeon Trust<\/title>\n<meta name=\"robots\" content=\"index, follow, max-snippet:-1, max-image-preview:large, max-video-preview:-1\" \/>\n<link rel=\"canonical\" href=\"https:\/\/simeontrust.org\/dang-xuat\/\" \/>\n<meta property=\"og:locale\" content=\"vi_VN\" \/>\n<meta property=\"og:type\" content=\"article\" \/>\n<meta property=\"og:title\" content=\"\u0110\u0103ng Xu\u1ea5t - Charles Simeon Trust\" \/>\n<meta property=\"og:url\" content=\"https:\/\/simeontrust.org\/dang-xuat\/\" \/>\n<meta property=\"og:site_name\" content=\"Charles Simeon Trust\" \/>\n<meta name=\"twitter:card\" content=\"summary_large_image\" \/>\n<script type=\"application\/ld+json\" class=\"yoast-schema-graph\">{\"@context\":\"https:\\\/\\\/schema.org\",\"@graph\":[{\"@type\":\"WebPage\",\"@id\":\"https:\\\/\\\/simeontrust.org\\\/dang-xuat\\\/\",\"url\":\"https:\\\/\\\/simeontrust.org\\\/dang-xuat\\\/\",\"name\":\"\u0110\u0103ng Xu\u1ea5t - Charles Simeon Trust\",\"isPartOf\":{\"@id\":\"https:\\\/\\\/simeontrust.org\\\/#website\"},\"datePublished\":\"2025-02-27T16:38:21+00:00\",\"breadcrumb\":{\"@id\":\"https:\\\/\\\/simeontrust.org\\\/dang-xuat\\\/#breadcrumb\"},\"inLanguage\":\"vi-VN\",\"potentialAction\":[{\"@type\":\"ReadAction\",\"target\":[\"https:\\\/\\\/simeontrust.org\\\/dang-xuat\\\/\"]}]},{\"@type\":\"BreadcrumbList\",\"@id\":\"https:\\\/\\\/simeontrust.org\\\/dang-xuat\\\/#breadcrumb\",\"itemListElement\":[{\"@type\":\"ListItem\",\"position\":1,\"name\":\"Trang Ch\u1ee7\",\"item\":\"https:\\\/\\\/simeontrust.org\\\/vi\\\/\"},{\"@type\":\"ListItem\",\"position\":2,\"name\":\"\u0110\u0103ng Xu\u1ea5t\"}]},{\"@type\":\"WebSite\",\"@id\":\"https:\\\/\\\/simeontrust.org\\\/#website\",\"url\":\"https:\\\/\\\/simeontrust.org\\\/\",\"name\":\"Simeon Trust\",\"description\":\"Training the next generation of Bible expositors.\",\"potentialAction\":[{\"@type\":\"SearchAction\",\"target\":{\"@type\":\"EntryPoint\",\"urlTemplate\":\"https:\\\/\\\/simeontrust.org\\\/?s={search_term_string}\"},\"query-input\":{\"@type\":\"PropertyValueSpecification\",\"valueRequired\":true,\"valueName\":\"search_term_string\"}}],\"inLanguage\":\"vi-VN\"}]}<\/script>\n<!-- \/ Yoast SEO plugin. -->","yoast_head_json":{"title":"\u0110\u0103ng Xu\u1ea5t - Charles Simeon Trust","robots":{"index":"index","follow":"follow","max-snippet":"max-snippet:-1","max-image-preview":"max-image-preview:large","max-video-preview":"max-video-preview:-1"},"canonical":"https:\/\/simeontrust.org\/dang-xuat\/","og_locale":"vi_VN","og_type":"article","og_title":"\u0110\u0103ng Xu\u1ea5t - Charles Simeon Trust","og_url":"https:\/\/simeontrust.org\/dang-xuat\/","og_site_name":"Charles Simeon Trust","twitter_card":"summary_large_image","schema":{"@context":"https:\/\/schema.org","@graph":[{"@type":"WebPage","@id":"https:\/\/simeontrust.org\/dang-xuat\/","url":"https:\/\/simeontrust.org\/dang-xuat\/","name":"\u0110\u0103ng Xu\u1ea5t - Charles Simeon Trust","isPartOf":{"@id":"https:\/\/simeontrust.org\/#website"},"datePublished":"2025-02-27T16:38:21+00:00","breadcrumb":{"@id":"https:\/\/simeontrust.org\/dang-xuat\/#breadcrumb"},"inLanguage":"vi-VN","potentialAction":[{"@type":"ReadAction","target":["https:\/\/simeontrust.org\/dang-xuat\/"]}]},{"@type":"BreadcrumbList","@id":"https:\/\/simeontrust.org\/dang-xuat\/#breadcrumb","itemListElement":[{"@type":"ListItem","position":1,"name":"Trang Ch\u1ee7","item":"https:\/\/simeontrust.org\/vi\/"},{"@type":"ListItem","position":2,"name":"\u0110\u0103ng Xu\u1ea5t"}]},{"@type":"WebSite","@id":"https:\/\/simeontrust.org\/#website","url":"https:\/\/simeontrust.org\/","name":"Simeon Trust","description":"Training the next generation of Bible expositors.","potentialAction":[{"@type":"SearchAction","target":{"@type":"EntryPoint","urlTemplate":"https:\/\/simeontrust.org\/?s={search_term_string}"},"query-input":{"@type":"PropertyValueSpecification","valueRequired":true,"valueName":"search_term_string"}}],"inLanguage":"vi-VN"}]}},"_links":{"self":[{"href":"https:\/\/simeontrust.org\/vi\/wp-json\/wp\/v2\/pages\/19612","targetHints":{"allow":["GET"]}}],"collection":[{"href":"https:\/\/simeontrust.org\/vi\/wp-json\/wp\/v2\/pages"}],"about":[{"href":"https:\/\/simeontrust.org\/vi\/wp-json\/wp\/v2\/types\/page"}],"author":[{"embeddable":true,"href":"https:\/\/simeontrust.org\/vi\/wp-json\/wp\/v2\/users\/1"}],"replies":[{"embeddable":true,"href":"https:\/\/simeontrust.org\/vi\/wp-json\/wp\/v2\/comments?post=19612"}],"version-history":[{"count":0,"href":"https:\/\/simeontrust.org\/vi\/wp-json\/wp\/v2\/pages\/19612\/revisions"}],"wp:attachment":[{"href":"https:\/\/simeontrust.org\/vi\/wp-json\/wp\/v2\/media?parent=19612"}],"curies":[{"name":"wp","href":"https:\/\/api.w.org\/{rel}","templated":true}]}}