{"id":19616,"date":"2025-02-27T12:17:04","date_gmt":"2025-02-27T17:17:04","guid":{"rendered":"https:\/\/simeontrust.org\/gioi-thieu\/"},"modified":"2026-03-02T17:19:14","modified_gmt":"2026-03-02T22:19:14","slug":"gioi-thieu-2","status":"publish","type":"page","link":"https:\/\/simeontrust.org\/vi\/gioi-thieu-2\/","title":{"rendered":"Gi\u1edbi Thi\u1ec7u"},"content":{"rendered":"","protected":false},"excerpt":{"rendered":"","protected":false},"author":1,"featured_media":0,"parent":0,"menu_order":0,"comment_status":"closed","ping_status":"closed","template":"templates\/tpl-about.php","meta":{"_acf_changed":false,"footnotes":""},"class_list":["post-19616","page","type-page","status-publish","hentry"],"acf":{"header_title":"The Charles Simeon Trust","header_description":"Vi\u1ec7c rao gi\u1ea3ng t\u1ed1t h\u01a1n \u1edf m\u1ecdi n\u01a1i \u0111\u1ed3ng ngh\u0129a v\u1edbi vi\u1ec7c m\u1ecdi ng\u01b0\u1eddi \u0111\u1ec1u c\u00f3 th\u1ec3 ti\u1ebfp c\u1eadn ph\u00fac \u00e2m d\u1ec5 d\u00e0ng h\u01a1n.","header_image":284,"beliefs_title":"V\u1ec1 Ch\u00fang T\u00f4i","beliefs_description":"Qu\u1ef9 Charles Simeon Trust t\u1ed3n t\u1ea1i \u0111\u1ec3 th\u00fac \u0111\u1ea9y vi\u1ec7c gi\u1ea3ng \u0111\u1ea1o t\u1ed1t h\u01a1n \u1edf kh\u1eafp m\u1ecdi n\u01a1i, nh\u1eb1m gi\u00fap m\u1ecdi ng\u01b0\u1eddi ti\u1ebfp c\u1eadn Ph\u00fac \u00c2m d\u1ec5 d\u00e0ng h\u01a1n. Ch\u00fang t\u00f4i th\u1ef1c hi\u1ec7n \u0111i\u1ec1u \u0111\u00f3 b\u1eb1ng c\u00e1ch cung c\u1ea5p c\u00e1c kh\u00f3a \u0111\u00e0o t\u1ea1o th\u1ef1c ti\u1ec5n v\u1ec1 gi\u1ea3ng d\u1ea1y v\u00e0 truy\u1ec1n \u0111\u1ea1t L\u1eddi Ch\u00faa. Ch\u00fang t\u00f4i t\u1eadp trung v\u00e0o m\u1ee5c ti\u00eau duy nh\u1ea5t n\u00e0y th\u00f4ng qua ba s\u00e1ng ki\u1ebfn: c\u00e1c h\u1ed9i th\u1ea3o khu v\u1ef1c, c\u00e1c kh\u00f3a \u0111\u00e0o t\u1ea1o n\u1ed9i tr\u00fa v\u00e0 c\u00e1c ngu\u1ed3n t\u00e0i li\u1ec7u tr\u1ef1c tuy\u1ebfn. M\u1ed7i s\u00e1ng ki\u1ebfn \u200b\u200b\u0111\u1ec1u nh\u1eb1m m\u1ee5c \u0111\u00edch n\u00e2ng cao s\u1ef1 t\u1ef1 tin v\u00e0 kh\u1ea3 n\u0103ng c\u1ee7a c\u00e1c m\u1ee5c s\u01b0 v\u00e0 gi\u00e1o vi\u00ean Kinh Th\u00e1nh trong vi\u1ec7c truy\u1ec1n \u0111\u1ea1t L\u1eddi Ch\u00faa m\u1ed9t c\u00e1ch ch\u00ednh x\u00e1c. Ch\u00fang t\u00f4i mu\u1ed1n m\u1ed7i ng\u01b0\u1eddi tin ch\u1eafc r\u1eb1ng L\u1eddi Ch\u00faa c\u00f3 s\u1ee9c m\u1ea1nh v\u00e0 s\u1eb5n l\u00f2ng truy\u1ec1n d\u1ea1y L\u1eddi Ch\u00faa cho t\u00edn h\u1eefu c\u1ee7a m\u00ecnh.","beliefs_button":{"title":"Tuy\u00ean B\u1ed1 Gi\u00e1o L\u00fd","url":"https:\/\/simeontrust.org\/vi\/tuyen-bo-giao-ly\/","target":""},"beliefs_button_2":{"title":"L\u01b0\u1ee3c S\u1eed","url":"https:\/\/simeontrust.org\/vi\/luoc-su\/","target":""},"beliefs_button_3":"","":null,"values_title":"Values","team_title":"\u0110\u1ed9i","team_subheading":"","team":[20231,20262,20258,20260,20240,20247,20266,20268,20113,20269,20250,27248,20254,25138,20238,25151,20236,20274,20256,20264,25136,20277,20111,25153,20242,20272,20233],"stats_heading":"Ph\u1ea1m vi ti\u1ebfp c\u1eadn to\u00e0n c\u1ea7u","stats":[{"stat":"16,871","description":"\u0110\u0103ng k\u00fd n\u0103m 2025"},{"stat":"100,521","description":"\u0110\u0103ng k\u00fd t\u00edch l\u0169y"}],"values":null},"yoast_head":"<!-- This site is optimized with the Yoast SEO plugin v27.3 - https:\/\/yoast.com\/product\/yoast-seo-wordpress\/ -->\n<title>Gi\u1edbi Thi\u1ec7u - Charles Simeon Trust<\/title>\n<meta name=\"robots\" content=\"index, follow, max-snippet:-1, max-image-preview:large, max-video-preview:-1\" \/>\n<link rel=\"canonical\" href=\"https:\/\/simeontrust.org\/vi\/gioi-thieu-2\/\" \/>\n<meta property=\"og:locale\" content=\"vi_VN\" \/>\n<meta property=\"og:type\" content=\"article\" \/>\n<meta property=\"og:title\" content=\"Gi\u1edbi Thi\u1ec7u - Charles Simeon Trust\" \/>\n<meta property=\"og:url\" content=\"https:\/\/simeontrust.org\/vi\/gioi-thieu-2\/\" \/>\n<meta property=\"og:site_name\" content=\"Charles Simeon Trust\" \/>\n<meta property=\"article:modified_time\" content=\"2026-03-02T22:19:14+00:00\" \/>\n<meta name=\"twitter:card\" content=\"summary_large_image\" \/>\n<meta name=\"twitter:label1\" content=\"Est. reading time\" \/>\n\t<meta name=\"twitter:data1\" content=\"2 minutes\" \/>\n<script type=\"application\/ld+json\" class=\"yoast-schema-graph\">{\"@context\":\"https:\\\/\\\/schema.org\",\"@graph\":[{\"@type\":\"WebPage\",\"@id\":\"https:\\\/\\\/simeontrust.org\\\/vi\\\/gioi-thieu-2\\\/\",\"url\":\"https:\\\/\\\/simeontrust.org\\\/vi\\\/gioi-thieu-2\\\/\",\"name\":\"Gi\u1edbi Thi\u1ec7u - Charles Simeon Trust\",\"isPartOf\":{\"@id\":\"https:\\\/\\\/simeontrust.org\\\/#website\"},\"datePublished\":\"2025-02-27T17:17:04+00:00\",\"dateModified\":\"2026-03-02T22:19:14+00:00\",\"breadcrumb\":{\"@id\":\"https:\\\/\\\/simeontrust.org\\\/vi\\\/gioi-thieu-2\\\/#breadcrumb\"},\"inLanguage\":\"vi-VN\",\"potentialAction\":[{\"@type\":\"ReadAction\",\"target\":[\"https:\\\/\\\/simeontrust.org\\\/vi\\\/gioi-thieu-2\\\/\"]}]},{\"@type\":\"BreadcrumbList\",\"@id\":\"https:\\\/\\\/simeontrust.org\\\/vi\\\/gioi-thieu-2\\\/#breadcrumb\",\"itemListElement\":[{\"@type\":\"ListItem\",\"position\":1,\"name\":\"Trang Ch\u1ee7\",\"item\":\"https:\\\/\\\/simeontrust.org\\\/vi\\\/\"},{\"@type\":\"ListItem\",\"position\":2,\"name\":\"Gi\u1edbi Thi\u1ec7u\"}]},{\"@type\":\"WebSite\",\"@id\":\"https:\\\/\\\/simeontrust.org\\\/#website\",\"url\":\"https:\\\/\\\/simeontrust.org\\\/\",\"name\":\"Simeon Trust\",\"description\":\"Training the next generation of Bible expositors.\",\"potentialAction\":[{\"@type\":\"SearchAction\",\"target\":{\"@type\":\"EntryPoint\",\"urlTemplate\":\"https:\\\/\\\/simeontrust.org\\\/?s={search_term_string}\"},\"query-input\":{\"@type\":\"PropertyValueSpecification\",\"valueRequired\":true,\"valueName\":\"search_term_string\"}}],\"inLanguage\":\"vi-VN\"}]}<\/script>\n<!-- \/ Yoast SEO plugin. -->","yoast_head_json":{"title":"Gi\u1edbi Thi\u1ec7u - Charles Simeon Trust","robots":{"index":"index","follow":"follow","max-snippet":"max-snippet:-1","max-image-preview":"max-image-preview:large","max-video-preview":"max-video-preview:-1"},"canonical":"https:\/\/simeontrust.org\/vi\/gioi-thieu-2\/","og_locale":"vi_VN","og_type":"article","og_title":"Gi\u1edbi Thi\u1ec7u - Charles Simeon Trust","og_url":"https:\/\/simeontrust.org\/vi\/gioi-thieu-2\/","og_site_name":"Charles Simeon Trust","article_modified_time":"2026-03-02T22:19:14+00:00","twitter_card":"summary_large_image","twitter_misc":{"Est. reading time":"2 minutes"},"schema":{"@context":"https:\/\/schema.org","@graph":[{"@type":"WebPage","@id":"https:\/\/simeontrust.org\/vi\/gioi-thieu-2\/","url":"https:\/\/simeontrust.org\/vi\/gioi-thieu-2\/","name":"Gi\u1edbi Thi\u1ec7u - Charles Simeon Trust","isPartOf":{"@id":"https:\/\/simeontrust.org\/#website"},"datePublished":"2025-02-27T17:17:04+00:00","dateModified":"2026-03-02T22:19:14+00:00","breadcrumb":{"@id":"https:\/\/simeontrust.org\/vi\/gioi-thieu-2\/#breadcrumb"},"inLanguage":"vi-VN","potentialAction":[{"@type":"ReadAction","target":["https:\/\/simeontrust.org\/vi\/gioi-thieu-2\/"]}]},{"@type":"BreadcrumbList","@id":"https:\/\/simeontrust.org\/vi\/gioi-thieu-2\/#breadcrumb","itemListElement":[{"@type":"ListItem","position":1,"name":"Trang Ch\u1ee7","item":"https:\/\/simeontrust.org\/vi\/"},{"@type":"ListItem","position":2,"name":"Gi\u1edbi Thi\u1ec7u"}]},{"@type":"WebSite","@id":"https:\/\/simeontrust.org\/#website","url":"https:\/\/simeontrust.org\/","name":"Simeon Trust","description":"Training the next generation of Bible expositors.","potentialAction":[{"@type":"SearchAction","target":{"@type":"EntryPoint","urlTemplate":"https:\/\/simeontrust.org\/?s={search_term_string}"},"query-input":{"@type":"PropertyValueSpecification","valueRequired":true,"valueName":"search_term_string"}}],"inLanguage":"vi-VN"}]}},"_links":{"self":[{"href":"https:\/\/simeontrust.org\/vi\/wp-json\/wp\/v2\/pages\/19616","targetHints":{"allow":["GET"]}}],"collection":[{"href":"https:\/\/simeontrust.org\/vi\/wp-json\/wp\/v2\/pages"}],"about":[{"href":"https:\/\/simeontrust.org\/vi\/wp-json\/wp\/v2\/types\/page"}],"author":[{"embeddable":true,"href":"https:\/\/simeontrust.org\/vi\/wp-json\/wp\/v2\/users\/1"}],"replies":[{"embeddable":true,"href":"https:\/\/simeontrust.org\/vi\/wp-json\/wp\/v2\/comments?post=19616"}],"version-history":[{"count":0,"href":"https:\/\/simeontrust.org\/vi\/wp-json\/wp\/v2\/pages\/19616\/revisions"}],"acf:post":[{"embeddable":true,"href":"https:\/\/simeontrust.org\/vi\/wp-json\/wp\/v2\/person\/20233"},{"embeddable":true,"href":"https:\/\/simeontrust.org\/vi\/wp-json\/wp\/v2\/person\/20272"},{"embeddable":true,"href":"https:\/\/simeontrust.org\/vi\/wp-json\/wp\/v2\/person\/20242"},{"embeddable":true,"href":"https:\/\/simeontrust.org\/vi\/wp-json\/wp\/v2\/person\/25153"},{"embeddable":true,"href":"https:\/\/simeontrust.org\/vi\/wp-json\/wp\/v2\/person\/20111"},{"embeddable":true,"href":"https:\/\/simeontrust.org\/vi\/wp-json\/wp\/v2\/person\/20277"},{"embeddable":true,"href":"https:\/\/simeontrust.org\/vi\/wp-json\/wp\/v2\/person\/25136"},{"embeddable":true,"href":"https:\/\/simeontrust.org\/vi\/wp-json\/wp\/v2\/person\/20264"},{"embeddable":true,"href":"https:\/\/simeontrust.org\/vi\/wp-json\/wp\/v2\/person\/20256"},{"embeddable":true,"href":"https:\/\/simeontrust.org\/vi\/wp-json\/wp\/v2\/person\/20274"},{"embeddable":true,"href":"https:\/\/simeontrust.org\/vi\/wp-json\/wp\/v2\/person\/20236"},{"embeddable":true,"href":"https:\/\/simeontrust.org\/vi\/wp-json\/wp\/v2\/person\/25151"},{"embeddable":true,"href":"https:\/\/simeontrust.org\/vi\/wp-json\/wp\/v2\/person\/20238"},{"embeddable":true,"href":"https:\/\/simeontrust.org\/vi\/wp-json\/wp\/v2\/person\/25138"},{"embeddable":true,"href":"https:\/\/simeontrust.org\/vi\/wp-json\/wp\/v2\/person\/20254"},{"embeddable":true,"href":"https:\/\/simeontrust.org\/vi\/wp-json\/wp\/v2\/person\/27248"},{"embeddable":true,"href":"https:\/\/simeontrust.org\/vi\/wp-json\/wp\/v2\/person\/20250"},{"embeddable":true,"href":"https:\/\/simeontrust.org\/vi\/wp-json\/wp\/v2\/person\/20269"},{"embeddable":true,"href":"https:\/\/simeontrust.org\/vi\/wp-json\/wp\/v2\/person\/20113"},{"embeddable":true,"href":"https:\/\/simeontrust.org\/vi\/wp-json\/wp\/v2\/person\/20268"},{"embeddable":true,"href":"https:\/\/simeontrust.org\/vi\/wp-json\/wp\/v2\/person\/20266"},{"embeddable":true,"href":"https:\/\/simeontrust.org\/vi\/wp-json\/wp\/v2\/person\/20247"},{"embeddable":true,"href":"https:\/\/simeontrust.org\/vi\/wp-json\/wp\/v2\/person\/20240"},{"embeddable":true,"href":"https:\/\/simeontrust.org\/vi\/wp-json\/wp\/v2\/person\/20260"},{"embeddable":true,"href":"https:\/\/simeontrust.org\/vi\/wp-json\/wp\/v2\/person\/20258"},{"embeddable":true,"href":"https:\/\/simeontrust.org\/vi\/wp-json\/wp\/v2\/person\/20262"},{"embeddable":true,"href":"https:\/\/simeontrust.org\/vi\/wp-json\/wp\/v2\/person\/20231"}],"wp:attachment":[{"href":"https:\/\/simeontrust.org\/vi\/wp-json\/wp\/v2\/media?parent=19616"}],"curies":[{"name":"wp","href":"https:\/\/api.w.org\/{rel}","templated":true}]}}